{"id":1613,"date":"2019-08-29T18:13:16","date_gmt":"2019-08-29T18:13:16","guid":{"rendered":"https:\/\/wordpress.kulturtanken.app\/?page_id=1613"},"modified":"2021-09-02T12:24:10","modified_gmt":"2021-09-02T12:24:10","slug":"brukerstotte","status":"publish","type":"page","link":"https:\/\/wordpress.kulturtanken.app\/staging\/brukerstotte\/","title":{"rendered":"Brukerst\u00f8tte"},"content":{"rendered":"<div id=\"pl-gb1613-69dd0c065ed9c\"  class=\"panel-layout\" ><div id=\"pg-gb1613-69dd0c065ed9c-0\"  class=\"panel-grid panel-has-style\" ><div class=\"panel-row-style panel-row-style-for-gb1613-69dd0c065ed9c-0\" ><div id=\"pgc-gb1613-69dd0c065ed9c-0-0\"  class=\"panel-grid-cell\" ><div id=\"panel-gb1613-69dd0c065ed9c-0-0-0\" class=\"so-panel widget widget_sow-headline panel-first-child\" data-index=\"0\" ><div class=\"panel-widget-style panel-widget-style-for-gb1613-69dd0c065ed9c-0-0-0\" ><div\n\t\t\t\n\t\t\tclass=\"so-widget-sow-headline so-widget-sow-headline-default-23bb8f178cd3-1613 so-widget-fittext-wrapper\"\n\t\t\t data-fit-text-compressor=\"0.85\"\n\t\t><div class=\"sow-headline-container \">\n\t\t\t\t\t\t\t<h1 class=\"sow-headline\">\n\t\t\t\t\t\tBrukerst\u00f8tte\t\t\t\t\t\t<\/h1>\n\t\t\t\t\t\t<\/div>\n<\/div><\/div><\/div><div id=\"panel-gb1613-69dd0c065ed9c-0-0-1\" class=\"so-panel widget widget_sow-button\" data-index=\"1\" ><div class=\"panel-widget-style panel-widget-style-for-gb1613-69dd0c065ed9c-0-0-1\" ><div\n\t\t\t\n\t\t\tclass=\"so-widget-sow-button so-widget-sow-button-wire-ad9a8372b3cb-1613\"\n\t\t\t\n\t\t><div class=\"ow-button-base ow-button-align-center\"\n>\n\t\t\t<a\n\t\t\t\t\thref=\"https:\/\/wordpress.kulturtanken.app\/staging\/ofte-stilte-sporsmal\/\"\n\t\t\t\t\tclass=\"sowb-button ow-icon-placement-left ow-button-hover\" target=\"_blank\" rel=\"noopener noreferrer\" \t>\n\t\t<span>\n\t\t\t\n\t\t\tOfte stilte sp\u00f8rsm\u00e5l &#8211; Ut\u00f8ver\t\t<\/span>\n\t\t\t<\/a>\n\t<\/div>\n<\/div><\/div><\/div><div id=\"panel-gb1613-69dd0c065ed9c-0-0-2\" class=\"so-panel widget widget_sow-editor panel-last-child\" data-index=\"2\" ><div class=\"panel-widget-style panel-widget-style-for-gb1613-69dd0c065ed9c-0-0-2\" ><div\n\t\t\t\n\t\t\tclass=\"so-widget-sow-editor so-widget-sow-editor-base\"\n\t\t\t\n\t\t>\n<div class=\"siteorigin-widget-tinymce textwidget\">\n\t<p>Har du sp\u00f8rsm\u00e5l om hvordan du sender inn forslag eller tekniske problemer underveis? Da kan du ta kontakt med v\u00e5r brukerst\u00f8tte.<\/p>\n<p><span style=\"color: #000000;\"><strong>E-post: <u><a style=\"color: #000000;\" href=\"mailto:support@denkulturelleskolesekken.no\">support@denkulturelleskolesekken<\/a><a style=\"color: #000000;\" href=\"mailto:support@denkulturelleskolesekken.no\">.<\/a>no<\/u><\/strong><\/span><\/p>\n<p>&nbsp;<\/p>\n<p><span style=\"color: #000000;\">\u00c5pningstid for\u00a0<\/span><span style=\"color: #000000;\">telefon onsdag 30.09 &#8211; 10.00 &#8211; 20.00<\/span><\/p>\n<p><span style=\"color: #000000;\">\u00c5pningstid for\u00a0<\/span><span style=\"color: #000000;\">telefon torsdag 01.10 &#8211; 10.00 &#8211; 20.00<\/span><\/p>\n<p>&nbsp;<\/p>\n<p><span style=\"color: #000000;\">\u00c5pningstid for\u00a0<\/span><span style=\"color: #000000;\">telefon er hverdager fra 10 &#8211; 14:30, med lunsjpause fra 11 &#8211; 11:30.<\/span><\/p>\n<p><span style=\"color: #000000;\"><strong>Telefon: <\/strong>+ 47 479 74 744\u00a0<\/span><\/p>\n<p>&nbsp;<\/p>\n<\/div>\n<\/div><\/div><\/div><\/div><\/div><\/div><div id=\"pg-gb1613-69dd0c065ed9c-1\"  class=\"panel-grid panel-has-style\" ><div class=\"siteorigin-panels-stretch panel-row-style panel-row-style-for-gb1613-69dd0c065ed9c-1\" data-stretch-type=\"full\" ><div id=\"pgc-gb1613-69dd0c065ed9c-1-0\"  class=\"panel-grid-cell panel-grid-cell-empty\" ><\/div><\/div><\/div><\/div>\n\n\n<p><\/p>\n","protected":false},"excerpt":{"rendered":"<p>Har du sp\u00f8rsm\u00e5l om hvordan du sender inn forslag eller tekniske problemer underveis? Da kan du ta kontakt med v\u00e5r brukerst\u00f8tte. E-post: support@denkulturelleskolesekken.no &nbsp; \u00c5pningstid for\u00a0telefon onsdag 30.09 &#8211; 10.00 &#8211; 20.00 \u00c5pningstid for\u00a0telefon torsdag 01.10 &#8211; 10.00 &#8211; 20.00 &nbsp; \u00c5pningstid for\u00a0telefon er hverdager fra 10 &#8211; 14:30, med lunsjpause fra 11 &#8211; 11:30. [&hellip;]<\/p>\n","protected":false},"author":7,"featured_media":0,"parent":0,"menu_order":0,"comment_status":"closed","ping_status":"closed","template":"","meta":{"footnotes":""},"class_list":["post-1613","page","type-page","status-publish","hentry"],"yoast_head":"<!-- This site is optimized with the Yoast SEO plugin v26.0 - https:\/\/yoast.com\/wordpress\/plugins\/seo\/ -->\n<title>Brukerst\u00f8tte - Den kulturelle skolesekken<\/title>\n<meta name=\"robots\" content=\"index, follow, max-snippet:-1, max-image-preview:large, max-video-preview:-1\" \/>\n<meta property=\"og:locale\" content=\"en_US\" \/>\n<meta property=\"og:type\" content=\"article\" \/>\n<meta property=\"og:title\" content=\"Brukerst\u00f8tte - Den kulturelle skolesekken\" \/>\n<meta property=\"og:description\" content=\"Har du sp\u00f8rsm\u00e5l om hvordan du sender inn forslag eller tekniske problemer underveis? Da kan du ta kontakt med v\u00e5r brukerst\u00f8tte. E-post: support@denkulturelleskolesekken.no &nbsp; \u00c5pningstid for\u00a0telefon onsdag 30.09 - 10.00 - 20.00 \u00c5pningstid for\u00a0telefon torsdag 01.10 - 10.00 - 20.00 &nbsp; \u00c5pningstid for\u00a0telefon er hverdager fra 10 - 14:30, med lunsjpause fra 11 - 11:30. [&hellip;]\" \/>\n<meta property=\"og:url\" content=\"https:\/\/wordpress.kulturtanken.app\/staging\/brukerstotte\/\" \/>\n<meta property=\"og:site_name\" content=\"Den kulturelle skolesekken\" \/>\n<meta property=\"article:modified_time\" content=\"2021-09-02T12:24:10+00:00\" \/>\n<meta name=\"twitter:card\" content=\"summary_large_image\" \/>\n<meta name=\"twitter:label1\" content=\"Est. reading time\" \/>\n\t<meta name=\"twitter:data1\" content=\"1 minute\" \/>\n<script type=\"application\/ld+json\" class=\"yoast-schema-graph\">{\"@context\":\"https:\/\/schema.org\",\"@graph\":[{\"@type\":\"WebPage\",\"@id\":\"https:\/\/wordpress.kulturtanken.app\/staging\/brukerstotte\/\",\"url\":\"https:\/\/wordpress.kulturtanken.app\/staging\/brukerstotte\/\",\"name\":\"Brukerst\u00f8tte - Den kulturelle skolesekken\",\"isPartOf\":{\"@id\":\"https:\/\/35.241.27.161\/staging\/#website\"},\"datePublished\":\"2019-08-29T18:13:16+00:00\",\"dateModified\":\"2021-09-02T12:24:10+00:00\",\"breadcrumb\":{\"@id\":\"https:\/\/wordpress.kulturtanken.app\/staging\/brukerstotte\/#breadcrumb\"},\"inLanguage\":\"en-US\",\"potentialAction\":[{\"@type\":\"ReadAction\",\"target\":[\"https:\/\/wordpress.kulturtanken.app\/staging\/brukerstotte\/\"]}]},{\"@type\":\"BreadcrumbList\",\"@id\":\"https:\/\/wordpress.kulturtanken.app\/staging\/brukerstotte\/#breadcrumb\",\"itemListElement\":[{\"@type\":\"ListItem\",\"position\":1,\"name\":\"Home\",\"item\":\"https:\/\/35.241.27.161\/staging\/\"},{\"@type\":\"ListItem\",\"position\":2,\"name\":\"Brukerst\u00f8tte\"}]},{\"@type\":\"WebSite\",\"@id\":\"https:\/\/35.241.27.161\/staging\/#website\",\"url\":\"https:\/\/35.241.27.161\/staging\/\",\"name\":\"Den kulturelle skolesekken\",\"description\":\"\",\"publisher\":{\"@id\":\"https:\/\/35.241.27.161\/staging\/#organization\"},\"potentialAction\":[{\"@type\":\"SearchAction\",\"target\":{\"@type\":\"EntryPoint\",\"urlTemplate\":\"https:\/\/35.241.27.161\/staging\/?s={search_term_string}\"},\"query-input\":{\"@type\":\"PropertyValueSpecification\",\"valueRequired\":true,\"valueName\":\"search_term_string\"}}],\"inLanguage\":\"en-US\"},{\"@type\":\"Organization\",\"@id\":\"https:\/\/35.241.27.161\/staging\/#organization\",\"name\":\"Den kulturelle skolesekken\",\"url\":\"https:\/\/35.241.27.161\/staging\/\",\"logo\":{\"@type\":\"ImageObject\",\"inLanguage\":\"en-US\",\"@id\":\"https:\/\/35.241.27.161\/staging\/#\/schema\/logo\/image\/\",\"url\":\"https:\/\/cdn.denkulturelleskolesekken.no\/staging\/974a904c-cropped-8d52d461-dks-logo1.png\",\"contentUrl\":\"https:\/\/cdn.denkulturelleskolesekken.no\/staging\/974a904c-cropped-8d52d461-dks-logo1.png\",\"width\":583,\"height\":120,\"caption\":\"Den kulturelle skolesekken\"},\"image\":{\"@id\":\"https:\/\/35.241.27.161\/staging\/#\/schema\/logo\/image\/\"}}]}<\/script>\n<!-- \/ Yoast SEO plugin. -->","yoast_head_json":{"title":"Brukerst\u00f8tte - Den kulturelle skolesekken","robots":{"index":"index","follow":"follow","max-snippet":"max-snippet:-1","max-image-preview":"max-image-preview:large","max-video-preview":"max-video-preview:-1"},"og_locale":"en_US","og_type":"article","og_title":"Brukerst\u00f8tte - Den kulturelle skolesekken","og_description":"Har du sp\u00f8rsm\u00e5l om hvordan du sender inn forslag eller tekniske problemer underveis? Da kan du ta kontakt med v\u00e5r brukerst\u00f8tte. E-post: support@denkulturelleskolesekken.no &nbsp; \u00c5pningstid for\u00a0telefon onsdag 30.09 - 10.00 - 20.00 \u00c5pningstid for\u00a0telefon torsdag 01.10 - 10.00 - 20.00 &nbsp; \u00c5pningstid for\u00a0telefon er hverdager fra 10 - 14:30, med lunsjpause fra 11 - 11:30. [&hellip;]","og_url":"https:\/\/wordpress.kulturtanken.app\/staging\/brukerstotte\/","og_site_name":"Den kulturelle skolesekken","article_modified_time":"2021-09-02T12:24:10+00:00","twitter_card":"summary_large_image","twitter_misc":{"Est. reading time":"1 minute"},"schema":{"@context":"https:\/\/schema.org","@graph":[{"@type":"WebPage","@id":"https:\/\/wordpress.kulturtanken.app\/staging\/brukerstotte\/","url":"https:\/\/wordpress.kulturtanken.app\/staging\/brukerstotte\/","name":"Brukerst\u00f8tte - Den kulturelle skolesekken","isPartOf":{"@id":"https:\/\/35.241.27.161\/staging\/#website"},"datePublished":"2019-08-29T18:13:16+00:00","dateModified":"2021-09-02T12:24:10+00:00","breadcrumb":{"@id":"https:\/\/wordpress.kulturtanken.app\/staging\/brukerstotte\/#breadcrumb"},"inLanguage":"en-US","potentialAction":[{"@type":"ReadAction","target":["https:\/\/wordpress.kulturtanken.app\/staging\/brukerstotte\/"]}]},{"@type":"BreadcrumbList","@id":"https:\/\/wordpress.kulturtanken.app\/staging\/brukerstotte\/#breadcrumb","itemListElement":[{"@type":"ListItem","position":1,"name":"Home","item":"https:\/\/35.241.27.161\/staging\/"},{"@type":"ListItem","position":2,"name":"Brukerst\u00f8tte"}]},{"@type":"WebSite","@id":"https:\/\/35.241.27.161\/staging\/#website","url":"https:\/\/35.241.27.161\/staging\/","name":"Den kulturelle skolesekken","description":"","publisher":{"@id":"https:\/\/35.241.27.161\/staging\/#organization"},"potentialAction":[{"@type":"SearchAction","target":{"@type":"EntryPoint","urlTemplate":"https:\/\/35.241.27.161\/staging\/?s={search_term_string}"},"query-input":{"@type":"PropertyValueSpecification","valueRequired":true,"valueName":"search_term_string"}}],"inLanguage":"en-US"},{"@type":"Organization","@id":"https:\/\/35.241.27.161\/staging\/#organization","name":"Den kulturelle skolesekken","url":"https:\/\/35.241.27.161\/staging\/","logo":{"@type":"ImageObject","inLanguage":"en-US","@id":"https:\/\/35.241.27.161\/staging\/#\/schema\/logo\/image\/","url":"https:\/\/cdn.denkulturelleskolesekken.no\/staging\/974a904c-cropped-8d52d461-dks-logo1.png","contentUrl":"https:\/\/cdn.denkulturelleskolesekken.no\/staging\/974a904c-cropped-8d52d461-dks-logo1.png","width":583,"height":120,"caption":"Den kulturelle skolesekken"},"image":{"@id":"https:\/\/35.241.27.161\/staging\/#\/schema\/logo\/image\/"}}]}},"_links":{"self":[{"href":"https:\/\/wordpress.kulturtanken.app\/staging\/wp-json\/wp\/v2\/pages\/1613","targetHints":{"allow":["GET"]}}],"collection":[{"href":"https:\/\/wordpress.kulturtanken.app\/staging\/wp-json\/wp\/v2\/pages"}],"about":[{"href":"https:\/\/wordpress.kulturtanken.app\/staging\/wp-json\/wp\/v2\/types\/page"}],"author":[{"embeddable":true,"href":"https:\/\/wordpress.kulturtanken.app\/staging\/wp-json\/wp\/v2\/users\/7"}],"replies":[{"embeddable":true,"href":"https:\/\/wordpress.kulturtanken.app\/staging\/wp-json\/wp\/v2\/comments?post=1613"}],"version-history":[{"count":47,"href":"https:\/\/wordpress.kulturtanken.app\/staging\/wp-json\/wp\/v2\/pages\/1613\/revisions"}],"predecessor-version":[{"id":7260,"href":"https:\/\/wordpress.kulturtanken.app\/staging\/wp-json\/wp\/v2\/pages\/1613\/revisions\/7260"}],"wp:attachment":[{"href":"https:\/\/wordpress.kulturtanken.app\/staging\/wp-json\/wp\/v2\/media?parent=1613"}],"curies":[{"name":"wp","href":"https:\/\/api.w.org\/{rel}","templated":true}]}}