{"id":1956,"date":"2019-09-04T08:02:18","date_gmt":"2019-09-04T08:02:18","guid":{"rendered":"https:\/\/www.denkulturelleskolesekken.no\/?page_id=1956"},"modified":"2021-04-30T08:05:09","modified_gmt":"2021-04-30T08:05:09","slug":"portal-og-fagsystem-brukerdokumentasjon","status":"publish","type":"page","link":"https:\/\/wordpress.kulturtanken.app\/staging\/dks-portalen\/portal-og-fagsystem-brukerdokumentasjon\/","title":{"rendered":"Portal for DKS &#8211; Veiledning"},"content":{"rendered":"<div id=\"pl-gb1956-69dd0ff28c0a0\"  class=\"panel-layout\" ><div id=\"pg-gb1956-69dd0ff28c0a0-0\"  class=\"panel-grid panel-has-style\" ><div class=\"panel-row-style panel-row-style-for-gb1956-69dd0ff28c0a0-0\" ><div id=\"pgc-gb1956-69dd0ff28c0a0-0-0\"  class=\"panel-grid-cell\" ><div id=\"panel-gb1956-69dd0ff28c0a0-0-0-0\" class=\"so-panel widget widget_sow-editor panel-first-child panel-last-child\" data-index=\"0\" ><div\n\t\t\t\n\t\t\tclass=\"so-widget-sow-editor so-widget-sow-editor-base\"\n\t\t\t\n\t\t>\n<div class=\"siteorigin-widget-tinymce textwidget\">\n\t<div class=\"row sqs-row\">\n<div class=\"col sqs-col-10 span-10\">\n<h2 class=\"block-editor-rich-text__editable editor-rich-text__editable\" role=\"textbox\" contenteditable=\"true\" aria-multiline=\"true\" data-is-placeholder-visible=\"false\" aria-label=\"Write heading\u2026\" aria-autocomplete=\"list\">Veiledning<\/h2>\n<\/div>\n<\/div>\n<div id=\"yui_3_17_2_1_1567581146976_599\" class=\"row sqs-row\">\n<div id=\"yui_3_17_2_1_1567581146976_598\" class=\"col sqs-col-8 span-8\">\n<div id=\"block-8a04ca82fa460bb88b52\" class=\"sqs-block html-block sqs-block-html\" data-block-type=\"2\">\n<div id=\"yui_3_17_2_1_1567581146976_899\" class=\"sqs-block-content\">\n<p>Produsenter, programmerere, turn\u00e9leggere og koordinatorer kan bruke det nye arbeidsverkt\u00f8yet til \u00e5 administrere DKS-tilbudet i egen DKS-enhet. Fra disse sidene legges det fortl\u00f8pende ut oppl\u00e6ringsmateriell til l\u00f8sningen. Under finner du blant annet korte oppl\u00e6ringsvideoer.<\/p>\n<p>Se ogs\u00e5 v\u00e5r <strong><a href=\"https:\/\/www.denkulturelleskolesekken.no\/dks-portalen\/stegforsteg\/\">steg for steg veiledning<\/a><\/strong> og <a href=\"https:\/\/forum.denkulturelleskolesekken.no\/\"><strong>brukerforum for DKS-portalen<\/strong><\/a>.<\/p>\n<\/div>\n<\/div>\n<\/div>\n<\/div>\n<\/div>\n<\/div><\/div><\/div><\/div><\/div><div id=\"pg-gb1956-69dd0ff28c0a0-1\"  class=\"panel-grid panel-has-style\" ><div class=\"panel-row-style panel-row-style-for-gb1956-69dd0ff28c0a0-1\" ><div id=\"pgc-gb1956-69dd0ff28c0a0-1-0\"  class=\"panel-grid-cell\" ><div id=\"panel-gb1956-69dd0ff28c0a0-1-0-0\" class=\"so-panel widget widget_nav_menu panel-first-child\" data-index=\"1\" ><div class=\"kt-menu panel-widget-style panel-widget-style-for-gb1956-69dd0ff28c0a0-1-0-0\" ><h3 class=\"widget-title\">Generelt<\/h3><div class=\"menu-generelt-container\"><ul id=\"menu-generelt\" class=\"menu\"><li id=\"menu-item-5179\" class=\"menu-item menu-item-type-custom menu-item-object-custom menu-item-5179\"><a href=\"https:\/\/www.denkulturelleskolesekken.no\/dks-portalen\/portal-og-fagsystem-planlegger-i-et-fylke-eller-direktekommune\/generelt\/#brukerdokumentasjon\">Dokumentasjon &#8211; PDF<\/a><\/li>\n<li id=\"menu-item-4651\" class=\"menu-item menu-item-type-custom menu-item-object-custom menu-item-4651\"><a href=\"https:\/\/www.denkulturelleskolesekken.no\/dks-portalen\/portal-og-fagsystem-planlegger-i-et-fylke-eller-direktekommune\/generelt\/#bruker\">Legg til bruker<\/a><\/li>\n<li id=\"menu-item-4654\" class=\"menu-item menu-item-type-custom menu-item-object-custom menu-item-4654\"><a href=\"https:\/\/www.denkulturelleskolesekken.no\/dks-portalen\/portal-og-fagsystem-planlegger-i-et-fylke-eller-direktekommune\/generelt\/#skolegruppe\">Skolegruppe<\/a><\/li>\n<li id=\"menu-item-4900\" class=\"menu-item menu-item-type-custom menu-item-object-custom menu-item-4900\"><a href=\"https:\/\/www.denkulturelleskolesekken.no\/dks-portalen\/portal-og-fagsystem-planlegger-i-et-fylke-eller-direktekommune\/generelt\/#arena\">Arena<\/a><\/li>\n<li id=\"menu-item-5537\" class=\"menu-item menu-item-type-custom menu-item-object-custom menu-item-5537\"><a href=\"https:\/\/www.denkulturelleskolesekken.no\/dks-portalen\/portal-og-fagsystem-planlegger-i-et-fylke-eller-direktekommune\/generelt\/#hendelsesflaten\">Hendelsesflaten<\/a><\/li>\n<li id=\"menu-item-6377\" class=\"menu-item menu-item-type-custom menu-item-object-custom menu-item-6377\"><a href=\"https:\/\/www.denkulturelleskolesekken.no\/dks-portalen\/portal-og-fagsystem-planlegger-i-et-fylke-eller-direktekommune\/generelt\/#arsrapport\">\u00c5rsrapport<\/a><\/li>\n<\/ul><\/div><\/div><\/div><div id=\"panel-gb1956-69dd0ff28c0a0-1-0-1\" class=\"so-panel widget widget_nav_menu panel-last-child\" data-index=\"2\" ><div class=\"kt-menu panel-widget-style panel-widget-style-for-gb1956-69dd0ff28c0a0-1-0-1\" ><h3 class=\"widget-title\">Produksjoner<\/h3><div class=\"menu-produksjoner-container\"><ul id=\"menu-produksjoner\" class=\"menu\"><li id=\"menu-item-4856\" class=\"menu-item menu-item-type-custom menu-item-object-custom menu-item-4856\"><a href=\"https:\/\/www.denkulturelleskolesekken.no\/dks-portalen\/portal-og-fagsystem-planlegger-i-et-fylke-eller-direktekommune\/produksjoner\/#Opprette-produksjon\">Opprette produksjon<\/a><\/li>\n<li id=\"menu-item-4857\" class=\"menu-item menu-item-type-custom menu-item-object-custom menu-item-4857\"><a href=\"https:\/\/www.denkulturelleskolesekken.no\/dks-portalen\/portal-og-fagsystem-planlegger-i-et-fylke-eller-direktekommune\/produksjoner\/#produksjonsflaten\">Produksjonsflaten<\/a><\/li>\n<li id=\"menu-item-4858\" class=\"menu-item menu-item-type-custom menu-item-object-custom menu-item-4858\"><a href=\"https:\/\/www.denkulturelleskolesekken.no\/dks-portalen\/portal-og-fagsystem-planlegger-i-et-fylke-eller-direktekommune\/produksjoner\/#Budsjett-og-notat\">Budsjett og notat<\/a><\/li>\n<li id=\"menu-item-4859\" class=\"menu-item menu-item-type-custom menu-item-object-custom menu-item-4859\"><a href=\"https:\/\/www.denkulturelleskolesekken.no\/dks-portalen\/portal-og-fagsystem-planlegger-i-et-fylke-eller-direktekommune\/produksjoner\/#produksjonsgrupper\">Produksjonsgrupper<\/a><\/li>\n<li id=\"menu-item-4912\" class=\"menu-item menu-item-type-custom menu-item-object-custom menu-item-4912\"><a href=\"https:\/\/www.denkulturelleskolesekken.no\/dks-portalen\/portal-og-fagsystem-planlegger-i-et-fylke-eller-direktekommune\/produksjoner\/#p\u00e5melding\">P\u00e5melding<\/a><\/li>\n<\/ul><\/div><\/div><\/div><\/div><div id=\"pgc-gb1956-69dd0ff28c0a0-1-1\"  class=\"panel-grid-cell\" ><div id=\"panel-gb1956-69dd0ff28c0a0-1-1-0\" class=\"so-panel widget widget_nav_menu panel-first-child\" data-index=\"3\" ><div class=\"kt-menu panel-widget-style panel-widget-style-for-gb1956-69dd0ff28c0a0-1-1-0\" ><h3 class=\"widget-title\">Forslag<\/h3><div class=\"menu-forslag-container\"><ul id=\"menu-forslag\" class=\"menu\"><li id=\"menu-item-4848\" class=\"menu-item menu-item-type-custom menu-item-object-custom menu-item-4848\"><a href=\"https:\/\/www.denkulturelleskolesekken.no\/dks-portalen\/portal-og-fagsystem-planlegger-i-et-fylke-eller-direktekommune\/resurser-forslag\/#nytt%20forslag\">Nytt forslag<\/a><\/li>\n<li id=\"menu-item-5097\" class=\"menu-item menu-item-type-custom menu-item-object-custom menu-item-5097\"><a href=\"https:\/\/www.denkulturelleskolesekken.no\/dks-portalen\/portal-og-fagsystem-planlegger-i-et-fylke-eller-direktekommune\/resurser-forslag\/#endreforslagsstiller\">Endre forslagsstiller<\/a><\/li>\n<li id=\"menu-item-4851\" class=\"menu-item menu-item-type-custom menu-item-object-custom menu-item-4851\"><a href=\"https:\/\/www.denkulturelleskolesekken.no\/dks-portalen\/portal-og-fagsystem-planlegger-i-et-fylke-eller-direktekommune\/resurser-forslag\/#katalog\">Katalog<\/a><\/li>\n<li id=\"menu-item-4852\" class=\"menu-item menu-item-type-custom menu-item-object-custom menu-item-4852\"><a href=\"https:\/\/www.denkulturelleskolesekken.no\/dks-portalen\/portal-og-fagsystem-planlegger-i-et-fylke-eller-direktekommune\/resurser-forslag\/#behandling\">Behandling av forslag<\/a><\/li>\n<li id=\"menu-item-5060\" class=\"menu-item menu-item-type-custom menu-item-object-custom menu-item-5060\"><a href=\"https:\/\/www.denkulturelleskolesekken.no\/dks-portalen\/portal-og-fagsystem-planlegger-i-et-fylke-eller-direktekommune\/resurser-forslag\/#status\">Status for forslag<\/a><\/li>\n<li id=\"menu-item-6049\" class=\"menu-item menu-item-type-custom menu-item-object-custom menu-item-6049\"><a href=\"https:\/\/www.denkulturelleskolesekken.no\/dks-portalen\/portal-og-fagsystem-planlegger-i-et-fylke-eller-direktekommune\/resurser-forslag\/#fagrod\">Fagr\u00e5d<\/a><\/li>\n<\/ul><\/div><\/div><\/div><div id=\"panel-gb1956-69dd0ff28c0a0-1-1-1\" class=\"so-panel widget widget_nav_menu panel-last-child\" data-index=\"4\" ><div class=\"kt-menu panel-widget-style panel-widget-style-for-gb1956-69dd0ff28c0a0-1-1-1\" ><h3 class=\"widget-title\">Turn\u00e9<\/h3><div class=\"menu-turne-container\"><ul id=\"menu-turne\" class=\"menu\"><li id=\"menu-item-4872\" class=\"menu-item menu-item-type-custom menu-item-object-custom menu-item-4872\"><a href=\"https:\/\/www.denkulturelleskolesekken.no\/dks-portalen\/portal-og-fagsystem-planlegger-i-et-fylke-eller-direktekommune\/turne\/#Opprett-turn%C3%A9\">Opprett turn\u00e9<\/a><\/li>\n<li id=\"menu-item-4999\" class=\"menu-item menu-item-type-custom menu-item-object-custom menu-item-4999\"><a href=\"https:\/\/www.denkulturelleskolesekken.no\/dks-portalen\/portal-og-fagsystem-planlegger-i-et-fylke-eller-direktekommune\/turne\/#webinar1\">Webinar 1<\/a><\/li>\n<li id=\"menu-item-5000\" class=\"menu-item menu-item-type-custom menu-item-object-custom menu-item-5000\"><a href=\"https:\/\/www.denkulturelleskolesekken.no\/dks-portalen\/portal-og-fagsystem-planlegger-i-et-fylke-eller-direktekommune\/turne\/#webinar2\">Webinar 2<\/a><\/li>\n<li id=\"menu-item-5124\" class=\"menu-item menu-item-type-custom menu-item-object-custom menu-item-5124\"><a href=\"https:\/\/www.denkulturelleskolesekken.no\/dks-portalen\/portal-og-fagsystem-planlegger-i-et-fylke-eller-direktekommune\/turne\/#draganddrop\">Drag and drop<\/a><\/li>\n<li id=\"menu-item-5518\" class=\"menu-item menu-item-type-custom menu-item-object-custom menu-item-5518\"><a href=\"https:\/\/www.denkulturelleskolesekken.no\/dks-portalen\/portal-og-fagsystem-planlegger-i-et-fylke-eller-direktekommune\/turne\/#varsler\">Varsler<\/a><\/li>\n<li id=\"menu-item-5536\" class=\"menu-item menu-item-type-custom menu-item-object-custom menu-item-5536\"><a href=\"https:\/\/www.denkulturelleskolesekken.no\/dks-portalen\/portal-og-fagsystem-planlegger-i-et-fylke-eller-direktekommune\/generelt\/#hendelsesflaten\">Hendelsesflaten<\/a><\/li>\n<\/ul><\/div><\/div><\/div><\/div><\/div><\/div><div id=\"pg-gb1956-69dd0ff28c0a0-2\"  class=\"panel-grid panel-has-style\" ><div class=\"siteorigin-panels-stretch panel-row-style panel-row-style-for-gb1956-69dd0ff28c0a0-2\" data-stretch-type=\"full-width-stretch\" ><div id=\"pgc-gb1956-69dd0ff28c0a0-2-0\"  class=\"panel-grid-cell panel-grid-cell-mobile-last\" ><div id=\"panel-gb1956-69dd0ff28c0a0-2-0-0\" class=\"so-panel widget widget_nav_menu panel-first-child panel-last-child\" data-index=\"5\" ><div class=\"kt-menu panel-widget-style panel-widget-style-for-gb1956-69dd0ff28c0a0-2-0-0\" ><div class=\"menu-opplaering-guide-container\"><ul id=\"menu-opplaering-guide\" class=\"menu\"><li id=\"menu-item-3388\" class=\"menu-item menu-item-type-post_type menu-item-object-page menu-item-has-children menu-item-3388\"><a href=\"https:\/\/wordpress.kulturtanken.app\/staging\/dks-portalen\/\">DKS-portalen<\/a>\n<ul class=\"sub-menu\">\n\t<li id=\"menu-item-3524\" class=\"menu-item menu-item-type-post_type menu-item-object-page menu-item-3524\"><a href=\"https:\/\/wordpress.kulturtanken.app\/staging\/dks-portalen\/kulturkontakt\/\">Kulturkontakt<\/a><\/li>\n\t<li id=\"menu-item-3525\" class=\"menu-item menu-item-type-post_type menu-item-object-page menu-item-3525\"><a href=\"https:\/\/wordpress.kulturtanken.app\/staging\/dks-portalen\/planlegger-i-en-kommune\/\">Planlegger i DKS<\/a><\/li>\n<\/ul>\n<\/li>\n<li id=\"menu-item-3394\" class=\"menu-item menu-item-type-post_type menu-item-object-page menu-item-has-children menu-item-3394\"><a href=\"https:\/\/wordpress.kulturtanken.app\/staging\/dks-portalen\/stegforsteg\/\">Steg for steg<\/a>\n<ul class=\"sub-menu\">\n\t<li id=\"menu-item-3395\" class=\"menu-item menu-item-type-post_type menu-item-object-page menu-item-3395\"><a href=\"https:\/\/wordpress.kulturtanken.app\/staging\/dks-portalen\/stegforsteg\/1-forside\/\">\u2780 Forside<\/a><\/li>\n\t<li id=\"menu-item-3397\" class=\"menu-item menu-item-type-post_type menu-item-object-page menu-item-3397\"><a href=\"https:\/\/wordpress.kulturtanken.app\/staging\/dks-portalen\/stegforsteg\/2-forslag\/\">\u2781 Forslag<\/a><\/li>\n\t<li id=\"menu-item-3810\" class=\"menu-item menu-item-type-post_type menu-item-object-page menu-item-3810\"><a href=\"https:\/\/wordpress.kulturtanken.app\/staging\/dks-portalen\/stegforsteg\/3-produksjon\/\">\u2782 Produksjon<\/a><\/li>\n\t<li id=\"menu-item-3399\" class=\"menu-item menu-item-type-post_type menu-item-object-page menu-item-3399\"><a href=\"https:\/\/wordpress.kulturtanken.app\/staging\/dks-portalen\/stegforsteg\/4-turne\/\">\u2783 Turn\u00e9<\/a><\/li>\n\t<li id=\"menu-item-3392\" class=\"menu-item menu-item-type-post_type menu-item-object-page menu-item-3392\"><a href=\"https:\/\/wordpress.kulturtanken.app\/staging\/dks-portalen\/stegforsteg\/5-tildelingsflaten\/\">\u2784 Tildelingsflaten<\/a><\/li>\n\t<li id=\"menu-item-3941\" class=\"menu-item menu-item-type-post_type menu-item-object-page menu-item-3941\"><a href=\"https:\/\/wordpress.kulturtanken.app\/staging\/dks-portalen\/stegforsteg\/6-publisering\/\">\u2785 Publisering<\/a><\/li>\n<\/ul>\n<\/li>\n<li id=\"menu-item-3400\" class=\"menu-item menu-item-type-post_type menu-item-object-page menu-item-has-children menu-item-3400\"><a href=\"https:\/\/wordpress.kulturtanken.app\/staging\/dks-portalen\/portal-og-fagsystem-brukerdokumentasjon\/\">Veiledning<\/a>\n<ul class=\"sub-menu\">\n\t<li id=\"menu-item-4649\" class=\"menu-item menu-item-type-post_type menu-item-object-page menu-item-4649\"><a href=\"https:\/\/wordpress.kulturtanken.app\/staging\/dks-portalen\/portal-og-fagsystem-planlegger-i-et-fylke-eller-direktekommune\/generelt\/\">+ Generelt<\/a><\/li>\n\t<li id=\"menu-item-4650\" class=\"menu-item menu-item-type-post_type menu-item-object-page menu-item-4650\"><a href=\"https:\/\/wordpress.kulturtanken.app\/staging\/dks-portalen\/portal-og-fagsystem-planlegger-i-et-fylke-eller-direktekommune\/resurser-forslag\/\">+ Forslag<\/a><\/li>\n\t<li id=\"menu-item-4648\" class=\"menu-item menu-item-type-post_type menu-item-object-page menu-item-4648\"><a href=\"https:\/\/wordpress.kulturtanken.app\/staging\/dks-portalen\/portal-og-fagsystem-planlegger-i-et-fylke-eller-direktekommune\/produksjoner\/\">+ Produksjoner<\/a><\/li>\n\t<li id=\"menu-item-4647\" class=\"menu-item menu-item-type-post_type menu-item-object-page menu-item-4647\"><a href=\"https:\/\/wordpress.kulturtanken.app\/staging\/dks-portalen\/portal-og-fagsystem-planlegger-i-et-fylke-eller-direktekommune\/turne\/\">+ Turn\u00e9<\/a><\/li>\n<\/ul>\n<\/li>\n<li id=\"menu-item-6518\" class=\"menu-item menu-item-type-custom menu-item-object-custom menu-item-6518\"><a href=\"https:\/\/forum.denkulturelleskolesekken.no\/\">Brukerforum<\/a><\/li>\n<li id=\"menu-item-3393\" class=\"menu-item menu-item-type-post_type menu-item-object-page menu-item-3393\"><a href=\"https:\/\/wordpress.kulturtanken.app\/staging\/brukerstotte\/\">Brukerst\u00f8tte<\/a><\/li>\n<\/ul><\/div><\/div><\/div><\/div><div id=\"pgc-gb1956-69dd0ff28c0a0-2-1\"  class=\"panel-grid-cell panel-grid-cell-empty\" ><\/div><\/div><\/div><\/div>\n\n\n<div style=\"height:100px\" aria-hidden=\"true\" class=\"wp-block-spacer\"><\/div>\n\n\n\n<p><\/p>\n","protected":false},"excerpt":{"rendered":"<p>Veiledning Produsenter, programmerere, turn\u00e9leggere og koordinatorer kan bruke det nye arbeidsverkt\u00f8yet til \u00e5 administrere DKS-tilbudet i egen DKS-enhet. Fra disse sidene legges det fortl\u00f8pende ut oppl\u00e6ringsmateriell til l\u00f8sningen. Under finner du blant annet korte oppl\u00e6ringsvideoer. Se ogs\u00e5 v\u00e5r steg for steg veiledning og brukerforum for DKS-portalen.<\/p>\n","protected":false},"author":7,"featured_media":0,"parent":3287,"menu_order":0,"comment_status":"closed","ping_status":"closed","template":"custom-wide-page-widget.php","meta":{"footnotes":""},"class_list":["post-1956","page","type-page","status-publish","hentry"],"yoast_head":"<!-- This site is optimized with the Yoast SEO plugin v26.0 - https:\/\/yoast.com\/wordpress\/plugins\/seo\/ -->\n<title>Portal for DKS - Veiledning - Den kulturelle skolesekken<\/title>\n<meta name=\"robots\" content=\"index, follow, max-snippet:-1, max-image-preview:large, max-video-preview:-1\" \/>\n<meta property=\"og:locale\" content=\"en_US\" \/>\n<meta property=\"og:type\" content=\"article\" \/>\n<meta property=\"og:title\" content=\"Portal for DKS - Veiledning - Den kulturelle skolesekken\" \/>\n<meta property=\"og:description\" content=\"Veiledning Produsenter, programmerere, turn\u00e9leggere og koordinatorer kan bruke det nye arbeidsverkt\u00f8yet til \u00e5 administrere DKS-tilbudet i egen DKS-enhet. Fra disse sidene legges det fortl\u00f8pende ut oppl\u00e6ringsmateriell til l\u00f8sningen. Under finner du blant annet korte oppl\u00e6ringsvideoer. Se ogs\u00e5 v\u00e5r steg for steg veiledning og brukerforum for DKS-portalen.\" \/>\n<meta property=\"og:url\" content=\"https:\/\/wordpress.kulturtanken.app\/staging\/dks-portalen\/portal-og-fagsystem-brukerdokumentasjon\/\" \/>\n<meta property=\"og:site_name\" content=\"Den kulturelle skolesekken\" \/>\n<meta property=\"article:modified_time\" content=\"2021-04-30T08:05:09+00:00\" \/>\n<meta name=\"twitter:card\" content=\"summary_large_image\" \/>\n<script type=\"application\/ld+json\" class=\"yoast-schema-graph\">{\"@context\":\"https:\/\/schema.org\",\"@graph\":[{\"@type\":\"WebPage\",\"@id\":\"https:\/\/wordpress.kulturtanken.app\/staging\/dks-portalen\/portal-og-fagsystem-brukerdokumentasjon\/\",\"url\":\"https:\/\/wordpress.kulturtanken.app\/staging\/dks-portalen\/portal-og-fagsystem-brukerdokumentasjon\/\",\"name\":\"Portal for DKS - Veiledning - Den kulturelle skolesekken\",\"isPartOf\":{\"@id\":\"https:\/\/35.241.27.161\/staging\/#website\"},\"datePublished\":\"2019-09-04T08:02:18+00:00\",\"dateModified\":\"2021-04-30T08:05:09+00:00\",\"breadcrumb\":{\"@id\":\"https:\/\/wordpress.kulturtanken.app\/staging\/dks-portalen\/portal-og-fagsystem-brukerdokumentasjon\/#breadcrumb\"},\"inLanguage\":\"en-US\",\"potentialAction\":[{\"@type\":\"ReadAction\",\"target\":[\"https:\/\/wordpress.kulturtanken.app\/staging\/dks-portalen\/portal-og-fagsystem-brukerdokumentasjon\/\"]}]},{\"@type\":\"BreadcrumbList\",\"@id\":\"https:\/\/wordpress.kulturtanken.app\/staging\/dks-portalen\/portal-og-fagsystem-brukerdokumentasjon\/#breadcrumb\",\"itemListElement\":[{\"@type\":\"ListItem\",\"position\":1,\"name\":\"Home\",\"item\":\"https:\/\/35.241.27.161\/staging\/\"},{\"@type\":\"ListItem\",\"position\":2,\"name\":\"DKS-portalen\",\"item\":\"https:\/\/wordpress.kulturtanken.app\/staging\/dks-portalen\/\"},{\"@type\":\"ListItem\",\"position\":3,\"name\":\"Portal for DKS &#8211; Veiledning\"}]},{\"@type\":\"WebSite\",\"@id\":\"https:\/\/35.241.27.161\/staging\/#website\",\"url\":\"https:\/\/35.241.27.161\/staging\/\",\"name\":\"Den kulturelle skolesekken\",\"description\":\"\",\"publisher\":{\"@id\":\"https:\/\/35.241.27.161\/staging\/#organization\"},\"potentialAction\":[{\"@type\":\"SearchAction\",\"target\":{\"@type\":\"EntryPoint\",\"urlTemplate\":\"https:\/\/35.241.27.161\/staging\/?s={search_term_string}\"},\"query-input\":{\"@type\":\"PropertyValueSpecification\",\"valueRequired\":true,\"valueName\":\"search_term_string\"}}],\"inLanguage\":\"en-US\"},{\"@type\":\"Organization\",\"@id\":\"https:\/\/35.241.27.161\/staging\/#organization\",\"name\":\"Den kulturelle skolesekken\",\"url\":\"https:\/\/35.241.27.161\/staging\/\",\"logo\":{\"@type\":\"ImageObject\",\"inLanguage\":\"en-US\",\"@id\":\"https:\/\/35.241.27.161\/staging\/#\/schema\/logo\/image\/\",\"url\":\"https:\/\/cdn.denkulturelleskolesekken.no\/staging\/974a904c-cropped-8d52d461-dks-logo1.png\",\"contentUrl\":\"https:\/\/cdn.denkulturelleskolesekken.no\/staging\/974a904c-cropped-8d52d461-dks-logo1.png\",\"width\":583,\"height\":120,\"caption\":\"Den kulturelle skolesekken\"},\"image\":{\"@id\":\"https:\/\/35.241.27.161\/staging\/#\/schema\/logo\/image\/\"}}]}<\/script>\n<!-- \/ Yoast SEO plugin. -->","yoast_head_json":{"title":"Portal for DKS - Veiledning - Den kulturelle skolesekken","robots":{"index":"index","follow":"follow","max-snippet":"max-snippet:-1","max-image-preview":"max-image-preview:large","max-video-preview":"max-video-preview:-1"},"og_locale":"en_US","og_type":"article","og_title":"Portal for DKS - Veiledning - Den kulturelle skolesekken","og_description":"Veiledning Produsenter, programmerere, turn\u00e9leggere og koordinatorer kan bruke det nye arbeidsverkt\u00f8yet til \u00e5 administrere DKS-tilbudet i egen DKS-enhet. Fra disse sidene legges det fortl\u00f8pende ut oppl\u00e6ringsmateriell til l\u00f8sningen. Under finner du blant annet korte oppl\u00e6ringsvideoer. Se ogs\u00e5 v\u00e5r steg for steg veiledning og brukerforum for DKS-portalen.","og_url":"https:\/\/wordpress.kulturtanken.app\/staging\/dks-portalen\/portal-og-fagsystem-brukerdokumentasjon\/","og_site_name":"Den kulturelle skolesekken","article_modified_time":"2021-04-30T08:05:09+00:00","twitter_card":"summary_large_image","schema":{"@context":"https:\/\/schema.org","@graph":[{"@type":"WebPage","@id":"https:\/\/wordpress.kulturtanken.app\/staging\/dks-portalen\/portal-og-fagsystem-brukerdokumentasjon\/","url":"https:\/\/wordpress.kulturtanken.app\/staging\/dks-portalen\/portal-og-fagsystem-brukerdokumentasjon\/","name":"Portal for DKS - Veiledning - Den kulturelle skolesekken","isPartOf":{"@id":"https:\/\/35.241.27.161\/staging\/#website"},"datePublished":"2019-09-04T08:02:18+00:00","dateModified":"2021-04-30T08:05:09+00:00","breadcrumb":{"@id":"https:\/\/wordpress.kulturtanken.app\/staging\/dks-portalen\/portal-og-fagsystem-brukerdokumentasjon\/#breadcrumb"},"inLanguage":"en-US","potentialAction":[{"@type":"ReadAction","target":["https:\/\/wordpress.kulturtanken.app\/staging\/dks-portalen\/portal-og-fagsystem-brukerdokumentasjon\/"]}]},{"@type":"BreadcrumbList","@id":"https:\/\/wordpress.kulturtanken.app\/staging\/dks-portalen\/portal-og-fagsystem-brukerdokumentasjon\/#breadcrumb","itemListElement":[{"@type":"ListItem","position":1,"name":"Home","item":"https:\/\/35.241.27.161\/staging\/"},{"@type":"ListItem","position":2,"name":"DKS-portalen","item":"https:\/\/wordpress.kulturtanken.app\/staging\/dks-portalen\/"},{"@type":"ListItem","position":3,"name":"Portal for DKS &#8211; Veiledning"}]},{"@type":"WebSite","@id":"https:\/\/35.241.27.161\/staging\/#website","url":"https:\/\/35.241.27.161\/staging\/","name":"Den kulturelle skolesekken","description":"","publisher":{"@id":"https:\/\/35.241.27.161\/staging\/#organization"},"potentialAction":[{"@type":"SearchAction","target":{"@type":"EntryPoint","urlTemplate":"https:\/\/35.241.27.161\/staging\/?s={search_term_string}"},"query-input":{"@type":"PropertyValueSpecification","valueRequired":true,"valueName":"search_term_string"}}],"inLanguage":"en-US"},{"@type":"Organization","@id":"https:\/\/35.241.27.161\/staging\/#organization","name":"Den kulturelle skolesekken","url":"https:\/\/35.241.27.161\/staging\/","logo":{"@type":"ImageObject","inLanguage":"en-US","@id":"https:\/\/35.241.27.161\/staging\/#\/schema\/logo\/image\/","url":"https:\/\/cdn.denkulturelleskolesekken.no\/staging\/974a904c-cropped-8d52d461-dks-logo1.png","contentUrl":"https:\/\/cdn.denkulturelleskolesekken.no\/staging\/974a904c-cropped-8d52d461-dks-logo1.png","width":583,"height":120,"caption":"Den kulturelle skolesekken"},"image":{"@id":"https:\/\/35.241.27.161\/staging\/#\/schema\/logo\/image\/"}}]}},"_links":{"self":[{"href":"https:\/\/wordpress.kulturtanken.app\/staging\/wp-json\/wp\/v2\/pages\/1956","targetHints":{"allow":["GET"]}}],"collection":[{"href":"https:\/\/wordpress.kulturtanken.app\/staging\/wp-json\/wp\/v2\/pages"}],"about":[{"href":"https:\/\/wordpress.kulturtanken.app\/staging\/wp-json\/wp\/v2\/types\/page"}],"author":[{"embeddable":true,"href":"https:\/\/wordpress.kulturtanken.app\/staging\/wp-json\/wp\/v2\/users\/7"}],"replies":[{"embeddable":true,"href":"https:\/\/wordpress.kulturtanken.app\/staging\/wp-json\/wp\/v2\/comments?post=1956"}],"version-history":[{"count":146,"href":"https:\/\/wordpress.kulturtanken.app\/staging\/wp-json\/wp\/v2\/pages\/1956\/revisions"}],"predecessor-version":[{"id":7428,"href":"https:\/\/wordpress.kulturtanken.app\/staging\/wp-json\/wp\/v2\/pages\/1956\/revisions\/7428"}],"up":[{"embeddable":true,"href":"https:\/\/wordpress.kulturtanken.app\/staging\/wp-json\/wp\/v2\/pages\/3287"}],"wp:attachment":[{"href":"https:\/\/wordpress.kulturtanken.app\/staging\/wp-json\/wp\/v2\/media?parent=1956"}],"curies":[{"name":"wp","href":"https:\/\/api.w.org\/{rel}","templated":true}]}}