{"id":2407,"date":"2019-11-28T08:53:56","date_gmt":"2019-11-28T08:53:56","guid":{"rendered":"https:\/\/www.denkulturelleskolesekken.no\/?page_id=2407"},"modified":"2021-06-03T10:32:02","modified_gmt":"2021-06-03T10:32:02","slug":"forslag-og-planlegging","status":"publish","type":"page","link":"https:\/\/wordpress.kulturtanken.app\/staging\/dks-portalen\/planlegger-i-en-kommune\/forslag-og-planlegging\/","title":{"rendered":"Forslag og planlegging"},"content":{"rendered":"<div id=\"pl-gb2407-69dd22d2b44d2\"  class=\"panel-layout\" ><div id=\"pg-gb2407-69dd22d2b44d2-0\"  class=\"panel-grid panel-no-style\" ><div id=\"pgc-gb2407-69dd22d2b44d2-0-0\"  class=\"panel-grid-cell\" ><div id=\"panel-gb2407-69dd22d2b44d2-0-0-0\" class=\"so-panel widget widget_sow-editor panel-first-child\" data-index=\"0\" ><div\n\t\t\t\n\t\t\tclass=\"so-widget-sow-editor so-widget-sow-editor-base\"\n\t\t\t\n\t\t>\n<div class=\"siteorigin-widget-tinymce textwidget\">\n\t<h1 style=\"text-align: center;\">Forslag og planlegging<\/h1>\n<\/div>\n<\/div><\/div><div id=\"panel-gb2407-69dd22d2b44d2-0-0-1\" class=\"so-panel widget widget_sow-slider\" data-index=\"1\" ><div\n\t\t\t\n\t\t\tclass=\"so-widget-sow-slider so-widget-sow-slider-default-c8fd8208145c-2407\"\n\t\t\t\n\t\t>\t\t\t\t<div class=\"sow-slider-base\" style=\"display: none\" tabindex=\"0\">\n\t\t\t\t\t<ul\n\t\t\t\t\tclass=\"sow-slider-images\"\n\t\t\t\t\tdata-settings=\"{&quot;pagination&quot;:true,&quot;speed&quot;:800,&quot;timeout&quot;:8000,&quot;paused&quot;:false,&quot;pause_on_hover&quot;:false,&quot;swipe&quot;:true,&quot;nav_always_show_desktop&quot;:&quot;&quot;,&quot;nav_always_show_mobile&quot;:&quot;&quot;,&quot;breakpoint&quot;:&quot;780px&quot;,&quot;unmute&quot;:false,&quot;anchor&quot;:null}\"\n\t\t\t\t\t\t\t\t\t\tdata-anchor-id=\"\"\n\t\t\t\t>\t\t<li class=\"sow-slider-image\" style=\"visibility: visible;\" >\n\t\t\t\t\t\t<img loading=\"lazy\" decoding=\"async\" width=\"1280\" height=\"720\" src=\"https:\/\/cdn.denkulturelleskolesekken.no\/national\/2019\/11\/Lysbilde13.png\" class=\"sow-slider-background-image wp-stateless-item\" alt=\"\" style=\"\" data-image-size=\"full\" data-stateless-media-bucket=\"kulturtanken-wordpress-cdn\" data-stateless-media-name=\"national\/2019\/11\/Lysbilde13.png\" \/>\t\t<\/li>\n\t\t\t\t<li class=\"sow-slider-image\" style=\"visibility: hidden;\" >\n\t\t\t\t\t\t<img loading=\"lazy\" decoding=\"async\" width=\"1280\" height=\"720\" src=\"https:\/\/cdn.denkulturelleskolesekken.no\/national\/2019\/11\/Lysbilde12.png\" class=\"sow-slider-background-image wp-stateless-item\" alt=\"\" style=\"\" data-image-size=\"full\" data-stateless-media-bucket=\"kulturtanken-wordpress-cdn\" data-stateless-media-name=\"national\/2019\/11\/Lysbilde12.png\" \/>\t\t<\/li>\n\t\t<\/ul>\t\t\t\t<ol class=\"sow-slider-pagination\">\n\t\t\t\t\t\t\t\t\t\t\t<li><a href=\"#\" data-goto=\"0\" aria-label=\"Display slide 1\"><\/a><\/li>\n\t\t\t\t\t\t\t\t\t\t\t<li><a href=\"#\" data-goto=\"1\" aria-label=\"Display slide 2\"><\/a><\/li>\n\t\t\t\t\t\t\t\t\t<\/ol>\n\n\t\t\t\t<div class=\"sow-slide-nav sow-slide-nav-next\">\n\t\t\t\t\t<a href=\"#\" data-goto=\"next\" aria-label=\"Next slide\" data-action=\"next\">\n\t\t\t\t\t\t<em class=\"sow-sld-icon-medium-right\"><\/em>\n\t\t\t\t\t<\/a>\n\t\t\t\t<\/div>\n\n\t\t\t\t<div class=\"sow-slide-nav sow-slide-nav-prev\">\n\t\t\t\t\t<a href=\"#\" data-goto=\"previous\" aria-label=\"Previous slide\" data-action=\"prev\">\n\t\t\t\t\t\t<em class=\"sow-sld-icon-medium-left\"><\/em>\n\t\t\t\t\t<\/a>\n\t\t\t\t<\/div>\n\t\t\t\t<\/div><\/div><\/div><div id=\"panel-gb2407-69dd22d2b44d2-0-0-2\" class=\"so-panel widget widget_sow-editor panel-last-child\" data-index=\"2\" ><div\n\t\t\t\n\t\t\tclass=\"so-widget-sow-editor so-widget-sow-editor-base\"\n\t\t\t\n\t\t>\n<div class=\"siteorigin-widget-tinymce textwidget\">\n\t<h2>Du sparer tid gjennom<\/h2>\n<ul>\n<li>\u00e9n arbeidsflate til planlegging og budsjettering<\/li>\n<\/ul>\n<ul>\n<li>\u00e5 f\u00e5 oversikt over alle forslag som er meldt inn for programmering i DKS via portalen<\/li>\n<\/ul>\n<ul>\n<li>s\u00f8ke i forslagene via s\u00f8kekategorier eller fritekst<\/li>\n<\/ul>\n<ul>\n<li>se om, hvor og n\u00e5r en produksjon er programmert<\/li>\n<\/ul>\n<hr \/>\n<h2>Du f\u00e5r mulighet til \u00e5<\/h2>\n<ul>\n<li>tilrettelegge produksjoner for aktuelle m\u00e5lgrupper i dialog med forslagsstillerne<\/li>\n<\/ul>\n<ul>\n<li>Se hvor produksjonen har v\u00e6rt programmert tidligere<\/li>\n<\/ul>\n<hr \/>\n<h2>Du kan enkelt<\/h2>\n<ul>\n<li>budsjettere produksjoner samlet og enkeltvis<\/li>\n<\/ul>\n<ul>\n<li>lage kataloger over programmet definert ut i fra kategorier du selv velger<\/li>\n<\/ul>\n<ul>\n<li>ta kontakt med ut\u00f8vere via meldingssystemet i portalen<\/li>\n<\/ul>\n<ul>\n<li>informere skolene om planlagt program<\/li>\n<\/ul>\n<div id=\"yui_3_17_2_1_1567581146976_599\" class=\"row sqs-row\">\n<div id=\"yui_3_17_2_1_1567581146976_598\" class=\"col sqs-col-8 span-8\">\n<div id=\"block-8a04ca82fa460bb88b52\" class=\"sqs-block html-block sqs-block-html\" data-block-type=\"2\">\n<div id=\"yui_3_17_2_1_1567581146976_899\" class=\"sqs-block-content\"><\/div>\n<\/div>\n<\/div>\n<\/div>\n<\/div>\n<\/div><\/div><\/div><\/div><\/div>\n\n\n<p><\/p>\n","protected":false},"excerpt":{"rendered":"<p>Forslag og planlegging Du sparer tid gjennom \u00e9n arbeidsflate til planlegging og budsjettering \u00e5 f\u00e5 oversikt over alle forslag som er meldt inn for programmering i DKS via portalen s\u00f8ke i forslagene via s\u00f8kekategorier eller fritekst se om, hvor og n\u00e5r en produksjon er programmert Du f\u00e5r mulighet til \u00e5 tilrettelegge produksjoner for aktuelle m\u00e5lgrupper [&hellip;]<\/p>\n","protected":false},"author":7,"featured_media":0,"parent":2068,"menu_order":1,"comment_status":"closed","ping_status":"closed","template":"","meta":{"footnotes":""},"class_list":["post-2407","page","type-page","status-publish","hentry"],"yoast_head":"<!-- This site is optimized with the Yoast SEO plugin v26.0 - https:\/\/yoast.com\/wordpress\/plugins\/seo\/ -->\n<title>Forslag og planlegging - Den kulturelle skolesekken<\/title>\n<meta name=\"robots\" content=\"index, follow, max-snippet:-1, max-image-preview:large, max-video-preview:-1\" \/>\n<meta property=\"og:locale\" content=\"en_US\" \/>\n<meta property=\"og:type\" content=\"article\" \/>\n<meta property=\"og:title\" content=\"Forslag og planlegging - Den kulturelle skolesekken\" \/>\n<meta property=\"og:description\" content=\"Forslag og planlegging Du sparer tid gjennom \u00e9n arbeidsflate til planlegging og budsjettering \u00e5 f\u00e5 oversikt over alle forslag som er meldt inn for programmering i DKS via portalen s\u00f8ke i forslagene via s\u00f8kekategorier eller fritekst se om, hvor og n\u00e5r en produksjon er programmert Du f\u00e5r mulighet til \u00e5 tilrettelegge produksjoner for aktuelle m\u00e5lgrupper [&hellip;]\" \/>\n<meta property=\"og:url\" content=\"https:\/\/wordpress.kulturtanken.app\/staging\/dks-portalen\/planlegger-i-en-kommune\/forslag-og-planlegging\/\" \/>\n<meta property=\"og:site_name\" content=\"Den kulturelle skolesekken\" \/>\n<meta property=\"article:modified_time\" content=\"2021-06-03T10:32:02+00:00\" \/>\n<meta property=\"og:image\" content=\"https:\/\/cdn.denkulturelleskolesekken.no\/national\/2019\/11\/Lysbilde13.png\" \/>\n<meta name=\"twitter:card\" content=\"summary_large_image\" \/>\n<meta name=\"twitter:label1\" content=\"Est. reading time\" \/>\n\t<meta name=\"twitter:data1\" content=\"1 minute\" \/>\n<script type=\"application\/ld+json\" class=\"yoast-schema-graph\">{\"@context\":\"https:\/\/schema.org\",\"@graph\":[{\"@type\":\"WebPage\",\"@id\":\"https:\/\/wordpress.kulturtanken.app\/staging\/dks-portalen\/planlegger-i-en-kommune\/forslag-og-planlegging\/\",\"url\":\"https:\/\/wordpress.kulturtanken.app\/staging\/dks-portalen\/planlegger-i-en-kommune\/forslag-og-planlegging\/\",\"name\":\"Forslag og planlegging - Den kulturelle skolesekken\",\"isPartOf\":{\"@id\":\"https:\/\/35.241.27.161\/staging\/#website\"},\"primaryImageOfPage\":{\"@id\":\"https:\/\/wordpress.kulturtanken.app\/staging\/dks-portalen\/planlegger-i-en-kommune\/forslag-og-planlegging\/#primaryimage\"},\"image\":{\"@id\":\"https:\/\/wordpress.kulturtanken.app\/staging\/dks-portalen\/planlegger-i-en-kommune\/forslag-og-planlegging\/#primaryimage\"},\"thumbnailUrl\":\"https:\/\/cdn.denkulturelleskolesekken.no\/national\/2019\/11\/Lysbilde13.png\",\"datePublished\":\"2019-11-28T08:53:56+00:00\",\"dateModified\":\"2021-06-03T10:32:02+00:00\",\"breadcrumb\":{\"@id\":\"https:\/\/wordpress.kulturtanken.app\/staging\/dks-portalen\/planlegger-i-en-kommune\/forslag-og-planlegging\/#breadcrumb\"},\"inLanguage\":\"en-US\",\"potentialAction\":[{\"@type\":\"ReadAction\",\"target\":[\"https:\/\/wordpress.kulturtanken.app\/staging\/dks-portalen\/planlegger-i-en-kommune\/forslag-og-planlegging\/\"]}]},{\"@type\":\"ImageObject\",\"inLanguage\":\"en-US\",\"@id\":\"https:\/\/wordpress.kulturtanken.app\/staging\/dks-portalen\/planlegger-i-en-kommune\/forslag-og-planlegging\/#primaryimage\",\"url\":\"https:\/\/cdn.denkulturelleskolesekken.no\/national\/2019\/11\/Lysbilde13.png\",\"contentUrl\":\"https:\/\/cdn.denkulturelleskolesekken.no\/national\/2019\/11\/Lysbilde13.png\"},{\"@type\":\"BreadcrumbList\",\"@id\":\"https:\/\/wordpress.kulturtanken.app\/staging\/dks-portalen\/planlegger-i-en-kommune\/forslag-og-planlegging\/#breadcrumb\",\"itemListElement\":[{\"@type\":\"ListItem\",\"position\":1,\"name\":\"Home\",\"item\":\"https:\/\/35.241.27.161\/staging\/\"},{\"@type\":\"ListItem\",\"position\":2,\"name\":\"DKS-portalen\",\"item\":\"https:\/\/wordpress.kulturtanken.app\/staging\/dks-portalen\/\"},{\"@type\":\"ListItem\",\"position\":3,\"name\":\"Planlegger i en kommune\",\"item\":\"https:\/\/wordpress.kulturtanken.app\/staging\/dks-portalen\/planlegger-i-en-kommune\/\"},{\"@type\":\"ListItem\",\"position\":4,\"name\":\"Forslag og planlegging\"}]},{\"@type\":\"WebSite\",\"@id\":\"https:\/\/35.241.27.161\/staging\/#website\",\"url\":\"https:\/\/35.241.27.161\/staging\/\",\"name\":\"Den kulturelle skolesekken\",\"description\":\"\",\"publisher\":{\"@id\":\"https:\/\/35.241.27.161\/staging\/#organization\"},\"potentialAction\":[{\"@type\":\"SearchAction\",\"target\":{\"@type\":\"EntryPoint\",\"urlTemplate\":\"https:\/\/35.241.27.161\/staging\/?s={search_term_string}\"},\"query-input\":{\"@type\":\"PropertyValueSpecification\",\"valueRequired\":true,\"valueName\":\"search_term_string\"}}],\"inLanguage\":\"en-US\"},{\"@type\":\"Organization\",\"@id\":\"https:\/\/35.241.27.161\/staging\/#organization\",\"name\":\"Den kulturelle skolesekken\",\"url\":\"https:\/\/35.241.27.161\/staging\/\",\"logo\":{\"@type\":\"ImageObject\",\"inLanguage\":\"en-US\",\"@id\":\"https:\/\/35.241.27.161\/staging\/#\/schema\/logo\/image\/\",\"url\":\"https:\/\/cdn.denkulturelleskolesekken.no\/staging\/974a904c-cropped-8d52d461-dks-logo1.png\",\"contentUrl\":\"https:\/\/cdn.denkulturelleskolesekken.no\/staging\/974a904c-cropped-8d52d461-dks-logo1.png\",\"width\":583,\"height\":120,\"caption\":\"Den kulturelle skolesekken\"},\"image\":{\"@id\":\"https:\/\/35.241.27.161\/staging\/#\/schema\/logo\/image\/\"}}]}<\/script>\n<!-- \/ Yoast SEO plugin. -->","yoast_head_json":{"title":"Forslag og planlegging - Den kulturelle skolesekken","robots":{"index":"index","follow":"follow","max-snippet":"max-snippet:-1","max-image-preview":"max-image-preview:large","max-video-preview":"max-video-preview:-1"},"og_locale":"en_US","og_type":"article","og_title":"Forslag og planlegging - Den kulturelle skolesekken","og_description":"Forslag og planlegging Du sparer tid gjennom \u00e9n arbeidsflate til planlegging og budsjettering \u00e5 f\u00e5 oversikt over alle forslag som er meldt inn for programmering i DKS via portalen s\u00f8ke i forslagene via s\u00f8kekategorier eller fritekst se om, hvor og n\u00e5r en produksjon er programmert Du f\u00e5r mulighet til \u00e5 tilrettelegge produksjoner for aktuelle m\u00e5lgrupper [&hellip;]","og_url":"https:\/\/wordpress.kulturtanken.app\/staging\/dks-portalen\/planlegger-i-en-kommune\/forslag-og-planlegging\/","og_site_name":"Den kulturelle skolesekken","article_modified_time":"2021-06-03T10:32:02+00:00","og_image":[{"url":"https:\/\/cdn.denkulturelleskolesekken.no\/national\/2019\/11\/Lysbilde13.png","type":"","width":"","height":""}],"twitter_card":"summary_large_image","twitter_misc":{"Est. reading time":"1 minute"},"schema":{"@context":"https:\/\/schema.org","@graph":[{"@type":"WebPage","@id":"https:\/\/wordpress.kulturtanken.app\/staging\/dks-portalen\/planlegger-i-en-kommune\/forslag-og-planlegging\/","url":"https:\/\/wordpress.kulturtanken.app\/staging\/dks-portalen\/planlegger-i-en-kommune\/forslag-og-planlegging\/","name":"Forslag og planlegging - Den kulturelle skolesekken","isPartOf":{"@id":"https:\/\/35.241.27.161\/staging\/#website"},"primaryImageOfPage":{"@id":"https:\/\/wordpress.kulturtanken.app\/staging\/dks-portalen\/planlegger-i-en-kommune\/forslag-og-planlegging\/#primaryimage"},"image":{"@id":"https:\/\/wordpress.kulturtanken.app\/staging\/dks-portalen\/planlegger-i-en-kommune\/forslag-og-planlegging\/#primaryimage"},"thumbnailUrl":"https:\/\/cdn.denkulturelleskolesekken.no\/national\/2019\/11\/Lysbilde13.png","datePublished":"2019-11-28T08:53:56+00:00","dateModified":"2021-06-03T10:32:02+00:00","breadcrumb":{"@id":"https:\/\/wordpress.kulturtanken.app\/staging\/dks-portalen\/planlegger-i-en-kommune\/forslag-og-planlegging\/#breadcrumb"},"inLanguage":"en-US","potentialAction":[{"@type":"ReadAction","target":["https:\/\/wordpress.kulturtanken.app\/staging\/dks-portalen\/planlegger-i-en-kommune\/forslag-og-planlegging\/"]}]},{"@type":"ImageObject","inLanguage":"en-US","@id":"https:\/\/wordpress.kulturtanken.app\/staging\/dks-portalen\/planlegger-i-en-kommune\/forslag-og-planlegging\/#primaryimage","url":"https:\/\/cdn.denkulturelleskolesekken.no\/national\/2019\/11\/Lysbilde13.png","contentUrl":"https:\/\/cdn.denkulturelleskolesekken.no\/national\/2019\/11\/Lysbilde13.png"},{"@type":"BreadcrumbList","@id":"https:\/\/wordpress.kulturtanken.app\/staging\/dks-portalen\/planlegger-i-en-kommune\/forslag-og-planlegging\/#breadcrumb","itemListElement":[{"@type":"ListItem","position":1,"name":"Home","item":"https:\/\/35.241.27.161\/staging\/"},{"@type":"ListItem","position":2,"name":"DKS-portalen","item":"https:\/\/wordpress.kulturtanken.app\/staging\/dks-portalen\/"},{"@type":"ListItem","position":3,"name":"Planlegger i en kommune","item":"https:\/\/wordpress.kulturtanken.app\/staging\/dks-portalen\/planlegger-i-en-kommune\/"},{"@type":"ListItem","position":4,"name":"Forslag og planlegging"}]},{"@type":"WebSite","@id":"https:\/\/35.241.27.161\/staging\/#website","url":"https:\/\/35.241.27.161\/staging\/","name":"Den kulturelle skolesekken","description":"","publisher":{"@id":"https:\/\/35.241.27.161\/staging\/#organization"},"potentialAction":[{"@type":"SearchAction","target":{"@type":"EntryPoint","urlTemplate":"https:\/\/35.241.27.161\/staging\/?s={search_term_string}"},"query-input":{"@type":"PropertyValueSpecification","valueRequired":true,"valueName":"search_term_string"}}],"inLanguage":"en-US"},{"@type":"Organization","@id":"https:\/\/35.241.27.161\/staging\/#organization","name":"Den kulturelle skolesekken","url":"https:\/\/35.241.27.161\/staging\/","logo":{"@type":"ImageObject","inLanguage":"en-US","@id":"https:\/\/35.241.27.161\/staging\/#\/schema\/logo\/image\/","url":"https:\/\/cdn.denkulturelleskolesekken.no\/staging\/974a904c-cropped-8d52d461-dks-logo1.png","contentUrl":"https:\/\/cdn.denkulturelleskolesekken.no\/staging\/974a904c-cropped-8d52d461-dks-logo1.png","width":583,"height":120,"caption":"Den kulturelle skolesekken"},"image":{"@id":"https:\/\/35.241.27.161\/staging\/#\/schema\/logo\/image\/"}}]}},"_links":{"self":[{"href":"https:\/\/wordpress.kulturtanken.app\/staging\/wp-json\/wp\/v2\/pages\/2407","targetHints":{"allow":["GET"]}}],"collection":[{"href":"https:\/\/wordpress.kulturtanken.app\/staging\/wp-json\/wp\/v2\/pages"}],"about":[{"href":"https:\/\/wordpress.kulturtanken.app\/staging\/wp-json\/wp\/v2\/types\/page"}],"author":[{"embeddable":true,"href":"https:\/\/wordpress.kulturtanken.app\/staging\/wp-json\/wp\/v2\/users\/7"}],"replies":[{"embeddable":true,"href":"https:\/\/wordpress.kulturtanken.app\/staging\/wp-json\/wp\/v2\/comments?post=2407"}],"version-history":[{"count":21,"href":"https:\/\/wordpress.kulturtanken.app\/staging\/wp-json\/wp\/v2\/pages\/2407\/revisions"}],"predecessor-version":[{"id":6730,"href":"https:\/\/wordpress.kulturtanken.app\/staging\/wp-json\/wp\/v2\/pages\/2407\/revisions\/6730"}],"up":[{"embeddable":true,"href":"https:\/\/wordpress.kulturtanken.app\/staging\/wp-json\/wp\/v2\/pages\/2068"}],"wp:attachment":[{"href":"https:\/\/wordpress.kulturtanken.app\/staging\/wp-json\/wp\/v2\/media?parent=2407"}],"curies":[{"name":"wp","href":"https:\/\/api.w.org\/{rel}","templated":true}]}}