{"id":2541,"date":"2019-11-28T09:42:33","date_gmt":"2019-11-28T09:42:33","guid":{"rendered":"https:\/\/www.denkulturelleskolesekken.no\/?page_id=2541"},"modified":"2020-01-31T08:16:38","modified_gmt":"2020-01-31T08:16:38","slug":"rapportering-og-evaluering","status":"publish","type":"page","link":"https:\/\/wordpress.kulturtanken.app\/staging\/dks-portalen\/planlegger-i-en-kommune\/rapportering-og-evaluering\/","title":{"rendered":"Rapportering og Evaluering"},"content":{"rendered":"<div id=\"pl-gb2541-69dd37235888c\"  class=\"panel-layout\" ><div id=\"pg-gb2541-69dd37235888c-0\"  class=\"panel-grid panel-no-style\" ><div id=\"pgc-gb2541-69dd37235888c-0-0\"  class=\"panel-grid-cell\" ><div id=\"panel-gb2541-69dd37235888c-0-0-0\" class=\"so-panel widget widget_sow-editor panel-first-child\" data-index=\"0\" ><div\n\t\t\t\n\t\t\tclass=\"so-widget-sow-editor so-widget-sow-editor-base\"\n\t\t\t\n\t\t>\n<div class=\"siteorigin-widget-tinymce textwidget\">\n\t<h1 style=\"text-align: center;\">Rapportering<\/h1>\n<\/div>\n<\/div><\/div><div id=\"panel-gb2541-69dd37235888c-0-0-1\" class=\"so-panel widget widget_sow-editor\" data-index=\"1\" ><div\n\t\t\t\n\t\t\tclass=\"so-widget-sow-editor so-widget-sow-editor-base\"\n\t\t\t\n\t\t>\n<div class=\"siteorigin-widget-tinymce textwidget\">\n\t<h2>Du sparer tid gjennom<\/h2>\n<ul>\n<li>at data som skal innrapporteres i stor grad finnes i portalen og leveres automatisk<\/li>\n<\/ul>\n<ul>\n<li>samlet tilgang til data gir mulighet for automatisk genererte rapporter og statistikker<\/li>\n<\/ul>\n<h2>Du f\u00e5r mulighet til \u00e5<\/h2>\n<ul>\n<li>rapportere p\u00e5 en enklere m\u00e5te enn tidligere<\/li>\n<\/ul>\n<p>&nbsp;<\/p>\n<hr \/>\n<p>Gode rapporter og samling av data er viktig for kommunene og fylkeskommunene, b\u00e5de for \u00e5 utvikle ordningen og for \u00e5 f\u00f8lge opp programmeringen av DKS-tilbudet p\u00e5 en god m\u00e5te. Digitalisering av rapporteringsprosessene representerer et nytt potensial for datafangst, strukturering, presentasjon og analyse. Dataene som samles inn legger ogs\u00e5 grunnlaget for nasjonal statistikk p\u00e5 kulturfeltet. En ny rapporteringsmodul vil dermed sikre SSBs Norsk Kulturbarometer, Kulturindeksen og andre som i dag benytter seg av data om DKS tilgang til data av h\u00f8yere kvalitet.<\/p>\n<\/div>\n<\/div><\/div><div id=\"panel-gb2541-69dd37235888c-0-0-2\" class=\"so-panel widget widget_sow-editor\" data-index=\"2\" ><div\n\t\t\t\n\t\t\tclass=\"so-widget-sow-editor so-widget-sow-editor-base\"\n\t\t\t\n\t\t>\n<div class=\"siteorigin-widget-tinymce textwidget\">\n\t<h1 style=\"text-align: center;\">Evaluering<\/h1>\n<\/div>\n<\/div><\/div><div id=\"panel-gb2541-69dd37235888c-0-0-3\" class=\"so-panel widget widget_sow-editor panel-last-child\" data-index=\"3\" ><div\n\t\t\t\n\t\t\tclass=\"so-widget-sow-editor so-widget-sow-editor-base\"\n\t\t\t\n\t\t>\n<div class=\"siteorigin-widget-tinymce textwidget\">\n\t<h2>Du sparer tid gjennom<\/h2>\n<ul>\n<li>\u00e5 samle inn evalueringer fra skolene og ut\u00f8vere via portalen<\/li>\n<\/ul>\n<h2>Du f\u00e5r mulighet til \u00e5<\/h2>\n<ul>\n<li>ta kontakt med andre enheter der produksjonen har v\u00e6rt p\u00e5 turn\u00e9 allerede<\/li>\n<\/ul>\n<p>&nbsp;<\/p>\n<hr \/>\n<p>Evalueringsflaten skal muliggj\u00f8re tilbakemeldinger fra skole, ut\u00f8vere og fagr\u00e5d som kan f\u00f8lge produksjonene videre i portal og fagsystemet.<\/p>\n<\/div>\n<\/div><\/div><\/div><\/div><\/div>","protected":false},"excerpt":{"rendered":"<p>Rapportering Du sparer tid gjennom at data som skal innrapporteres i stor grad finnes i portalen og leveres automatisk samlet tilgang til data gir mulighet for automatisk genererte rapporter og statistikker Du f\u00e5r mulighet til \u00e5 rapportere p\u00e5 en enklere m\u00e5te enn tidligere &nbsp; Gode rapporter og samling av data er viktig for kommunene og [&hellip;]<\/p>\n","protected":false},"author":7,"featured_media":0,"parent":2068,"menu_order":0,"comment_status":"closed","ping_status":"closed","template":"","meta":{"footnotes":""},"class_list":["post-2541","page","type-page","status-publish","hentry"],"yoast_head":"<!-- This site is optimized with the Yoast SEO plugin v26.0 - https:\/\/yoast.com\/wordpress\/plugins\/seo\/ -->\n<title>Rapportering og Evaluering - Den kulturelle skolesekken<\/title>\n<meta name=\"robots\" content=\"index, follow, max-snippet:-1, max-image-preview:large, max-video-preview:-1\" \/>\n<meta property=\"og:locale\" content=\"en_US\" \/>\n<meta property=\"og:type\" content=\"article\" \/>\n<meta property=\"og:title\" content=\"Rapportering og Evaluering - Den kulturelle skolesekken\" \/>\n<meta property=\"og:description\" content=\"Rapportering Du sparer tid gjennom at data som skal innrapporteres i stor grad finnes i portalen og leveres automatisk samlet tilgang til data gir mulighet for automatisk genererte rapporter og statistikker Du f\u00e5r mulighet til \u00e5 rapportere p\u00e5 en enklere m\u00e5te enn tidligere &nbsp; Gode rapporter og samling av data er viktig for kommunene og [&hellip;]\" \/>\n<meta property=\"og:url\" content=\"https:\/\/wordpress.kulturtanken.app\/staging\/dks-portalen\/planlegger-i-en-kommune\/rapportering-og-evaluering\/\" \/>\n<meta property=\"og:site_name\" content=\"Den kulturelle skolesekken\" \/>\n<meta property=\"article:modified_time\" content=\"2020-01-31T08:16:38+00:00\" \/>\n<meta name=\"twitter:card\" content=\"summary_large_image\" \/>\n<script type=\"application\/ld+json\" class=\"yoast-schema-graph\">{\"@context\":\"https:\/\/schema.org\",\"@graph\":[{\"@type\":\"WebPage\",\"@id\":\"https:\/\/wordpress.kulturtanken.app\/staging\/dks-portalen\/planlegger-i-en-kommune\/rapportering-og-evaluering\/\",\"url\":\"https:\/\/wordpress.kulturtanken.app\/staging\/dks-portalen\/planlegger-i-en-kommune\/rapportering-og-evaluering\/\",\"name\":\"Rapportering og Evaluering - Den kulturelle skolesekken\",\"isPartOf\":{\"@id\":\"https:\/\/35.241.27.161\/staging\/#website\"},\"datePublished\":\"2019-11-28T09:42:33+00:00\",\"dateModified\":\"2020-01-31T08:16:38+00:00\",\"breadcrumb\":{\"@id\":\"https:\/\/wordpress.kulturtanken.app\/staging\/dks-portalen\/planlegger-i-en-kommune\/rapportering-og-evaluering\/#breadcrumb\"},\"inLanguage\":\"en-US\",\"potentialAction\":[{\"@type\":\"ReadAction\",\"target\":[\"https:\/\/wordpress.kulturtanken.app\/staging\/dks-portalen\/planlegger-i-en-kommune\/rapportering-og-evaluering\/\"]}]},{\"@type\":\"BreadcrumbList\",\"@id\":\"https:\/\/wordpress.kulturtanken.app\/staging\/dks-portalen\/planlegger-i-en-kommune\/rapportering-og-evaluering\/#breadcrumb\",\"itemListElement\":[{\"@type\":\"ListItem\",\"position\":1,\"name\":\"Home\",\"item\":\"https:\/\/35.241.27.161\/staging\/\"},{\"@type\":\"ListItem\",\"position\":2,\"name\":\"DKS-portalen\",\"item\":\"https:\/\/wordpress.kulturtanken.app\/staging\/dks-portalen\/\"},{\"@type\":\"ListItem\",\"position\":3,\"name\":\"Planlegger i en kommune\",\"item\":\"https:\/\/wordpress.kulturtanken.app\/staging\/dks-portalen\/planlegger-i-en-kommune\/\"},{\"@type\":\"ListItem\",\"position\":4,\"name\":\"Rapportering og Evaluering\"}]},{\"@type\":\"WebSite\",\"@id\":\"https:\/\/35.241.27.161\/staging\/#website\",\"url\":\"https:\/\/35.241.27.161\/staging\/\",\"name\":\"Den kulturelle skolesekken\",\"description\":\"\",\"publisher\":{\"@id\":\"https:\/\/35.241.27.161\/staging\/#organization\"},\"potentialAction\":[{\"@type\":\"SearchAction\",\"target\":{\"@type\":\"EntryPoint\",\"urlTemplate\":\"https:\/\/35.241.27.161\/staging\/?s={search_term_string}\"},\"query-input\":{\"@type\":\"PropertyValueSpecification\",\"valueRequired\":true,\"valueName\":\"search_term_string\"}}],\"inLanguage\":\"en-US\"},{\"@type\":\"Organization\",\"@id\":\"https:\/\/35.241.27.161\/staging\/#organization\",\"name\":\"Den kulturelle skolesekken\",\"url\":\"https:\/\/35.241.27.161\/staging\/\",\"logo\":{\"@type\":\"ImageObject\",\"inLanguage\":\"en-US\",\"@id\":\"https:\/\/35.241.27.161\/staging\/#\/schema\/logo\/image\/\",\"url\":\"https:\/\/cdn.denkulturelleskolesekken.no\/staging\/974a904c-cropped-8d52d461-dks-logo1.png\",\"contentUrl\":\"https:\/\/cdn.denkulturelleskolesekken.no\/staging\/974a904c-cropped-8d52d461-dks-logo1.png\",\"width\":583,\"height\":120,\"caption\":\"Den kulturelle skolesekken\"},\"image\":{\"@id\":\"https:\/\/35.241.27.161\/staging\/#\/schema\/logo\/image\/\"}}]}<\/script>\n<!-- \/ Yoast SEO plugin. -->","yoast_head_json":{"title":"Rapportering og Evaluering - Den kulturelle skolesekken","robots":{"index":"index","follow":"follow","max-snippet":"max-snippet:-1","max-image-preview":"max-image-preview:large","max-video-preview":"max-video-preview:-1"},"og_locale":"en_US","og_type":"article","og_title":"Rapportering og Evaluering - Den kulturelle skolesekken","og_description":"Rapportering Du sparer tid gjennom at data som skal innrapporteres i stor grad finnes i portalen og leveres automatisk samlet tilgang til data gir mulighet for automatisk genererte rapporter og statistikker Du f\u00e5r mulighet til \u00e5 rapportere p\u00e5 en enklere m\u00e5te enn tidligere &nbsp; Gode rapporter og samling av data er viktig for kommunene og [&hellip;]","og_url":"https:\/\/wordpress.kulturtanken.app\/staging\/dks-portalen\/planlegger-i-en-kommune\/rapportering-og-evaluering\/","og_site_name":"Den kulturelle skolesekken","article_modified_time":"2020-01-31T08:16:38+00:00","twitter_card":"summary_large_image","schema":{"@context":"https:\/\/schema.org","@graph":[{"@type":"WebPage","@id":"https:\/\/wordpress.kulturtanken.app\/staging\/dks-portalen\/planlegger-i-en-kommune\/rapportering-og-evaluering\/","url":"https:\/\/wordpress.kulturtanken.app\/staging\/dks-portalen\/planlegger-i-en-kommune\/rapportering-og-evaluering\/","name":"Rapportering og Evaluering - Den kulturelle skolesekken","isPartOf":{"@id":"https:\/\/35.241.27.161\/staging\/#website"},"datePublished":"2019-11-28T09:42:33+00:00","dateModified":"2020-01-31T08:16:38+00:00","breadcrumb":{"@id":"https:\/\/wordpress.kulturtanken.app\/staging\/dks-portalen\/planlegger-i-en-kommune\/rapportering-og-evaluering\/#breadcrumb"},"inLanguage":"en-US","potentialAction":[{"@type":"ReadAction","target":["https:\/\/wordpress.kulturtanken.app\/staging\/dks-portalen\/planlegger-i-en-kommune\/rapportering-og-evaluering\/"]}]},{"@type":"BreadcrumbList","@id":"https:\/\/wordpress.kulturtanken.app\/staging\/dks-portalen\/planlegger-i-en-kommune\/rapportering-og-evaluering\/#breadcrumb","itemListElement":[{"@type":"ListItem","position":1,"name":"Home","item":"https:\/\/35.241.27.161\/staging\/"},{"@type":"ListItem","position":2,"name":"DKS-portalen","item":"https:\/\/wordpress.kulturtanken.app\/staging\/dks-portalen\/"},{"@type":"ListItem","position":3,"name":"Planlegger i en kommune","item":"https:\/\/wordpress.kulturtanken.app\/staging\/dks-portalen\/planlegger-i-en-kommune\/"},{"@type":"ListItem","position":4,"name":"Rapportering og Evaluering"}]},{"@type":"WebSite","@id":"https:\/\/35.241.27.161\/staging\/#website","url":"https:\/\/35.241.27.161\/staging\/","name":"Den kulturelle skolesekken","description":"","publisher":{"@id":"https:\/\/35.241.27.161\/staging\/#organization"},"potentialAction":[{"@type":"SearchAction","target":{"@type":"EntryPoint","urlTemplate":"https:\/\/35.241.27.161\/staging\/?s={search_term_string}"},"query-input":{"@type":"PropertyValueSpecification","valueRequired":true,"valueName":"search_term_string"}}],"inLanguage":"en-US"},{"@type":"Organization","@id":"https:\/\/35.241.27.161\/staging\/#organization","name":"Den kulturelle skolesekken","url":"https:\/\/35.241.27.161\/staging\/","logo":{"@type":"ImageObject","inLanguage":"en-US","@id":"https:\/\/35.241.27.161\/staging\/#\/schema\/logo\/image\/","url":"https:\/\/cdn.denkulturelleskolesekken.no\/staging\/974a904c-cropped-8d52d461-dks-logo1.png","contentUrl":"https:\/\/cdn.denkulturelleskolesekken.no\/staging\/974a904c-cropped-8d52d461-dks-logo1.png","width":583,"height":120,"caption":"Den kulturelle skolesekken"},"image":{"@id":"https:\/\/35.241.27.161\/staging\/#\/schema\/logo\/image\/"}}]}},"_links":{"self":[{"href":"https:\/\/wordpress.kulturtanken.app\/staging\/wp-json\/wp\/v2\/pages\/2541","targetHints":{"allow":["GET"]}}],"collection":[{"href":"https:\/\/wordpress.kulturtanken.app\/staging\/wp-json\/wp\/v2\/pages"}],"about":[{"href":"https:\/\/wordpress.kulturtanken.app\/staging\/wp-json\/wp\/v2\/types\/page"}],"author":[{"embeddable":true,"href":"https:\/\/wordpress.kulturtanken.app\/staging\/wp-json\/wp\/v2\/users\/7"}],"replies":[{"embeddable":true,"href":"https:\/\/wordpress.kulturtanken.app\/staging\/wp-json\/wp\/v2\/comments?post=2541"}],"version-history":[{"count":7,"href":"https:\/\/wordpress.kulturtanken.app\/staging\/wp-json\/wp\/v2\/pages\/2541\/revisions"}],"predecessor-version":[{"id":2579,"href":"https:\/\/wordpress.kulturtanken.app\/staging\/wp-json\/wp\/v2\/pages\/2541\/revisions\/2579"}],"up":[{"embeddable":true,"href":"https:\/\/wordpress.kulturtanken.app\/staging\/wp-json\/wp\/v2\/pages\/2068"}],"wp:attachment":[{"href":"https:\/\/wordpress.kulturtanken.app\/staging\/wp-json\/wp\/v2\/media?parent=2541"}],"curies":[{"name":"wp","href":"https:\/\/api.w.org\/{rel}","templated":true}]}}