{"id":2546,"date":"2019-11-28T09:50:01","date_gmt":"2019-11-28T09:50:01","guid":{"rendered":"https:\/\/www.denkulturelleskolesekken.no\/?page_id=2546"},"modified":"2019-11-28T10:55:17","modified_gmt":"2019-11-28T10:55:17","slug":"min-side-skole","status":"publish","type":"page","link":"https:\/\/wordpress.kulturtanken.app\/staging\/dks-portalen\/planlegger-i-en-kommune\/min-side-skole\/","title":{"rendered":"Min side \u2013 skole"},"content":{"rendered":"<div id=\"pl-gb2546-69dd373859881\"  class=\"panel-layout\" ><div id=\"pg-gb2546-69dd373859881-0\"  class=\"panel-grid panel-no-style\" ><div id=\"pgc-gb2546-69dd373859881-0-0\"  class=\"panel-grid-cell\" ><div id=\"panel-gb2546-69dd373859881-0-0-0\" class=\"so-panel widget widget_sow-editor panel-first-child\" data-index=\"0\" ><div\n\t\t\t\n\t\t\tclass=\"so-widget-sow-editor so-widget-sow-editor-base\"\n\t\t\t\n\t\t>\n<div class=\"siteorigin-widget-tinymce textwidget\">\n\t<h1 style=\"text-align: center;\">Min side \u2013 skole<\/h1>\n<\/div>\n<\/div><\/div><div id=\"panel-gb2546-69dd373859881-0-0-1\" class=\"so-panel widget widget_sow-slider\" data-index=\"1\" ><div\n\t\t\t\n\t\t\tclass=\"so-widget-sow-slider so-widget-sow-slider-default-3d956400982c-2546\"\n\t\t\t\n\t\t>\t\t\t\t<div class=\"sow-slider-base\" style=\"display: none\" tabindex=\"0\">\n\t\t\t\t\t<ul\n\t\t\t\t\tclass=\"sow-slider-images\"\n\t\t\t\t\tdata-settings=\"{&quot;pagination&quot;:true,&quot;speed&quot;:800,&quot;timeout&quot;:8000,&quot;paused&quot;:false,&quot;pause_on_hover&quot;:false,&quot;swipe&quot;:true,&quot;nav_always_show_desktop&quot;:&quot;&quot;,&quot;nav_always_show_mobile&quot;:&quot;&quot;,&quot;breakpoint&quot;:&quot;780px&quot;,&quot;unmute&quot;:false,&quot;anchor&quot;:null}\"\n\t\t\t\t\t\t\t\t\t\tdata-anchor-id=\"\"\n\t\t\t\t>\t\t<li class=\"sow-slider-image\" style=\"visibility: visible;\" >\n\t\t\t\t\t\t<div class=\"sow-slider-image-container\">\n\t\t\t\t<div class=\"sow-slider-image-wrapper\" style=\"max-width: 1280px\">\n\t\t\t\t\t\t\t\t\t\t<div class=\"sow-slider-image-foreground-wrapper\">\n\t\t\t\t\t\t<img loading=\"lazy\" decoding=\"async\" width=\"1280\" height=\"720\" src=\"https:\/\/cdn.denkulturelleskolesekken.no\/national\/2019\/11\/Lysbilde20.png\" class=\"sow-slider-foreground-image wp-stateless-item\" alt=\"\" style=\"\" data-image-size=\"full\" data-stateless-media-bucket=\"kulturtanken-wordpress-cdn\" data-stateless-media-name=\"national\/2019\/11\/Lysbilde20.png\" \/>\t\t\t\t\t<\/div>\n\t\t\t\t\t\t\t\t\t<\/div>\n\t\t\t<\/div>\n\t\t\t\t\t<\/li>\n\t\t\t\t<li class=\"sow-slider-image\" style=\"visibility: hidden;\" >\n\t\t\t\t\t\t<div class=\"sow-slider-image-container\">\n\t\t\t\t<div class=\"sow-slider-image-wrapper\" style=\"max-width: 1280px\">\n\t\t\t\t\t\t\t\t\t\t<div class=\"sow-slider-image-foreground-wrapper\">\n\t\t\t\t\t\t<img loading=\"lazy\" decoding=\"async\" width=\"1280\" height=\"720\" src=\"https:\/\/cdn.denkulturelleskolesekken.no\/national\/2019\/11\/Lysbilde18.png\" class=\"sow-slider-foreground-image wp-stateless-item\" alt=\"\" style=\"\" data-image-size=\"full\" data-stateless-media-bucket=\"kulturtanken-wordpress-cdn\" data-stateless-media-name=\"national\/2019\/11\/Lysbilde18.png\" \/>\t\t\t\t\t<\/div>\n\t\t\t\t\t\t\t\t\t<\/div>\n\t\t\t<\/div>\n\t\t\t\t\t<\/li>\n\t\t\t\t<li class=\"sow-slider-image\" style=\"visibility: hidden;\" >\n\t\t\t\t\t\t<div class=\"sow-slider-image-container\">\n\t\t\t\t<div class=\"sow-slider-image-wrapper\" style=\"max-width: 1280px\">\n\t\t\t\t\t\t\t\t\t\t<div class=\"sow-slider-image-foreground-wrapper\">\n\t\t\t\t\t\t<img loading=\"lazy\" decoding=\"async\" width=\"1280\" height=\"720\" src=\"https:\/\/cdn.denkulturelleskolesekken.no\/national\/2019\/11\/Lysbilde21.png\" class=\"sow-slider-foreground-image wp-stateless-item\" alt=\"\" style=\"\" data-image-size=\"full\" data-stateless-media-bucket=\"kulturtanken-wordpress-cdn\" data-stateless-media-name=\"national\/2019\/11\/Lysbilde21.png\" \/>\t\t\t\t\t<\/div>\n\t\t\t\t\t\t\t\t\t<\/div>\n\t\t\t<\/div>\n\t\t\t\t\t<\/li>\n\t\t\t\t<li class=\"sow-slider-image\" style=\"visibility: hidden;\" >\n\t\t\t\t\t\t<div class=\"sow-slider-image-container\">\n\t\t\t\t<div class=\"sow-slider-image-wrapper\" style=\"max-width: 1280px\">\n\t\t\t\t\t\t\t\t\t\t<div class=\"sow-slider-image-foreground-wrapper\">\n\t\t\t\t\t\t<img loading=\"lazy\" decoding=\"async\" width=\"1280\" height=\"720\" src=\"https:\/\/cdn.denkulturelleskolesekken.no\/national\/2019\/11\/Lysbilde24.png\" class=\"sow-slider-foreground-image wp-stateless-item\" alt=\"\" style=\"\" data-image-size=\"full\" data-stateless-media-bucket=\"kulturtanken-wordpress-cdn\" data-stateless-media-name=\"national\/2019\/11\/Lysbilde24.png\" \/>\t\t\t\t\t<\/div>\n\t\t\t\t\t\t\t\t\t<\/div>\n\t\t\t<\/div>\n\t\t\t\t\t<\/li>\n\t\t\t\t<li class=\"sow-slider-image\" style=\"visibility: hidden;\" >\n\t\t\t\t\t\t<div class=\"sow-slider-image-container\">\n\t\t\t\t<div class=\"sow-slider-image-wrapper\" style=\"max-width: 1280px\">\n\t\t\t\t\t\t\t\t\t\t<div class=\"sow-slider-image-foreground-wrapper\">\n\t\t\t\t\t\t<img loading=\"lazy\" decoding=\"async\" width=\"1280\" height=\"720\" src=\"https:\/\/cdn.denkulturelleskolesekken.no\/national\/2019\/11\/Lysbilde25.png\" class=\"sow-slider-foreground-image wp-stateless-item\" alt=\"\" style=\"\" data-image-size=\"full\" data-stateless-media-bucket=\"kulturtanken-wordpress-cdn\" data-stateless-media-name=\"national\/2019\/11\/Lysbilde25.png\" \/>\t\t\t\t\t<\/div>\n\t\t\t\t\t\t\t\t\t<\/div>\n\t\t\t<\/div>\n\t\t\t\t\t<\/li>\n\t\t<\/ul>\t\t\t\t<ol class=\"sow-slider-pagination\">\n\t\t\t\t\t\t\t\t\t\t\t<li><a href=\"#\" data-goto=\"0\" aria-label=\"Display slide 1\"><\/a><\/li>\n\t\t\t\t\t\t\t\t\t\t\t<li><a href=\"#\" data-goto=\"1\" aria-label=\"Display slide 2\"><\/a><\/li>\n\t\t\t\t\t\t\t\t\t\t\t<li><a href=\"#\" data-goto=\"2\" aria-label=\"Display slide 3\"><\/a><\/li>\n\t\t\t\t\t\t\t\t\t\t\t<li><a href=\"#\" data-goto=\"3\" aria-label=\"Display slide 4\"><\/a><\/li>\n\t\t\t\t\t\t\t\t\t\t\t<li><a href=\"#\" data-goto=\"4\" aria-label=\"Display slide 5\"><\/a><\/li>\n\t\t\t\t\t\t\t\t\t<\/ol>\n\n\t\t\t\t<div class=\"sow-slide-nav sow-slide-nav-next\">\n\t\t\t\t\t<a href=\"#\" data-goto=\"next\" aria-label=\"Next slide\" data-action=\"next\">\n\t\t\t\t\t\t<em class=\"sow-sld-icon-medium-right\"><\/em>\n\t\t\t\t\t<\/a>\n\t\t\t\t<\/div>\n\n\t\t\t\t<div class=\"sow-slide-nav sow-slide-nav-prev\">\n\t\t\t\t\t<a href=\"#\" data-goto=\"previous\" aria-label=\"Previous slide\" data-action=\"prev\">\n\t\t\t\t\t\t<em class=\"sow-sld-icon-medium-left\"><\/em>\n\t\t\t\t\t<\/a>\n\t\t\t\t<\/div>\n\t\t\t\t<\/div><\/div><\/div><div id=\"panel-gb2546-69dd373859881-0-0-2\" class=\"so-panel widget widget_sow-editor panel-last-child\" data-index=\"2\" ><div\n\t\t\t\n\t\t\tclass=\"so-widget-sow-editor so-widget-sow-editor-base\"\n\t\t\t\n\t\t>\n<div class=\"siteorigin-widget-tinymce textwidget\">\n\t<h2>Skolene kan bruke verkt\u00f8yet til \u00e5<\/h2>\n<ul>\n<li>lese informasjon om tilbudene fra Den kulturelle skolesekken til egen skole<\/li>\n<\/ul>\n<ul>\n<li>gi tilbakemeldinger og evalueringer f\u00f8r, under og etter en hendelse<\/li>\n<\/ul>\n<ul>\n<li>P\u00e5 sin egen \u00abskoleside\u00bb kan skolen se sitt DKS-program p\u00e5 en god og oversiktlig m\u00e5te<\/li>\n<\/ul>\n<ul>\n<li>Skolen kan enkelt oppdatere og kvalitetssikre skoledata og elevtall p\u00e5 sin egen skole<\/li>\n<\/ul>\n<ul>\n<li>Skolen kan enkelt legge inn informasjon om \u00abarenaer\u00bb\/rom p\u00e5 skolen og oppdatere denne<\/li>\n<\/ul>\n<ul>\n<li>Flere enn kulturkontakten har mulighet til \u00e5 melde seg p\u00e5 eller bestille hendelser der det er aktuelt<\/li>\n<\/ul>\n<\/div>\n<\/div><\/div><\/div><\/div><\/div>","protected":false},"excerpt":{"rendered":"<p>Min side \u2013 skole Skolene kan bruke verkt\u00f8yet til \u00e5 lese informasjon om tilbudene fra Den kulturelle skolesekken til egen skole gi tilbakemeldinger og evalueringer f\u00f8r, under og etter en hendelse P\u00e5 sin egen \u00abskoleside\u00bb kan skolen se sitt DKS-program p\u00e5 en god og oversiktlig m\u00e5te Skolen kan enkelt oppdatere og kvalitetssikre skoledata og elevtall [&hellip;]<\/p>\n","protected":false},"author":7,"featured_media":0,"parent":2068,"menu_order":3,"comment_status":"closed","ping_status":"closed","template":"","meta":{"footnotes":""},"class_list":["post-2546","page","type-page","status-publish","hentry"],"yoast_head":"<!-- This site is optimized with the Yoast SEO plugin v26.0 - https:\/\/yoast.com\/wordpress\/plugins\/seo\/ -->\n<title>Min side \u2013 skole - Den kulturelle skolesekken<\/title>\n<meta name=\"robots\" content=\"index, follow, max-snippet:-1, max-image-preview:large, max-video-preview:-1\" \/>\n<meta property=\"og:locale\" content=\"en_US\" \/>\n<meta property=\"og:type\" content=\"article\" \/>\n<meta property=\"og:title\" content=\"Min side \u2013 skole - Den kulturelle skolesekken\" \/>\n<meta property=\"og:description\" content=\"Min side \u2013 skole Skolene kan bruke verkt\u00f8yet til \u00e5 lese informasjon om tilbudene fra Den kulturelle skolesekken til egen skole gi tilbakemeldinger og evalueringer f\u00f8r, under og etter en hendelse P\u00e5 sin egen \u00abskoleside\u00bb kan skolen se sitt DKS-program p\u00e5 en god og oversiktlig m\u00e5te Skolen kan enkelt oppdatere og kvalitetssikre skoledata og elevtall [&hellip;]\" \/>\n<meta property=\"og:url\" content=\"https:\/\/wordpress.kulturtanken.app\/staging\/dks-portalen\/planlegger-i-en-kommune\/min-side-skole\/\" \/>\n<meta property=\"og:site_name\" content=\"Den kulturelle skolesekken\" \/>\n<meta property=\"article:modified_time\" content=\"2019-11-28T10:55:17+00:00\" \/>\n<meta name=\"twitter:card\" content=\"summary_large_image\" \/>\n<script type=\"application\/ld+json\" class=\"yoast-schema-graph\">{\"@context\":\"https:\/\/schema.org\",\"@graph\":[{\"@type\":\"WebPage\",\"@id\":\"https:\/\/wordpress.kulturtanken.app\/staging\/dks-portalen\/planlegger-i-en-kommune\/min-side-skole\/\",\"url\":\"https:\/\/wordpress.kulturtanken.app\/staging\/dks-portalen\/planlegger-i-en-kommune\/min-side-skole\/\",\"name\":\"Min side \u2013 skole - Den kulturelle skolesekken\",\"isPartOf\":{\"@id\":\"https:\/\/35.241.27.161\/staging\/#website\"},\"datePublished\":\"2019-11-28T09:50:01+00:00\",\"dateModified\":\"2019-11-28T10:55:17+00:00\",\"breadcrumb\":{\"@id\":\"https:\/\/wordpress.kulturtanken.app\/staging\/dks-portalen\/planlegger-i-en-kommune\/min-side-skole\/#breadcrumb\"},\"inLanguage\":\"en-US\",\"potentialAction\":[{\"@type\":\"ReadAction\",\"target\":[\"https:\/\/wordpress.kulturtanken.app\/staging\/dks-portalen\/planlegger-i-en-kommune\/min-side-skole\/\"]}]},{\"@type\":\"BreadcrumbList\",\"@id\":\"https:\/\/wordpress.kulturtanken.app\/staging\/dks-portalen\/planlegger-i-en-kommune\/min-side-skole\/#breadcrumb\",\"itemListElement\":[{\"@type\":\"ListItem\",\"position\":1,\"name\":\"Home\",\"item\":\"https:\/\/35.241.27.161\/staging\/\"},{\"@type\":\"ListItem\",\"position\":2,\"name\":\"DKS-portalen\",\"item\":\"https:\/\/wordpress.kulturtanken.app\/staging\/dks-portalen\/\"},{\"@type\":\"ListItem\",\"position\":3,\"name\":\"Planlegger i en kommune\",\"item\":\"https:\/\/wordpress.kulturtanken.app\/staging\/dks-portalen\/planlegger-i-en-kommune\/\"},{\"@type\":\"ListItem\",\"position\":4,\"name\":\"Min side \u2013 skole\"}]},{\"@type\":\"WebSite\",\"@id\":\"https:\/\/35.241.27.161\/staging\/#website\",\"url\":\"https:\/\/35.241.27.161\/staging\/\",\"name\":\"Den kulturelle skolesekken\",\"description\":\"\",\"publisher\":{\"@id\":\"https:\/\/35.241.27.161\/staging\/#organization\"},\"potentialAction\":[{\"@type\":\"SearchAction\",\"target\":{\"@type\":\"EntryPoint\",\"urlTemplate\":\"https:\/\/35.241.27.161\/staging\/?s={search_term_string}\"},\"query-input\":{\"@type\":\"PropertyValueSpecification\",\"valueRequired\":true,\"valueName\":\"search_term_string\"}}],\"inLanguage\":\"en-US\"},{\"@type\":\"Organization\",\"@id\":\"https:\/\/35.241.27.161\/staging\/#organization\",\"name\":\"Den kulturelle skolesekken\",\"url\":\"https:\/\/35.241.27.161\/staging\/\",\"logo\":{\"@type\":\"ImageObject\",\"inLanguage\":\"en-US\",\"@id\":\"https:\/\/35.241.27.161\/staging\/#\/schema\/logo\/image\/\",\"url\":\"https:\/\/cdn.denkulturelleskolesekken.no\/staging\/974a904c-cropped-8d52d461-dks-logo1.png\",\"contentUrl\":\"https:\/\/cdn.denkulturelleskolesekken.no\/staging\/974a904c-cropped-8d52d461-dks-logo1.png\",\"width\":583,\"height\":120,\"caption\":\"Den kulturelle skolesekken\"},\"image\":{\"@id\":\"https:\/\/35.241.27.161\/staging\/#\/schema\/logo\/image\/\"}}]}<\/script>\n<!-- \/ Yoast SEO plugin. -->","yoast_head_json":{"title":"Min side \u2013 skole - Den kulturelle skolesekken","robots":{"index":"index","follow":"follow","max-snippet":"max-snippet:-1","max-image-preview":"max-image-preview:large","max-video-preview":"max-video-preview:-1"},"og_locale":"en_US","og_type":"article","og_title":"Min side \u2013 skole - Den kulturelle skolesekken","og_description":"Min side \u2013 skole Skolene kan bruke verkt\u00f8yet til \u00e5 lese informasjon om tilbudene fra Den kulturelle skolesekken til egen skole gi tilbakemeldinger og evalueringer f\u00f8r, under og etter en hendelse P\u00e5 sin egen \u00abskoleside\u00bb kan skolen se sitt DKS-program p\u00e5 en god og oversiktlig m\u00e5te Skolen kan enkelt oppdatere og kvalitetssikre skoledata og elevtall [&hellip;]","og_url":"https:\/\/wordpress.kulturtanken.app\/staging\/dks-portalen\/planlegger-i-en-kommune\/min-side-skole\/","og_site_name":"Den kulturelle skolesekken","article_modified_time":"2019-11-28T10:55:17+00:00","twitter_card":"summary_large_image","schema":{"@context":"https:\/\/schema.org","@graph":[{"@type":"WebPage","@id":"https:\/\/wordpress.kulturtanken.app\/staging\/dks-portalen\/planlegger-i-en-kommune\/min-side-skole\/","url":"https:\/\/wordpress.kulturtanken.app\/staging\/dks-portalen\/planlegger-i-en-kommune\/min-side-skole\/","name":"Min side \u2013 skole - Den kulturelle skolesekken","isPartOf":{"@id":"https:\/\/35.241.27.161\/staging\/#website"},"datePublished":"2019-11-28T09:50:01+00:00","dateModified":"2019-11-28T10:55:17+00:00","breadcrumb":{"@id":"https:\/\/wordpress.kulturtanken.app\/staging\/dks-portalen\/planlegger-i-en-kommune\/min-side-skole\/#breadcrumb"},"inLanguage":"en-US","potentialAction":[{"@type":"ReadAction","target":["https:\/\/wordpress.kulturtanken.app\/staging\/dks-portalen\/planlegger-i-en-kommune\/min-side-skole\/"]}]},{"@type":"BreadcrumbList","@id":"https:\/\/wordpress.kulturtanken.app\/staging\/dks-portalen\/planlegger-i-en-kommune\/min-side-skole\/#breadcrumb","itemListElement":[{"@type":"ListItem","position":1,"name":"Home","item":"https:\/\/35.241.27.161\/staging\/"},{"@type":"ListItem","position":2,"name":"DKS-portalen","item":"https:\/\/wordpress.kulturtanken.app\/staging\/dks-portalen\/"},{"@type":"ListItem","position":3,"name":"Planlegger i en kommune","item":"https:\/\/wordpress.kulturtanken.app\/staging\/dks-portalen\/planlegger-i-en-kommune\/"},{"@type":"ListItem","position":4,"name":"Min side \u2013 skole"}]},{"@type":"WebSite","@id":"https:\/\/35.241.27.161\/staging\/#website","url":"https:\/\/35.241.27.161\/staging\/","name":"Den kulturelle skolesekken","description":"","publisher":{"@id":"https:\/\/35.241.27.161\/staging\/#organization"},"potentialAction":[{"@type":"SearchAction","target":{"@type":"EntryPoint","urlTemplate":"https:\/\/35.241.27.161\/staging\/?s={search_term_string}"},"query-input":{"@type":"PropertyValueSpecification","valueRequired":true,"valueName":"search_term_string"}}],"inLanguage":"en-US"},{"@type":"Organization","@id":"https:\/\/35.241.27.161\/staging\/#organization","name":"Den kulturelle skolesekken","url":"https:\/\/35.241.27.161\/staging\/","logo":{"@type":"ImageObject","inLanguage":"en-US","@id":"https:\/\/35.241.27.161\/staging\/#\/schema\/logo\/image\/","url":"https:\/\/cdn.denkulturelleskolesekken.no\/staging\/974a904c-cropped-8d52d461-dks-logo1.png","contentUrl":"https:\/\/cdn.denkulturelleskolesekken.no\/staging\/974a904c-cropped-8d52d461-dks-logo1.png","width":583,"height":120,"caption":"Den kulturelle skolesekken"},"image":{"@id":"https:\/\/35.241.27.161\/staging\/#\/schema\/logo\/image\/"}}]}},"_links":{"self":[{"href":"https:\/\/wordpress.kulturtanken.app\/staging\/wp-json\/wp\/v2\/pages\/2546","targetHints":{"allow":["GET"]}}],"collection":[{"href":"https:\/\/wordpress.kulturtanken.app\/staging\/wp-json\/wp\/v2\/pages"}],"about":[{"href":"https:\/\/wordpress.kulturtanken.app\/staging\/wp-json\/wp\/v2\/types\/page"}],"author":[{"embeddable":true,"href":"https:\/\/wordpress.kulturtanken.app\/staging\/wp-json\/wp\/v2\/users\/7"}],"replies":[{"embeddable":true,"href":"https:\/\/wordpress.kulturtanken.app\/staging\/wp-json\/wp\/v2\/comments?post=2546"}],"version-history":[{"count":6,"href":"https:\/\/wordpress.kulturtanken.app\/staging\/wp-json\/wp\/v2\/pages\/2546\/revisions"}],"predecessor-version":[{"id":4402,"href":"https:\/\/wordpress.kulturtanken.app\/staging\/wp-json\/wp\/v2\/pages\/2546\/revisions\/4402"}],"up":[{"embeddable":true,"href":"https:\/\/wordpress.kulturtanken.app\/staging\/wp-json\/wp\/v2\/pages\/2068"}],"wp:attachment":[{"href":"https:\/\/wordpress.kulturtanken.app\/staging\/wp-json\/wp\/v2\/media?parent=2546"}],"curies":[{"name":"wp","href":"https:\/\/api.w.org\/{rel}","templated":true}]}}