{"id":2646,"date":"2020-01-28T15:35:30","date_gmt":"2020-01-28T15:35:30","guid":{"rendered":"https:\/\/www.denkulturelleskolesekken.no\/?page_id=2646"},"modified":"2020-03-19T16:35:25","modified_gmt":"2020-03-19T16:35:25","slug":"dks-logo-2","status":"publish","type":"page","link":"https:\/\/wordpress.kulturtanken.app\/staging\/dks-logo-2\/","title":{"rendered":"DKS logo"},"content":{"rendered":"\n<h2 class=\"wp-block-heading\">DKS LOGO<\/h2>\n\n\n\n<p><strong>Den kulturelle skolesekken \u2013 \u00e9n ordning, \u00e9n profil<\/strong> <strong>og felles logo<\/strong>.<br><br>Kulturtanken har utarbeidet logo og visuell profil for Den kulturelle skolesekken. M\u00e5let er at vi  skal ha en felles visuell identitet for Den kulturelle skolesekken i hele landet. En felles visuell identitet bidrar positivt til \u00e5 styrke v\u00e5rt felles eierskap til ordningen og til gjenkjennelse for alle som er del av eller ber\u00f8rt av ordningen. <\/p>\n\n\n\n<p>Det er n\u00e5 utarbeidet DKS-logoer for alle fylker og kommuner i landet, oppdatert etter sammensl\u00e5inger av fylker og kommuner 2020.<\/p>\n\n\n\n<p><a href=\"https:\/\/kulturtanken.fotoware.cloud\/fotoweb\/archives\/5002-Logo\/+\/lokal-dks-logo\/\"><strong>Her finner du logo for DKS  i ditt fylke eller din kommune<\/strong><\/a><br>S\u00f8k p\u00e5 <em>kommunenavn<\/em> i s\u00f8kefeltet \u00f8verst.<\/p>\n\n\n\n<p>Ikonet i logoen er lik for alle, og navnet for DKS lokalt er lagt til. Logoene har f\u00e5tt farge etter profilene for de nye fylkeskommunene. Logoen kommer i h\u00f8yoppl\u00f8slig og lavoppl\u00f8slig versjon, i svart\/ hvit og farge, i st\u00e5ende og liggende format, som PNG-fil og som AI-fil. AI-filen kan \u00e5pnes for evt \u00e5 endre fargen ved behov. Logoen kommer ogs\u00e5 i bokm\u00e5l, nynorsk og samisk skriftspr\u00e5k.<\/p>\n\n\n\n<p>Logoen kan benyttes alene eller sammen med fylkes- eller kommunev\u00e5pen, p\u00e5 nettsider, trykt materiell eller i sosiale medier.<\/p>\n\n\n\n<p>Mange fylker og direktekommuner har allerede tatt den nye profilen i bruk i lokalt tilpasset versjon. Ta gjerne kontakt, dersom du har sp\u00f8rsm\u00e5l.<br>info@kulturtanken.no<\/p>\n\n\n\n<p><\/p>\n","protected":false},"excerpt":{"rendered":"<p>DKS LOGO Den kulturelle skolesekken \u2013 \u00e9n ordning, \u00e9n profil og felles logo. Kulturtanken har utarbeidet logo og visuell profil for Den kulturelle skolesekken. M\u00e5let er at vi skal ha en felles visuell identitet for Den kulturelle skolesekken i hele landet. En felles visuell identitet bidrar positivt til \u00e5 styrke v\u00e5rt felles eierskap til ordningen [&hellip;]<\/p>\n","protected":false},"author":12,"featured_media":2725,"parent":0,"menu_order":0,"comment_status":"closed","ping_status":"closed","template":"","meta":{"footnotes":""},"class_list":["post-2646","page","type-page","status-publish","has-post-thumbnail","hentry"],"yoast_head":"<!-- This site is optimized with the Yoast SEO plugin v26.0 - https:\/\/yoast.com\/wordpress\/plugins\/seo\/ -->\n<title>DKS logo - Den kulturelle skolesekken<\/title>\n<meta name=\"robots\" content=\"index, follow, max-snippet:-1, max-image-preview:large, max-video-preview:-1\" \/>\n<meta property=\"og:locale\" content=\"en_US\" \/>\n<meta property=\"og:type\" content=\"article\" \/>\n<meta property=\"og:title\" content=\"DKS logo - Den kulturelle skolesekken\" \/>\n<meta property=\"og:description\" content=\"DKS LOGO Den kulturelle skolesekken \u2013 \u00e9n ordning, \u00e9n profil og felles logo. Kulturtanken har utarbeidet logo og visuell profil for Den kulturelle skolesekken. M\u00e5let er at vi skal ha en felles visuell identitet for Den kulturelle skolesekken i hele landet. En felles visuell identitet bidrar positivt til \u00e5 styrke v\u00e5rt felles eierskap til ordningen [&hellip;]\" \/>\n<meta property=\"og:url\" content=\"https:\/\/wordpress.kulturtanken.app\/staging\/dks-logo-2\/\" \/>\n<meta property=\"og:site_name\" content=\"Den kulturelle skolesekken\" \/>\n<meta property=\"article:modified_time\" content=\"2020-03-19T16:35:25+00:00\" \/>\n<meta property=\"og:image\" content=\"https:\/\/cdn.denkulturelleskolesekken.no\/national\/2020\/01\/logokollasj.jpg\" \/>\n\t<meta property=\"og:image:width\" content=\"1333\" \/>\n\t<meta property=\"og:image:height\" content=\"917\" \/>\n\t<meta property=\"og:image:type\" content=\"image\/jpeg\" \/>\n<meta name=\"twitter:card\" content=\"summary_large_image\" \/>\n<meta name=\"twitter:label1\" content=\"Est. reading time\" \/>\n\t<meta name=\"twitter:data1\" content=\"1 minute\" \/>\n<script type=\"application\/ld+json\" class=\"yoast-schema-graph\">{\"@context\":\"https:\/\/schema.org\",\"@graph\":[{\"@type\":\"WebPage\",\"@id\":\"https:\/\/wordpress.kulturtanken.app\/staging\/dks-logo-2\/\",\"url\":\"https:\/\/wordpress.kulturtanken.app\/staging\/dks-logo-2\/\",\"name\":\"DKS logo - Den kulturelle skolesekken\",\"isPartOf\":{\"@id\":\"https:\/\/35.241.27.161\/staging\/#website\"},\"primaryImageOfPage\":{\"@id\":\"https:\/\/wordpress.kulturtanken.app\/staging\/dks-logo-2\/#primaryimage\"},\"image\":{\"@id\":\"https:\/\/wordpress.kulturtanken.app\/staging\/dks-logo-2\/#primaryimage\"},\"thumbnailUrl\":\"https:\/\/cdn.denkulturelleskolesekken.no\/national\/2020\/01\/logokollasj.jpg\",\"datePublished\":\"2020-01-28T15:35:30+00:00\",\"dateModified\":\"2020-03-19T16:35:25+00:00\",\"breadcrumb\":{\"@id\":\"https:\/\/wordpress.kulturtanken.app\/staging\/dks-logo-2\/#breadcrumb\"},\"inLanguage\":\"en-US\",\"potentialAction\":[{\"@type\":\"ReadAction\",\"target\":[\"https:\/\/wordpress.kulturtanken.app\/staging\/dks-logo-2\/\"]}]},{\"@type\":\"ImageObject\",\"inLanguage\":\"en-US\",\"@id\":\"https:\/\/wordpress.kulturtanken.app\/staging\/dks-logo-2\/#primaryimage\",\"url\":\"https:\/\/cdn.denkulturelleskolesekken.no\/national\/2020\/01\/logokollasj.jpg\",\"contentUrl\":\"https:\/\/cdn.denkulturelleskolesekken.no\/national\/2020\/01\/logokollasj.jpg\",\"width\":1333,\"height\":917},{\"@type\":\"BreadcrumbList\",\"@id\":\"https:\/\/wordpress.kulturtanken.app\/staging\/dks-logo-2\/#breadcrumb\",\"itemListElement\":[{\"@type\":\"ListItem\",\"position\":1,\"name\":\"Home\",\"item\":\"https:\/\/35.241.27.161\/staging\/\"},{\"@type\":\"ListItem\",\"position\":2,\"name\":\"DKS logo\"}]},{\"@type\":\"WebSite\",\"@id\":\"https:\/\/35.241.27.161\/staging\/#website\",\"url\":\"https:\/\/35.241.27.161\/staging\/\",\"name\":\"Den kulturelle skolesekken\",\"description\":\"\",\"publisher\":{\"@id\":\"https:\/\/35.241.27.161\/staging\/#organization\"},\"potentialAction\":[{\"@type\":\"SearchAction\",\"target\":{\"@type\":\"EntryPoint\",\"urlTemplate\":\"https:\/\/35.241.27.161\/staging\/?s={search_term_string}\"},\"query-input\":{\"@type\":\"PropertyValueSpecification\",\"valueRequired\":true,\"valueName\":\"search_term_string\"}}],\"inLanguage\":\"en-US\"},{\"@type\":\"Organization\",\"@id\":\"https:\/\/35.241.27.161\/staging\/#organization\",\"name\":\"Den kulturelle skolesekken\",\"url\":\"https:\/\/35.241.27.161\/staging\/\",\"logo\":{\"@type\":\"ImageObject\",\"inLanguage\":\"en-US\",\"@id\":\"https:\/\/35.241.27.161\/staging\/#\/schema\/logo\/image\/\",\"url\":\"https:\/\/cdn.denkulturelleskolesekken.no\/staging\/974a904c-cropped-8d52d461-dks-logo1.png\",\"contentUrl\":\"https:\/\/cdn.denkulturelleskolesekken.no\/staging\/974a904c-cropped-8d52d461-dks-logo1.png\",\"width\":583,\"height\":120,\"caption\":\"Den kulturelle skolesekken\"},\"image\":{\"@id\":\"https:\/\/35.241.27.161\/staging\/#\/schema\/logo\/image\/\"}}]}<\/script>\n<!-- \/ Yoast SEO plugin. -->","yoast_head_json":{"title":"DKS logo - Den kulturelle skolesekken","robots":{"index":"index","follow":"follow","max-snippet":"max-snippet:-1","max-image-preview":"max-image-preview:large","max-video-preview":"max-video-preview:-1"},"og_locale":"en_US","og_type":"article","og_title":"DKS logo - Den kulturelle skolesekken","og_description":"DKS LOGO Den kulturelle skolesekken \u2013 \u00e9n ordning, \u00e9n profil og felles logo. Kulturtanken har utarbeidet logo og visuell profil for Den kulturelle skolesekken. M\u00e5let er at vi skal ha en felles visuell identitet for Den kulturelle skolesekken i hele landet. En felles visuell identitet bidrar positivt til \u00e5 styrke v\u00e5rt felles eierskap til ordningen [&hellip;]","og_url":"https:\/\/wordpress.kulturtanken.app\/staging\/dks-logo-2\/","og_site_name":"Den kulturelle skolesekken","article_modified_time":"2020-03-19T16:35:25+00:00","og_image":[{"width":1333,"height":917,"url":"https:\/\/cdn.denkulturelleskolesekken.no\/national\/2020\/01\/logokollasj.jpg","type":"image\/jpeg"}],"twitter_card":"summary_large_image","twitter_misc":{"Est. reading time":"1 minute"},"schema":{"@context":"https:\/\/schema.org","@graph":[{"@type":"WebPage","@id":"https:\/\/wordpress.kulturtanken.app\/staging\/dks-logo-2\/","url":"https:\/\/wordpress.kulturtanken.app\/staging\/dks-logo-2\/","name":"DKS logo - Den kulturelle skolesekken","isPartOf":{"@id":"https:\/\/35.241.27.161\/staging\/#website"},"primaryImageOfPage":{"@id":"https:\/\/wordpress.kulturtanken.app\/staging\/dks-logo-2\/#primaryimage"},"image":{"@id":"https:\/\/wordpress.kulturtanken.app\/staging\/dks-logo-2\/#primaryimage"},"thumbnailUrl":"https:\/\/cdn.denkulturelleskolesekken.no\/national\/2020\/01\/logokollasj.jpg","datePublished":"2020-01-28T15:35:30+00:00","dateModified":"2020-03-19T16:35:25+00:00","breadcrumb":{"@id":"https:\/\/wordpress.kulturtanken.app\/staging\/dks-logo-2\/#breadcrumb"},"inLanguage":"en-US","potentialAction":[{"@type":"ReadAction","target":["https:\/\/wordpress.kulturtanken.app\/staging\/dks-logo-2\/"]}]},{"@type":"ImageObject","inLanguage":"en-US","@id":"https:\/\/wordpress.kulturtanken.app\/staging\/dks-logo-2\/#primaryimage","url":"https:\/\/cdn.denkulturelleskolesekken.no\/national\/2020\/01\/logokollasj.jpg","contentUrl":"https:\/\/cdn.denkulturelleskolesekken.no\/national\/2020\/01\/logokollasj.jpg","width":1333,"height":917},{"@type":"BreadcrumbList","@id":"https:\/\/wordpress.kulturtanken.app\/staging\/dks-logo-2\/#breadcrumb","itemListElement":[{"@type":"ListItem","position":1,"name":"Home","item":"https:\/\/35.241.27.161\/staging\/"},{"@type":"ListItem","position":2,"name":"DKS logo"}]},{"@type":"WebSite","@id":"https:\/\/35.241.27.161\/staging\/#website","url":"https:\/\/35.241.27.161\/staging\/","name":"Den kulturelle skolesekken","description":"","publisher":{"@id":"https:\/\/35.241.27.161\/staging\/#organization"},"potentialAction":[{"@type":"SearchAction","target":{"@type":"EntryPoint","urlTemplate":"https:\/\/35.241.27.161\/staging\/?s={search_term_string}"},"query-input":{"@type":"PropertyValueSpecification","valueRequired":true,"valueName":"search_term_string"}}],"inLanguage":"en-US"},{"@type":"Organization","@id":"https:\/\/35.241.27.161\/staging\/#organization","name":"Den kulturelle skolesekken","url":"https:\/\/35.241.27.161\/staging\/","logo":{"@type":"ImageObject","inLanguage":"en-US","@id":"https:\/\/35.241.27.161\/staging\/#\/schema\/logo\/image\/","url":"https:\/\/cdn.denkulturelleskolesekken.no\/staging\/974a904c-cropped-8d52d461-dks-logo1.png","contentUrl":"https:\/\/cdn.denkulturelleskolesekken.no\/staging\/974a904c-cropped-8d52d461-dks-logo1.png","width":583,"height":120,"caption":"Den kulturelle skolesekken"},"image":{"@id":"https:\/\/35.241.27.161\/staging\/#\/schema\/logo\/image\/"}}]}},"_links":{"self":[{"href":"https:\/\/wordpress.kulturtanken.app\/staging\/wp-json\/wp\/v2\/pages\/2646","targetHints":{"allow":["GET"]}}],"collection":[{"href":"https:\/\/wordpress.kulturtanken.app\/staging\/wp-json\/wp\/v2\/pages"}],"about":[{"href":"https:\/\/wordpress.kulturtanken.app\/staging\/wp-json\/wp\/v2\/types\/page"}],"author":[{"embeddable":true,"href":"https:\/\/wordpress.kulturtanken.app\/staging\/wp-json\/wp\/v2\/users\/12"}],"replies":[{"embeddable":true,"href":"https:\/\/wordpress.kulturtanken.app\/staging\/wp-json\/wp\/v2\/comments?post=2646"}],"version-history":[{"count":14,"href":"https:\/\/wordpress.kulturtanken.app\/staging\/wp-json\/wp\/v2\/pages\/2646\/revisions"}],"predecessor-version":[{"id":4691,"href":"https:\/\/wordpress.kulturtanken.app\/staging\/wp-json\/wp\/v2\/pages\/2646\/revisions\/4691"}],"wp:featuredmedia":[{"embeddable":true,"href":"https:\/\/wordpress.kulturtanken.app\/staging\/wp-json\/wp\/v2\/media\/2725"}],"wp:attachment":[{"href":"https:\/\/wordpress.kulturtanken.app\/staging\/wp-json\/wp\/v2\/media?parent=2646"}],"curies":[{"name":"wp","href":"https:\/\/api.w.org\/{rel}","templated":true}]}}