{"id":2894,"date":"2020-02-07T12:56:03","date_gmt":"2020-02-07T12:56:03","guid":{"rendered":"https:\/\/www.denkulturelleskolesekken.no\/?page_id=2894"},"modified":"2020-03-03T14:05:54","modified_gmt":"2020-03-03T14:05:54","slug":"stegforsteg","status":"publish","type":"page","link":"https:\/\/wordpress.kulturtanken.app\/staging\/dks-portalen\/stegforsteg\/","title":{"rendered":"Steg for steg"},"content":{"rendered":"\n<div style=\"height:20px\" aria-hidden=\"true\" class=\"wp-block-spacer\"><\/div>\n\n\n<div id=\"pl-gb2894-69dd37340f7e9\"  class=\"panel-layout\" ><div id=\"pg-gb2894-69dd37340f7e9-0\"  class=\"panel-grid panel-no-style\" ><div id=\"pgc-gb2894-69dd37340f7e9-0-0\"  class=\"panel-grid-cell\" ><div id=\"panel-gb2894-69dd37340f7e9-0-0-0\" class=\"so-panel widget widget_sow-editor panel-first-child panel-last-child\" data-index=\"0\" ><div\n\t\t\t\n\t\t\tclass=\"so-widget-sow-editor so-widget-sow-editor-base\"\n\t\t\t\n\t\t>\n<div class=\"siteorigin-widget-tinymce textwidget\">\n\t<h2 style=\"text-align: center;\">Steg for steg &#8211; planleggere<\/h2>\n<\/div>\n<\/div><\/div><\/div><\/div><div id=\"pg-gb2894-69dd37340f7e9-1\"  class=\"panel-grid panel-has-style\" ><div class=\"panel-row-style panel-row-style-for-gb2894-69dd37340f7e9-1\" ><div id=\"pgc-gb2894-69dd37340f7e9-1-0\"  class=\"panel-grid-cell\" ><div id=\"panel-gb2894-69dd37340f7e9-1-0-0\" class=\"so-panel widget widget_sow-editor panel-first-child panel-last-child\" data-index=\"1\" ><div class=\"panel-widget-style panel-widget-style-for-gb2894-69dd37340f7e9-1-0-0\" ><div\n\t\t\t\n\t\t\tclass=\"so-widget-sow-editor so-widget-sow-editor-base\"\n\t\t\t\n\t\t>\n<div class=\"siteorigin-widget-tinymce textwidget\">\n\t<\/div>\n<\/div><\/div><\/div><\/div><\/div><\/div><div id=\"pg-gb2894-69dd37340f7e9-2\"  class=\"panel-grid panel-has-style\" ><div class=\"siteorigin-panels-stretch panel-row-style panel-row-style-for-gb2894-69dd37340f7e9-2\" data-stretch-type=\"full-width-stretch\" ><div id=\"pgc-gb2894-69dd37340f7e9-2-0\"  class=\"panel-grid-cell\" ><div id=\"panel-gb2894-69dd37340f7e9-2-0-0\" class=\"so-panel widget widget_nav_menu panel-first-child panel-last-child\" data-index=\"2\" ><div class=\"kt-menu panel-widget-style panel-widget-style-for-gb2894-69dd37340f7e9-2-0-0\" ><div class=\"menu-opplaering-guide-container\"><ul id=\"menu-opplaering-guide\" class=\"menu\"><li id=\"menu-item-3388\" class=\"menu-item menu-item-type-post_type menu-item-object-page menu-item-has-children menu-item-3388\"><a href=\"https:\/\/wordpress.kulturtanken.app\/staging\/dks-portalen\/\">DKS-portalen<\/a>\n<ul class=\"sub-menu\">\n\t<li id=\"menu-item-3524\" class=\"menu-item menu-item-type-post_type menu-item-object-page menu-item-3524\"><a href=\"https:\/\/wordpress.kulturtanken.app\/staging\/dks-portalen\/kulturkontakt\/\">Kulturkontakt<\/a><\/li>\n\t<li id=\"menu-item-3525\" class=\"menu-item menu-item-type-post_type menu-item-object-page menu-item-3525\"><a href=\"https:\/\/wordpress.kulturtanken.app\/staging\/dks-portalen\/planlegger-i-en-kommune\/\">Planlegger i DKS<\/a><\/li>\n<\/ul>\n<\/li>\n<li id=\"menu-item-3394\" class=\"menu-item menu-item-type-post_type menu-item-object-page menu-item-has-children menu-item-3394\"><a href=\"https:\/\/wordpress.kulturtanken.app\/staging\/dks-portalen\/stegforsteg\/\">Steg for steg<\/a>\n<ul class=\"sub-menu\">\n\t<li id=\"menu-item-3395\" class=\"menu-item menu-item-type-post_type menu-item-object-page menu-item-3395\"><a href=\"https:\/\/wordpress.kulturtanken.app\/staging\/dks-portalen\/stegforsteg\/1-forside\/\">\u2780 Forside<\/a><\/li>\n\t<li id=\"menu-item-3397\" class=\"menu-item menu-item-type-post_type menu-item-object-page menu-item-3397\"><a href=\"https:\/\/wordpress.kulturtanken.app\/staging\/dks-portalen\/stegforsteg\/2-forslag\/\">\u2781 Forslag<\/a><\/li>\n\t<li id=\"menu-item-3810\" class=\"menu-item menu-item-type-post_type menu-item-object-page menu-item-3810\"><a href=\"https:\/\/wordpress.kulturtanken.app\/staging\/dks-portalen\/stegforsteg\/3-produksjon\/\">\u2782 Produksjon<\/a><\/li>\n\t<li id=\"menu-item-3399\" class=\"menu-item menu-item-type-post_type menu-item-object-page menu-item-3399\"><a href=\"https:\/\/wordpress.kulturtanken.app\/staging\/dks-portalen\/stegforsteg\/4-turne\/\">\u2783 Turn\u00e9<\/a><\/li>\n\t<li id=\"menu-item-3392\" class=\"menu-item menu-item-type-post_type menu-item-object-page menu-item-3392\"><a href=\"https:\/\/wordpress.kulturtanken.app\/staging\/dks-portalen\/stegforsteg\/5-tildelingsflaten\/\">\u2784 Tildelingsflaten<\/a><\/li>\n\t<li id=\"menu-item-3941\" class=\"menu-item menu-item-type-post_type menu-item-object-page menu-item-3941\"><a href=\"https:\/\/wordpress.kulturtanken.app\/staging\/dks-portalen\/stegforsteg\/6-publisering\/\">\u2785 Publisering<\/a><\/li>\n<\/ul>\n<\/li>\n<li id=\"menu-item-3400\" class=\"menu-item menu-item-type-post_type menu-item-object-page menu-item-has-children menu-item-3400\"><a href=\"https:\/\/wordpress.kulturtanken.app\/staging\/dks-portalen\/portal-og-fagsystem-brukerdokumentasjon\/\">Veiledning<\/a>\n<ul class=\"sub-menu\">\n\t<li id=\"menu-item-4649\" class=\"menu-item menu-item-type-post_type menu-item-object-page menu-item-4649\"><a href=\"https:\/\/wordpress.kulturtanken.app\/staging\/dks-portalen\/portal-og-fagsystem-planlegger-i-et-fylke-eller-direktekommune\/generelt\/\">+ Generelt<\/a><\/li>\n\t<li id=\"menu-item-4650\" class=\"menu-item menu-item-type-post_type menu-item-object-page menu-item-4650\"><a href=\"https:\/\/wordpress.kulturtanken.app\/staging\/dks-portalen\/portal-og-fagsystem-planlegger-i-et-fylke-eller-direktekommune\/resurser-forslag\/\">+ Forslag<\/a><\/li>\n\t<li id=\"menu-item-4648\" class=\"menu-item menu-item-type-post_type menu-item-object-page menu-item-4648\"><a href=\"https:\/\/wordpress.kulturtanken.app\/staging\/dks-portalen\/portal-og-fagsystem-planlegger-i-et-fylke-eller-direktekommune\/produksjoner\/\">+ Produksjoner<\/a><\/li>\n\t<li id=\"menu-item-4647\" class=\"menu-item menu-item-type-post_type menu-item-object-page menu-item-4647\"><a href=\"https:\/\/wordpress.kulturtanken.app\/staging\/dks-portalen\/portal-og-fagsystem-planlegger-i-et-fylke-eller-direktekommune\/turne\/\">+ Turn\u00e9<\/a><\/li>\n<\/ul>\n<\/li>\n<li id=\"menu-item-6518\" class=\"menu-item menu-item-type-custom menu-item-object-custom menu-item-6518\"><a href=\"https:\/\/forum.denkulturelleskolesekken.no\/\">Brukerforum<\/a><\/li>\n<li id=\"menu-item-3393\" class=\"menu-item menu-item-type-post_type menu-item-object-page menu-item-3393\"><a href=\"https:\/\/wordpress.kulturtanken.app\/staging\/brukerstotte\/\">Brukerst\u00f8tte<\/a><\/li>\n<\/ul><\/div><\/div><\/div><\/div><div id=\"pgc-gb2894-69dd37340f7e9-2-1\"  class=\"panel-grid-cell panel-grid-cell-mobile-last\" ><div id=\"panel-gb2894-69dd37340f7e9-2-1-0\" class=\"so-panel widget widget_sow-editor panel-first-child\" data-index=\"3\" ><div class=\"panel-widget-style panel-widget-style-for-gb2894-69dd37340f7e9-2-1-0\" ><div\n\t\t\t\n\t\t\tclass=\"so-widget-sow-editor so-widget-sow-editor-base\"\n\t\t\t\n\t\t>\n<div class=\"siteorigin-widget-tinymce textwidget\">\n\t<p>Her er en 6-stegs innf\u00f8ring i portalen og fagsystemet til Den kulturelle skolesekken.<\/p>\n<p><span data-usefontface=\"true\" data-contrast=\"none\">Du f\u00e5r en gjennomgang av behandling av forslag, opprettelse av produksjon og produksjonsgrupper, opprettelse av turn\u00e9 og tildeling av klasser <\/span><span data-usefontface=\"true\" data-contrast=\"none\">til turneen. Til slutt publiseres produksjonen s\u00e5 skolen kan se den. Rekkef\u00f8lgen er som f\u00f8lger:<\/span>\u200b<\/p>\n<ol>\n<li id=\"menu-item-3395\" class=\"menu-item menu-item-type-post_type menu-item-object-page menu-item-3395\"><a href=\"https:\/\/www.denkulturelleskolesekken.no\/dks-portalen\/stegforsteg\/1-forside\/\">Forside<\/a><\/li>\n<li id=\"menu-item-3397\" class=\"menu-item menu-item-type-post_type menu-item-object-page menu-item-3397\"><a href=\"https:\/\/www.denkulturelleskolesekken.no\/dks-portalen\/stegforsteg\/2-forslag\/\">Forslag<\/a><\/li>\n<li id=\"menu-item-3810\" class=\"menu-item menu-item-type-post_type menu-item-object-page menu-item-3810\"><a href=\"https:\/\/www.denkulturelleskolesekken.no\/dks-portalen\/stegforsteg\/3-produksjon\/\">Produksjon<\/a><\/li>\n<li id=\"menu-item-3399\" class=\"menu-item menu-item-type-post_type menu-item-object-page menu-item-3399\"><a href=\"https:\/\/www.denkulturelleskolesekken.no\/dks-portalen\/stegforsteg\/4-turne\/\">Turn\u00e9<\/a><\/li>\n<li id=\"menu-item-3392\" class=\"menu-item menu-item-type-post_type menu-item-object-page menu-item-3392\"><a href=\"https:\/\/www.denkulturelleskolesekken.no\/dks-portalen\/stegforsteg\/5-tildelingsflaten\/\">Tildelingsflaten<\/a><\/li>\n<li id=\"menu-item-3941\" class=\"menu-item menu-item-type-post_type menu-item-object-page menu-item-3941\"><a href=\"https:\/\/www.denkulturelleskolesekken.no\/dks-portalen\/stegforsteg\/6-publisering\/\">Publisering<\/a><\/li>\n<\/ol>\n<p>Er du ikke registrert som planlegger i portalen enda kan du gj\u00f8re det <a href=\"https:\/\/www.denkulturelleskolesekken.no\/portal-og-fagsystem-brukerdokumentasjon\/portal-og-fagsystem-planlegger-i-en-kommune\/\">her<\/a><\/p>\n<p style=\"text-align: left;\">Vi anbefaler \u00e5 gjennomf\u00f8re innf\u00f8ringen samtidig som du er logget inn i portalen<\/p>\n<\/div>\n<\/div><\/div><\/div><div id=\"panel-gb2894-69dd37340f7e9-2-1-1\" class=\"so-panel widget widget_sow-button panel-last-child\" data-index=\"4\" ><div class=\"panel-widget-style panel-widget-style-for-gb2894-69dd37340f7e9-2-1-1\" ><div\n\t\t\t\n\t\t\tclass=\"so-widget-sow-button so-widget-sow-button-wire-2623d348f642-2894\"\n\t\t\t\n\t\t><div class=\"ow-button-base ow-button-align-center\"\n>\n\t\t\t<a\n\t\t\t\t\thref=\"https:\/\/wordpress.kulturtanken.app\/staging\/dks-portalen\/stegforsteg\/1-forside\/\"\n\t\t\t\t\tclass=\"sowb-button ow-icon-placement-left ow-button-hover\" \t>\n\t\t<span>\n\t\t\t\n\t\t\tDet tar ca 15 minutter &#8211;\u00a0Start oppl\u00e6ringen her \u27a4 \t\t<\/span>\n\t\t\t<\/a>\n\t<\/div>\n<\/div><\/div><\/div><\/div><div id=\"pgc-gb2894-69dd37340f7e9-2-2\"  class=\"panel-grid-cell panel-grid-cell-empty\" ><\/div><\/div><\/div><\/div>\n\n\n<p><\/p>\n","protected":false},"excerpt":{"rendered":"","protected":false},"author":7,"featured_media":0,"parent":3287,"menu_order":0,"comment_status":"closed","ping_status":"closed","template":"custom-wide-page-widget.php","meta":{"footnotes":""},"class_list":["post-2894","page","type-page","status-publish","hentry"],"yoast_head":"<!-- This site is optimized with the Yoast SEO plugin v26.0 - https:\/\/yoast.com\/wordpress\/plugins\/seo\/ -->\n<title>Steg for steg - Den kulturelle skolesekken<\/title>\n<meta name=\"robots\" content=\"index, follow, max-snippet:-1, max-image-preview:large, max-video-preview:-1\" \/>\n<meta property=\"og:locale\" content=\"en_US\" \/>\n<meta property=\"og:type\" content=\"article\" \/>\n<meta property=\"og:title\" content=\"Steg for steg - Den kulturelle skolesekken\" \/>\n<meta property=\"og:url\" content=\"https:\/\/wordpress.kulturtanken.app\/staging\/dks-portalen\/stegforsteg\/\" \/>\n<meta property=\"og:site_name\" content=\"Den kulturelle skolesekken\" \/>\n<meta property=\"article:modified_time\" content=\"2020-03-03T14:05:54+00:00\" \/>\n<meta name=\"twitter:card\" content=\"summary_large_image\" \/>\n<script type=\"application\/ld+json\" class=\"yoast-schema-graph\">{\"@context\":\"https:\/\/schema.org\",\"@graph\":[{\"@type\":\"WebPage\",\"@id\":\"https:\/\/wordpress.kulturtanken.app\/staging\/dks-portalen\/stegforsteg\/\",\"url\":\"https:\/\/wordpress.kulturtanken.app\/staging\/dks-portalen\/stegforsteg\/\",\"name\":\"Steg for steg - Den kulturelle skolesekken\",\"isPartOf\":{\"@id\":\"https:\/\/35.241.27.161\/staging\/#website\"},\"datePublished\":\"2020-02-07T12:56:03+00:00\",\"dateModified\":\"2020-03-03T14:05:54+00:00\",\"breadcrumb\":{\"@id\":\"https:\/\/wordpress.kulturtanken.app\/staging\/dks-portalen\/stegforsteg\/#breadcrumb\"},\"inLanguage\":\"en-US\",\"potentialAction\":[{\"@type\":\"ReadAction\",\"target\":[\"https:\/\/wordpress.kulturtanken.app\/staging\/dks-portalen\/stegforsteg\/\"]}]},{\"@type\":\"BreadcrumbList\",\"@id\":\"https:\/\/wordpress.kulturtanken.app\/staging\/dks-portalen\/stegforsteg\/#breadcrumb\",\"itemListElement\":[{\"@type\":\"ListItem\",\"position\":1,\"name\":\"Home\",\"item\":\"https:\/\/35.241.27.161\/staging\/\"},{\"@type\":\"ListItem\",\"position\":2,\"name\":\"DKS-portalen\",\"item\":\"https:\/\/wordpress.kulturtanken.app\/staging\/dks-portalen\/\"},{\"@type\":\"ListItem\",\"position\":3,\"name\":\"Steg for steg\"}]},{\"@type\":\"WebSite\",\"@id\":\"https:\/\/35.241.27.161\/staging\/#website\",\"url\":\"https:\/\/35.241.27.161\/staging\/\",\"name\":\"Den kulturelle skolesekken\",\"description\":\"\",\"publisher\":{\"@id\":\"https:\/\/35.241.27.161\/staging\/#organization\"},\"potentialAction\":[{\"@type\":\"SearchAction\",\"target\":{\"@type\":\"EntryPoint\",\"urlTemplate\":\"https:\/\/35.241.27.161\/staging\/?s={search_term_string}\"},\"query-input\":{\"@type\":\"PropertyValueSpecification\",\"valueRequired\":true,\"valueName\":\"search_term_string\"}}],\"inLanguage\":\"en-US\"},{\"@type\":\"Organization\",\"@id\":\"https:\/\/35.241.27.161\/staging\/#organization\",\"name\":\"Den kulturelle skolesekken\",\"url\":\"https:\/\/35.241.27.161\/staging\/\",\"logo\":{\"@type\":\"ImageObject\",\"inLanguage\":\"en-US\",\"@id\":\"https:\/\/35.241.27.161\/staging\/#\/schema\/logo\/image\/\",\"url\":\"https:\/\/cdn.denkulturelleskolesekken.no\/staging\/974a904c-cropped-8d52d461-dks-logo1.png\",\"contentUrl\":\"https:\/\/cdn.denkulturelleskolesekken.no\/staging\/974a904c-cropped-8d52d461-dks-logo1.png\",\"width\":583,\"height\":120,\"caption\":\"Den kulturelle skolesekken\"},\"image\":{\"@id\":\"https:\/\/35.241.27.161\/staging\/#\/schema\/logo\/image\/\"}}]}<\/script>\n<!-- \/ Yoast SEO plugin. -->","yoast_head_json":{"title":"Steg for steg - Den kulturelle skolesekken","robots":{"index":"index","follow":"follow","max-snippet":"max-snippet:-1","max-image-preview":"max-image-preview:large","max-video-preview":"max-video-preview:-1"},"og_locale":"en_US","og_type":"article","og_title":"Steg for steg - Den kulturelle skolesekken","og_url":"https:\/\/wordpress.kulturtanken.app\/staging\/dks-portalen\/stegforsteg\/","og_site_name":"Den kulturelle skolesekken","article_modified_time":"2020-03-03T14:05:54+00:00","twitter_card":"summary_large_image","schema":{"@context":"https:\/\/schema.org","@graph":[{"@type":"WebPage","@id":"https:\/\/wordpress.kulturtanken.app\/staging\/dks-portalen\/stegforsteg\/","url":"https:\/\/wordpress.kulturtanken.app\/staging\/dks-portalen\/stegforsteg\/","name":"Steg for steg - Den kulturelle skolesekken","isPartOf":{"@id":"https:\/\/35.241.27.161\/staging\/#website"},"datePublished":"2020-02-07T12:56:03+00:00","dateModified":"2020-03-03T14:05:54+00:00","breadcrumb":{"@id":"https:\/\/wordpress.kulturtanken.app\/staging\/dks-portalen\/stegforsteg\/#breadcrumb"},"inLanguage":"en-US","potentialAction":[{"@type":"ReadAction","target":["https:\/\/wordpress.kulturtanken.app\/staging\/dks-portalen\/stegforsteg\/"]}]},{"@type":"BreadcrumbList","@id":"https:\/\/wordpress.kulturtanken.app\/staging\/dks-portalen\/stegforsteg\/#breadcrumb","itemListElement":[{"@type":"ListItem","position":1,"name":"Home","item":"https:\/\/35.241.27.161\/staging\/"},{"@type":"ListItem","position":2,"name":"DKS-portalen","item":"https:\/\/wordpress.kulturtanken.app\/staging\/dks-portalen\/"},{"@type":"ListItem","position":3,"name":"Steg for steg"}]},{"@type":"WebSite","@id":"https:\/\/35.241.27.161\/staging\/#website","url":"https:\/\/35.241.27.161\/staging\/","name":"Den kulturelle skolesekken","description":"","publisher":{"@id":"https:\/\/35.241.27.161\/staging\/#organization"},"potentialAction":[{"@type":"SearchAction","target":{"@type":"EntryPoint","urlTemplate":"https:\/\/35.241.27.161\/staging\/?s={search_term_string}"},"query-input":{"@type":"PropertyValueSpecification","valueRequired":true,"valueName":"search_term_string"}}],"inLanguage":"en-US"},{"@type":"Organization","@id":"https:\/\/35.241.27.161\/staging\/#organization","name":"Den kulturelle skolesekken","url":"https:\/\/35.241.27.161\/staging\/","logo":{"@type":"ImageObject","inLanguage":"en-US","@id":"https:\/\/35.241.27.161\/staging\/#\/schema\/logo\/image\/","url":"https:\/\/cdn.denkulturelleskolesekken.no\/staging\/974a904c-cropped-8d52d461-dks-logo1.png","contentUrl":"https:\/\/cdn.denkulturelleskolesekken.no\/staging\/974a904c-cropped-8d52d461-dks-logo1.png","width":583,"height":120,"caption":"Den kulturelle skolesekken"},"image":{"@id":"https:\/\/35.241.27.161\/staging\/#\/schema\/logo\/image\/"}}]}},"_links":{"self":[{"href":"https:\/\/wordpress.kulturtanken.app\/staging\/wp-json\/wp\/v2\/pages\/2894","targetHints":{"allow":["GET"]}}],"collection":[{"href":"https:\/\/wordpress.kulturtanken.app\/staging\/wp-json\/wp\/v2\/pages"}],"about":[{"href":"https:\/\/wordpress.kulturtanken.app\/staging\/wp-json\/wp\/v2\/types\/page"}],"author":[{"embeddable":true,"href":"https:\/\/wordpress.kulturtanken.app\/staging\/wp-json\/wp\/v2\/users\/7"}],"replies":[{"embeddable":true,"href":"https:\/\/wordpress.kulturtanken.app\/staging\/wp-json\/wp\/v2\/comments?post=2894"}],"version-history":[{"count":179,"href":"https:\/\/wordpress.kulturtanken.app\/staging\/wp-json\/wp\/v2\/pages\/2894\/revisions"}],"predecessor-version":[{"id":4539,"href":"https:\/\/wordpress.kulturtanken.app\/staging\/wp-json\/wp\/v2\/pages\/2894\/revisions\/4539"}],"up":[{"embeddable":true,"href":"https:\/\/wordpress.kulturtanken.app\/staging\/wp-json\/wp\/v2\/pages\/3287"}],"wp:attachment":[{"href":"https:\/\/wordpress.kulturtanken.app\/staging\/wp-json\/wp\/v2\/media?parent=2894"}],"curies":[{"name":"wp","href":"https:\/\/api.w.org\/{rel}","templated":true}]}}