{"id":3085,"date":"2020-02-10T09:48:08","date_gmt":"2020-02-10T09:48:08","guid":{"rendered":"https:\/\/www.denkulturelleskolesekken.no\/?page_id=3085"},"modified":"2020-03-03T14:02:21","modified_gmt":"2020-03-03T14:02:21","slug":"4-turne","status":"publish","type":"page","link":"https:\/\/wordpress.kulturtanken.app\/staging\/dks-portalen\/stegforsteg\/4-turne\/","title":{"rendered":"4 &#8211;  Turn\u00e9"},"content":{"rendered":"<div id=\"pl-gb3085-69dd21ef9cc3b\"  class=\"panel-layout\" ><div id=\"pg-gb3085-69dd21ef9cc3b-0\"  class=\"panel-grid panel-no-style\" ><div id=\"pgc-gb3085-69dd21ef9cc3b-0-0\"  class=\"panel-grid-cell\" ><div id=\"panel-gb3085-69dd21ef9cc3b-0-0-0\" class=\"so-panel widget widget_sow-button panel-first-child panel-last-child\" data-index=\"0\" ><div class=\"panel-widget-style panel-widget-style-for-gb3085-69dd21ef9cc3b-0-0-0\" ><div\n\t\t\t\n\t\t\tclass=\"so-widget-sow-button so-widget-sow-button-flat-c02efc7a7244-3085\"\n\t\t\t\n\t\t><div class=\"ow-button-base ow-button-align-left\"\n>\n\t\t\t<a\n\t\t\t\t\thref=\"https:\/\/wordpress.kulturtanken.app\/staging\/dks-portalen\/stegforsteg\/3-produksjon\/\"\n\t\t\t\t\tclass=\"sowb-button ow-icon-placement-left ow-button-hover\" \t>\n\t\t<span>\n\t\t\t\n\t\t\t\u276e\t\t<\/span>\n\t\t\t<\/a>\n\t<\/div>\n<\/div><\/div><\/div><\/div><div id=\"pgc-gb3085-69dd21ef9cc3b-0-1\"  class=\"panel-grid-cell\" ><div id=\"panel-gb3085-69dd21ef9cc3b-0-1-0\" class=\"so-panel widget widget_sow-editor panel-first-child panel-last-child\" data-index=\"1\" ><div\n\t\t\t\n\t\t\tclass=\"so-widget-sow-editor so-widget-sow-editor-base\"\n\t\t\t\n\t\t>\n<div class=\"siteorigin-widget-tinymce textwidget\">\n\t<h3 class=\"rich-text editor-rich-text__editable block-editor-rich-text__editable has-text-align-right is-selected\" style=\"text-align: center;\" role=\"textbox\" contenteditable=\"true\" aria-multiline=\"true\" aria-label=\"Write heading\u2026\">\u2783 Turn\u00e9<\/h3>\n<\/div>\n<\/div><\/div><\/div><div id=\"pgc-gb3085-69dd21ef9cc3b-0-2\"  class=\"panel-grid-cell\" ><div id=\"panel-gb3085-69dd21ef9cc3b-0-2-0\" class=\"so-panel widget widget_sow-button panel-first-child panel-last-child\" data-index=\"2\" ><div class=\"panel-widget-style panel-widget-style-for-gb3085-69dd21ef9cc3b-0-2-0\" ><div\n\t\t\t\n\t\t\tclass=\"so-widget-sow-button so-widget-sow-button-flat-bc0728d000e7-3085\"\n\t\t\t\n\t\t><div class=\"ow-button-base ow-button-align-right\"\n>\n\t\t\t<a\n\t\t\t\t\thref=\"https:\/\/wordpress.kulturtanken.app\/staging\/dks-portalen\/stegforsteg\/5-tildelingsflaten\/\"\n\t\t\t\t\tclass=\"sowb-button ow-icon-placement-left ow-button-hover\" \t>\n\t\t<span>\n\t\t\t\n\t\t\t\u276f\t\t<\/span>\n\t\t\t<\/a>\n\t<\/div>\n<\/div><\/div><\/div><\/div><\/div><div id=\"pg-gb3085-69dd21ef9cc3b-1\"  class=\"panel-grid panel-has-style\" ><div class=\"panel-row-style panel-row-style-for-gb3085-69dd21ef9cc3b-1\" ><div id=\"pgc-gb3085-69dd21ef9cc3b-1-0\"  class=\"panel-grid-cell\" ><div id=\"panel-gb3085-69dd21ef9cc3b-1-0-0\" class=\"so-panel widget widget_sow-editor panel-first-child panel-last-child\" data-index=\"3\" ><div class=\"panel-widget-style panel-widget-style-for-gb3085-69dd21ef9cc3b-1-0-0\" ><div\n\t\t\t\n\t\t\tclass=\"so-widget-sow-editor so-widget-sow-editor-base\"\n\t\t\t\n\t\t>\n<div class=\"siteorigin-widget-tinymce textwidget\">\n\t<\/div>\n<\/div><\/div><\/div><\/div><div id=\"pgc-gb3085-69dd21ef9cc3b-1-1\"  class=\"panel-grid-cell\" ><div id=\"panel-gb3085-69dd21ef9cc3b-1-1-0\" class=\"so-panel widget widget_sow-editor panel-first-child panel-last-child\" data-index=\"4\" ><div class=\"panel-widget-style panel-widget-style-for-gb3085-69dd21ef9cc3b-1-1-0\" ><div\n\t\t\t\n\t\t\tclass=\"so-widget-sow-editor so-widget-sow-editor-base\"\n\t\t\t\n\t\t>\n<div class=\"siteorigin-widget-tinymce textwidget\">\n\t<\/div>\n<\/div><\/div><\/div><\/div><\/div><\/div><\/div>\n\n<div id=\"pl-gb3085-69dd21efe7c05\"  class=\"panel-layout\" ><div id=\"pg-gb3085-69dd21efe7c05-0\"  class=\"panel-grid panel-has-style\" ><div class=\"siteorigin-panels-stretch panel-row-style panel-row-style-for-gb3085-69dd21efe7c05-0\" data-stretch-type=\"full-width-stretch\" ><div id=\"pgc-gb3085-69dd21efe7c05-0-0\"  class=\"panel-grid-cell\" ><div id=\"panel-gb3085-69dd21efe7c05-0-0-0\" class=\"so-panel widget widget_nav_menu panel-first-child panel-last-child\" data-index=\"0\" ><div class=\"kt-menu panel-widget-style panel-widget-style-for-gb3085-69dd21efe7c05-0-0-0\" ><div class=\"menu-opplaering-guide-container\"><ul id=\"menu-opplaering-guide\" class=\"menu\"><li id=\"menu-item-3388\" class=\"menu-item menu-item-type-post_type menu-item-object-page menu-item-has-children menu-item-3388\"><a href=\"https:\/\/wordpress.kulturtanken.app\/staging\/dks-portalen\/\">DKS-portalen<\/a>\n<ul class=\"sub-menu\">\n\t<li id=\"menu-item-3524\" class=\"menu-item menu-item-type-post_type menu-item-object-page menu-item-3524\"><a href=\"https:\/\/wordpress.kulturtanken.app\/staging\/dks-portalen\/kulturkontakt\/\">Kulturkontakt<\/a><\/li>\n\t<li id=\"menu-item-3525\" class=\"menu-item menu-item-type-post_type menu-item-object-page menu-item-3525\"><a href=\"https:\/\/wordpress.kulturtanken.app\/staging\/dks-portalen\/planlegger-i-en-kommune\/\">Planlegger i DKS<\/a><\/li>\n<\/ul>\n<\/li>\n<li id=\"menu-item-3394\" class=\"menu-item menu-item-type-post_type menu-item-object-page menu-item-has-children menu-item-3394\"><a href=\"https:\/\/wordpress.kulturtanken.app\/staging\/dks-portalen\/stegforsteg\/\">Steg for steg<\/a>\n<ul class=\"sub-menu\">\n\t<li id=\"menu-item-3395\" class=\"menu-item menu-item-type-post_type menu-item-object-page menu-item-3395\"><a href=\"https:\/\/wordpress.kulturtanken.app\/staging\/dks-portalen\/stegforsteg\/1-forside\/\">\u2780 Forside<\/a><\/li>\n\t<li id=\"menu-item-3397\" class=\"menu-item menu-item-type-post_type menu-item-object-page menu-item-3397\"><a href=\"https:\/\/wordpress.kulturtanken.app\/staging\/dks-portalen\/stegforsteg\/2-forslag\/\">\u2781 Forslag<\/a><\/li>\n\t<li id=\"menu-item-3810\" class=\"menu-item menu-item-type-post_type menu-item-object-page menu-item-3810\"><a href=\"https:\/\/wordpress.kulturtanken.app\/staging\/dks-portalen\/stegforsteg\/3-produksjon\/\">\u2782 Produksjon<\/a><\/li>\n\t<li id=\"menu-item-3399\" class=\"menu-item menu-item-type-post_type menu-item-object-page menu-item-3399\"><a href=\"https:\/\/wordpress.kulturtanken.app\/staging\/dks-portalen\/stegforsteg\/4-turne\/\">\u2783 Turn\u00e9<\/a><\/li>\n\t<li id=\"menu-item-3392\" class=\"menu-item menu-item-type-post_type menu-item-object-page menu-item-3392\"><a href=\"https:\/\/wordpress.kulturtanken.app\/staging\/dks-portalen\/stegforsteg\/5-tildelingsflaten\/\">\u2784 Tildelingsflaten<\/a><\/li>\n\t<li id=\"menu-item-3941\" class=\"menu-item menu-item-type-post_type menu-item-object-page menu-item-3941\"><a href=\"https:\/\/wordpress.kulturtanken.app\/staging\/dks-portalen\/stegforsteg\/6-publisering\/\">\u2785 Publisering<\/a><\/li>\n<\/ul>\n<\/li>\n<li id=\"menu-item-3400\" class=\"menu-item menu-item-type-post_type menu-item-object-page menu-item-has-children menu-item-3400\"><a href=\"https:\/\/wordpress.kulturtanken.app\/staging\/dks-portalen\/portal-og-fagsystem-brukerdokumentasjon\/\">Veiledning<\/a>\n<ul class=\"sub-menu\">\n\t<li id=\"menu-item-4649\" class=\"menu-item menu-item-type-post_type menu-item-object-page menu-item-4649\"><a href=\"https:\/\/wordpress.kulturtanken.app\/staging\/dks-portalen\/portal-og-fagsystem-planlegger-i-et-fylke-eller-direktekommune\/generelt\/\">+ Generelt<\/a><\/li>\n\t<li id=\"menu-item-4650\" class=\"menu-item menu-item-type-post_type menu-item-object-page menu-item-4650\"><a href=\"https:\/\/wordpress.kulturtanken.app\/staging\/dks-portalen\/portal-og-fagsystem-planlegger-i-et-fylke-eller-direktekommune\/resurser-forslag\/\">+ Forslag<\/a><\/li>\n\t<li id=\"menu-item-4648\" class=\"menu-item menu-item-type-post_type menu-item-object-page menu-item-4648\"><a href=\"https:\/\/wordpress.kulturtanken.app\/staging\/dks-portalen\/portal-og-fagsystem-planlegger-i-et-fylke-eller-direktekommune\/produksjoner\/\">+ Produksjoner<\/a><\/li>\n\t<li id=\"menu-item-4647\" class=\"menu-item menu-item-type-post_type menu-item-object-page menu-item-4647\"><a href=\"https:\/\/wordpress.kulturtanken.app\/staging\/dks-portalen\/portal-og-fagsystem-planlegger-i-et-fylke-eller-direktekommune\/turne\/\">+ Turn\u00e9<\/a><\/li>\n<\/ul>\n<\/li>\n<li id=\"menu-item-6518\" class=\"menu-item menu-item-type-custom menu-item-object-custom menu-item-6518\"><a href=\"https:\/\/forum.denkulturelleskolesekken.no\/\">Brukerforum<\/a><\/li>\n<li id=\"menu-item-3393\" class=\"menu-item menu-item-type-post_type menu-item-object-page menu-item-3393\"><a href=\"https:\/\/wordpress.kulturtanken.app\/staging\/brukerstotte\/\">Brukerst\u00f8tte<\/a><\/li>\n<\/ul><\/div><\/div><\/div><\/div><div id=\"pgc-gb3085-69dd21efe7c05-0-1\"  class=\"panel-grid-cell\" ><div id=\"panel-gb3085-69dd21efe7c05-0-1-0\" class=\"so-panel widget widget_sow-editor panel-first-child\" data-index=\"1\" ><div class=\"panel-widget-style panel-widget-style-for-gb3085-69dd21efe7c05-0-1-0\" ><div\n\t\t\t\n\t\t\tclass=\"so-widget-sow-editor so-widget-sow-editor-base\"\n\t\t\t\n\t\t>\n<div class=\"siteorigin-widget-tinymce textwidget\">\n\t<h2>Hold oversikt og lag arrangementene!<\/h2>\n<p>Fra turn\u00e9flaten kan du bruke tildelingverkt\u00f8yet, legge til turn\u00e9planleggere, se en reiseplan for hendelsene du har planlagt. Du kan ogs\u00e5 sende meldinger til ut\u00f8ver og skole samt f\u00f8re sjekkliste.<\/p>\n<\/div>\n<\/div><\/div><\/div><div id=\"panel-gb3085-69dd21efe7c05-0-1-1\" class=\"so-panel widget widget_sow-editor\" data-index=\"2\" ><div class=\"panel-widget-style panel-widget-style-for-gb3085-69dd21efe7c05-0-1-1\" ><div\n\t\t\t\n\t\t\tclass=\"so-widget-sow-editor so-widget-sow-editor-base\"\n\t\t\t\n\t\t>\n<div class=\"siteorigin-widget-tinymce textwidget\">\n\t<div class=\"iactiveImg\" data-ii=\"11703\"><\/div>\n<p><script src=\"https:\/\/interactive-img.com\/js\/include.js\"><\/script><\/p>\n<\/div>\n<\/div><\/div><\/div><div id=\"panel-gb3085-69dd21efe7c05-0-1-2\" class=\"so-panel widget widget_sow-button\" data-index=\"3\" ><div class=\"panel-widget-style panel-widget-style-for-gb3085-69dd21efe7c05-0-1-2\" ><div\n\t\t\t\n\t\t\tclass=\"so-widget-sow-button so-widget-sow-button-flat-719bc68d9ee9-3085\"\n\t\t\t\n\t\t><div class=\"ow-button-base ow-button-align-center\"\n>\n\t\t\t<a\n\t\t\t\t\thref=\"https:\/\/wordpress.kulturtanken.app\/staging\/dks-portalen\/stegforsteg\/5-tildelingsflaten\/\"\n\t\t\t\t\tclass=\"sowb-button ow-icon-placement-left ow-button-hover\" \t>\n\t\t<span>\n\t\t\t\n\t\t\tNeste\u276f\t\t<\/span>\n\t\t\t<\/a>\n\t<\/div>\n<\/div><\/div><\/div><div id=\"panel-gb3085-69dd21efe7c05-0-1-3\" class=\"so-panel widget widget_sow-editor panel-last-child\" data-index=\"4\" ><div\n\t\t\t\n\t\t\tclass=\"so-widget-sow-editor so-widget-sow-editor-base\"\n\t\t\t\n\t\t>\n<div class=\"siteorigin-widget-tinymce textwidget\">\n\t<hr \/>\n<p>&nbsp;<\/p>\n<\/div>\n<\/div><\/div><\/div><div id=\"pgc-gb3085-69dd21efe7c05-0-2\"  class=\"panel-grid-cell\" ><div id=\"panel-gb3085-69dd21efe7c05-0-2-0\" class=\"so-panel widget widget_sow-editor panel-first-child panel-last-child\" data-index=\"5\" ><div class=\"panel-widget-style panel-widget-style-for-gb3085-69dd21efe7c05-0-2-0\" ><div\n\t\t\t\n\t\t\tclass=\"so-widget-sow-editor so-widget-sow-editor-base\"\n\t\t\t\n\t\t>\n<div class=\"siteorigin-widget-tinymce textwidget\">\n\t<h2>Hva er en turn\u00e9?<\/h2>\n<p>Turn\u00e9flaten brukes for \u00e5 lage arrangemneter\/hendelser til skolen. En turn\u00e9 trenger et sett med regler, disse m\u00e5 legges til ved opprettelse av turneen, men kan endres senere.<\/p>\n<\/div>\n<\/div><\/div><\/div><\/div><\/div><\/div><\/div>\n\n\n<div style=\"height:100px\" aria-hidden=\"true\" class=\"wp-block-spacer\"><\/div>\n\n\n\n<p><\/p>\n","protected":false},"excerpt":{"rendered":"<p>\u2783 Turn\u00e9<\/p>\n","protected":false},"author":7,"featured_media":0,"parent":2894,"menu_order":0,"comment_status":"closed","ping_status":"closed","template":"custom-wide-page-widget.php","meta":{"footnotes":""},"class_list":["post-3085","page","type-page","status-publish","hentry"],"yoast_head":"<!-- This site is optimized with the Yoast SEO plugin v26.0 - https:\/\/yoast.com\/wordpress\/plugins\/seo\/ -->\n<title>4 - Turn\u00e9 - Den kulturelle skolesekken<\/title>\n<meta name=\"robots\" content=\"index, follow, max-snippet:-1, max-image-preview:large, max-video-preview:-1\" \/>\n<meta property=\"og:locale\" content=\"en_US\" \/>\n<meta property=\"og:type\" content=\"article\" \/>\n<meta property=\"og:title\" content=\"4 - Turn\u00e9 - Den kulturelle skolesekken\" \/>\n<meta property=\"og:description\" content=\"\u2783 Turn\u00e9\" \/>\n<meta property=\"og:url\" content=\"https:\/\/wordpress.kulturtanken.app\/staging\/dks-portalen\/stegforsteg\/4-turne\/\" \/>\n<meta property=\"og:site_name\" content=\"Den kulturelle skolesekken\" \/>\n<meta property=\"article:modified_time\" content=\"2020-03-03T14:02:21+00:00\" \/>\n<meta name=\"twitter:card\" content=\"summary_large_image\" \/>\n<script type=\"application\/ld+json\" class=\"yoast-schema-graph\">{\"@context\":\"https:\/\/schema.org\",\"@graph\":[{\"@type\":\"WebPage\",\"@id\":\"https:\/\/wordpress.kulturtanken.app\/staging\/dks-portalen\/stegforsteg\/4-turne\/\",\"url\":\"https:\/\/wordpress.kulturtanken.app\/staging\/dks-portalen\/stegforsteg\/4-turne\/\",\"name\":\"4 - Turn\u00e9 - Den kulturelle skolesekken\",\"isPartOf\":{\"@id\":\"https:\/\/35.241.27.161\/staging\/#website\"},\"datePublished\":\"2020-02-10T09:48:08+00:00\",\"dateModified\":\"2020-03-03T14:02:21+00:00\",\"breadcrumb\":{\"@id\":\"https:\/\/wordpress.kulturtanken.app\/staging\/dks-portalen\/stegforsteg\/4-turne\/#breadcrumb\"},\"inLanguage\":\"en-US\",\"potentialAction\":[{\"@type\":\"ReadAction\",\"target\":[\"https:\/\/wordpress.kulturtanken.app\/staging\/dks-portalen\/stegforsteg\/4-turne\/\"]}]},{\"@type\":\"BreadcrumbList\",\"@id\":\"https:\/\/wordpress.kulturtanken.app\/staging\/dks-portalen\/stegforsteg\/4-turne\/#breadcrumb\",\"itemListElement\":[{\"@type\":\"ListItem\",\"position\":1,\"name\":\"Home\",\"item\":\"https:\/\/35.241.27.161\/staging\/\"},{\"@type\":\"ListItem\",\"position\":2,\"name\":\"DKS-portalen\",\"item\":\"https:\/\/wordpress.kulturtanken.app\/staging\/dks-portalen\/\"},{\"@type\":\"ListItem\",\"position\":3,\"name\":\"Steg for steg\",\"item\":\"https:\/\/wordpress.kulturtanken.app\/staging\/dks-portalen\/stegforsteg\/\"},{\"@type\":\"ListItem\",\"position\":4,\"name\":\"4 &#8211; Turn\u00e9\"}]},{\"@type\":\"WebSite\",\"@id\":\"https:\/\/35.241.27.161\/staging\/#website\",\"url\":\"https:\/\/35.241.27.161\/staging\/\",\"name\":\"Den kulturelle skolesekken\",\"description\":\"\",\"publisher\":{\"@id\":\"https:\/\/35.241.27.161\/staging\/#organization\"},\"potentialAction\":[{\"@type\":\"SearchAction\",\"target\":{\"@type\":\"EntryPoint\",\"urlTemplate\":\"https:\/\/35.241.27.161\/staging\/?s={search_term_string}\"},\"query-input\":{\"@type\":\"PropertyValueSpecification\",\"valueRequired\":true,\"valueName\":\"search_term_string\"}}],\"inLanguage\":\"en-US\"},{\"@type\":\"Organization\",\"@id\":\"https:\/\/35.241.27.161\/staging\/#organization\",\"name\":\"Den kulturelle skolesekken\",\"url\":\"https:\/\/35.241.27.161\/staging\/\",\"logo\":{\"@type\":\"ImageObject\",\"inLanguage\":\"en-US\",\"@id\":\"https:\/\/35.241.27.161\/staging\/#\/schema\/logo\/image\/\",\"url\":\"https:\/\/cdn.denkulturelleskolesekken.no\/staging\/974a904c-cropped-8d52d461-dks-logo1.png\",\"contentUrl\":\"https:\/\/cdn.denkulturelleskolesekken.no\/staging\/974a904c-cropped-8d52d461-dks-logo1.png\",\"width\":583,\"height\":120,\"caption\":\"Den kulturelle skolesekken\"},\"image\":{\"@id\":\"https:\/\/35.241.27.161\/staging\/#\/schema\/logo\/image\/\"}}]}<\/script>\n<!-- \/ Yoast SEO plugin. -->","yoast_head_json":{"title":"4 - Turn\u00e9 - Den kulturelle skolesekken","robots":{"index":"index","follow":"follow","max-snippet":"max-snippet:-1","max-image-preview":"max-image-preview:large","max-video-preview":"max-video-preview:-1"},"og_locale":"en_US","og_type":"article","og_title":"4 - Turn\u00e9 - Den kulturelle skolesekken","og_description":"\u2783 Turn\u00e9","og_url":"https:\/\/wordpress.kulturtanken.app\/staging\/dks-portalen\/stegforsteg\/4-turne\/","og_site_name":"Den kulturelle skolesekken","article_modified_time":"2020-03-03T14:02:21+00:00","twitter_card":"summary_large_image","schema":{"@context":"https:\/\/schema.org","@graph":[{"@type":"WebPage","@id":"https:\/\/wordpress.kulturtanken.app\/staging\/dks-portalen\/stegforsteg\/4-turne\/","url":"https:\/\/wordpress.kulturtanken.app\/staging\/dks-portalen\/stegforsteg\/4-turne\/","name":"4 - Turn\u00e9 - Den kulturelle skolesekken","isPartOf":{"@id":"https:\/\/35.241.27.161\/staging\/#website"},"datePublished":"2020-02-10T09:48:08+00:00","dateModified":"2020-03-03T14:02:21+00:00","breadcrumb":{"@id":"https:\/\/wordpress.kulturtanken.app\/staging\/dks-portalen\/stegforsteg\/4-turne\/#breadcrumb"},"inLanguage":"en-US","potentialAction":[{"@type":"ReadAction","target":["https:\/\/wordpress.kulturtanken.app\/staging\/dks-portalen\/stegforsteg\/4-turne\/"]}]},{"@type":"BreadcrumbList","@id":"https:\/\/wordpress.kulturtanken.app\/staging\/dks-portalen\/stegforsteg\/4-turne\/#breadcrumb","itemListElement":[{"@type":"ListItem","position":1,"name":"Home","item":"https:\/\/35.241.27.161\/staging\/"},{"@type":"ListItem","position":2,"name":"DKS-portalen","item":"https:\/\/wordpress.kulturtanken.app\/staging\/dks-portalen\/"},{"@type":"ListItem","position":3,"name":"Steg for steg","item":"https:\/\/wordpress.kulturtanken.app\/staging\/dks-portalen\/stegforsteg\/"},{"@type":"ListItem","position":4,"name":"4 &#8211; Turn\u00e9"}]},{"@type":"WebSite","@id":"https:\/\/35.241.27.161\/staging\/#website","url":"https:\/\/35.241.27.161\/staging\/","name":"Den kulturelle skolesekken","description":"","publisher":{"@id":"https:\/\/35.241.27.161\/staging\/#organization"},"potentialAction":[{"@type":"SearchAction","target":{"@type":"EntryPoint","urlTemplate":"https:\/\/35.241.27.161\/staging\/?s={search_term_string}"},"query-input":{"@type":"PropertyValueSpecification","valueRequired":true,"valueName":"search_term_string"}}],"inLanguage":"en-US"},{"@type":"Organization","@id":"https:\/\/35.241.27.161\/staging\/#organization","name":"Den kulturelle skolesekken","url":"https:\/\/35.241.27.161\/staging\/","logo":{"@type":"ImageObject","inLanguage":"en-US","@id":"https:\/\/35.241.27.161\/staging\/#\/schema\/logo\/image\/","url":"https:\/\/cdn.denkulturelleskolesekken.no\/staging\/974a904c-cropped-8d52d461-dks-logo1.png","contentUrl":"https:\/\/cdn.denkulturelleskolesekken.no\/staging\/974a904c-cropped-8d52d461-dks-logo1.png","width":583,"height":120,"caption":"Den kulturelle skolesekken"},"image":{"@id":"https:\/\/35.241.27.161\/staging\/#\/schema\/logo\/image\/"}}]}},"_links":{"self":[{"href":"https:\/\/wordpress.kulturtanken.app\/staging\/wp-json\/wp\/v2\/pages\/3085","targetHints":{"allow":["GET"]}}],"collection":[{"href":"https:\/\/wordpress.kulturtanken.app\/staging\/wp-json\/wp\/v2\/pages"}],"about":[{"href":"https:\/\/wordpress.kulturtanken.app\/staging\/wp-json\/wp\/v2\/types\/page"}],"author":[{"embeddable":true,"href":"https:\/\/wordpress.kulturtanken.app\/staging\/wp-json\/wp\/v2\/users\/7"}],"replies":[{"embeddable":true,"href":"https:\/\/wordpress.kulturtanken.app\/staging\/wp-json\/wp\/v2\/comments?post=3085"}],"version-history":[{"count":56,"href":"https:\/\/wordpress.kulturtanken.app\/staging\/wp-json\/wp\/v2\/pages\/3085\/revisions"}],"predecessor-version":[{"id":4536,"href":"https:\/\/wordpress.kulturtanken.app\/staging\/wp-json\/wp\/v2\/pages\/3085\/revisions\/4536"}],"up":[{"embeddable":true,"href":"https:\/\/wordpress.kulturtanken.app\/staging\/wp-json\/wp\/v2\/pages\/2894"}],"wp:attachment":[{"href":"https:\/\/wordpress.kulturtanken.app\/staging\/wp-json\/wp\/v2\/media?parent=3085"}],"curies":[{"name":"wp","href":"https:\/\/api.w.org\/{rel}","templated":true}]}}