{"id":3938,"date":"2020-02-21T12:11:27","date_gmt":"2020-02-21T12:11:27","guid":{"rendered":"https:\/\/www.denkulturelleskolesekken.no\/?page_id=3938"},"modified":"2020-06-30T08:13:21","modified_gmt":"2020-06-30T08:13:21","slug":"6-publisering","status":"publish","type":"page","link":"https:\/\/wordpress.kulturtanken.app\/staging\/dks-portalen\/stegforsteg\/6-publisering\/","title":{"rendered":"6 &#8211; Publisering"},"content":{"rendered":"<div id=\"pl-gb3938-69dd21eddf212\"  class=\"panel-layout\" ><div id=\"pg-gb3938-69dd21eddf212-0\"  class=\"panel-grid panel-no-style\" ><div id=\"pgc-gb3938-69dd21eddf212-0-0\"  class=\"panel-grid-cell\" ><div id=\"panel-gb3938-69dd21eddf212-0-0-0\" class=\"so-panel widget widget_sow-button panel-first-child panel-last-child\" data-index=\"0\" ><div class=\"panel-widget-style panel-widget-style-for-gb3938-69dd21eddf212-0-0-0\" ><div\n\t\t\t\n\t\t\tclass=\"so-widget-sow-button so-widget-sow-button-flat-c02efc7a7244-3938\"\n\t\t\t\n\t\t><div class=\"ow-button-base ow-button-align-left\"\n>\n\t\t\t<a\n\t\t\t\t\thref=\"https:\/\/wordpress.kulturtanken.app\/staging\/dks-portalen\/stegforsteg\/5-tildelingsflaten\/\"\n\t\t\t\t\tclass=\"sowb-button ow-icon-placement-left ow-button-hover\" \t>\n\t\t<span>\n\t\t\t\n\t\t\t\u276e\t\t<\/span>\n\t\t\t<\/a>\n\t<\/div>\n<\/div><\/div><\/div><\/div><div id=\"pgc-gb3938-69dd21eddf212-0-1\"  class=\"panel-grid-cell panel-grid-cell-mobile-last\" ><div id=\"panel-gb3938-69dd21eddf212-0-1-0\" class=\"so-panel widget widget_sow-editor panel-first-child panel-last-child\" data-index=\"1\" ><div\n\t\t\t\n\t\t\tclass=\"so-widget-sow-editor so-widget-sow-editor-base\"\n\t\t\t\n\t\t>\n<div class=\"siteorigin-widget-tinymce textwidget\">\n\t<h3 class=\"rich-text editor-rich-text__editable block-editor-rich-text__editable has-text-align-right is-selected\" style=\"text-align: center;\" role=\"textbox\" contenteditable=\"true\" aria-multiline=\"true\" aria-label=\"Write heading\u2026\">\u2785 Publisering<\/h3>\n<\/div>\n<\/div><\/div><\/div><div id=\"pgc-gb3938-69dd21eddf212-0-2\"  class=\"panel-grid-cell panel-grid-cell-empty\" ><\/div><\/div><div id=\"pg-gb3938-69dd21eddf212-1\"  class=\"panel-grid panel-has-style\" ><div class=\"panel-row-style panel-row-style-for-gb3938-69dd21eddf212-1\" ><div id=\"pgc-gb3938-69dd21eddf212-1-0\"  class=\"panel-grid-cell\" ><div id=\"panel-gb3938-69dd21eddf212-1-0-0\" class=\"so-panel widget widget_sow-editor panel-first-child panel-last-child\" data-index=\"2\" ><div class=\"panel-widget-style panel-widget-style-for-gb3938-69dd21eddf212-1-0-0\" ><div\n\t\t\t\n\t\t\tclass=\"so-widget-sow-editor so-widget-sow-editor-base\"\n\t\t\t\n\t\t>\n<div class=\"siteorigin-widget-tinymce textwidget\">\n\t<\/div>\n<\/div><\/div><\/div><\/div><\/div><\/div><div id=\"pg-gb3938-69dd21eddf212-2\"  class=\"panel-grid panel-has-style\" ><div class=\"siteorigin-panels-stretch panel-row-style panel-row-style-for-gb3938-69dd21eddf212-2\" data-stretch-type=\"full-width-stretch\" ><div id=\"pgc-gb3938-69dd21eddf212-2-0\"  class=\"panel-grid-cell\" ><div id=\"panel-gb3938-69dd21eddf212-2-0-0\" class=\"so-panel widget widget_nav_menu panel-first-child\" data-index=\"3\" ><div class=\"kt-menu panel-widget-style panel-widget-style-for-gb3938-69dd21eddf212-2-0-0\" ><div class=\"menu-opplaering-guide-container\"><ul id=\"menu-opplaering-guide\" class=\"menu\"><li id=\"menu-item-3388\" class=\"menu-item menu-item-type-post_type menu-item-object-page menu-item-has-children menu-item-3388\"><a href=\"https:\/\/wordpress.kulturtanken.app\/staging\/dks-portalen\/\">DKS-portalen<\/a>\n<ul class=\"sub-menu\">\n\t<li id=\"menu-item-3524\" class=\"menu-item menu-item-type-post_type menu-item-object-page menu-item-3524\"><a href=\"https:\/\/wordpress.kulturtanken.app\/staging\/dks-portalen\/kulturkontakt\/\">Kulturkontakt<\/a><\/li>\n\t<li id=\"menu-item-3525\" class=\"menu-item menu-item-type-post_type menu-item-object-page menu-item-3525\"><a href=\"https:\/\/wordpress.kulturtanken.app\/staging\/dks-portalen\/planlegger-i-en-kommune\/\">Planlegger i DKS<\/a><\/li>\n<\/ul>\n<\/li>\n<li id=\"menu-item-3394\" class=\"menu-item menu-item-type-post_type menu-item-object-page menu-item-has-children menu-item-3394\"><a href=\"https:\/\/wordpress.kulturtanken.app\/staging\/dks-portalen\/stegforsteg\/\">Steg for steg<\/a>\n<ul class=\"sub-menu\">\n\t<li id=\"menu-item-3395\" class=\"menu-item menu-item-type-post_type menu-item-object-page menu-item-3395\"><a href=\"https:\/\/wordpress.kulturtanken.app\/staging\/dks-portalen\/stegforsteg\/1-forside\/\">\u2780 Forside<\/a><\/li>\n\t<li id=\"menu-item-3397\" class=\"menu-item menu-item-type-post_type menu-item-object-page menu-item-3397\"><a href=\"https:\/\/wordpress.kulturtanken.app\/staging\/dks-portalen\/stegforsteg\/2-forslag\/\">\u2781 Forslag<\/a><\/li>\n\t<li id=\"menu-item-3810\" class=\"menu-item menu-item-type-post_type menu-item-object-page menu-item-3810\"><a href=\"https:\/\/wordpress.kulturtanken.app\/staging\/dks-portalen\/stegforsteg\/3-produksjon\/\">\u2782 Produksjon<\/a><\/li>\n\t<li id=\"menu-item-3399\" class=\"menu-item menu-item-type-post_type menu-item-object-page menu-item-3399\"><a href=\"https:\/\/wordpress.kulturtanken.app\/staging\/dks-portalen\/stegforsteg\/4-turne\/\">\u2783 Turn\u00e9<\/a><\/li>\n\t<li id=\"menu-item-3392\" class=\"menu-item menu-item-type-post_type menu-item-object-page menu-item-3392\"><a href=\"https:\/\/wordpress.kulturtanken.app\/staging\/dks-portalen\/stegforsteg\/5-tildelingsflaten\/\">\u2784 Tildelingsflaten<\/a><\/li>\n\t<li id=\"menu-item-3941\" class=\"menu-item menu-item-type-post_type menu-item-object-page menu-item-3941\"><a href=\"https:\/\/wordpress.kulturtanken.app\/staging\/dks-portalen\/stegforsteg\/6-publisering\/\">\u2785 Publisering<\/a><\/li>\n<\/ul>\n<\/li>\n<li id=\"menu-item-3400\" class=\"menu-item menu-item-type-post_type menu-item-object-page menu-item-has-children menu-item-3400\"><a href=\"https:\/\/wordpress.kulturtanken.app\/staging\/dks-portalen\/portal-og-fagsystem-brukerdokumentasjon\/\">Veiledning<\/a>\n<ul class=\"sub-menu\">\n\t<li id=\"menu-item-4649\" class=\"menu-item menu-item-type-post_type menu-item-object-page menu-item-4649\"><a href=\"https:\/\/wordpress.kulturtanken.app\/staging\/dks-portalen\/portal-og-fagsystem-planlegger-i-et-fylke-eller-direktekommune\/generelt\/\">+ Generelt<\/a><\/li>\n\t<li id=\"menu-item-4650\" class=\"menu-item menu-item-type-post_type menu-item-object-page menu-item-4650\"><a href=\"https:\/\/wordpress.kulturtanken.app\/staging\/dks-portalen\/portal-og-fagsystem-planlegger-i-et-fylke-eller-direktekommune\/resurser-forslag\/\">+ Forslag<\/a><\/li>\n\t<li id=\"menu-item-4648\" class=\"menu-item menu-item-type-post_type menu-item-object-page menu-item-4648\"><a href=\"https:\/\/wordpress.kulturtanken.app\/staging\/dks-portalen\/portal-og-fagsystem-planlegger-i-et-fylke-eller-direktekommune\/produksjoner\/\">+ Produksjoner<\/a><\/li>\n\t<li id=\"menu-item-4647\" class=\"menu-item menu-item-type-post_type menu-item-object-page menu-item-4647\"><a href=\"https:\/\/wordpress.kulturtanken.app\/staging\/dks-portalen\/portal-og-fagsystem-planlegger-i-et-fylke-eller-direktekommune\/turne\/\">+ Turn\u00e9<\/a><\/li>\n<\/ul>\n<\/li>\n<li id=\"menu-item-6518\" class=\"menu-item menu-item-type-custom menu-item-object-custom menu-item-6518\"><a href=\"https:\/\/forum.denkulturelleskolesekken.no\/\">Brukerforum<\/a><\/li>\n<li id=\"menu-item-3393\" class=\"menu-item menu-item-type-post_type menu-item-object-page menu-item-3393\"><a href=\"https:\/\/wordpress.kulturtanken.app\/staging\/brukerstotte\/\">Brukerst\u00f8tte<\/a><\/li>\n<\/ul><\/div><\/div><\/div><div id=\"panel-gb3938-69dd21eddf212-2-0-1\" class=\"so-panel widget widget_sow-editor panel-last-child\" data-index=\"4\" ><div class=\"panel-widget-style panel-widget-style-for-gb3938-69dd21eddf212-2-0-1\" ><div\n\t\t\t\n\t\t\tclass=\"so-widget-sow-editor so-widget-sow-editor-base\"\n\t\t\t\n\t\t>\n<div class=\"siteorigin-widget-tinymce textwidget\">\n\t<\/div>\n<\/div><\/div><\/div><\/div><div id=\"pgc-gb3938-69dd21eddf212-2-1\"  class=\"panel-grid-cell\" ><div id=\"panel-gb3938-69dd21eddf212-2-1-0\" class=\"so-panel widget widget_sow-slider panel-first-child\" data-index=\"5\" ><div\n\t\t\t\n\t\t\tclass=\"so-widget-sow-slider so-widget-sow-slider-default-c8fd8208145c-3938\"\n\t\t\t\n\t\t>\t\t\t\t<div class=\"sow-slider-base\" style=\"display: none\" tabindex=\"0\">\n\t\t\t\t\t<ul\n\t\t\t\t\tclass=\"sow-slider-images\"\n\t\t\t\t\tdata-settings=\"{&quot;pagination&quot;:true,&quot;speed&quot;:800,&quot;timeout&quot;:8000,&quot;paused&quot;:false,&quot;pause_on_hover&quot;:false,&quot;swipe&quot;:true,&quot;nav_always_show_desktop&quot;:&quot;&quot;,&quot;nav_always_show_mobile&quot;:true,&quot;breakpoint&quot;:&quot;780px&quot;,&quot;unmute&quot;:false,&quot;anchor&quot;:null}\"\n\t\t\t\t\t\t\t\t\t\tdata-anchor-id=\"\"\n\t\t\t\t>\t\t<li class=\"sow-slider-image\" style=\"visibility: visible;\" >\n\t\t\t\t\t\t<img loading=\"lazy\" decoding=\"async\" width=\"1280\" height=\"720\" src=\"https:\/\/cdn.denkulturelleskolesekken.no\/national\/2019\/11\/Lysbilde24.png\" class=\"sow-slider-background-image wp-stateless-item\" alt=\"\" style=\"\" data-image-size=\"full\" data-stateless-media-bucket=\"kulturtanken-wordpress-cdn\" data-stateless-media-name=\"national\/2019\/11\/Lysbilde24.png\" \/>\t\t<\/li>\n\t\t\t\t<li class=\"sow-slider-image\" style=\"visibility: hidden;\" >\n\t\t\t\t\t\t<img loading=\"lazy\" decoding=\"async\" width=\"1280\" height=\"720\" src=\"https:\/\/cdn.denkulturelleskolesekken.no\/national\/2019\/11\/Lysbilde22.png\" class=\"sow-slider-background-image wp-stateless-item\" alt=\"\" style=\"\" data-image-size=\"full\" data-stateless-media-bucket=\"kulturtanken-wordpress-cdn\" data-stateless-media-name=\"national\/2019\/11\/Lysbilde22.png\" \/>\t\t<\/li>\n\t\t\t\t<li class=\"sow-slider-image\" style=\"visibility: hidden;\" >\n\t\t\t\t\t\t<img loading=\"lazy\" decoding=\"async\" width=\"1280\" height=\"720\" src=\"https:\/\/cdn.denkulturelleskolesekken.no\/national\/2019\/11\/Lysbilde25.png\" class=\"sow-slider-background-image wp-stateless-item\" alt=\"\" style=\"\" data-image-size=\"full\" data-stateless-media-bucket=\"kulturtanken-wordpress-cdn\" data-stateless-media-name=\"national\/2019\/11\/Lysbilde25.png\" \/>\t\t<\/li>\n\t\t<\/ul>\t\t\t\t<ol class=\"sow-slider-pagination\">\n\t\t\t\t\t\t\t\t\t\t\t<li><a href=\"#\" data-goto=\"0\" aria-label=\"Display slide 1\"><\/a><\/li>\n\t\t\t\t\t\t\t\t\t\t\t<li><a href=\"#\" data-goto=\"1\" aria-label=\"Display slide 2\"><\/a><\/li>\n\t\t\t\t\t\t\t\t\t\t\t<li><a href=\"#\" data-goto=\"2\" aria-label=\"Display slide 3\"><\/a><\/li>\n\t\t\t\t\t\t\t\t\t<\/ol>\n\n\t\t\t\t<div class=\"sow-slide-nav sow-slide-nav-next\">\n\t\t\t\t\t<a href=\"#\" data-goto=\"next\" aria-label=\"Next slide\" data-action=\"next\">\n\t\t\t\t\t\t<em class=\"sow-sld-icon-medium-right\"><\/em>\n\t\t\t\t\t<\/a>\n\t\t\t\t<\/div>\n\n\t\t\t\t<div class=\"sow-slide-nav sow-slide-nav-prev\">\n\t\t\t\t\t<a href=\"#\" data-goto=\"previous\" aria-label=\"Previous slide\" data-action=\"prev\">\n\t\t\t\t\t\t<em class=\"sow-sld-icon-medium-left\"><\/em>\n\t\t\t\t\t<\/a>\n\t\t\t\t<\/div>\n\t\t\t\t<\/div><\/div><\/div><div id=\"panel-gb3938-69dd21eddf212-2-1-1\" class=\"so-panel widget widget_sow-editor\" data-index=\"6\" ><div class=\"panel-widget-style panel-widget-style-for-gb3938-69dd21eddf212-2-1-1\" ><div\n\t\t\t\n\t\t\tclass=\"so-widget-sow-editor so-widget-sow-editor-base\"\n\t\t\t\n\t\t>\n<div class=\"siteorigin-widget-tinymce textwidget\">\n\t<h2 style=\"text-align: center;\">Lykke til med planleggingen!<\/h2>\n<p style=\"text-align: center;\">Mer detaljert informasjon om systemet og hvordan det fungerer <strong><a href=\"https:\/\/www.denkulturelleskolesekken.no\/dks-portalen\/portal-og-fagsystem-brukerdokumentasjon\/\">finner du her.<\/a><\/strong><\/p>\n<\/div>\n<\/div><\/div><\/div><div id=\"panel-gb3938-69dd21eddf212-2-1-2\" class=\"so-panel widget widget_sow-editor panel-last-child\" data-index=\"7\" ><div class=\"panel-widget-style panel-widget-style-for-gb3938-69dd21eddf212-2-1-2\" ><div\n\t\t\t\n\t\t\tclass=\"so-widget-sow-editor so-widget-sow-editor-base\"\n\t\t\t\n\t\t>\n<div class=\"siteorigin-widget-tinymce textwidget\">\n\t<hr \/>\n<p>&nbsp;<\/p>\n<\/div>\n<\/div><\/div><\/div><\/div><div id=\"pgc-gb3938-69dd21eddf212-2-2\"  class=\"panel-grid-cell\" ><div id=\"panel-gb3938-69dd21eddf212-2-2-0\" class=\"so-panel widget widget_sow-editor panel-first-child\" data-index=\"8\" ><div class=\"panel-widget-style panel-widget-style-for-gb3938-69dd21eddf212-2-2-0\" ><div\n\t\t\t\n\t\t\tclass=\"so-widget-sow-editor so-widget-sow-editor-base\"\n\t\t\t\n\t\t>\n<div class=\"siteorigin-widget-tinymce textwidget\">\n\t<\/div>\n<\/div><\/div><\/div><div id=\"panel-gb3938-69dd21eddf212-2-2-1\" class=\"so-panel widget widget_sow-editor\" data-index=\"9\" ><div class=\"panel-widget-style panel-widget-style-for-gb3938-69dd21eddf212-2-2-1\" ><div\n\t\t\t\n\t\t\tclass=\"so-widget-sow-editor so-widget-sow-editor-base\"\n\t\t\t\n\t\t>\n<div class=\"siteorigin-widget-tinymce textwidget\">\n\t<h2 style=\"text-align: left;\">Publisere turn\u00e9<\/h2>\n<p>En turn\u00e9 m\u00e5 ha status &#8220;publisert&#8221; for at arrangementer skal kunne vises til skolen.<\/p>\n<\/div>\n<\/div><\/div><\/div><div id=\"panel-gb3938-69dd21eddf212-2-2-2\" class=\"so-panel widget widget_sow-editor panel-last-child\" data-index=\"10\" ><div class=\"panel-widget-style panel-widget-style-for-gb3938-69dd21eddf212-2-2-2\" ><div\n\t\t\t\n\t\t\tclass=\"so-widget-sow-editor so-widget-sow-editor-base\"\n\t\t\t\n\t\t>\n<div class=\"siteorigin-widget-tinymce textwidget\">\n\t<h2 style=\"text-align: left;\">Publisere produksjon<\/h2>\n<p style=\"text-align: left;\">I fanen &#8220;Publisering&#8221; m\u00e5 du huke av for at produksjonen kan vises i WordPress. Da vil produksjon vises p\u00e5 denkulturelleskolesekken.no. Bilde og video som publiseres b\u00f8r v\u00e6re i breddeformat (72-96 dpi for foto) og alle rettigheter m\u00e5 v\u00e6re avklart. Trykk p\u00e5 &#8220;rediger produksjon&#8221;\u00a0 for \u00e5 komme til fanen &#8220;Publisering&#8221;.<\/p>\n<p><img loading=\"lazy\" decoding=\"async\" class=\"size-full wp-image-4341 alignnone\" src=\"https:\/\/cdn.denkulturelleskolesekken.no\/national\/2020\/02\/efd52c80-rediger-produksjon.png\" alt=\"\" width=\"201\" height=\"64\" \/><\/p>\n<p><img loading=\"lazy\" decoding=\"async\" class=\" wp-image-4342 alignnone\" src=\"https:\/\/cdn.denkulturelleskolesekken.no\/national\/2020\/02\/aaee1ee1-publisering-v2.png\" alt=\"\" width=\"463\" height=\"59\" \/><\/p>\n<\/div>\n<\/div><\/div><\/div><\/div><\/div><\/div><\/div>\n\n\n<p><\/p>\n","protected":false},"excerpt":{"rendered":"<p>\u2785 Publisering<\/p>\n","protected":false},"author":7,"featured_media":0,"parent":2894,"menu_order":0,"comment_status":"closed","ping_status":"closed","template":"custom-wide-page-widget.php","meta":{"footnotes":""},"class_list":["post-3938","page","type-page","status-publish","hentry"],"yoast_head":"<!-- This site is optimized with the Yoast SEO plugin v26.0 - https:\/\/yoast.com\/wordpress\/plugins\/seo\/ -->\n<title>6 - Publisering - Den kulturelle skolesekken<\/title>\n<meta name=\"robots\" content=\"index, follow, max-snippet:-1, max-image-preview:large, max-video-preview:-1\" \/>\n<meta property=\"og:locale\" content=\"en_US\" \/>\n<meta property=\"og:type\" content=\"article\" \/>\n<meta property=\"og:title\" content=\"6 - Publisering - Den kulturelle skolesekken\" \/>\n<meta property=\"og:description\" content=\"\u2785 Publisering\" \/>\n<meta property=\"og:url\" content=\"https:\/\/wordpress.kulturtanken.app\/staging\/dks-portalen\/stegforsteg\/6-publisering\/\" \/>\n<meta property=\"og:site_name\" content=\"Den kulturelle skolesekken\" \/>\n<meta property=\"article:modified_time\" content=\"2020-06-30T08:13:21+00:00\" \/>\n<meta name=\"twitter:card\" content=\"summary_large_image\" \/>\n<script type=\"application\/ld+json\" class=\"yoast-schema-graph\">{\"@context\":\"https:\/\/schema.org\",\"@graph\":[{\"@type\":\"WebPage\",\"@id\":\"https:\/\/wordpress.kulturtanken.app\/staging\/dks-portalen\/stegforsteg\/6-publisering\/\",\"url\":\"https:\/\/wordpress.kulturtanken.app\/staging\/dks-portalen\/stegforsteg\/6-publisering\/\",\"name\":\"6 - Publisering - Den kulturelle skolesekken\",\"isPartOf\":{\"@id\":\"https:\/\/35.241.27.161\/staging\/#website\"},\"datePublished\":\"2020-02-21T12:11:27+00:00\",\"dateModified\":\"2020-06-30T08:13:21+00:00\",\"breadcrumb\":{\"@id\":\"https:\/\/wordpress.kulturtanken.app\/staging\/dks-portalen\/stegforsteg\/6-publisering\/#breadcrumb\"},\"inLanguage\":\"en-US\",\"potentialAction\":[{\"@type\":\"ReadAction\",\"target\":[\"https:\/\/wordpress.kulturtanken.app\/staging\/dks-portalen\/stegforsteg\/6-publisering\/\"]}]},{\"@type\":\"BreadcrumbList\",\"@id\":\"https:\/\/wordpress.kulturtanken.app\/staging\/dks-portalen\/stegforsteg\/6-publisering\/#breadcrumb\",\"itemListElement\":[{\"@type\":\"ListItem\",\"position\":1,\"name\":\"Home\",\"item\":\"https:\/\/35.241.27.161\/staging\/\"},{\"@type\":\"ListItem\",\"position\":2,\"name\":\"DKS-portalen\",\"item\":\"https:\/\/wordpress.kulturtanken.app\/staging\/dks-portalen\/\"},{\"@type\":\"ListItem\",\"position\":3,\"name\":\"Steg for steg\",\"item\":\"https:\/\/wordpress.kulturtanken.app\/staging\/dks-portalen\/stegforsteg\/\"},{\"@type\":\"ListItem\",\"position\":4,\"name\":\"6 &#8211; Publisering\"}]},{\"@type\":\"WebSite\",\"@id\":\"https:\/\/35.241.27.161\/staging\/#website\",\"url\":\"https:\/\/35.241.27.161\/staging\/\",\"name\":\"Den kulturelle skolesekken\",\"description\":\"\",\"publisher\":{\"@id\":\"https:\/\/35.241.27.161\/staging\/#organization\"},\"potentialAction\":[{\"@type\":\"SearchAction\",\"target\":{\"@type\":\"EntryPoint\",\"urlTemplate\":\"https:\/\/35.241.27.161\/staging\/?s={search_term_string}\"},\"query-input\":{\"@type\":\"PropertyValueSpecification\",\"valueRequired\":true,\"valueName\":\"search_term_string\"}}],\"inLanguage\":\"en-US\"},{\"@type\":\"Organization\",\"@id\":\"https:\/\/35.241.27.161\/staging\/#organization\",\"name\":\"Den kulturelle skolesekken\",\"url\":\"https:\/\/35.241.27.161\/staging\/\",\"logo\":{\"@type\":\"ImageObject\",\"inLanguage\":\"en-US\",\"@id\":\"https:\/\/35.241.27.161\/staging\/#\/schema\/logo\/image\/\",\"url\":\"https:\/\/cdn.denkulturelleskolesekken.no\/staging\/974a904c-cropped-8d52d461-dks-logo1.png\",\"contentUrl\":\"https:\/\/cdn.denkulturelleskolesekken.no\/staging\/974a904c-cropped-8d52d461-dks-logo1.png\",\"width\":583,\"height\":120,\"caption\":\"Den kulturelle skolesekken\"},\"image\":{\"@id\":\"https:\/\/35.241.27.161\/staging\/#\/schema\/logo\/image\/\"}}]}<\/script>\n<!-- \/ Yoast SEO plugin. -->","yoast_head_json":{"title":"6 - Publisering - Den kulturelle skolesekken","robots":{"index":"index","follow":"follow","max-snippet":"max-snippet:-1","max-image-preview":"max-image-preview:large","max-video-preview":"max-video-preview:-1"},"og_locale":"en_US","og_type":"article","og_title":"6 - Publisering - Den kulturelle skolesekken","og_description":"\u2785 Publisering","og_url":"https:\/\/wordpress.kulturtanken.app\/staging\/dks-portalen\/stegforsteg\/6-publisering\/","og_site_name":"Den kulturelle skolesekken","article_modified_time":"2020-06-30T08:13:21+00:00","twitter_card":"summary_large_image","schema":{"@context":"https:\/\/schema.org","@graph":[{"@type":"WebPage","@id":"https:\/\/wordpress.kulturtanken.app\/staging\/dks-portalen\/stegforsteg\/6-publisering\/","url":"https:\/\/wordpress.kulturtanken.app\/staging\/dks-portalen\/stegforsteg\/6-publisering\/","name":"6 - Publisering - Den kulturelle skolesekken","isPartOf":{"@id":"https:\/\/35.241.27.161\/staging\/#website"},"datePublished":"2020-02-21T12:11:27+00:00","dateModified":"2020-06-30T08:13:21+00:00","breadcrumb":{"@id":"https:\/\/wordpress.kulturtanken.app\/staging\/dks-portalen\/stegforsteg\/6-publisering\/#breadcrumb"},"inLanguage":"en-US","potentialAction":[{"@type":"ReadAction","target":["https:\/\/wordpress.kulturtanken.app\/staging\/dks-portalen\/stegforsteg\/6-publisering\/"]}]},{"@type":"BreadcrumbList","@id":"https:\/\/wordpress.kulturtanken.app\/staging\/dks-portalen\/stegforsteg\/6-publisering\/#breadcrumb","itemListElement":[{"@type":"ListItem","position":1,"name":"Home","item":"https:\/\/35.241.27.161\/staging\/"},{"@type":"ListItem","position":2,"name":"DKS-portalen","item":"https:\/\/wordpress.kulturtanken.app\/staging\/dks-portalen\/"},{"@type":"ListItem","position":3,"name":"Steg for steg","item":"https:\/\/wordpress.kulturtanken.app\/staging\/dks-portalen\/stegforsteg\/"},{"@type":"ListItem","position":4,"name":"6 &#8211; Publisering"}]},{"@type":"WebSite","@id":"https:\/\/35.241.27.161\/staging\/#website","url":"https:\/\/35.241.27.161\/staging\/","name":"Den kulturelle skolesekken","description":"","publisher":{"@id":"https:\/\/35.241.27.161\/staging\/#organization"},"potentialAction":[{"@type":"SearchAction","target":{"@type":"EntryPoint","urlTemplate":"https:\/\/35.241.27.161\/staging\/?s={search_term_string}"},"query-input":{"@type":"PropertyValueSpecification","valueRequired":true,"valueName":"search_term_string"}}],"inLanguage":"en-US"},{"@type":"Organization","@id":"https:\/\/35.241.27.161\/staging\/#organization","name":"Den kulturelle skolesekken","url":"https:\/\/35.241.27.161\/staging\/","logo":{"@type":"ImageObject","inLanguage":"en-US","@id":"https:\/\/35.241.27.161\/staging\/#\/schema\/logo\/image\/","url":"https:\/\/cdn.denkulturelleskolesekken.no\/staging\/974a904c-cropped-8d52d461-dks-logo1.png","contentUrl":"https:\/\/cdn.denkulturelleskolesekken.no\/staging\/974a904c-cropped-8d52d461-dks-logo1.png","width":583,"height":120,"caption":"Den kulturelle skolesekken"},"image":{"@id":"https:\/\/35.241.27.161\/staging\/#\/schema\/logo\/image\/"}}]}},"_links":{"self":[{"href":"https:\/\/wordpress.kulturtanken.app\/staging\/wp-json\/wp\/v2\/pages\/3938","targetHints":{"allow":["GET"]}}],"collection":[{"href":"https:\/\/wordpress.kulturtanken.app\/staging\/wp-json\/wp\/v2\/pages"}],"about":[{"href":"https:\/\/wordpress.kulturtanken.app\/staging\/wp-json\/wp\/v2\/types\/page"}],"author":[{"embeddable":true,"href":"https:\/\/wordpress.kulturtanken.app\/staging\/wp-json\/wp\/v2\/users\/7"}],"replies":[{"embeddable":true,"href":"https:\/\/wordpress.kulturtanken.app\/staging\/wp-json\/wp\/v2\/comments?post=3938"}],"version-history":[{"count":59,"href":"https:\/\/wordpress.kulturtanken.app\/staging\/wp-json\/wp\/v2\/pages\/3938\/revisions"}],"predecessor-version":[{"id":5139,"href":"https:\/\/wordpress.kulturtanken.app\/staging\/wp-json\/wp\/v2\/pages\/3938\/revisions\/5139"}],"up":[{"embeddable":true,"href":"https:\/\/wordpress.kulturtanken.app\/staging\/wp-json\/wp\/v2\/pages\/2894"}],"wp:attachment":[{"href":"https:\/\/wordpress.kulturtanken.app\/staging\/wp-json\/wp\/v2\/media?parent=3938"}],"curies":[{"name":"wp","href":"https:\/\/api.w.org\/{rel}","templated":true}]}}