{"id":4629,"date":"2020-03-13T21:27:27","date_gmt":"2020-03-13T21:27:27","guid":{"rendered":"https:\/\/www.denkulturelleskolesekken.no\/?page_id=4629"},"modified":"2021-04-07T20:33:45","modified_gmt":"2021-04-07T20:33:45","slug":"turne","status":"publish","type":"page","link":"https:\/\/wordpress.kulturtanken.app\/staging\/dks-portalen\/portal-og-fagsystem-planlegger-i-et-fylke-eller-direktekommune\/turne\/","title":{"rendered":"+ Turn\u00e9"},"content":{"rendered":"<div id=\"pl-gb4629-69dd22d4b54ff\"  class=\"panel-layout\" ><div id=\"pg-gb4629-69dd22d4b54ff-0\"  class=\"panel-grid panel-no-style\" ><div id=\"pgc-gb4629-69dd22d4b54ff-0-0\"  class=\"panel-grid-cell\" ><div id=\"panel-gb4629-69dd22d4b54ff-0-0-0\" class=\"so-panel widget widget_sow-editor panel-first-child panel-last-child\" data-index=\"0\" ><div\n\t\t\t\n\t\t\tclass=\"so-widget-sow-editor so-widget-sow-editor-base\"\n\t\t\t\n\t\t>\n<div class=\"siteorigin-widget-tinymce textwidget\">\n\t<h1 style=\"text-align: center;\">Turn\u00e9<\/h1>\n<\/div>\n<\/div><\/div><\/div><\/div><\/div>\n\n<div id=\"pl-gb4629-69dd22d4cf761\"  class=\"panel-layout\" ><div id=\"pg-gb4629-69dd22d4cf761-0\"  class=\"panel-grid panel-has-style\" ><div class=\"siteorigin-panels-stretch panel-row-style panel-row-style-for-gb4629-69dd22d4cf761-0\" data-stretch-type=\"full-width-stretch\" ><div id=\"pgc-gb4629-69dd22d4cf761-0-0\"  class=\"panel-grid-cell\" ><div id=\"panel-gb4629-69dd22d4cf761-0-0-0\" class=\"so-panel widget widget_nav_menu panel-first-child panel-last-child\" data-index=\"0\" ><div class=\"kt-menu panel-widget-style panel-widget-style-for-gb4629-69dd22d4cf761-0-0-0\" ><div class=\"menu-opplaering-guide-container\"><ul id=\"menu-opplaering-guide\" class=\"menu\"><li id=\"menu-item-3388\" class=\"menu-item menu-item-type-post_type menu-item-object-page menu-item-has-children menu-item-3388\"><a href=\"https:\/\/wordpress.kulturtanken.app\/staging\/dks-portalen\/\">DKS-portalen<\/a>\n<ul class=\"sub-menu\">\n\t<li id=\"menu-item-3524\" class=\"menu-item menu-item-type-post_type menu-item-object-page menu-item-3524\"><a href=\"https:\/\/wordpress.kulturtanken.app\/staging\/dks-portalen\/kulturkontakt\/\">Kulturkontakt<\/a><\/li>\n\t<li id=\"menu-item-3525\" class=\"menu-item menu-item-type-post_type menu-item-object-page menu-item-3525\"><a href=\"https:\/\/wordpress.kulturtanken.app\/staging\/dks-portalen\/planlegger-i-en-kommune\/\">Planlegger i DKS<\/a><\/li>\n<\/ul>\n<\/li>\n<li id=\"menu-item-3394\" class=\"menu-item menu-item-type-post_type menu-item-object-page menu-item-has-children menu-item-3394\"><a href=\"https:\/\/wordpress.kulturtanken.app\/staging\/dks-portalen\/stegforsteg\/\">Steg for steg<\/a>\n<ul class=\"sub-menu\">\n\t<li id=\"menu-item-3395\" class=\"menu-item menu-item-type-post_type menu-item-object-page menu-item-3395\"><a href=\"https:\/\/wordpress.kulturtanken.app\/staging\/dks-portalen\/stegforsteg\/1-forside\/\">\u2780 Forside<\/a><\/li>\n\t<li id=\"menu-item-3397\" class=\"menu-item menu-item-type-post_type menu-item-object-page menu-item-3397\"><a href=\"https:\/\/wordpress.kulturtanken.app\/staging\/dks-portalen\/stegforsteg\/2-forslag\/\">\u2781 Forslag<\/a><\/li>\n\t<li id=\"menu-item-3810\" class=\"menu-item menu-item-type-post_type menu-item-object-page menu-item-3810\"><a href=\"https:\/\/wordpress.kulturtanken.app\/staging\/dks-portalen\/stegforsteg\/3-produksjon\/\">\u2782 Produksjon<\/a><\/li>\n\t<li id=\"menu-item-3399\" class=\"menu-item menu-item-type-post_type menu-item-object-page menu-item-3399\"><a href=\"https:\/\/wordpress.kulturtanken.app\/staging\/dks-portalen\/stegforsteg\/4-turne\/\">\u2783 Turn\u00e9<\/a><\/li>\n\t<li id=\"menu-item-3392\" class=\"menu-item menu-item-type-post_type menu-item-object-page menu-item-3392\"><a href=\"https:\/\/wordpress.kulturtanken.app\/staging\/dks-portalen\/stegforsteg\/5-tildelingsflaten\/\">\u2784 Tildelingsflaten<\/a><\/li>\n\t<li id=\"menu-item-3941\" class=\"menu-item menu-item-type-post_type menu-item-object-page menu-item-3941\"><a href=\"https:\/\/wordpress.kulturtanken.app\/staging\/dks-portalen\/stegforsteg\/6-publisering\/\">\u2785 Publisering<\/a><\/li>\n<\/ul>\n<\/li>\n<li id=\"menu-item-3400\" class=\"menu-item menu-item-type-post_type menu-item-object-page menu-item-has-children menu-item-3400\"><a href=\"https:\/\/wordpress.kulturtanken.app\/staging\/dks-portalen\/portal-og-fagsystem-brukerdokumentasjon\/\">Veiledning<\/a>\n<ul class=\"sub-menu\">\n\t<li id=\"menu-item-4649\" class=\"menu-item menu-item-type-post_type menu-item-object-page menu-item-4649\"><a href=\"https:\/\/wordpress.kulturtanken.app\/staging\/dks-portalen\/portal-og-fagsystem-planlegger-i-et-fylke-eller-direktekommune\/generelt\/\">+ Generelt<\/a><\/li>\n\t<li id=\"menu-item-4650\" class=\"menu-item menu-item-type-post_type menu-item-object-page menu-item-4650\"><a href=\"https:\/\/wordpress.kulturtanken.app\/staging\/dks-portalen\/portal-og-fagsystem-planlegger-i-et-fylke-eller-direktekommune\/resurser-forslag\/\">+ Forslag<\/a><\/li>\n\t<li id=\"menu-item-4648\" class=\"menu-item menu-item-type-post_type menu-item-object-page menu-item-4648\"><a href=\"https:\/\/wordpress.kulturtanken.app\/staging\/dks-portalen\/portal-og-fagsystem-planlegger-i-et-fylke-eller-direktekommune\/produksjoner\/\">+ Produksjoner<\/a><\/li>\n\t<li id=\"menu-item-4647\" class=\"menu-item menu-item-type-post_type menu-item-object-page menu-item-4647\"><a href=\"https:\/\/wordpress.kulturtanken.app\/staging\/dks-portalen\/portal-og-fagsystem-planlegger-i-et-fylke-eller-direktekommune\/turne\/\">+ Turn\u00e9<\/a><\/li>\n<\/ul>\n<\/li>\n<li id=\"menu-item-6518\" class=\"menu-item menu-item-type-custom menu-item-object-custom menu-item-6518\"><a href=\"https:\/\/forum.denkulturelleskolesekken.no\/\">Brukerforum<\/a><\/li>\n<li id=\"menu-item-3393\" class=\"menu-item menu-item-type-post_type menu-item-object-page menu-item-3393\"><a href=\"https:\/\/wordpress.kulturtanken.app\/staging\/brukerstotte\/\">Brukerst\u00f8tte<\/a><\/li>\n<\/ul><\/div><\/div><\/div><\/div><div id=\"pgc-gb4629-69dd22d4cf761-0-1\"  class=\"panel-grid-cell\" ><div id=\"panel-gb4629-69dd22d4cf761-0-1-0\" class=\"so-panel widget widget_sow-editor panel-first-child panel-last-child\" data-index=\"1\" ><div class=\"panel-widget-style panel-widget-style-for-gb4629-69dd22d4cf761-0-1-0\" ><div\n\t\t\t\n\t\t\tclass=\"so-widget-sow-editor so-widget-sow-editor-base\"\n\t\t\t\n\t\t>\n<div class=\"siteorigin-widget-tinymce textwidget\">\n\t<h2>Hva er en turn\u00e9?<\/h2>\n<p>Turn\u00e9flaten brukes til \u00e5 lage arrangementer\/hendelser til skolen.<\/p>\n<hr id=\"Opprett-turn\u00e9\" \/>\n<h2><\/h2>\n<p>&nbsp;<\/p>\n<h2>Opprett en turn\u00e9<\/h2>\n<p>For \u00e5 opprette en turn\u00e9 m\u00e5 man legge til <a href=\"https:\/\/www.denkulturelleskolesekken.no\/dks-portalen\/portal-og-fagsystem-planlegger-i-et-fylke-eller-direktekommune\/produksjoner\/\">produksjon<\/a> og <a href=\"https:\/\/www.denkulturelleskolesekken.no\/dks-portalen\/portal-og-fagsystem-planlegger-i-et-fylke-eller-direktekommune\/produksjoner\/#produksjonsgrupper\">produksjonsgruppe<\/a>. En m\u00e5 ogs\u00e5 definere reglene for hvordan turneverkt\u00f8yet m\u00e5 tildele klasser (les mer om dette under videoen). Man velger om klassene skal fordeles p\u00e5 en eller flere gjennomf\u00f8ringer. En turn\u00e9 kan ha forskjellige statuser etter hvor man er i planleggingen. Statusene har en liten beskrivelse under som sier hvordan produksjonen vises for andre. I f\u00f8rste omgang velges status \u00abUnder planlegging\u00bb \u2013 da er turneen kun synlig for oss og andre i enheten. Deretter velges hvilke trinn som skal motta denne turneen. Dersom enheten har opprettet skolegrupperinger, legges en av disse til her. Man legger ogs\u00e5 til seg selv som \u00abAnsvarlig planlegger\u00bb (kan ogs\u00e5 legge til flere), og trykker \u00abLagre\u00bb.<\/p>\n<p>&nbsp;<\/p>\n<div style=\"width: 640px;\" class=\"wp-video\"><!--[if lt IE 9]><script>document.createElement('video');<\/script><![endif]-->\n<video class=\"wp-video-shortcode\" id=\"video-4629-1\" width=\"640\" height=\"360\" preload=\"metadata\" controls=\"controls\"><source type=\"video\/mp4\" src=\"https:\/\/storage.googleapis.com\/kulturtanken-wordpress-uploads\/1\/2019\/12\/09-Opprette-turn\u00e9-fra-produksjon.mp4?_=1\" \/><a href=\"https:\/\/storage.googleapis.com\/kulturtanken-wordpress-uploads\/1\/2019\/12\/09-Opprette-turn\u00e9-fra-produksjon.mp4\">https:\/\/storage.googleapis.com\/kulturtanken-wordpress-uploads\/1\/2019\/12\/09-Opprette-turn\u00e9-fra-produksjon.mp4<\/a><\/video><\/div>\n<p>&nbsp;<\/p>\n<p>Hele trinnet skal delta p\u00e5 samme hendelse.<br \/>\n&#8211; Alle klasser p\u00e5 et trinn skal f\u00e5 tildelt samme produksjon.<\/p>\n<p>\u00c9n klasse per hendelse.<br \/>\n&#8211; \u00c9n klasse per hendelse.<\/p>\n<p>Klassene fordeles p\u00e5 \u00e9n eller flere hendelser.<br \/>\n&#8211; Fyller opp hendelser.<\/p>\n<p>Fra videoen:<br \/>\n<em>Dersom jeg har opprettet de produksjonsgruppene jeg \u00f8nsker for sesongen, kan jeg opprette turn\u00e9 direkte fra \u00f8nsket produksjon. Jeg finner \u00f8nsket produksjon, klikker p\u00e5 fanen \u00abTurneer\u00bb og velger knappen \u00abNy turn\u00e9\u00bb.<\/em><\/p>\n<hr id=\"webinar1\" \/>\n<h2><\/h2>\n<h2><\/h2>\n<h2><\/h2>\n<h2>Turn\u00e9verkt\u00f8y i portalen \u2013 Tildelingsflaten del 1 (webinar 08.01.2020)<\/h2>\n<p><iframe loading=\"lazy\" src=\"https:\/\/player.vimeo.com\/video\/423201543\" width=\"100%\" height=\"540\" frameborder=\"0\" allowfullscreen=\"allowfullscreen\"><\/iframe><\/p>\n<hr id=\"webinar2\" \/>\n<h2>Turn\u00e9verkt\u00f8y i portalen \u2013 Tildelingsflaten del 2 (webinar 05.02.2020)<\/h2>\n<p><iframe loading=\"lazy\" src=\"https:\/\/player.vimeo.com\/video\/423195677\" width=\"100%\" height=\"540\" frameborder=\"0\" allowfullscreen=\"allowfullscreen\"><\/iframe><\/p>\n<hr id=\"draganddrop\" \/>\n<h2><\/h2>\n<h2><\/h2>\n<h2>\u00abDrag and drop\u00bb av flere klasser til en hendelse<\/h2>\n<ul>\n<li>Velg \u00f8nsket turn\u00e9.<\/li>\n<li>Velg tildeling.<\/li>\n<li>Velg flere klasser ved \u00e5 krysse av de aktuelle klassene under \u00abadministrer klasser\u00bb.<\/li>\n<li>Bruke musepekeren og dra de aktuelle klassene over til \u00f8nsket hendelse.<\/li>\n<li>Trykk \u00abLagre\u00bb.<\/li>\n<li>Varseltrekant vil dukke opp hvis antall tildelte elever overstiger kapasiteten p\u00e5 hendelsen.<\/li>\n<li>Gjenta operasjonen med nye aktuelle klasser. NB: Under \u00abadministrer klasser\u00bb ser man n\u00e5 en rosa markert linje. Systemet husker klassene fra forrige operasjon. Disse m\u00e5 nullstilles ut f\u00f8r nye klasser krysses ut og trekkes over (se video).<\/li>\n<\/ul>\n<p><iframe loading=\"lazy\" src=\"https:\/\/player.vimeo.com\/video\/534155887\" width=\"100%\" height=\"440\" frameborder=\"0\" allowfullscreen=\"allowfullscreen\"><\/iframe><\/p>\n<p>&nbsp;<\/p>\n<hr id=\"varsler\" \/>\n<h2><\/h2>\n<h2><\/h2>\n<h2>Konflikter og varsler i tildelingsflaten<\/h2>\n<p>Konflikter vil v\u00e6re tydelig merket i tildelingsflaten med en varseltrekant. Ved \u00e5 holde musepekeren over varseltrekanten f\u00e5r man opp hvilken type konflikt som varsles. I produksjonsgruppen kan en ogs\u00e5 finne oversikt over alle varsler for produksjonsgruppens turneer.<\/p>\n<p>Oversikt over hva som varsles og farge p\u00e5 varslene:<\/p>\n<p><a href=\"https:\/\/cdn.denkulturelleskolesekken.no\/national\/2020\/06\/bc6a6594-varsler-i-tildelingsflaten.jpg\"><img loading=\"lazy\" decoding=\"async\" class=\"alignleft wp-image-5121 size-full\" src=\"https:\/\/cdn.denkulturelleskolesekken.no\/national\/2020\/06\/bc6a6594-varsler-i-tildelingsflaten.jpg\" alt=\"\" width=\"1506\" height=\"379\" \/><\/a><\/p>\n<p>&nbsp;<\/p>\n<\/div>\n<\/div><\/div><\/div><\/div><div id=\"pgc-gb4629-69dd22d4cf761-0-2\"  class=\"panel-grid-cell\" ><div id=\"panel-gb4629-69dd22d4cf761-0-2-0\" class=\"so-panel widget widget_nav_menu panel-first-child panel-last-child\" data-index=\"2\" ><div class=\"kt-menu panel-widget-style panel-widget-style-for-gb4629-69dd22d4cf761-0-2-0\" ><h3 class=\"widget-title\">Hopp til:<\/h3><div class=\"menu-turne-container\"><ul id=\"menu-turne\" class=\"menu\"><li id=\"menu-item-4872\" class=\"menu-item menu-item-type-custom menu-item-object-custom menu-item-4872\"><a href=\"https:\/\/www.denkulturelleskolesekken.no\/dks-portalen\/portal-og-fagsystem-planlegger-i-et-fylke-eller-direktekommune\/turne\/#Opprett-turn%C3%A9\">Opprett turn\u00e9<\/a><\/li>\n<li id=\"menu-item-4999\" class=\"menu-item menu-item-type-custom menu-item-object-custom menu-item-4999\"><a href=\"https:\/\/www.denkulturelleskolesekken.no\/dks-portalen\/portal-og-fagsystem-planlegger-i-et-fylke-eller-direktekommune\/turne\/#webinar1\">Webinar 1<\/a><\/li>\n<li id=\"menu-item-5000\" class=\"menu-item menu-item-type-custom menu-item-object-custom menu-item-5000\"><a href=\"https:\/\/www.denkulturelleskolesekken.no\/dks-portalen\/portal-og-fagsystem-planlegger-i-et-fylke-eller-direktekommune\/turne\/#webinar2\">Webinar 2<\/a><\/li>\n<li id=\"menu-item-5124\" class=\"menu-item menu-item-type-custom menu-item-object-custom menu-item-5124\"><a href=\"https:\/\/www.denkulturelleskolesekken.no\/dks-portalen\/portal-og-fagsystem-planlegger-i-et-fylke-eller-direktekommune\/turne\/#draganddrop\">Drag and drop<\/a><\/li>\n<li id=\"menu-item-5518\" class=\"menu-item menu-item-type-custom menu-item-object-custom menu-item-5518\"><a href=\"https:\/\/www.denkulturelleskolesekken.no\/dks-portalen\/portal-og-fagsystem-planlegger-i-et-fylke-eller-direktekommune\/turne\/#varsler\">Varsler<\/a><\/li>\n<li id=\"menu-item-5536\" class=\"menu-item menu-item-type-custom menu-item-object-custom menu-item-5536\"><a href=\"https:\/\/www.denkulturelleskolesekken.no\/dks-portalen\/portal-og-fagsystem-planlegger-i-et-fylke-eller-direktekommune\/generelt\/#hendelsesflaten\">Hendelsesflaten<\/a><\/li>\n<\/ul><\/div><\/div><\/div><\/div><\/div><\/div><\/div>\n\n\n<div style=\"height:100px\" aria-hidden=\"true\" class=\"wp-block-spacer\"><\/div>\n","protected":false},"excerpt":{"rendered":"<p>Turn\u00e9<\/p>\n","protected":false},"author":7,"featured_media":0,"parent":1963,"menu_order":0,"comment_status":"closed","ping_status":"closed","template":"custom-wide-page-widget.php","meta":{"footnotes":""},"class_list":["post-4629","page","type-page","status-publish","hentry"],"yoast_head":"<!-- This site is optimized with the Yoast SEO plugin v26.0 - https:\/\/yoast.com\/wordpress\/plugins\/seo\/ -->\n<title>+ Turn\u00e9 - Den kulturelle skolesekken<\/title>\n<meta name=\"robots\" content=\"index, follow, max-snippet:-1, max-image-preview:large, max-video-preview:-1\" \/>\n<meta property=\"og:locale\" content=\"en_US\" \/>\n<meta property=\"og:type\" content=\"article\" \/>\n<meta property=\"og:title\" content=\"+ Turn\u00e9 - Den kulturelle skolesekken\" \/>\n<meta property=\"og:description\" content=\"Turn\u00e9\" \/>\n<meta property=\"og:url\" content=\"https:\/\/wordpress.kulturtanken.app\/staging\/dks-portalen\/portal-og-fagsystem-planlegger-i-et-fylke-eller-direktekommune\/turne\/\" \/>\n<meta property=\"og:site_name\" content=\"Den kulturelle skolesekken\" \/>\n<meta property=\"article:modified_time\" content=\"2021-04-07T20:33:45+00:00\" \/>\n<meta name=\"twitter:card\" content=\"summary_large_image\" \/>\n<script type=\"application\/ld+json\" class=\"yoast-schema-graph\">{\"@context\":\"https:\/\/schema.org\",\"@graph\":[{\"@type\":\"WebPage\",\"@id\":\"https:\/\/wordpress.kulturtanken.app\/staging\/dks-portalen\/portal-og-fagsystem-planlegger-i-et-fylke-eller-direktekommune\/turne\/\",\"url\":\"https:\/\/wordpress.kulturtanken.app\/staging\/dks-portalen\/portal-og-fagsystem-planlegger-i-et-fylke-eller-direktekommune\/turne\/\",\"name\":\"+ Turn\u00e9 - Den kulturelle skolesekken\",\"isPartOf\":{\"@id\":\"https:\/\/35.241.27.161\/staging\/#website\"},\"datePublished\":\"2020-03-13T21:27:27+00:00\",\"dateModified\":\"2021-04-07T20:33:45+00:00\",\"breadcrumb\":{\"@id\":\"https:\/\/wordpress.kulturtanken.app\/staging\/dks-portalen\/portal-og-fagsystem-planlegger-i-et-fylke-eller-direktekommune\/turne\/#breadcrumb\"},\"inLanguage\":\"en-US\",\"potentialAction\":[{\"@type\":\"ReadAction\",\"target\":[\"https:\/\/wordpress.kulturtanken.app\/staging\/dks-portalen\/portal-og-fagsystem-planlegger-i-et-fylke-eller-direktekommune\/turne\/\"]}]},{\"@type\":\"BreadcrumbList\",\"@id\":\"https:\/\/wordpress.kulturtanken.app\/staging\/dks-portalen\/portal-og-fagsystem-planlegger-i-et-fylke-eller-direktekommune\/turne\/#breadcrumb\",\"itemListElement\":[{\"@type\":\"ListItem\",\"position\":1,\"name\":\"Home\",\"item\":\"https:\/\/35.241.27.161\/staging\/\"},{\"@type\":\"ListItem\",\"position\":2,\"name\":\"DKS-portalen\",\"item\":\"https:\/\/wordpress.kulturtanken.app\/staging\/dks-portalen\/\"},{\"@type\":\"ListItem\",\"position\":3,\"name\":\"Portal og fagsystem &#8211; Planlegger i et fylke eller direktekommune (Oppl\u00e6ring)\",\"item\":\"https:\/\/wordpress.kulturtanken.app\/staging\/dks-portalen\/portal-og-fagsystem-planlegger-i-et-fylke-eller-direktekommune\/\"},{\"@type\":\"ListItem\",\"position\":4,\"name\":\"+ Turn\u00e9\"}]},{\"@type\":\"WebSite\",\"@id\":\"https:\/\/35.241.27.161\/staging\/#website\",\"url\":\"https:\/\/35.241.27.161\/staging\/\",\"name\":\"Den kulturelle skolesekken\",\"description\":\"\",\"publisher\":{\"@id\":\"https:\/\/35.241.27.161\/staging\/#organization\"},\"potentialAction\":[{\"@type\":\"SearchAction\",\"target\":{\"@type\":\"EntryPoint\",\"urlTemplate\":\"https:\/\/35.241.27.161\/staging\/?s={search_term_string}\"},\"query-input\":{\"@type\":\"PropertyValueSpecification\",\"valueRequired\":true,\"valueName\":\"search_term_string\"}}],\"inLanguage\":\"en-US\"},{\"@type\":\"Organization\",\"@id\":\"https:\/\/35.241.27.161\/staging\/#organization\",\"name\":\"Den kulturelle skolesekken\",\"url\":\"https:\/\/35.241.27.161\/staging\/\",\"logo\":{\"@type\":\"ImageObject\",\"inLanguage\":\"en-US\",\"@id\":\"https:\/\/35.241.27.161\/staging\/#\/schema\/logo\/image\/\",\"url\":\"https:\/\/cdn.denkulturelleskolesekken.no\/staging\/974a904c-cropped-8d52d461-dks-logo1.png\",\"contentUrl\":\"https:\/\/cdn.denkulturelleskolesekken.no\/staging\/974a904c-cropped-8d52d461-dks-logo1.png\",\"width\":583,\"height\":120,\"caption\":\"Den kulturelle skolesekken\"},\"image\":{\"@id\":\"https:\/\/35.241.27.161\/staging\/#\/schema\/logo\/image\/\"}}]}<\/script>\n<!-- \/ Yoast SEO plugin. -->","yoast_head_json":{"title":"+ Turn\u00e9 - Den kulturelle skolesekken","robots":{"index":"index","follow":"follow","max-snippet":"max-snippet:-1","max-image-preview":"max-image-preview:large","max-video-preview":"max-video-preview:-1"},"og_locale":"en_US","og_type":"article","og_title":"+ Turn\u00e9 - Den kulturelle skolesekken","og_description":"Turn\u00e9","og_url":"https:\/\/wordpress.kulturtanken.app\/staging\/dks-portalen\/portal-og-fagsystem-planlegger-i-et-fylke-eller-direktekommune\/turne\/","og_site_name":"Den kulturelle skolesekken","article_modified_time":"2021-04-07T20:33:45+00:00","twitter_card":"summary_large_image","schema":{"@context":"https:\/\/schema.org","@graph":[{"@type":"WebPage","@id":"https:\/\/wordpress.kulturtanken.app\/staging\/dks-portalen\/portal-og-fagsystem-planlegger-i-et-fylke-eller-direktekommune\/turne\/","url":"https:\/\/wordpress.kulturtanken.app\/staging\/dks-portalen\/portal-og-fagsystem-planlegger-i-et-fylke-eller-direktekommune\/turne\/","name":"+ Turn\u00e9 - Den kulturelle skolesekken","isPartOf":{"@id":"https:\/\/35.241.27.161\/staging\/#website"},"datePublished":"2020-03-13T21:27:27+00:00","dateModified":"2021-04-07T20:33:45+00:00","breadcrumb":{"@id":"https:\/\/wordpress.kulturtanken.app\/staging\/dks-portalen\/portal-og-fagsystem-planlegger-i-et-fylke-eller-direktekommune\/turne\/#breadcrumb"},"inLanguage":"en-US","potentialAction":[{"@type":"ReadAction","target":["https:\/\/wordpress.kulturtanken.app\/staging\/dks-portalen\/portal-og-fagsystem-planlegger-i-et-fylke-eller-direktekommune\/turne\/"]}]},{"@type":"BreadcrumbList","@id":"https:\/\/wordpress.kulturtanken.app\/staging\/dks-portalen\/portal-og-fagsystem-planlegger-i-et-fylke-eller-direktekommune\/turne\/#breadcrumb","itemListElement":[{"@type":"ListItem","position":1,"name":"Home","item":"https:\/\/35.241.27.161\/staging\/"},{"@type":"ListItem","position":2,"name":"DKS-portalen","item":"https:\/\/wordpress.kulturtanken.app\/staging\/dks-portalen\/"},{"@type":"ListItem","position":3,"name":"Portal og fagsystem &#8211; Planlegger i et fylke eller direktekommune (Oppl\u00e6ring)","item":"https:\/\/wordpress.kulturtanken.app\/staging\/dks-portalen\/portal-og-fagsystem-planlegger-i-et-fylke-eller-direktekommune\/"},{"@type":"ListItem","position":4,"name":"+ Turn\u00e9"}]},{"@type":"WebSite","@id":"https:\/\/35.241.27.161\/staging\/#website","url":"https:\/\/35.241.27.161\/staging\/","name":"Den kulturelle skolesekken","description":"","publisher":{"@id":"https:\/\/35.241.27.161\/staging\/#organization"},"potentialAction":[{"@type":"SearchAction","target":{"@type":"EntryPoint","urlTemplate":"https:\/\/35.241.27.161\/staging\/?s={search_term_string}"},"query-input":{"@type":"PropertyValueSpecification","valueRequired":true,"valueName":"search_term_string"}}],"inLanguage":"en-US"},{"@type":"Organization","@id":"https:\/\/35.241.27.161\/staging\/#organization","name":"Den kulturelle skolesekken","url":"https:\/\/35.241.27.161\/staging\/","logo":{"@type":"ImageObject","inLanguage":"en-US","@id":"https:\/\/35.241.27.161\/staging\/#\/schema\/logo\/image\/","url":"https:\/\/cdn.denkulturelleskolesekken.no\/staging\/974a904c-cropped-8d52d461-dks-logo1.png","contentUrl":"https:\/\/cdn.denkulturelleskolesekken.no\/staging\/974a904c-cropped-8d52d461-dks-logo1.png","width":583,"height":120,"caption":"Den kulturelle skolesekken"},"image":{"@id":"https:\/\/35.241.27.161\/staging\/#\/schema\/logo\/image\/"}}]}},"_links":{"self":[{"href":"https:\/\/wordpress.kulturtanken.app\/staging\/wp-json\/wp\/v2\/pages\/4629","targetHints":{"allow":["GET"]}}],"collection":[{"href":"https:\/\/wordpress.kulturtanken.app\/staging\/wp-json\/wp\/v2\/pages"}],"about":[{"href":"https:\/\/wordpress.kulturtanken.app\/staging\/wp-json\/wp\/v2\/types\/page"}],"author":[{"embeddable":true,"href":"https:\/\/wordpress.kulturtanken.app\/staging\/wp-json\/wp\/v2\/users\/7"}],"replies":[{"embeddable":true,"href":"https:\/\/wordpress.kulturtanken.app\/staging\/wp-json\/wp\/v2\/comments?post=4629"}],"version-history":[{"count":40,"href":"https:\/\/wordpress.kulturtanken.app\/staging\/wp-json\/wp\/v2\/pages\/4629\/revisions"}],"predecessor-version":[{"id":6454,"href":"https:\/\/wordpress.kulturtanken.app\/staging\/wp-json\/wp\/v2\/pages\/4629\/revisions\/6454"}],"up":[{"embeddable":true,"href":"https:\/\/wordpress.kulturtanken.app\/staging\/wp-json\/wp\/v2\/pages\/1963"}],"wp:attachment":[{"href":"https:\/\/wordpress.kulturtanken.app\/staging\/wp-json\/wp\/v2\/media?parent=4629"}],"curies":[{"name":"wp","href":"https:\/\/api.w.org\/{rel}","templated":true}]}}