{"id":4683,"date":"2020-03-18T11:03:39","date_gmt":"2020-03-18T11:03:39","guid":{"rendered":"https:\/\/www.denkulturelleskolesekken.no\/?page_id=4683"},"modified":"2021-08-31T08:02:56","modified_gmt":"2021-08-31T08:02:56","slug":"rapporter","status":"publish","type":"page","link":"https:\/\/wordpress.kulturtanken.app\/staging\/forside\/om-dks\/rapporter\/","title":{"rendered":"Rapporter"},"content":{"rendered":"\n<p>Her finner du de viktigste rapportene om Den kulturelle skolesekken.<\/p>\n\n\n\n<p><strong>\u00c5RSRAPPORT FOR DEN KULTURELLLE SKOLESEKKEN<\/strong><br>Alle landets fylker og kommuner skal rapportere sine aktiviteter i Den   kulturelle skolesekken til Kulturtanken. Den \u00e5rlige DKS-rapport viseren hvordan tilskudd av tippemidler har blitt brukt i henhold til   tilskuddsbrevet fra Kulturtanken. <br><br>\u00c5rsrapproten viser blant annet hvor mange DKS-bes\u00f8k elevene f\u00e5r, fordelt p\u00e5 blant annet kunsuttrykk.<\/p>\n\n\n\n<p><strong><a href=\"https:\/\/cdn.innocode.digital\/kulturtanken\/uploads\/2020\/11\/DKS_arsrapport_2019.pdf\" target=\"_blank\" rel=\"noreferrer noopener\">DKS \u00e5rsrapport 2019<\/a><\/strong><\/p>\n\n\n\n<p><strong><a href=\"https:\/\/issuu.com\/kulturtankendks\/docs\/dks__rsrapport_2018_issuu\" target=\"_blank\" rel=\"noreferrer noopener\">DKS \u00e5rsrapport 2018<\/a><\/strong><\/p>\n\n\n\n<p><strong>DKS \u00e5rsrapport 2017<\/strong><\/p>\n\n\n\n<p><br><strong>KVALITETSRAPPORT OM DEN KULTURELLE SKOLESEKKEN<\/strong><br>Rapport fra kartlegging av fylkes- og direktekommunenes systematiske arbeid med kvalitet i 2018\u20132019. <br><a rel=\"noreferrer noopener\" href=\"https:\/\/kulturtanken.no\/prosjekt\/kvalitet-og-formidling\/\" target=\"_blank\">Les mer om prosjektet<\/a> eller <a href=\"https:\/\/cdn.innocode.digital\/kulturtanken\/uploads\/2020\/11\/Kulturtanken-Kvalitetsarbeid-DKS-2018-2019.pdf\" target=\"_blank\" rel=\"noreferrer noopener\"><em>last ned rapporten her (PDF)<\/em><\/a>.<\/p>\n\n\n\n<blockquote class=\"wp-block-quote is-layout-flow wp-block-quote-is-layout-flow\"><p><\/p><\/blockquote>\n\n\n\n<p>Kulturtanken forvalter statlige midler til DKS-ordningen, og har ansvaret for oppf\u00f8lgingen. <a rel=\"noreferrer noopener\" href=\"https:\/\/kulturtanken.no\/om-oss\/forvaltning-og-rapportering\/\" target=\"_blank\">Les mer om forvaltning og rapportering<\/a><\/p>\n\n\n<div id=\"pl-gb4683-69dd22d0b5bc2\"  class=\"panel-layout\" ><div id=\"pg-gb4683-69dd22d0b5bc2-0\"  class=\"panel-grid panel-has-style\" ><div class=\"panel-row-style panel-row-style-for-gb4683-69dd22d0b5bc2-0\" ><div id=\"pgc-gb4683-69dd22d0b5bc2-0-0\"  class=\"panel-grid-cell\" ><div id=\"panel-gb4683-69dd22d0b5bc2-0-0-0\" class=\"so-panel widget widget_sow-button panel-first-child\" data-index=\"0\" ><div class=\"panel-widget-style panel-widget-style-for-gb4683-69dd22d0b5bc2-0-0-0\" ><div\n\t\t\t\n\t\t\tclass=\"so-widget-sow-button so-widget-sow-button-wire-24b5b93c0b59-4683\"\n\t\t\t\n\t\t><div class=\"ow-button-base ow-button-align-center\"\n>\n\t\t\t<a\n\t\t\t\t\thref=\"https:\/\/wordpress.kulturtanken.app\/staging\/forside\/om-dks\/om-dks-aktorer-og-produksjoner\/\"\n\t\t\t\t\tclass=\"sowb-button ow-icon-placement-left ow-button-hover\" \t>\n\t\t<span>\n\t\t\t\n\t\t\tAkt\u00f8rer og produksjoner \t\t<\/span>\n\t\t\t<\/a>\n\t<\/div>\n<\/div><\/div><\/div><div id=\"panel-gb4683-69dd22d0b5bc2-0-0-1\" class=\"so-panel widget widget_sow-button panel-last-child\" data-index=\"1\" ><div class=\"panel-widget-style panel-widget-style-for-gb4683-69dd22d0b5bc2-0-0-1\" ><div\n\t\t\t\n\t\t\tclass=\"so-widget-sow-button so-widget-sow-button-flat-24b5b93c0b59-4683\"\n\t\t\t\n\t\t><div class=\"ow-button-base ow-button-align-center\"\n>\n\t\t\t<a\n\t\t\t\t\thref=\"https:\/\/wordpress.kulturtanken.app\/staging\/forside\/om-dks\/rapporter\/\"\n\t\t\t\t\tclass=\"sowb-button ow-icon-placement-left\" \t>\n\t\t<span>\n\t\t\t\n\t\t\tRapporter\t\t<\/span>\n\t\t\t<\/a>\n\t<\/div>\n<\/div><\/div><\/div><\/div><div id=\"pgc-gb4683-69dd22d0b5bc2-0-1\"  class=\"panel-grid-cell\" ><div id=\"panel-gb4683-69dd22d0b5bc2-0-1-0\" class=\"so-panel widget widget_sow-button panel-first-child\" data-index=\"2\" ><div class=\"panel-widget-style panel-widget-style-for-gb4683-69dd22d0b5bc2-0-1-0\" ><div\n\t\t\t\n\t\t\tclass=\"so-widget-sow-button so-widget-sow-button-wire-24b5b93c0b59-4683\"\n\t\t\t\n\t\t><div class=\"ow-button-base ow-button-align-center\"\n>\n\t\t\t<a\n\t\t\t\t\thref=\"https:\/\/wordpress.kulturtanken.app\/staging\/forside\/om-dks\/om-dks-mal-og-prinsipper\/\"\n\t\t\t\t\tclass=\"sowb-button ow-icon-placement-left ow-button-hover\" \t>\n\t\t<span>\n\t\t\t\n\t\t\tNasjonale m\u00e5l\t\t<\/span>\n\t\t\t<\/a>\n\t<\/div>\n<\/div><\/div><\/div><div id=\"panel-gb4683-69dd22d0b5bc2-0-1-1\" class=\"so-panel widget widget_sow-button panel-last-child\" data-index=\"3\" ><div class=\"panel-widget-style panel-widget-style-for-gb4683-69dd22d0b5bc2-0-1-1\" ><div\n\t\t\t\n\t\t\tclass=\"so-widget-sow-button so-widget-sow-button-wire-24b5b93c0b59-4683\"\n\t\t\t\n\t\t><div class=\"ow-button-base ow-button-align-center\"\n>\n\t\t\t<a\n\t\t\t\t\thref=\"https:\/\/wordpress.kulturtanken.app\/staging\/forside\/om-dks\/om-dks-okonomi\/\"\n\t\t\t\t\tclass=\"sowb-button ow-icon-placement-left ow-button-hover\" \t>\n\t\t<span>\n\t\t\t\n\t\t\t\u00d8konomi \t\t<\/span>\n\t\t\t<\/a>\n\t<\/div>\n<\/div><\/div><\/div><\/div><\/div><\/div><\/div>","protected":false},"excerpt":{"rendered":"<p>Her finner du de viktigste rapportene om Den kulturelle skolesekken. \u00c5RSRAPPORT FOR DEN KULTURELLLE SKOLESEKKENAlle landets fylker og kommuner skal rapportere sine aktiviteter i Den kulturelle skolesekken til Kulturtanken. Den \u00e5rlige DKS-rapport viseren hvordan tilskudd av tippemidler har blitt brukt i henhold til tilskuddsbrevet fra Kulturtanken. \u00c5rsrapproten viser blant annet hvor mange DKS-bes\u00f8k elevene f\u00e5r, [&hellip;]<\/p>\n","protected":false},"author":12,"featured_media":4684,"parent":85,"menu_order":0,"comment_status":"closed","ping_status":"closed","template":"","meta":{"footnotes":""},"class_list":["post-4683","page","type-page","status-publish","has-post-thumbnail","hentry"],"yoast_head":"<!-- This site is optimized with the Yoast SEO plugin v26.0 - https:\/\/yoast.com\/wordpress\/plugins\/seo\/ -->\n<title>Rapporter - Den kulturelle skolesekken<\/title>\n<meta name=\"robots\" content=\"index, follow, max-snippet:-1, max-image-preview:large, max-video-preview:-1\" \/>\n<meta property=\"og:locale\" content=\"en_US\" \/>\n<meta property=\"og:type\" content=\"article\" \/>\n<meta property=\"og:title\" content=\"Rapporter - Den kulturelle skolesekken\" \/>\n<meta property=\"og:description\" content=\"Her finner du de viktigste rapportene om Den kulturelle skolesekken. \u00c5RSRAPPORT FOR DEN KULTURELLLE SKOLESEKKENAlle landets fylker og kommuner skal rapportere sine aktiviteter i Den kulturelle skolesekken til Kulturtanken. Den \u00e5rlige DKS-rapport viseren hvordan tilskudd av tippemidler har blitt brukt i henhold til tilskuddsbrevet fra Kulturtanken. \u00c5rsrapproten viser blant annet hvor mange DKS-bes\u00f8k elevene f\u00e5r, [&hellip;]\" \/>\n<meta property=\"og:url\" content=\"https:\/\/wordpress.kulturtanken.app\/staging\/forside\/om-dks\/rapporter\/\" \/>\n<meta property=\"og:site_name\" content=\"Den kulturelle skolesekken\" \/>\n<meta property=\"article:modified_time\" content=\"2021-08-31T08:02:56+00:00\" \/>\n<meta property=\"og:image\" content=\"https:\/\/cdn.denkulturelleskolesekken.no\/national\/2020\/03\/82867664-liten_cezinando_2017_larsopstad_027.jpg\" \/>\n\t<meta property=\"og:image:width\" content=\"2500\" \/>\n\t<meta property=\"og:image:height\" content=\"1668\" \/>\n\t<meta property=\"og:image:type\" content=\"image\/jpeg\" \/>\n<meta name=\"twitter:card\" content=\"summary_large_image\" \/>\n<meta name=\"twitter:label1\" content=\"Est. reading time\" \/>\n\t<meta name=\"twitter:data1\" content=\"3 minutes\" \/>\n<script type=\"application\/ld+json\" class=\"yoast-schema-graph\">{\"@context\":\"https:\/\/schema.org\",\"@graph\":[{\"@type\":\"WebPage\",\"@id\":\"https:\/\/wordpress.kulturtanken.app\/staging\/forside\/om-dks\/rapporter\/\",\"url\":\"https:\/\/wordpress.kulturtanken.app\/staging\/forside\/om-dks\/rapporter\/\",\"name\":\"Rapporter - Den kulturelle skolesekken\",\"isPartOf\":{\"@id\":\"https:\/\/35.241.27.161\/staging\/#website\"},\"primaryImageOfPage\":{\"@id\":\"https:\/\/wordpress.kulturtanken.app\/staging\/forside\/om-dks\/rapporter\/#primaryimage\"},\"image\":{\"@id\":\"https:\/\/wordpress.kulturtanken.app\/staging\/forside\/om-dks\/rapporter\/#primaryimage\"},\"thumbnailUrl\":\"https:\/\/cdn.denkulturelleskolesekken.no\/national\/2020\/03\/82867664-liten_cezinando_2017_larsopstad_027.jpg\",\"datePublished\":\"2020-03-18T11:03:39+00:00\",\"dateModified\":\"2021-08-31T08:02:56+00:00\",\"breadcrumb\":{\"@id\":\"https:\/\/wordpress.kulturtanken.app\/staging\/forside\/om-dks\/rapporter\/#breadcrumb\"},\"inLanguage\":\"en-US\",\"potentialAction\":[{\"@type\":\"ReadAction\",\"target\":[\"https:\/\/wordpress.kulturtanken.app\/staging\/forside\/om-dks\/rapporter\/\"]}]},{\"@type\":\"ImageObject\",\"inLanguage\":\"en-US\",\"@id\":\"https:\/\/wordpress.kulturtanken.app\/staging\/forside\/om-dks\/rapporter\/#primaryimage\",\"url\":\"https:\/\/cdn.denkulturelleskolesekken.no\/national\/2020\/03\/82867664-liten_cezinando_2017_larsopstad_027.jpg\",\"contentUrl\":\"https:\/\/cdn.denkulturelleskolesekken.no\/national\/2020\/03\/82867664-liten_cezinando_2017_larsopstad_027.jpg\",\"width\":2500,\"height\":1668},{\"@type\":\"BreadcrumbList\",\"@id\":\"https:\/\/wordpress.kulturtanken.app\/staging\/forside\/om-dks\/rapporter\/#breadcrumb\",\"itemListElement\":[{\"@type\":\"ListItem\",\"position\":1,\"name\":\"Home\",\"item\":\"https:\/\/35.241.27.161\/staging\/\"},{\"@type\":\"ListItem\",\"position\":2,\"name\":\"Forside\",\"item\":\"https:\/\/35.241.27.161\/staging\/\"},{\"@type\":\"ListItem\",\"position\":3,\"name\":\"Om DKS\",\"item\":\"https:\/\/wordpress.kulturtanken.app\/staging\/forside\/om-dks\/\"},{\"@type\":\"ListItem\",\"position\":4,\"name\":\"Rapporter\"}]},{\"@type\":\"WebSite\",\"@id\":\"https:\/\/35.241.27.161\/staging\/#website\",\"url\":\"https:\/\/35.241.27.161\/staging\/\",\"name\":\"Den kulturelle skolesekken\",\"description\":\"\",\"publisher\":{\"@id\":\"https:\/\/35.241.27.161\/staging\/#organization\"},\"potentialAction\":[{\"@type\":\"SearchAction\",\"target\":{\"@type\":\"EntryPoint\",\"urlTemplate\":\"https:\/\/35.241.27.161\/staging\/?s={search_term_string}\"},\"query-input\":{\"@type\":\"PropertyValueSpecification\",\"valueRequired\":true,\"valueName\":\"search_term_string\"}}],\"inLanguage\":\"en-US\"},{\"@type\":\"Organization\",\"@id\":\"https:\/\/35.241.27.161\/staging\/#organization\",\"name\":\"Den kulturelle skolesekken\",\"url\":\"https:\/\/35.241.27.161\/staging\/\",\"logo\":{\"@type\":\"ImageObject\",\"inLanguage\":\"en-US\",\"@id\":\"https:\/\/35.241.27.161\/staging\/#\/schema\/logo\/image\/\",\"url\":\"https:\/\/cdn.denkulturelleskolesekken.no\/staging\/974a904c-cropped-8d52d461-dks-logo1.png\",\"contentUrl\":\"https:\/\/cdn.denkulturelleskolesekken.no\/staging\/974a904c-cropped-8d52d461-dks-logo1.png\",\"width\":583,\"height\":120,\"caption\":\"Den kulturelle skolesekken\"},\"image\":{\"@id\":\"https:\/\/35.241.27.161\/staging\/#\/schema\/logo\/image\/\"}}]}<\/script>\n<!-- \/ Yoast SEO plugin. -->","yoast_head_json":{"title":"Rapporter - Den kulturelle skolesekken","robots":{"index":"index","follow":"follow","max-snippet":"max-snippet:-1","max-image-preview":"max-image-preview:large","max-video-preview":"max-video-preview:-1"},"og_locale":"en_US","og_type":"article","og_title":"Rapporter - Den kulturelle skolesekken","og_description":"Her finner du de viktigste rapportene om Den kulturelle skolesekken. \u00c5RSRAPPORT FOR DEN KULTURELLLE SKOLESEKKENAlle landets fylker og kommuner skal rapportere sine aktiviteter i Den kulturelle skolesekken til Kulturtanken. Den \u00e5rlige DKS-rapport viseren hvordan tilskudd av tippemidler har blitt brukt i henhold til tilskuddsbrevet fra Kulturtanken. \u00c5rsrapproten viser blant annet hvor mange DKS-bes\u00f8k elevene f\u00e5r, [&hellip;]","og_url":"https:\/\/wordpress.kulturtanken.app\/staging\/forside\/om-dks\/rapporter\/","og_site_name":"Den kulturelle skolesekken","article_modified_time":"2021-08-31T08:02:56+00:00","og_image":[{"width":2500,"height":1668,"url":"https:\/\/cdn.denkulturelleskolesekken.no\/national\/2020\/03\/82867664-liten_cezinando_2017_larsopstad_027.jpg","type":"image\/jpeg"}],"twitter_card":"summary_large_image","twitter_misc":{"Est. reading time":"3 minutes"},"schema":{"@context":"https:\/\/schema.org","@graph":[{"@type":"WebPage","@id":"https:\/\/wordpress.kulturtanken.app\/staging\/forside\/om-dks\/rapporter\/","url":"https:\/\/wordpress.kulturtanken.app\/staging\/forside\/om-dks\/rapporter\/","name":"Rapporter - Den kulturelle skolesekken","isPartOf":{"@id":"https:\/\/35.241.27.161\/staging\/#website"},"primaryImageOfPage":{"@id":"https:\/\/wordpress.kulturtanken.app\/staging\/forside\/om-dks\/rapporter\/#primaryimage"},"image":{"@id":"https:\/\/wordpress.kulturtanken.app\/staging\/forside\/om-dks\/rapporter\/#primaryimage"},"thumbnailUrl":"https:\/\/cdn.denkulturelleskolesekken.no\/national\/2020\/03\/82867664-liten_cezinando_2017_larsopstad_027.jpg","datePublished":"2020-03-18T11:03:39+00:00","dateModified":"2021-08-31T08:02:56+00:00","breadcrumb":{"@id":"https:\/\/wordpress.kulturtanken.app\/staging\/forside\/om-dks\/rapporter\/#breadcrumb"},"inLanguage":"en-US","potentialAction":[{"@type":"ReadAction","target":["https:\/\/wordpress.kulturtanken.app\/staging\/forside\/om-dks\/rapporter\/"]}]},{"@type":"ImageObject","inLanguage":"en-US","@id":"https:\/\/wordpress.kulturtanken.app\/staging\/forside\/om-dks\/rapporter\/#primaryimage","url":"https:\/\/cdn.denkulturelleskolesekken.no\/national\/2020\/03\/82867664-liten_cezinando_2017_larsopstad_027.jpg","contentUrl":"https:\/\/cdn.denkulturelleskolesekken.no\/national\/2020\/03\/82867664-liten_cezinando_2017_larsopstad_027.jpg","width":2500,"height":1668},{"@type":"BreadcrumbList","@id":"https:\/\/wordpress.kulturtanken.app\/staging\/forside\/om-dks\/rapporter\/#breadcrumb","itemListElement":[{"@type":"ListItem","position":1,"name":"Home","item":"https:\/\/35.241.27.161\/staging\/"},{"@type":"ListItem","position":2,"name":"Forside","item":"https:\/\/35.241.27.161\/staging\/"},{"@type":"ListItem","position":3,"name":"Om DKS","item":"https:\/\/wordpress.kulturtanken.app\/staging\/forside\/om-dks\/"},{"@type":"ListItem","position":4,"name":"Rapporter"}]},{"@type":"WebSite","@id":"https:\/\/35.241.27.161\/staging\/#website","url":"https:\/\/35.241.27.161\/staging\/","name":"Den kulturelle skolesekken","description":"","publisher":{"@id":"https:\/\/35.241.27.161\/staging\/#organization"},"potentialAction":[{"@type":"SearchAction","target":{"@type":"EntryPoint","urlTemplate":"https:\/\/35.241.27.161\/staging\/?s={search_term_string}"},"query-input":{"@type":"PropertyValueSpecification","valueRequired":true,"valueName":"search_term_string"}}],"inLanguage":"en-US"},{"@type":"Organization","@id":"https:\/\/35.241.27.161\/staging\/#organization","name":"Den kulturelle skolesekken","url":"https:\/\/35.241.27.161\/staging\/","logo":{"@type":"ImageObject","inLanguage":"en-US","@id":"https:\/\/35.241.27.161\/staging\/#\/schema\/logo\/image\/","url":"https:\/\/cdn.denkulturelleskolesekken.no\/staging\/974a904c-cropped-8d52d461-dks-logo1.png","contentUrl":"https:\/\/cdn.denkulturelleskolesekken.no\/staging\/974a904c-cropped-8d52d461-dks-logo1.png","width":583,"height":120,"caption":"Den kulturelle skolesekken"},"image":{"@id":"https:\/\/35.241.27.161\/staging\/#\/schema\/logo\/image\/"}}]}},"_links":{"self":[{"href":"https:\/\/wordpress.kulturtanken.app\/staging\/wp-json\/wp\/v2\/pages\/4683","targetHints":{"allow":["GET"]}}],"collection":[{"href":"https:\/\/wordpress.kulturtanken.app\/staging\/wp-json\/wp\/v2\/pages"}],"about":[{"href":"https:\/\/wordpress.kulturtanken.app\/staging\/wp-json\/wp\/v2\/types\/page"}],"author":[{"embeddable":true,"href":"https:\/\/wordpress.kulturtanken.app\/staging\/wp-json\/wp\/v2\/users\/12"}],"replies":[{"embeddable":true,"href":"https:\/\/wordpress.kulturtanken.app\/staging\/wp-json\/wp\/v2\/comments?post=4683"}],"version-history":[{"count":8,"href":"https:\/\/wordpress.kulturtanken.app\/staging\/wp-json\/wp\/v2\/pages\/4683\/revisions"}],"predecessor-version":[{"id":7257,"href":"https:\/\/wordpress.kulturtanken.app\/staging\/wp-json\/wp\/v2\/pages\/4683\/revisions\/7257"}],"up":[{"embeddable":true,"href":"https:\/\/wordpress.kulturtanken.app\/staging\/wp-json\/wp\/v2\/pages\/85"}],"wp:featuredmedia":[{"embeddable":true,"href":"https:\/\/wordpress.kulturtanken.app\/staging\/wp-json\/wp\/v2\/media\/4684"}],"wp:attachment":[{"href":"https:\/\/wordpress.kulturtanken.app\/staging\/wp-json\/wp\/v2\/media?parent=4683"}],"curies":[{"name":"wp","href":"https:\/\/api.w.org\/{rel}","templated":true}]}}