{"id":710,"date":"2019-08-19T09:32:33","date_gmt":"2019-08-19T09:32:33","guid":{"rendered":"https:\/\/wordpress.kulturtanken.app\/?page_id=710"},"modified":"2021-08-06T14:22:41","modified_gmt":"2021-08-06T14:22:41","slug":"litteratur-i-dks","status":"publish","type":"page","link":"https:\/\/wordpress.kulturtanken.app\/staging\/forside\/om-dks\/litteratur-i-dks\/","title":{"rendered":"Litteratur i DKS"},"content":{"rendered":"<div id=\"pl-gb710-69dd21f125983\"  class=\"panel-layout\" ><div id=\"pg-gb710-69dd21f125983-0\"  class=\"panel-grid panel-no-style\" ><div id=\"pgc-gb710-69dd21f125983-0-0\"  class=\"panel-grid-cell\" ><div id=\"panel-gb710-69dd21f125983-0-0-0\" class=\"so-panel widget widget_sow-image panel-first-child panel-last-child\" data-index=\"0\" ><div class=\"panel-widget-style panel-widget-style-for-gb710-69dd21f125983-0-0-0\" ><div\n\t\t\t\n\t\t\tclass=\"so-widget-sow-image so-widget-sow-image-default-113ccd71f3e6-710\"\n\t\t\t\n\t\t>\n<div class=\"sow-image-container\">\n\t\t<img \n\tsrc=\"https:\/\/cdn.denkulturelleskolesekken.no\/national\/2019\/08\/Litteratur.png\" width=\"150\" height=\"150\" sizes=\"(max-width: 150px) 100vw, 150px\" title=\"Litteratur\" alt=\"Litteratur-ikon\" \t\tclass=\"so-widget-image\"\/>\n\t<\/div>\n\n<h3 class=\"widget-title\">Litteratur<\/h3><\/div><\/div><\/div><\/div><div id=\"pgc-gb710-69dd21f125983-0-1\"  class=\"panel-grid-cell\" ><div id=\"panel-gb710-69dd21f125983-0-1-0\" class=\"so-panel widget widget_sow-editor panel-first-child panel-last-child\" data-index=\"1\" ><div\n\t\t\t\n\t\t\tclass=\"so-widget-sow-editor so-widget-sow-editor-base\"\n\t\t\t\n\t\t>\n<div class=\"siteorigin-widget-tinymce textwidget\">\n\t<p><i><span data-contrast=\"auto\">Hva var den f\u00f8rste boka noen leste for deg? Hvilken bok har endret deg og m\u00e5ten du tenker p\u00e5? Hva er den beste boka du har lest?<\/span><\/i><span data-ccp-props=\"{&quot;201341983&quot;:0,&quot;335559739&quot;:0,&quot;335559740&quot;:240}\">\u00a0<\/span><\/p>\n<p><span data-contrast=\"auto\">M\u00f8tet med litteratur i Den kulturelle skolesekken skal tilby elevene noe mer ut over litteraturen de f\u00e5r gjennom undervisningen; om det er via et forfatterm\u00f8te eller andre m\u00e5ter \u00e5 formidle kvalitetslitteratur p\u00e5. I dette m\u00f8tet ligger muligheten til \u00e5 skape b\u00e5de engasjement og en nysgjerrighet som forh\u00e5pentligvis f\u00e5r eleven til \u00e5 ville fortsette inn i boka. I boka kan man finne identitet og tilh\u00f8righet, man kan s\u00f8ke tr\u00f8st og man kan flykte. Gjennom litteraturen f\u00e5r man avkreftet og bekreftet \u2013 b\u00e5de seg selv og andre. Den skal utvide horisonter og gi barn og ungdom noe de kanskje ikke visste at de trengte. Der ligger kraften i god litteratur og god litteraturformidling.<\/span><span data-ccp-props=\"{&quot;201341983&quot;:0,&quot;335559739&quot;:0,&quot;335559740&quot;:240}\">\u00a0<\/span><\/p>\n<\/div>\n<\/div><\/div><\/div><\/div><\/div>\n\n<div id=\"pl-gb710-69dd21f155d89\"  class=\"panel-layout\" ><div id=\"pg-gb710-69dd21f155d89-0\"  class=\"panel-grid panel-has-style\" ><div class=\"siteorigin-panels-stretch panel-row-style panel-row-style-for-gb710-69dd21f155d89-0\" data-stretch-type=\"full\" ><div id=\"pgc-gb710-69dd21f155d89-0-0\"  class=\"panel-grid-cell\" >\n        <div id=\"kt-explore-productions-352bca14-7a27-47df-bd9e-085fd47e2766\" style=\"width: 100%\"><\/div>\n        <script>\n            attachExploreProductionsWidget(document.getElementById(\"kt-explore-productions-352bca14-7a27-47df-bd9e-085fd47e2766\"), {\"url\":\"https:\\\/\\\/wordpress.kulturtanken.app\\\/staging\\\/utforsk-produksjoner-i-dks\\\/\"});\n        <\/script>\n        <\/div><\/div><\/div><\/div>","protected":false},"excerpt":{"rendered":"<p>Hva var den f\u00f8rste boka noen leste for deg? Hvilken bok har endret deg og m\u00e5ten du tenker p\u00e5? Hva er den beste boka du har lest?\u00a0 M\u00f8tet med litteratur i Den kulturelle skolesekken skal tilby elevene noe mer ut over litteraturen de f\u00e5r gjennom undervisningen; om det er via et forfatterm\u00f8te eller andre m\u00e5ter [&hellip;]<\/p>\n","protected":false},"author":7,"featured_media":830,"parent":85,"menu_order":0,"comment_status":"closed","ping_status":"closed","template":"","meta":{"footnotes":""},"class_list":["post-710","page","type-page","status-publish","has-post-thumbnail","hentry"],"yoast_head":"<!-- This site is optimized with the Yoast SEO plugin v26.0 - https:\/\/yoast.com\/wordpress\/plugins\/seo\/ -->\n<title>Litteratur i DKS - Den kulturelle skolesekken<\/title>\n<meta name=\"robots\" content=\"index, follow, max-snippet:-1, max-image-preview:large, max-video-preview:-1\" \/>\n<meta property=\"og:locale\" content=\"en_US\" \/>\n<meta property=\"og:type\" content=\"article\" \/>\n<meta property=\"og:title\" content=\"Litteratur i DKS - Den kulturelle skolesekken\" \/>\n<meta property=\"og:description\" content=\"Hva var den f\u00f8rste boka noen leste for deg? Hvilken bok har endret deg og m\u00e5ten du tenker p\u00e5? Hva er den beste boka du har lest?\u00a0 M\u00f8tet med litteratur i Den kulturelle skolesekken skal tilby elevene noe mer ut over litteraturen de f\u00e5r gjennom undervisningen; om det er via et forfatterm\u00f8te eller andre m\u00e5ter [&hellip;]\" \/>\n<meta property=\"og:url\" content=\"https:\/\/wordpress.kulturtanken.app\/staging\/forside\/om-dks\/litteratur-i-dks\/\" \/>\n<meta property=\"og:site_name\" content=\"Den kulturelle skolesekken\" \/>\n<meta property=\"article:modified_time\" content=\"2021-08-06T14:22:41+00:00\" \/>\n<meta property=\"og:image\" content=\"https:\/\/cdn.denkulturelleskolesekken.no\/national\/2019\/08\/small_Demian_Vitanza_2017_LarsOpstad_046.jpg\" \/>\n\t<meta property=\"og:image:width\" content=\"2500\" \/>\n\t<meta property=\"og:image:height\" content=\"1667\" \/>\n\t<meta property=\"og:image:type\" content=\"image\/jpeg\" \/>\n<meta name=\"twitter:card\" content=\"summary_large_image\" \/>\n<script type=\"application\/ld+json\" class=\"yoast-schema-graph\">{\"@context\":\"https:\/\/schema.org\",\"@graph\":[{\"@type\":\"WebPage\",\"@id\":\"https:\/\/wordpress.kulturtanken.app\/staging\/forside\/om-dks\/litteratur-i-dks\/\",\"url\":\"https:\/\/wordpress.kulturtanken.app\/staging\/forside\/om-dks\/litteratur-i-dks\/\",\"name\":\"Litteratur i DKS - Den kulturelle skolesekken\",\"isPartOf\":{\"@id\":\"https:\/\/35.241.27.161\/staging\/#website\"},\"primaryImageOfPage\":{\"@id\":\"https:\/\/wordpress.kulturtanken.app\/staging\/forside\/om-dks\/litteratur-i-dks\/#primaryimage\"},\"image\":{\"@id\":\"https:\/\/wordpress.kulturtanken.app\/staging\/forside\/om-dks\/litteratur-i-dks\/#primaryimage\"},\"thumbnailUrl\":\"https:\/\/cdn.denkulturelleskolesekken.no\/national\/2019\/08\/small_Demian_Vitanza_2017_LarsOpstad_046.jpg\",\"datePublished\":\"2019-08-19T09:32:33+00:00\",\"dateModified\":\"2021-08-06T14:22:41+00:00\",\"breadcrumb\":{\"@id\":\"https:\/\/wordpress.kulturtanken.app\/staging\/forside\/om-dks\/litteratur-i-dks\/#breadcrumb\"},\"inLanguage\":\"en-US\",\"potentialAction\":[{\"@type\":\"ReadAction\",\"target\":[\"https:\/\/wordpress.kulturtanken.app\/staging\/forside\/om-dks\/litteratur-i-dks\/\"]}]},{\"@type\":\"ImageObject\",\"inLanguage\":\"en-US\",\"@id\":\"https:\/\/wordpress.kulturtanken.app\/staging\/forside\/om-dks\/litteratur-i-dks\/#primaryimage\",\"url\":\"https:\/\/cdn.denkulturelleskolesekken.no\/national\/2019\/08\/small_Demian_Vitanza_2017_LarsOpstad_046.jpg\",\"contentUrl\":\"https:\/\/cdn.denkulturelleskolesekken.no\/national\/2019\/08\/small_Demian_Vitanza_2017_LarsOpstad_046.jpg\",\"width\":2500,\"height\":1667,\"caption\":\"*** Local Caption *** Bilder sendt til godkjenning\"},{\"@type\":\"BreadcrumbList\",\"@id\":\"https:\/\/wordpress.kulturtanken.app\/staging\/forside\/om-dks\/litteratur-i-dks\/#breadcrumb\",\"itemListElement\":[{\"@type\":\"ListItem\",\"position\":1,\"name\":\"Home\",\"item\":\"https:\/\/35.241.27.161\/staging\/\"},{\"@type\":\"ListItem\",\"position\":2,\"name\":\"Forside\",\"item\":\"https:\/\/35.241.27.161\/staging\/\"},{\"@type\":\"ListItem\",\"position\":3,\"name\":\"Om DKS\",\"item\":\"https:\/\/wordpress.kulturtanken.app\/staging\/forside\/om-dks\/\"},{\"@type\":\"ListItem\",\"position\":4,\"name\":\"Litteratur i DKS\"}]},{\"@type\":\"WebSite\",\"@id\":\"https:\/\/35.241.27.161\/staging\/#website\",\"url\":\"https:\/\/35.241.27.161\/staging\/\",\"name\":\"Den kulturelle skolesekken\",\"description\":\"\",\"publisher\":{\"@id\":\"https:\/\/35.241.27.161\/staging\/#organization\"},\"potentialAction\":[{\"@type\":\"SearchAction\",\"target\":{\"@type\":\"EntryPoint\",\"urlTemplate\":\"https:\/\/35.241.27.161\/staging\/?s={search_term_string}\"},\"query-input\":{\"@type\":\"PropertyValueSpecification\",\"valueRequired\":true,\"valueName\":\"search_term_string\"}}],\"inLanguage\":\"en-US\"},{\"@type\":\"Organization\",\"@id\":\"https:\/\/35.241.27.161\/staging\/#organization\",\"name\":\"Den kulturelle skolesekken\",\"url\":\"https:\/\/35.241.27.161\/staging\/\",\"logo\":{\"@type\":\"ImageObject\",\"inLanguage\":\"en-US\",\"@id\":\"https:\/\/35.241.27.161\/staging\/#\/schema\/logo\/image\/\",\"url\":\"https:\/\/cdn.denkulturelleskolesekken.no\/staging\/974a904c-cropped-8d52d461-dks-logo1.png\",\"contentUrl\":\"https:\/\/cdn.denkulturelleskolesekken.no\/staging\/974a904c-cropped-8d52d461-dks-logo1.png\",\"width\":583,\"height\":120,\"caption\":\"Den kulturelle skolesekken\"},\"image\":{\"@id\":\"https:\/\/35.241.27.161\/staging\/#\/schema\/logo\/image\/\"}}]}<\/script>\n<!-- \/ Yoast SEO plugin. -->","yoast_head_json":{"title":"Litteratur i DKS - Den kulturelle skolesekken","robots":{"index":"index","follow":"follow","max-snippet":"max-snippet:-1","max-image-preview":"max-image-preview:large","max-video-preview":"max-video-preview:-1"},"og_locale":"en_US","og_type":"article","og_title":"Litteratur i DKS - Den kulturelle skolesekken","og_description":"Hva var den f\u00f8rste boka noen leste for deg? Hvilken bok har endret deg og m\u00e5ten du tenker p\u00e5? Hva er den beste boka du har lest?\u00a0 M\u00f8tet med litteratur i Den kulturelle skolesekken skal tilby elevene noe mer ut over litteraturen de f\u00e5r gjennom undervisningen; om det er via et forfatterm\u00f8te eller andre m\u00e5ter [&hellip;]","og_url":"https:\/\/wordpress.kulturtanken.app\/staging\/forside\/om-dks\/litteratur-i-dks\/","og_site_name":"Den kulturelle skolesekken","article_modified_time":"2021-08-06T14:22:41+00:00","og_image":[{"width":2500,"height":1667,"url":"https:\/\/cdn.denkulturelleskolesekken.no\/national\/2019\/08\/small_Demian_Vitanza_2017_LarsOpstad_046.jpg","type":"image\/jpeg"}],"twitter_card":"summary_large_image","schema":{"@context":"https:\/\/schema.org","@graph":[{"@type":"WebPage","@id":"https:\/\/wordpress.kulturtanken.app\/staging\/forside\/om-dks\/litteratur-i-dks\/","url":"https:\/\/wordpress.kulturtanken.app\/staging\/forside\/om-dks\/litteratur-i-dks\/","name":"Litteratur i DKS - Den kulturelle skolesekken","isPartOf":{"@id":"https:\/\/35.241.27.161\/staging\/#website"},"primaryImageOfPage":{"@id":"https:\/\/wordpress.kulturtanken.app\/staging\/forside\/om-dks\/litteratur-i-dks\/#primaryimage"},"image":{"@id":"https:\/\/wordpress.kulturtanken.app\/staging\/forside\/om-dks\/litteratur-i-dks\/#primaryimage"},"thumbnailUrl":"https:\/\/cdn.denkulturelleskolesekken.no\/national\/2019\/08\/small_Demian_Vitanza_2017_LarsOpstad_046.jpg","datePublished":"2019-08-19T09:32:33+00:00","dateModified":"2021-08-06T14:22:41+00:00","breadcrumb":{"@id":"https:\/\/wordpress.kulturtanken.app\/staging\/forside\/om-dks\/litteratur-i-dks\/#breadcrumb"},"inLanguage":"en-US","potentialAction":[{"@type":"ReadAction","target":["https:\/\/wordpress.kulturtanken.app\/staging\/forside\/om-dks\/litteratur-i-dks\/"]}]},{"@type":"ImageObject","inLanguage":"en-US","@id":"https:\/\/wordpress.kulturtanken.app\/staging\/forside\/om-dks\/litteratur-i-dks\/#primaryimage","url":"https:\/\/cdn.denkulturelleskolesekken.no\/national\/2019\/08\/small_Demian_Vitanza_2017_LarsOpstad_046.jpg","contentUrl":"https:\/\/cdn.denkulturelleskolesekken.no\/national\/2019\/08\/small_Demian_Vitanza_2017_LarsOpstad_046.jpg","width":2500,"height":1667,"caption":"*** Local Caption *** Bilder sendt til godkjenning"},{"@type":"BreadcrumbList","@id":"https:\/\/wordpress.kulturtanken.app\/staging\/forside\/om-dks\/litteratur-i-dks\/#breadcrumb","itemListElement":[{"@type":"ListItem","position":1,"name":"Home","item":"https:\/\/35.241.27.161\/staging\/"},{"@type":"ListItem","position":2,"name":"Forside","item":"https:\/\/35.241.27.161\/staging\/"},{"@type":"ListItem","position":3,"name":"Om DKS","item":"https:\/\/wordpress.kulturtanken.app\/staging\/forside\/om-dks\/"},{"@type":"ListItem","position":4,"name":"Litteratur i DKS"}]},{"@type":"WebSite","@id":"https:\/\/35.241.27.161\/staging\/#website","url":"https:\/\/35.241.27.161\/staging\/","name":"Den kulturelle skolesekken","description":"","publisher":{"@id":"https:\/\/35.241.27.161\/staging\/#organization"},"potentialAction":[{"@type":"SearchAction","target":{"@type":"EntryPoint","urlTemplate":"https:\/\/35.241.27.161\/staging\/?s={search_term_string}"},"query-input":{"@type":"PropertyValueSpecification","valueRequired":true,"valueName":"search_term_string"}}],"inLanguage":"en-US"},{"@type":"Organization","@id":"https:\/\/35.241.27.161\/staging\/#organization","name":"Den kulturelle skolesekken","url":"https:\/\/35.241.27.161\/staging\/","logo":{"@type":"ImageObject","inLanguage":"en-US","@id":"https:\/\/35.241.27.161\/staging\/#\/schema\/logo\/image\/","url":"https:\/\/cdn.denkulturelleskolesekken.no\/staging\/974a904c-cropped-8d52d461-dks-logo1.png","contentUrl":"https:\/\/cdn.denkulturelleskolesekken.no\/staging\/974a904c-cropped-8d52d461-dks-logo1.png","width":583,"height":120,"caption":"Den kulturelle skolesekken"},"image":{"@id":"https:\/\/35.241.27.161\/staging\/#\/schema\/logo\/image\/"}}]}},"_links":{"self":[{"href":"https:\/\/wordpress.kulturtanken.app\/staging\/wp-json\/wp\/v2\/pages\/710","targetHints":{"allow":["GET"]}}],"collection":[{"href":"https:\/\/wordpress.kulturtanken.app\/staging\/wp-json\/wp\/v2\/pages"}],"about":[{"href":"https:\/\/wordpress.kulturtanken.app\/staging\/wp-json\/wp\/v2\/types\/page"}],"author":[{"embeddable":true,"href":"https:\/\/wordpress.kulturtanken.app\/staging\/wp-json\/wp\/v2\/users\/7"}],"replies":[{"embeddable":true,"href":"https:\/\/wordpress.kulturtanken.app\/staging\/wp-json\/wp\/v2\/comments?post=710"}],"version-history":[{"count":31,"href":"https:\/\/wordpress.kulturtanken.app\/staging\/wp-json\/wp\/v2\/pages\/710\/revisions"}],"predecessor-version":[{"id":7194,"href":"https:\/\/wordpress.kulturtanken.app\/staging\/wp-json\/wp\/v2\/pages\/710\/revisions\/7194"}],"up":[{"embeddable":true,"href":"https:\/\/wordpress.kulturtanken.app\/staging\/wp-json\/wp\/v2\/pages\/85"}],"wp:featuredmedia":[{"embeddable":true,"href":"https:\/\/wordpress.kulturtanken.app\/staging\/wp-json\/wp\/v2\/media\/830"}],"wp:attachment":[{"href":"https:\/\/wordpress.kulturtanken.app\/staging\/wp-json\/wp\/v2\/media?parent=710"}],"curies":[{"name":"wp","href":"https:\/\/api.w.org\/{rel}","templated":true}]}}