{"id":711,"date":"2019-08-19T09:14:14","date_gmt":"2019-08-19T09:14:14","guid":{"rendered":"https:\/\/wordpress.kulturtanken.app\/?page_id=711"},"modified":"2021-08-06T14:22:48","modified_gmt":"2021-08-06T14:22:48","slug":"musikk-i-dks","status":"publish","type":"page","link":"https:\/\/wordpress.kulturtanken.app\/staging\/forside\/om-dks\/musikk-i-dks\/","title":{"rendered":"Musikk i DKS"},"content":{"rendered":"<div id=\"pl-gb711-69dd3792cb754\"  class=\"panel-layout\" ><div id=\"pg-gb711-69dd3792cb754-0\"  class=\"panel-grid panel-no-style\" ><div id=\"pgc-gb711-69dd3792cb754-0-0\"  class=\"panel-grid-cell\" ><div id=\"panel-gb711-69dd3792cb754-0-0-0\" class=\"so-panel widget widget_sow-image panel-first-child panel-last-child\" data-index=\"0\" ><div class=\"panel-widget-style panel-widget-style-for-gb711-69dd3792cb754-0-0-0\" ><div\n\t\t\t\n\t\t\tclass=\"so-widget-sow-image so-widget-sow-image-default-113ccd71f3e6-711\"\n\t\t\t\n\t\t>\n<div class=\"sow-image-container\">\n\t\t<img \n\tsrc=\"https:\/\/cdn.denkulturelleskolesekken.no\/national\/2019\/08\/Musikk.png\" width=\"150\" height=\"150\" sizes=\"(max-width: 150px) 100vw, 150px\" title=\"Musikk\" alt=\"Musikk-ikon\" \t\tclass=\"so-widget-image\"\/>\n\t<\/div>\n\n<h3 class=\"widget-title\">Musikk<\/h3><\/div><\/div><\/div><\/div><div id=\"pgc-gb711-69dd3792cb754-0-1\"  class=\"panel-grid-cell\" ><div id=\"panel-gb711-69dd3792cb754-0-1-0\" class=\"so-panel widget widget_sow-editor panel-first-child panel-last-child\" data-index=\"1\" ><div\n\t\t\t\n\t\t\tclass=\"so-widget-sow-editor so-widget-sow-editor-base\"\n\t\t\t\n\t\t>\n<div class=\"siteorigin-widget-tinymce textwidget\">\n\t<p>Musikk tar stor plass i barn og unges kultur og livsverden og DKS \u00f8nsker \u00e5 formidle den store uttrykksmessige og kulturelle spennvidden som finnes.\u00a0Musikk i DKS har som m\u00e5l \u00e5 inspirere til nye opplevelser som kan sette spor, \u00e5pne \u00f8rer og d\u00f8rer til lyder og melodier man ikke visste fantes.\u00a0Musikk i\u00a0DKS skal by p\u00e5 alt fra folkemusikk og klassisk musikk, til hiphop og rock.\u00a0Eleven kan f\u00e5 m\u00f8te med orkestre, band eller\u00a0solout\u00f8vere.<\/p>\n<\/div>\n<\/div><\/div><\/div><\/div><\/div>\n\n<div id=\"pl-gb711-69dd37930f689\"  class=\"panel-layout\" ><div id=\"pg-gb711-69dd37930f689-0\"  class=\"panel-grid panel-has-style\" ><div class=\"siteorigin-panels-stretch panel-row-style panel-row-style-for-gb711-69dd37930f689-0\" data-stretch-type=\"full\" ><div id=\"pgc-gb711-69dd37930f689-0-0\"  class=\"panel-grid-cell\" >\n        <div id=\"kt-explore-productions-8ea54416-ab3b-43ad-a455-a6bff946ec00\" style=\"width: 100%\"><\/div>\n        <script>\n            attachExploreProductionsWidget(document.getElementById(\"kt-explore-productions-8ea54416-ab3b-43ad-a455-a6bff946ec00\"), {\"url\":\"https:\\\/\\\/wordpress.kulturtanken.app\\\/staging\\\/utforsk-produksjoner-i-dks\\\/\"});\n        <\/script>\n        <\/div><\/div><\/div><\/div>\n\n\n<p><\/p>\n","protected":false},"excerpt":{"rendered":"<p>Musikk tar stor plass i barn og unges kultur og livsverden og DKS \u00f8nsker \u00e5 formidle den store uttrykksmessige og kulturelle spennvidden som finnes.\u00a0Musikk i DKS har som m\u00e5l \u00e5 inspirere til nye opplevelser som kan sette spor, \u00e5pne \u00f8rer og d\u00f8rer til lyder og melodier man ikke visste fantes.\u00a0Musikk i\u00a0DKS skal by p\u00e5 alt [&hellip;]<\/p>\n","protected":false},"author":12,"featured_media":1075,"parent":85,"menu_order":0,"comment_status":"closed","ping_status":"closed","template":"","meta":{"footnotes":""},"class_list":["post-711","page","type-page","status-publish","has-post-thumbnail","hentry"],"yoast_head":"<!-- This site is optimized with the Yoast SEO plugin v26.0 - https:\/\/yoast.com\/wordpress\/plugins\/seo\/ -->\n<title>Musikk i DKS - Den kulturelle skolesekken<\/title>\n<meta name=\"robots\" content=\"index, follow, max-snippet:-1, max-image-preview:large, max-video-preview:-1\" \/>\n<meta property=\"og:locale\" content=\"en_US\" \/>\n<meta property=\"og:type\" content=\"article\" \/>\n<meta property=\"og:title\" content=\"Musikk i DKS - Den kulturelle skolesekken\" \/>\n<meta property=\"og:description\" content=\"Musikk tar stor plass i barn og unges kultur og livsverden og DKS \u00f8nsker \u00e5 formidle den store uttrykksmessige og kulturelle spennvidden som finnes.\u00a0Musikk i DKS har som m\u00e5l \u00e5 inspirere til nye opplevelser som kan sette spor, \u00e5pne \u00f8rer og d\u00f8rer til lyder og melodier man ikke visste fantes.\u00a0Musikk i\u00a0DKS skal by p\u00e5 alt [&hellip;]\" \/>\n<meta property=\"og:url\" content=\"https:\/\/wordpress.kulturtanken.app\/staging\/forside\/om-dks\/musikk-i-dks\/\" \/>\n<meta property=\"og:site_name\" content=\"Den kulturelle skolesekken\" \/>\n<meta property=\"article:modified_time\" content=\"2021-08-06T14:22:48+00:00\" \/>\n<meta property=\"og:image\" content=\"https:\/\/cdn.denkulturelleskolesekken.no\/national\/2019\/08\/FB_Kykeliky2016_LarsOpstad_124.jpg\" \/>\n\t<meta property=\"og:image:width\" content=\"1500\" \/>\n\t<meta property=\"og:image:height\" content=\"999\" \/>\n\t<meta property=\"og:image:type\" content=\"image\/jpeg\" \/>\n<meta name=\"twitter:card\" content=\"summary_large_image\" \/>\n<script type=\"application\/ld+json\" class=\"yoast-schema-graph\">{\"@context\":\"https:\/\/schema.org\",\"@graph\":[{\"@type\":\"WebPage\",\"@id\":\"https:\/\/wordpress.kulturtanken.app\/staging\/forside\/om-dks\/musikk-i-dks\/\",\"url\":\"https:\/\/wordpress.kulturtanken.app\/staging\/forside\/om-dks\/musikk-i-dks\/\",\"name\":\"Musikk i DKS - Den kulturelle skolesekken\",\"isPartOf\":{\"@id\":\"https:\/\/35.241.27.161\/staging\/#website\"},\"primaryImageOfPage\":{\"@id\":\"https:\/\/wordpress.kulturtanken.app\/staging\/forside\/om-dks\/musikk-i-dks\/#primaryimage\"},\"image\":{\"@id\":\"https:\/\/wordpress.kulturtanken.app\/staging\/forside\/om-dks\/musikk-i-dks\/#primaryimage\"},\"thumbnailUrl\":\"https:\/\/cdn.denkulturelleskolesekken.no\/national\/2019\/08\/FB_Kykeliky2016_LarsOpstad_124.jpg\",\"datePublished\":\"2019-08-19T09:14:14+00:00\",\"dateModified\":\"2021-08-06T14:22:48+00:00\",\"breadcrumb\":{\"@id\":\"https:\/\/wordpress.kulturtanken.app\/staging\/forside\/om-dks\/musikk-i-dks\/#breadcrumb\"},\"inLanguage\":\"en-US\",\"potentialAction\":[{\"@type\":\"ReadAction\",\"target\":[\"https:\/\/wordpress.kulturtanken.app\/staging\/forside\/om-dks\/musikk-i-dks\/\"]}]},{\"@type\":\"ImageObject\",\"inLanguage\":\"en-US\",\"@id\":\"https:\/\/wordpress.kulturtanken.app\/staging\/forside\/om-dks\/musikk-i-dks\/#primaryimage\",\"url\":\"https:\/\/cdn.denkulturelleskolesekken.no\/national\/2019\/08\/FB_Kykeliky2016_LarsOpstad_124.jpg\",\"contentUrl\":\"https:\/\/cdn.denkulturelleskolesekken.no\/national\/2019\/08\/FB_Kykeliky2016_LarsOpstad_124.jpg\",\"width\":1500,\"height\":999},{\"@type\":\"BreadcrumbList\",\"@id\":\"https:\/\/wordpress.kulturtanken.app\/staging\/forside\/om-dks\/musikk-i-dks\/#breadcrumb\",\"itemListElement\":[{\"@type\":\"ListItem\",\"position\":1,\"name\":\"Home\",\"item\":\"https:\/\/35.241.27.161\/staging\/\"},{\"@type\":\"ListItem\",\"position\":2,\"name\":\"Forside\",\"item\":\"https:\/\/35.241.27.161\/staging\/\"},{\"@type\":\"ListItem\",\"position\":3,\"name\":\"Om DKS\",\"item\":\"https:\/\/wordpress.kulturtanken.app\/staging\/forside\/om-dks\/\"},{\"@type\":\"ListItem\",\"position\":4,\"name\":\"Musikk i DKS\"}]},{\"@type\":\"WebSite\",\"@id\":\"https:\/\/35.241.27.161\/staging\/#website\",\"url\":\"https:\/\/35.241.27.161\/staging\/\",\"name\":\"Den kulturelle skolesekken\",\"description\":\"\",\"publisher\":{\"@id\":\"https:\/\/35.241.27.161\/staging\/#organization\"},\"potentialAction\":[{\"@type\":\"SearchAction\",\"target\":{\"@type\":\"EntryPoint\",\"urlTemplate\":\"https:\/\/35.241.27.161\/staging\/?s={search_term_string}\"},\"query-input\":{\"@type\":\"PropertyValueSpecification\",\"valueRequired\":true,\"valueName\":\"search_term_string\"}}],\"inLanguage\":\"en-US\"},{\"@type\":\"Organization\",\"@id\":\"https:\/\/35.241.27.161\/staging\/#organization\",\"name\":\"Den kulturelle skolesekken\",\"url\":\"https:\/\/35.241.27.161\/staging\/\",\"logo\":{\"@type\":\"ImageObject\",\"inLanguage\":\"en-US\",\"@id\":\"https:\/\/35.241.27.161\/staging\/#\/schema\/logo\/image\/\",\"url\":\"https:\/\/cdn.denkulturelleskolesekken.no\/staging\/974a904c-cropped-8d52d461-dks-logo1.png\",\"contentUrl\":\"https:\/\/cdn.denkulturelleskolesekken.no\/staging\/974a904c-cropped-8d52d461-dks-logo1.png\",\"width\":583,\"height\":120,\"caption\":\"Den kulturelle skolesekken\"},\"image\":{\"@id\":\"https:\/\/35.241.27.161\/staging\/#\/schema\/logo\/image\/\"}}]}<\/script>\n<!-- \/ Yoast SEO plugin. -->","yoast_head_json":{"title":"Musikk i DKS - Den kulturelle skolesekken","robots":{"index":"index","follow":"follow","max-snippet":"max-snippet:-1","max-image-preview":"max-image-preview:large","max-video-preview":"max-video-preview:-1"},"og_locale":"en_US","og_type":"article","og_title":"Musikk i DKS - Den kulturelle skolesekken","og_description":"Musikk tar stor plass i barn og unges kultur og livsverden og DKS \u00f8nsker \u00e5 formidle den store uttrykksmessige og kulturelle spennvidden som finnes.\u00a0Musikk i DKS har som m\u00e5l \u00e5 inspirere til nye opplevelser som kan sette spor, \u00e5pne \u00f8rer og d\u00f8rer til lyder og melodier man ikke visste fantes.\u00a0Musikk i\u00a0DKS skal by p\u00e5 alt [&hellip;]","og_url":"https:\/\/wordpress.kulturtanken.app\/staging\/forside\/om-dks\/musikk-i-dks\/","og_site_name":"Den kulturelle skolesekken","article_modified_time":"2021-08-06T14:22:48+00:00","og_image":[{"width":1500,"height":999,"url":"https:\/\/cdn.denkulturelleskolesekken.no\/national\/2019\/08\/FB_Kykeliky2016_LarsOpstad_124.jpg","type":"image\/jpeg"}],"twitter_card":"summary_large_image","schema":{"@context":"https:\/\/schema.org","@graph":[{"@type":"WebPage","@id":"https:\/\/wordpress.kulturtanken.app\/staging\/forside\/om-dks\/musikk-i-dks\/","url":"https:\/\/wordpress.kulturtanken.app\/staging\/forside\/om-dks\/musikk-i-dks\/","name":"Musikk i DKS - Den kulturelle skolesekken","isPartOf":{"@id":"https:\/\/35.241.27.161\/staging\/#website"},"primaryImageOfPage":{"@id":"https:\/\/wordpress.kulturtanken.app\/staging\/forside\/om-dks\/musikk-i-dks\/#primaryimage"},"image":{"@id":"https:\/\/wordpress.kulturtanken.app\/staging\/forside\/om-dks\/musikk-i-dks\/#primaryimage"},"thumbnailUrl":"https:\/\/cdn.denkulturelleskolesekken.no\/national\/2019\/08\/FB_Kykeliky2016_LarsOpstad_124.jpg","datePublished":"2019-08-19T09:14:14+00:00","dateModified":"2021-08-06T14:22:48+00:00","breadcrumb":{"@id":"https:\/\/wordpress.kulturtanken.app\/staging\/forside\/om-dks\/musikk-i-dks\/#breadcrumb"},"inLanguage":"en-US","potentialAction":[{"@type":"ReadAction","target":["https:\/\/wordpress.kulturtanken.app\/staging\/forside\/om-dks\/musikk-i-dks\/"]}]},{"@type":"ImageObject","inLanguage":"en-US","@id":"https:\/\/wordpress.kulturtanken.app\/staging\/forside\/om-dks\/musikk-i-dks\/#primaryimage","url":"https:\/\/cdn.denkulturelleskolesekken.no\/national\/2019\/08\/FB_Kykeliky2016_LarsOpstad_124.jpg","contentUrl":"https:\/\/cdn.denkulturelleskolesekken.no\/national\/2019\/08\/FB_Kykeliky2016_LarsOpstad_124.jpg","width":1500,"height":999},{"@type":"BreadcrumbList","@id":"https:\/\/wordpress.kulturtanken.app\/staging\/forside\/om-dks\/musikk-i-dks\/#breadcrumb","itemListElement":[{"@type":"ListItem","position":1,"name":"Home","item":"https:\/\/35.241.27.161\/staging\/"},{"@type":"ListItem","position":2,"name":"Forside","item":"https:\/\/35.241.27.161\/staging\/"},{"@type":"ListItem","position":3,"name":"Om DKS","item":"https:\/\/wordpress.kulturtanken.app\/staging\/forside\/om-dks\/"},{"@type":"ListItem","position":4,"name":"Musikk i DKS"}]},{"@type":"WebSite","@id":"https:\/\/35.241.27.161\/staging\/#website","url":"https:\/\/35.241.27.161\/staging\/","name":"Den kulturelle skolesekken","description":"","publisher":{"@id":"https:\/\/35.241.27.161\/staging\/#organization"},"potentialAction":[{"@type":"SearchAction","target":{"@type":"EntryPoint","urlTemplate":"https:\/\/35.241.27.161\/staging\/?s={search_term_string}"},"query-input":{"@type":"PropertyValueSpecification","valueRequired":true,"valueName":"search_term_string"}}],"inLanguage":"en-US"},{"@type":"Organization","@id":"https:\/\/35.241.27.161\/staging\/#organization","name":"Den kulturelle skolesekken","url":"https:\/\/35.241.27.161\/staging\/","logo":{"@type":"ImageObject","inLanguage":"en-US","@id":"https:\/\/35.241.27.161\/staging\/#\/schema\/logo\/image\/","url":"https:\/\/cdn.denkulturelleskolesekken.no\/staging\/974a904c-cropped-8d52d461-dks-logo1.png","contentUrl":"https:\/\/cdn.denkulturelleskolesekken.no\/staging\/974a904c-cropped-8d52d461-dks-logo1.png","width":583,"height":120,"caption":"Den kulturelle skolesekken"},"image":{"@id":"https:\/\/35.241.27.161\/staging\/#\/schema\/logo\/image\/"}}]}},"_links":{"self":[{"href":"https:\/\/wordpress.kulturtanken.app\/staging\/wp-json\/wp\/v2\/pages\/711","targetHints":{"allow":["GET"]}}],"collection":[{"href":"https:\/\/wordpress.kulturtanken.app\/staging\/wp-json\/wp\/v2\/pages"}],"about":[{"href":"https:\/\/wordpress.kulturtanken.app\/staging\/wp-json\/wp\/v2\/types\/page"}],"author":[{"embeddable":true,"href":"https:\/\/wordpress.kulturtanken.app\/staging\/wp-json\/wp\/v2\/users\/12"}],"replies":[{"embeddable":true,"href":"https:\/\/wordpress.kulturtanken.app\/staging\/wp-json\/wp\/v2\/comments?post=711"}],"version-history":[{"count":30,"href":"https:\/\/wordpress.kulturtanken.app\/staging\/wp-json\/wp\/v2\/pages\/711\/revisions"}],"predecessor-version":[{"id":7195,"href":"https:\/\/wordpress.kulturtanken.app\/staging\/wp-json\/wp\/v2\/pages\/711\/revisions\/7195"}],"up":[{"embeddable":true,"href":"https:\/\/wordpress.kulturtanken.app\/staging\/wp-json\/wp\/v2\/pages\/85"}],"wp:featuredmedia":[{"embeddable":true,"href":"https:\/\/wordpress.kulturtanken.app\/staging\/wp-json\/wp\/v2\/media\/1075"}],"wp:attachment":[{"href":"https:\/\/wordpress.kulturtanken.app\/staging\/wp-json\/wp\/v2\/media?parent=711"}],"curies":[{"name":"wp","href":"https:\/\/api.w.org\/{rel}","templated":true}]}}