{"id":7144,"date":"2021-08-06T12:23:14","date_gmt":"2021-08-06T12:23:14","guid":{"rendered":"https:\/\/www.denkulturelleskolesekken.no\/?page_id=7144"},"modified":"2021-08-10T07:34:48","modified_gmt":"2021-08-10T07:34:48","slug":"visuell-kunst","status":"publish","type":"page","link":"https:\/\/wordpress.kulturtanken.app\/staging\/forside\/om-dks\/utover\/visuell-kunst\/","title":{"rendered":"Visuell kunst &#8211; DKS for ut\u00f8vere"},"content":{"rendered":"<div id=\"pl-gb7144-69dcf6aee2be2\"  class=\"panel-layout\" ><div id=\"pg-gb7144-69dcf6aee2be2-0\"  class=\"panel-grid panel-has-style\" ><div class=\"siteorigin-panels-stretch panel-row-style panel-row-style-for-gb7144-69dcf6aee2be2-0\" data-stretch-type=\"full-width-stretch\" ><div id=\"pgc-gb7144-69dcf6aee2be2-0-0\"  class=\"panel-grid-cell\" ><div id=\"panel-gb7144-69dcf6aee2be2-0-0-0\" class=\"so-panel widget widget_sow-headline panel-first-child panel-last-child\" data-index=\"0\" ><div class=\"panel-widget-style panel-widget-style-for-gb7144-69dcf6aee2be2-0-0-0\" ><div\n\t\t\t\n\t\t\tclass=\"so-widget-sow-headline so-widget-sow-headline-default-6a8a9abfdc13-7144 so-widget-fittext-wrapper\"\n\t\t\t data-fit-text-compressor=\"0.85\"\n\t\t><div class=\"sow-headline-container \">\n\t\t\t\t\t\t\t<h1 class=\"sow-headline\">\n\t\t\t\t\t\tVisuell kunst &#8211; DKS for ut\u00f8vere\t\t\t\t\t\t<\/h1>\n\t\t\t\t\t\t<\/div>\n<\/div><\/div><\/div><\/div><\/div><\/div><div id=\"pg-gb7144-69dcf6aee2be2-1\"  class=\"panel-grid panel-has-style\" ><div class=\"siteorigin-panels-stretch panel-row-style panel-row-style-for-gb7144-69dcf6aee2be2-1\" data-stretch-type=\"full-width-stretch\" ><div id=\"pgc-gb7144-69dcf6aee2be2-1-0\"  class=\"panel-grid-cell\" ><div id=\"panel-gb7144-69dcf6aee2be2-1-0-0\" class=\"so-panel widget widget_sow-image panel-first-child panel-last-child\" data-index=\"1\" ><div class=\"panel-widget-style panel-widget-style-for-gb7144-69dcf6aee2be2-1-0-0\" ><div\n\t\t\t\n\t\t\tclass=\"so-widget-sow-image so-widget-sow-image-default-8b5b6f678277-7144\"\n\t\t\t\n\t\t>\n<div class=\"sow-image-container\">\n\t\t<img \n\tsrc=\"https:\/\/cdn.denkulturelleskolesekken.no\/national\/2019\/08\/Visuell-kunst.png\" width=\"150\" height=\"150\" sizes=\"(max-width: 150px) 100vw, 150px\" title=\"Visuell kunst\" alt=\"Visuell kunst-ikon\" \t\tclass=\"so-widget-image\"\/>\n\t<\/div>\n\n<\/div><\/div><\/div><\/div><div id=\"pgc-gb7144-69dcf6aee2be2-1-1\"  class=\"panel-grid-cell panel-grid-cell-mobile-last\" ><div id=\"panel-gb7144-69dcf6aee2be2-1-1-0\" class=\"so-panel widget widget_sow-editor panel-first-child panel-last-child\" data-index=\"2\" ><div class=\"panel-widget-style panel-widget-style-for-gb7144-69dcf6aee2be2-1-1-0\" ><div\n\t\t\t\n\t\t\tclass=\"so-widget-sow-editor so-widget-sow-editor-base\"\n\t\t\t\n\t\t>\n<div class=\"siteorigin-widget-tinymce textwidget\">\n\t<p><strong>Visuell kunst i Den kulturelle skolesekken (DKS) rommer fagomr\u00e5dene billedkunst, kunsth\u00e5ndverk, design og arkitektur.\u202f<\/strong><\/p>\n<\/div>\n<\/div><\/div><\/div><\/div><div id=\"pgc-gb7144-69dcf6aee2be2-1-2\"  class=\"panel-grid-cell panel-grid-cell-empty\" ><\/div><\/div><\/div><div id=\"pg-gb7144-69dcf6aee2be2-2\"  class=\"panel-grid panel-has-style\" ><div class=\"siteorigin-panels-stretch panel-row-style panel-row-style-for-gb7144-69dcf6aee2be2-2\" data-stretch-type=\"full-width-stretch\" ><div id=\"pgc-gb7144-69dcf6aee2be2-2-0\"  class=\"panel-grid-cell\" ><div id=\"panel-gb7144-69dcf6aee2be2-2-0-0\" class=\"so-panel widget widget_nav_menu panel-first-child panel-last-child\" data-index=\"3\" ><div class=\"kt-menu panel-widget-style panel-widget-style-for-gb7144-69dcf6aee2be2-2-0-0\" ><div class=\"menu-dks-for-utovere-container\"><ul id=\"menu-dks-for-utovere\" class=\"menu\"><li id=\"menu-item-7076\" class=\"menu-item menu-item-type-post_type menu-item-object-page menu-item-has-children menu-item-7076\"><a href=\"https:\/\/wordpress.kulturtanken.app\/staging\/forside\/om-dks\/utover\/\">DKS for ut\u00f8vere<\/a>\n<ul class=\"sub-menu\">\n\t<li id=\"menu-item-7077\" class=\"menu-item menu-item-type-post_type menu-item-object-page menu-item-7077\"><a href=\"https:\/\/wordpress.kulturtanken.app\/staging\/forside\/om-dks\/utover\/\">Generell info<\/a><\/li>\n\t<li id=\"menu-item-7162\" class=\"menu-item menu-item-type-post_type menu-item-object-page menu-item-7162\"><a href=\"https:\/\/wordpress.kulturtanken.app\/staging\/forside\/om-dks\/utover\/film\/\">Film<\/a><\/li>\n\t<li id=\"menu-item-7159\" class=\"menu-item menu-item-type-post_type menu-item-object-page menu-item-7159\"><a href=\"https:\/\/wordpress.kulturtanken.app\/staging\/forside\/om-dks\/utover\/kulturarv\/\">Kulturarv<\/a><\/li>\n\t<li id=\"menu-item-7158\" class=\"menu-item menu-item-type-post_type menu-item-object-page menu-item-7158\"><a href=\"https:\/\/wordpress.kulturtanken.app\/staging\/forside\/om-dks\/utover\/litteratur\/\">Litteratur<\/a><\/li>\n\t<li id=\"menu-item-7157\" class=\"menu-item menu-item-type-post_type menu-item-object-page menu-item-7157\"><a href=\"https:\/\/wordpress.kulturtanken.app\/staging\/forside\/om-dks\/utover\/musikk\/\">Musikk<\/a><\/li>\n\t<li id=\"menu-item-7161\" class=\"menu-item menu-item-type-post_type menu-item-object-page menu-item-7161\"><a href=\"https:\/\/wordpress.kulturtanken.app\/staging\/forside\/om-dks\/utover\/scenekunst\/\">Scenekunst<\/a><\/li>\n\t<li id=\"menu-item-7160\" class=\"menu-item menu-item-type-post_type menu-item-object-page menu-item-7160\"><a href=\"https:\/\/wordpress.kulturtanken.app\/staging\/forside\/om-dks\/utover\/visuell-kunst\/\">Visuell kunst<\/a><\/li>\n\t<li id=\"menu-item-7078\" class=\"menu-item menu-item-type-post_type menu-item-object-page menu-item-7078\"><a href=\"https:\/\/wordpress.kulturtanken.app\/staging\/ofte-stilte-sporsmal\/\">Ofte stilte sp\u00f8rsm\u00e5l<\/a><\/li>\n<\/ul>\n<\/li>\n<\/ul><\/div><\/div><\/div><\/div><div id=\"pgc-gb7144-69dcf6aee2be2-2-1\"  class=\"panel-grid-cell panel-grid-cell-mobile-last\" ><div id=\"panel-gb7144-69dcf6aee2be2-2-1-0\" class=\"so-panel widget widget_sow-editor panel-first-child\" data-index=\"4\" ><div class=\"panel-widget-style panel-widget-style-for-gb7144-69dcf6aee2be2-2-1-0\" ><div\n\t\t\t\n\t\t\tclass=\"so-widget-sow-editor so-widget-sow-editor-base\"\n\t\t\t\n\t\t>\n<div class=\"siteorigin-widget-tinymce textwidget\">\n\t<p>Det er ingen bestemte krav til teknikk, format eller metode for en DKS-produksjon. Det er imidlertid et viktig prinsipp at DKS formidler profesjonell kunst og kultur, og at ordningen ikke skal v\u00e6re en erstatning for skolenes egen kunst- og h\u00e5ndverkundervisning.<\/p>\n<p>En DKS-produksjon kan alts\u00e5 ta alle tenkelige former: Maleri, fotografi, tegning, grafikk eller video. Skulptur, installasjon, stedsspesifikke og relasjonelle uttrykk. Lydkunst, performance, nettkunst, street art, grafitti, tegneserier, billedb\u00f8ker eller artists\u2019 books.\u202fKunsten kan v\u00e6re gjenstandsbasert, men like gjerne ta form av handlinger, hendelser og situasjoner.<\/p>\n<p>Visningsformatet kan for eksempel v\u00e6re en utstilling, en klasseromsvisning, et verksted eller en fremf\u00f8ring. Det kan skje i et galleri, p\u00e5 en scene, i en gymsal, en skoleg\u00e5rd eller i et klasserom. Det kan omfatte flere hundre elever, eller en enkelt skoleklasse.<\/p>\n<p>En visning eller fremf\u00f8ring kan vare i 45 minutter, mens et verksted gjerne tar noe lengre tid. Det finnes en rekke eksempler p\u00e5 produksjoner som varer over flere dager, men disse krever ofte spesielle avtaler med skolen og skolens l\u00e6rere.<\/p>\n<p>Et forslag til DKS merket som \u00abvisuell kunst\u00bb blir behandlet av fagansvarlig for dette omr\u00e5det i fylker (evt. kommuner). I noen tilfeller behandles det av et eksternt r\u00e5d av fagfeller. Forslag kan merkes med flere fagomr\u00e5der dersom det favner over flere kunstuttrykk.<\/p>\n<p>Satsene for formidlingsarbeid i DKS er regulert gjennom en rammeavtale mellom Creo og KS. <a href=\"https:\/\/www.denkulturelleskolesekken.no\/forside\/om-dks\/utover\/\">Se gjeldende satser her.<\/a><\/p>\n<p>Produksjoner som benytter verk, objekter eller annet materiale som er beskyttet under loven om opphavsrett, m\u00e5 klarere dette slik at opphavspersonene f\u00e5r vederlag i henhold til avtaleverket. Eksempelvis kan\u202f<a href=\"https:\/\/www.regjeringen.no\/no\/tema\/kultur-idrett-og-frivillighet\/visuell-kunst\/innsiktsartikler\/det-visuelle-kunstfeltet\/utstillingsvederlag--\/id709552\/\" target=\"_blank\" rel=\"noopener\">statens avtale om utstillingsvederlag<\/a>\u202feller visingsvederlag gjennom\u202f<a href=\"https:\/\/www.bono.no\/\" target=\"_blank\" rel=\"noopener\">BONO<\/a>\u202fv\u00e6re aktuelle.<\/p>\n<p><span class=\"TextRun Highlight SCXW234787165 BCX0\" lang=\"NB-NO\" xml:lang=\"NB-NO\" data-contrast=\"none\"><span class=\"NormalTextRun SCXW234787165 BCX0\">OBS:\u00a0<\/span><span class=\"NormalTextRun SCXW234787165 BCX0\">Fra og med 15. august 2021 har vi lagt inn et verkt\u00f8y for innmelding av verk til BONO i forslagsskjemaet. Avtaleverket er midlertidig ikke klart enda. Verkt\u00f8yet er allikevel aktivert, slik at vi kan samle nyttig informasjon i arbeidet med \u00e5 fastsette et avtaleverk.<\/span><\/span><span class=\"TextRun SCXW234787165 BCX0\" lang=\"NB-NO\" xml:lang=\"NB-NO\" data-contrast=\"none\"><span class=\"NormalTextRun SCXW234787165 BCX0\">\u00a0\u00a0\u00a0<\/span><\/span><span class=\"EOP SCXW234787165 BCX0\" data-ccp-props=\"{&quot;134233117&quot;:true,&quot;134233118&quot;:true}\">\u00a0<\/span><\/p>\n<\/div>\n<\/div><\/div><\/div><div id=\"panel-gb7144-69dcf6aee2be2-2-1-1\" class=\"so-panel widget widget_sow-editor panel-last-child\" data-index=\"5\" ><div class=\"panel-widget-style panel-widget-style-for-gb7144-69dcf6aee2be2-2-1-1\" ><div\n\t\t\t\n\t\t\tclass=\"so-widget-sow-editor so-widget-sow-editor-base\"\n\t\t\t\n\t\t>\n<div class=\"siteorigin-widget-tinymce textwidget\">\n\t<p>Se <a href=\"https:\/\/www.denkulturelleskolesekken.no\/forside\/om-dks\/utover\/\"><strong>DKS for ut\u00f8vere<\/strong><\/a> og <a href=\"https:\/\/www.denkulturelleskolesekken.no\/ofte-stilte-sporsmal\/\"><strong>Ofte stilte sp\u00f8rsm\u00e5l<\/strong><\/a> for generell info om forslagsprosessen og behandlingstid.<\/p>\n<\/div>\n<\/div><\/div><\/div><\/div><div id=\"pgc-gb7144-69dcf6aee2be2-2-2\"  class=\"panel-grid-cell panel-grid-cell-empty\" ><\/div><\/div><\/div><div id=\"pg-gb7144-69dcf6aee2be2-3\"  class=\"panel-grid panel-has-style\" ><div class=\"panel-row-style panel-row-style-for-gb7144-69dcf6aee2be2-3\" ><div id=\"pgc-gb7144-69dcf6aee2be2-3-0\"  class=\"panel-grid-cell\" ><div id=\"panel-gb7144-69dcf6aee2be2-3-0-0\" class=\"so-panel widget widget_sow-editor panel-first-child panel-last-child\" data-index=\"6\" ><div\n\t\t\t\n\t\t\tclass=\"so-widget-sow-editor so-widget-sow-editor-base\"\n\t\t\t\n\t\t><h3 class=\"widget-title\">Relaterte saker<\/h3>\n<div class=\"siteorigin-widget-tinymce textwidget\">\n\t<\/div>\n<\/div><\/div><\/div><\/div><\/div><div id=\"pg-gb7144-69dcf6aee2be2-4\"  class=\"panel-grid panel-has-style\" ><div class=\"panel-row-style panel-row-style-for-gb7144-69dcf6aee2be2-4\" ><div id=\"pgc-gb7144-69dcf6aee2be2-4-0\"  class=\"panel-grid-cell\" ><div id=\"panel-gb7144-69dcf6aee2be2-4-0-0\" class=\"so-panel widget widget_sow-image panel-first-child panel-last-child\" data-index=\"7\" ><div\n\t\t\t\n\t\t\tclass=\"so-widget-sow-image so-widget-sow-image-default-8b5b6f678277-7144\"\n\t\t\t\n\t\t>\n<div class=\"sow-image-container\">\n\t\t\t<a href=\"https:\/\/wordpress.kulturtanken.app\/staging\/2021\/08\/04\/turnere-i-dks\/\"\n\t\t\t\t\t>\n\t\t\t<img \n\tsrc=\"https:\/\/cdn.denkulturelleskolesekken.no\/national\/de131f3c-anna-fiske-dks.jpg\" width=\"768\" height=\"432\" sizes=\"(max-width: 768px) 100vw, 768px\" title=\"Anna-Fiske-DKS\" alt=\"Stillbilde fra animert video med Anna Fiske foran publikum.\" \t\tclass=\"so-widget-image\"\/>\n\t\t\t<\/a><\/div>\n\n<\/div><\/div><\/div><div id=\"pgc-gb7144-69dcf6aee2be2-4-1\"  class=\"panel-grid-cell\" ><div id=\"panel-gb7144-69dcf6aee2be2-4-1-0\" class=\"so-panel widget widget_sow-editor panel-first-child panel-last-child\" data-index=\"8\" ><div\n\t\t\t\n\t\t\tclass=\"so-widget-sow-editor so-widget-sow-editor-base\"\n\t\t\t\n\t\t>\n<div class=\"siteorigin-widget-tinymce textwidget\">\n\t<h4><a href=\"https:\/\/www.denkulturelleskolesekken.no\/2020\/08\/18\/turnere-i-dks\/\">Hvordan er det \u00e5 turnere i DKS?<\/a><\/h4>\n<p>\u00c5 reise rundt p\u00e5 skoler i Norge med Den kulturelle skolesekken er en unik opplevelse. Vi har spurt et knippe kunst- og kulturut\u00f8vere om deres erfaringer.<\/p>\n<\/div>\n<\/div><\/div><\/div><\/div><\/div><\/div>","protected":false},"excerpt":{"rendered":"<p>Visuell kunst i Den kulturelle skolesekken (DKS) rommer fagomr\u00e5dene billedkunst, kunsth\u00e5ndverk, design og arkitektur.\u202f<\/p>\n","protected":false},"author":22,"featured_media":0,"parent":277,"menu_order":0,"comment_status":"closed","ping_status":"closed","template":"","meta":{"footnotes":""},"class_list":["post-7144","page","type-page","status-publish","hentry"],"yoast_head":"<!-- This site is optimized with the Yoast SEO plugin v26.0 - https:\/\/yoast.com\/wordpress\/plugins\/seo\/ -->\n<title>Visuell kunst - DKS for ut\u00f8vere - Den kulturelle skolesekken<\/title>\n<meta name=\"robots\" content=\"index, follow, max-snippet:-1, max-image-preview:large, max-video-preview:-1\" \/>\n<meta property=\"og:locale\" content=\"en_US\" \/>\n<meta property=\"og:type\" content=\"article\" \/>\n<meta property=\"og:title\" content=\"Visuell kunst - DKS for ut\u00f8vere - Den kulturelle skolesekken\" \/>\n<meta property=\"og:description\" content=\"Visuell kunst i Den kulturelle skolesekken (DKS) rommer fagomr\u00e5dene billedkunst, kunsth\u00e5ndverk, design og arkitektur.\u202f\" \/>\n<meta property=\"og:url\" content=\"https:\/\/wordpress.kulturtanken.app\/staging\/forside\/om-dks\/utover\/visuell-kunst\/\" \/>\n<meta property=\"og:site_name\" content=\"Den kulturelle skolesekken\" \/>\n<meta property=\"article:modified_time\" content=\"2021-08-10T07:34:48+00:00\" \/>\n<meta property=\"og:image\" content=\"https:\/\/cdn.denkulturelleskolesekken.no\/national\/2019\/08\/Visuell-kunst.png\" \/>\n<meta name=\"twitter:card\" content=\"summary_large_image\" \/>\n<meta name=\"twitter:label1\" content=\"Est. reading time\" \/>\n\t<meta name=\"twitter:data1\" content=\"3 minutes\" \/>\n<script type=\"application\/ld+json\" class=\"yoast-schema-graph\">{\"@context\":\"https:\/\/schema.org\",\"@graph\":[{\"@type\":\"WebPage\",\"@id\":\"https:\/\/wordpress.kulturtanken.app\/staging\/forside\/om-dks\/utover\/visuell-kunst\/\",\"url\":\"https:\/\/wordpress.kulturtanken.app\/staging\/forside\/om-dks\/utover\/visuell-kunst\/\",\"name\":\"Visuell kunst - DKS for ut\u00f8vere - Den kulturelle skolesekken\",\"isPartOf\":{\"@id\":\"https:\/\/35.241.27.161\/staging\/#website\"},\"primaryImageOfPage\":{\"@id\":\"https:\/\/wordpress.kulturtanken.app\/staging\/forside\/om-dks\/utover\/visuell-kunst\/#primaryimage\"},\"image\":{\"@id\":\"https:\/\/wordpress.kulturtanken.app\/staging\/forside\/om-dks\/utover\/visuell-kunst\/#primaryimage\"},\"thumbnailUrl\":\"https:\/\/cdn.denkulturelleskolesekken.no\/national\/2019\/08\/Visuell-kunst.png\",\"datePublished\":\"2021-08-06T12:23:14+00:00\",\"dateModified\":\"2021-08-10T07:34:48+00:00\",\"breadcrumb\":{\"@id\":\"https:\/\/wordpress.kulturtanken.app\/staging\/forside\/om-dks\/utover\/visuell-kunst\/#breadcrumb\"},\"inLanguage\":\"en-US\",\"potentialAction\":[{\"@type\":\"ReadAction\",\"target\":[\"https:\/\/wordpress.kulturtanken.app\/staging\/forside\/om-dks\/utover\/visuell-kunst\/\"]}]},{\"@type\":\"ImageObject\",\"inLanguage\":\"en-US\",\"@id\":\"https:\/\/wordpress.kulturtanken.app\/staging\/forside\/om-dks\/utover\/visuell-kunst\/#primaryimage\",\"url\":\"https:\/\/cdn.denkulturelleskolesekken.no\/national\/2019\/08\/Visuell-kunst.png\",\"contentUrl\":\"https:\/\/cdn.denkulturelleskolesekken.no\/national\/2019\/08\/Visuell-kunst.png\"},{\"@type\":\"BreadcrumbList\",\"@id\":\"https:\/\/wordpress.kulturtanken.app\/staging\/forside\/om-dks\/utover\/visuell-kunst\/#breadcrumb\",\"itemListElement\":[{\"@type\":\"ListItem\",\"position\":1,\"name\":\"Home\",\"item\":\"https:\/\/35.241.27.161\/staging\/\"},{\"@type\":\"ListItem\",\"position\":2,\"name\":\"Forside\",\"item\":\"https:\/\/35.241.27.161\/staging\/\"},{\"@type\":\"ListItem\",\"position\":3,\"name\":\"Om DKS\",\"item\":\"https:\/\/wordpress.kulturtanken.app\/staging\/forside\/om-dks\/\"},{\"@type\":\"ListItem\",\"position\":4,\"name\":\"DKS for ut\u00f8vere\",\"item\":\"https:\/\/wordpress.kulturtanken.app\/staging\/forside\/om-dks\/utover\/\"},{\"@type\":\"ListItem\",\"position\":5,\"name\":\"Visuell kunst &#8211; DKS for ut\u00f8vere\"}]},{\"@type\":\"WebSite\",\"@id\":\"https:\/\/35.241.27.161\/staging\/#website\",\"url\":\"https:\/\/35.241.27.161\/staging\/\",\"name\":\"Den kulturelle skolesekken\",\"description\":\"\",\"publisher\":{\"@id\":\"https:\/\/35.241.27.161\/staging\/#organization\"},\"potentialAction\":[{\"@type\":\"SearchAction\",\"target\":{\"@type\":\"EntryPoint\",\"urlTemplate\":\"https:\/\/35.241.27.161\/staging\/?s={search_term_string}\"},\"query-input\":{\"@type\":\"PropertyValueSpecification\",\"valueRequired\":true,\"valueName\":\"search_term_string\"}}],\"inLanguage\":\"en-US\"},{\"@type\":\"Organization\",\"@id\":\"https:\/\/35.241.27.161\/staging\/#organization\",\"name\":\"Den kulturelle skolesekken\",\"url\":\"https:\/\/35.241.27.161\/staging\/\",\"logo\":{\"@type\":\"ImageObject\",\"inLanguage\":\"en-US\",\"@id\":\"https:\/\/35.241.27.161\/staging\/#\/schema\/logo\/image\/\",\"url\":\"https:\/\/cdn.denkulturelleskolesekken.no\/staging\/974a904c-cropped-8d52d461-dks-logo1.png\",\"contentUrl\":\"https:\/\/cdn.denkulturelleskolesekken.no\/staging\/974a904c-cropped-8d52d461-dks-logo1.png\",\"width\":583,\"height\":120,\"caption\":\"Den kulturelle skolesekken\"},\"image\":{\"@id\":\"https:\/\/35.241.27.161\/staging\/#\/schema\/logo\/image\/\"}}]}<\/script>\n<!-- \/ Yoast SEO plugin. -->","yoast_head_json":{"title":"Visuell kunst - DKS for ut\u00f8vere - Den kulturelle skolesekken","robots":{"index":"index","follow":"follow","max-snippet":"max-snippet:-1","max-image-preview":"max-image-preview:large","max-video-preview":"max-video-preview:-1"},"og_locale":"en_US","og_type":"article","og_title":"Visuell kunst - DKS for ut\u00f8vere - Den kulturelle skolesekken","og_description":"Visuell kunst i Den kulturelle skolesekken (DKS) rommer fagomr\u00e5dene billedkunst, kunsth\u00e5ndverk, design og arkitektur.\u202f","og_url":"https:\/\/wordpress.kulturtanken.app\/staging\/forside\/om-dks\/utover\/visuell-kunst\/","og_site_name":"Den kulturelle skolesekken","article_modified_time":"2021-08-10T07:34:48+00:00","og_image":[{"url":"https:\/\/cdn.denkulturelleskolesekken.no\/national\/2019\/08\/Visuell-kunst.png","type":"","width":"","height":""}],"twitter_card":"summary_large_image","twitter_misc":{"Est. reading time":"3 minutes"},"schema":{"@context":"https:\/\/schema.org","@graph":[{"@type":"WebPage","@id":"https:\/\/wordpress.kulturtanken.app\/staging\/forside\/om-dks\/utover\/visuell-kunst\/","url":"https:\/\/wordpress.kulturtanken.app\/staging\/forside\/om-dks\/utover\/visuell-kunst\/","name":"Visuell kunst - DKS for ut\u00f8vere - Den kulturelle skolesekken","isPartOf":{"@id":"https:\/\/35.241.27.161\/staging\/#website"},"primaryImageOfPage":{"@id":"https:\/\/wordpress.kulturtanken.app\/staging\/forside\/om-dks\/utover\/visuell-kunst\/#primaryimage"},"image":{"@id":"https:\/\/wordpress.kulturtanken.app\/staging\/forside\/om-dks\/utover\/visuell-kunst\/#primaryimage"},"thumbnailUrl":"https:\/\/cdn.denkulturelleskolesekken.no\/national\/2019\/08\/Visuell-kunst.png","datePublished":"2021-08-06T12:23:14+00:00","dateModified":"2021-08-10T07:34:48+00:00","breadcrumb":{"@id":"https:\/\/wordpress.kulturtanken.app\/staging\/forside\/om-dks\/utover\/visuell-kunst\/#breadcrumb"},"inLanguage":"en-US","potentialAction":[{"@type":"ReadAction","target":["https:\/\/wordpress.kulturtanken.app\/staging\/forside\/om-dks\/utover\/visuell-kunst\/"]}]},{"@type":"ImageObject","inLanguage":"en-US","@id":"https:\/\/wordpress.kulturtanken.app\/staging\/forside\/om-dks\/utover\/visuell-kunst\/#primaryimage","url":"https:\/\/cdn.denkulturelleskolesekken.no\/national\/2019\/08\/Visuell-kunst.png","contentUrl":"https:\/\/cdn.denkulturelleskolesekken.no\/national\/2019\/08\/Visuell-kunst.png"},{"@type":"BreadcrumbList","@id":"https:\/\/wordpress.kulturtanken.app\/staging\/forside\/om-dks\/utover\/visuell-kunst\/#breadcrumb","itemListElement":[{"@type":"ListItem","position":1,"name":"Home","item":"https:\/\/35.241.27.161\/staging\/"},{"@type":"ListItem","position":2,"name":"Forside","item":"https:\/\/35.241.27.161\/staging\/"},{"@type":"ListItem","position":3,"name":"Om DKS","item":"https:\/\/wordpress.kulturtanken.app\/staging\/forside\/om-dks\/"},{"@type":"ListItem","position":4,"name":"DKS for ut\u00f8vere","item":"https:\/\/wordpress.kulturtanken.app\/staging\/forside\/om-dks\/utover\/"},{"@type":"ListItem","position":5,"name":"Visuell kunst &#8211; DKS for ut\u00f8vere"}]},{"@type":"WebSite","@id":"https:\/\/35.241.27.161\/staging\/#website","url":"https:\/\/35.241.27.161\/staging\/","name":"Den kulturelle skolesekken","description":"","publisher":{"@id":"https:\/\/35.241.27.161\/staging\/#organization"},"potentialAction":[{"@type":"SearchAction","target":{"@type":"EntryPoint","urlTemplate":"https:\/\/35.241.27.161\/staging\/?s={search_term_string}"},"query-input":{"@type":"PropertyValueSpecification","valueRequired":true,"valueName":"search_term_string"}}],"inLanguage":"en-US"},{"@type":"Organization","@id":"https:\/\/35.241.27.161\/staging\/#organization","name":"Den kulturelle skolesekken","url":"https:\/\/35.241.27.161\/staging\/","logo":{"@type":"ImageObject","inLanguage":"en-US","@id":"https:\/\/35.241.27.161\/staging\/#\/schema\/logo\/image\/","url":"https:\/\/cdn.denkulturelleskolesekken.no\/staging\/974a904c-cropped-8d52d461-dks-logo1.png","contentUrl":"https:\/\/cdn.denkulturelleskolesekken.no\/staging\/974a904c-cropped-8d52d461-dks-logo1.png","width":583,"height":120,"caption":"Den kulturelle skolesekken"},"image":{"@id":"https:\/\/35.241.27.161\/staging\/#\/schema\/logo\/image\/"}}]}},"_links":{"self":[{"href":"https:\/\/wordpress.kulturtanken.app\/staging\/wp-json\/wp\/v2\/pages\/7144","targetHints":{"allow":["GET"]}}],"collection":[{"href":"https:\/\/wordpress.kulturtanken.app\/staging\/wp-json\/wp\/v2\/pages"}],"about":[{"href":"https:\/\/wordpress.kulturtanken.app\/staging\/wp-json\/wp\/v2\/types\/page"}],"author":[{"embeddable":true,"href":"https:\/\/wordpress.kulturtanken.app\/staging\/wp-json\/wp\/v2\/users\/22"}],"replies":[{"embeddable":true,"href":"https:\/\/wordpress.kulturtanken.app\/staging\/wp-json\/wp\/v2\/comments?post=7144"}],"version-history":[{"count":6,"href":"https:\/\/wordpress.kulturtanken.app\/staging\/wp-json\/wp\/v2\/pages\/7144\/revisions"}],"predecessor-version":[{"id":7218,"href":"https:\/\/wordpress.kulturtanken.app\/staging\/wp-json\/wp\/v2\/pages\/7144\/revisions\/7218"}],"up":[{"embeddable":true,"href":"https:\/\/wordpress.kulturtanken.app\/staging\/wp-json\/wp\/v2\/pages\/277"}],"wp:attachment":[{"href":"https:\/\/wordpress.kulturtanken.app\/staging\/wp-json\/wp\/v2\/media?parent=7144"}],"curies":[{"name":"wp","href":"https:\/\/api.w.org\/{rel}","templated":true}]}}