{"id":753,"date":"2019-08-20T11:15:25","date_gmt":"2019-08-20T11:15:25","guid":{"rendered":"https:\/\/wordpress.kulturtanken.app\/?page_id=753"},"modified":"2021-08-31T08:03:35","modified_gmt":"2021-08-31T08:03:35","slug":"om-dks-okonomi","status":"publish","type":"page","link":"https:\/\/wordpress.kulturtanken.app\/staging\/forside\/om-dks\/om-dks-okonomi\/","title":{"rendered":"Om DKS &#8211; \u00f8konomi"},"content":{"rendered":"<div id=\"pl-gb753-69dd21ee27d73\"  class=\"panel-layout\" ><div id=\"pg-gb753-69dd21ee27d73-0\"  class=\"panel-grid panel-has-style\" ><div class=\"siteorigin-panels-stretch panel-row-style panel-row-style-for-gb753-69dd21ee27d73-0\" data-stretch-type=\"full-width-stretch\" ><div id=\"pgc-gb753-69dd21ee27d73-0-0\"  class=\"panel-grid-cell\" ><div id=\"panel-gb753-69dd21ee27d73-0-0-0\" class=\"so-panel widget widget_sow-headline panel-first-child panel-last-child\" data-index=\"0\" ><div class=\"panel-widget-style panel-widget-style-for-gb753-69dd21ee27d73-0-0-0\" ><div\n\t\t\t\n\t\t\tclass=\"so-widget-sow-headline so-widget-sow-headline-default-6a8a9abfdc13-753 so-widget-fittext-wrapper\"\n\t\t\t data-fit-text-compressor=\"0.85\"\n\t\t><div class=\"sow-headline-container \">\n\t\t\t\t\t\t\t<h1 class=\"sow-headline\">\n\t\t\t\t\t\t\u00d8konomi\t\t\t\t\t\t<\/h1>\n\t\t\t\t\t\t<\/div>\n<\/div><\/div><\/div><\/div><\/div><\/div><\/div>\n\n\n<h4 class=\"wp-block-heading\">Den kulturelle skolesekken blir finansiert av spillemidler etter overskuddet fra Norsk Tipping. <\/h4>\n\n\n\n<p>I 2019 var summen 285 millioner kroner. Midlene fordeles av Kulturtanken til fylkeskommunene og direktekommunene* etter en fordelingsn\u00f8kkel som tar hensyn til geografi, demografi og infrastruktur.<\/p>\n\n\n\n<p>Tilskuddet av tippemidler skal g\u00e5 til kunst og kultur i DKS. Fylker og\nkommuner dekker selv administrasjon av DKS lokalt, i tillegg til at mange ogs\u00e5\nlegger inn ekstra midler til produksjon. Den samlede \u00f8konomien i DKS er derfor\nlangt st\u00f8rre enn tippemidlene. Alle tilskuddsmottakere m\u00e5 rapportere p\u00e5 bruk av\nmidlene.<strong><\/strong><\/p>\n\n\n\n<p>*Tolv kommuner f\u00e5r direkte tilskudd av tippemidler fra Kulturtanken, utenom fordelingen via fylkeskommunene. De har da hele ansvaret for administrasjon og programmering av DKS for grunnskolen lokalt, og blir kalt for direktekommuner. Fra  2020 f\u00e5r direktekommunene tilskuddet via fylkeskommunen.<\/p>\n\n\n\n<h4 class=\"wp-block-heading\"><br>Honorering<\/h4>\n\n\n\n<p>Kunstnere som utf\u00f8rer arbeid i Den kulturelle skolesekken skal betales i tr\u00e5d med bransjestandard, og rettighetshaveres interesser skal ivaretas i henhold til \u00e5ndsverkloven. <a href=\"https:\/\/www.ks.no\/globalassets\/fagomrader\/lonn-og-tariff\/A-rundskriv-2-2019-ASA-4401-Rammeavtale-om-vilkar-for-oppdragstakere-i-Den-kult-.pdf\" target=\"_blank\" rel=\"noreferrer noopener\" aria-label=\" (opens in a new tab)\">Kulturtanken viser til rammeavtale mellom Kommunenes Sentralforbund (KS) og Forbundet for kunst og kultur (Creo).<\/a> Det forutsettes at fakturerende kunstnere som utf\u00f8rer arbeid i Den kulturelle skolesekken skal betales i tr\u00e5d med rammeavtalen mellom KS og Creo<a rel=\"noreferrer noopener\" aria-label=\"rammeavtalen mellom KS og CREO. (opens in a new tab)\" href=\"https:\/\/www.ks.no\/contentassets\/4daf9fe3908d42088ea8a7ab396d0fea\/den-kulturelle-skolesekken_asa-4401-2018.pdf\" target=\"_blank\">.<\/a><strong><br> <\/strong><\/p>\n\n\n<div id=\"pl-gb753-69dd21ee5ed1c\"  class=\"panel-layout\" ><div id=\"pg-gb753-69dd21ee5ed1c-0\"  class=\"panel-grid panel-has-style\" ><div class=\"panel-row-style panel-row-style-for-gb753-69dd21ee5ed1c-0\" ><div id=\"pgc-gb753-69dd21ee5ed1c-0-0\"  class=\"panel-grid-cell\" ><div id=\"panel-gb753-69dd21ee5ed1c-0-0-0\" class=\"so-panel widget widget_sow-button panel-first-child\" data-index=\"0\" ><div class=\"panel-widget-style panel-widget-style-for-gb753-69dd21ee5ed1c-0-0-0\" ><div\n\t\t\t\n\t\t\tclass=\"so-widget-sow-button so-widget-sow-button-wire-24b5b93c0b59-753\"\n\t\t\t\n\t\t><div class=\"ow-button-base ow-button-align-center\"\n>\n\t\t\t<a\n\t\t\t\t\thref=\"https:\/\/wordpress.kulturtanken.app\/staging\/forside\/om-dks\/om-dks-aktorer-og-produksjoner\/\"\n\t\t\t\t\tclass=\"sowb-button ow-icon-placement-left ow-button-hover\" \t>\n\t\t<span>\n\t\t\t\n\t\t\tAkt\u00f8rer og produksjoner \t\t<\/span>\n\t\t\t<\/a>\n\t<\/div>\n<\/div><\/div><\/div><div id=\"panel-gb753-69dd21ee5ed1c-0-0-1\" class=\"so-panel widget widget_sow-button panel-last-child\" data-index=\"1\" ><div class=\"panel-widget-style panel-widget-style-for-gb753-69dd21ee5ed1c-0-0-1\" ><div\n\t\t\t\n\t\t\tclass=\"so-widget-sow-button so-widget-sow-button-wire-24b5b93c0b59-753\"\n\t\t\t\n\t\t><div class=\"ow-button-base ow-button-align-center\"\n>\n\t\t\t<a\n\t\t\t\t\thref=\"https:\/\/wordpress.kulturtanken.app\/staging\/forside\/om-dks\/rapporter\/\"\n\t\t\t\t\tclass=\"sowb-button ow-icon-placement-left ow-button-hover\" \t>\n\t\t<span>\n\t\t\t\n\t\t\tRapporter\t\t<\/span>\n\t\t\t<\/a>\n\t<\/div>\n<\/div><\/div><\/div><\/div><div id=\"pgc-gb753-69dd21ee5ed1c-0-1\"  class=\"panel-grid-cell\" ><div id=\"panel-gb753-69dd21ee5ed1c-0-1-0\" class=\"so-panel widget widget_sow-button panel-first-child\" data-index=\"2\" ><div class=\"panel-widget-style panel-widget-style-for-gb753-69dd21ee5ed1c-0-1-0\" ><div\n\t\t\t\n\t\t\tclass=\"so-widget-sow-button so-widget-sow-button-wire-24b5b93c0b59-753\"\n\t\t\t\n\t\t><div class=\"ow-button-base ow-button-align-center\"\n>\n\t\t\t<a\n\t\t\t\t\thref=\"https:\/\/wordpress.kulturtanken.app\/staging\/forside\/om-dks\/om-dks-mal-og-prinsipper\/\"\n\t\t\t\t\tclass=\"sowb-button ow-icon-placement-left ow-button-hover\" \t>\n\t\t<span>\n\t\t\t\n\t\t\tNasjonale m\u00e5l\t\t<\/span>\n\t\t\t<\/a>\n\t<\/div>\n<\/div><\/div><\/div><div id=\"panel-gb753-69dd21ee5ed1c-0-1-1\" class=\"so-panel widget widget_sow-button panel-last-child\" data-index=\"3\" ><div class=\"panel-widget-style panel-widget-style-for-gb753-69dd21ee5ed1c-0-1-1\" ><div\n\t\t\t\n\t\t\tclass=\"so-widget-sow-button so-widget-sow-button-flat-24b5b93c0b59-753\"\n\t\t\t\n\t\t><div class=\"ow-button-base ow-button-align-center\"\n>\n\t\t\t<a\n\t\t\t\t\thref=\"https:\/\/wordpress.kulturtanken.app\/staging\/forside\/om-dks\/om-dks-okonomi\/\"\n\t\t\t\t\tclass=\"sowb-button ow-icon-placement-left\" \t>\n\t\t<span>\n\t\t\t\n\t\t\t\u00d8konomi \t\t<\/span>\n\t\t\t<\/a>\n\t<\/div>\n<\/div><\/div><\/div><\/div><\/div><\/div><\/div>","protected":false},"excerpt":{"rendered":"<p>Den kulturelle skolesekken blir finansiert av spillemidler etter overskuddet fra Norsk Tipping. I 2019 var summen 285 millioner kroner. Midlene fordeles av Kulturtanken til fylkeskommunene og direktekommunene* etter en fordelingsn\u00f8kkel som tar hensyn til geografi, demografi og infrastruktur. Tilskuddet av tippemidler skal g\u00e5 til kunst og kultur i DKS. Fylker og kommuner dekker selv administrasjon [&hellip;]<\/p>\n","protected":false},"author":12,"featured_media":0,"parent":85,"menu_order":0,"comment_status":"closed","ping_status":"closed","template":"","meta":{"footnotes":""},"class_list":["post-753","page","type-page","status-publish","hentry"],"yoast_head":"<!-- This site is optimized with the Yoast SEO plugin v26.0 - https:\/\/yoast.com\/wordpress\/plugins\/seo\/ -->\n<title>Om DKS - \u00f8konomi - Den kulturelle skolesekken<\/title>\n<meta name=\"robots\" content=\"index, follow, max-snippet:-1, max-image-preview:large, max-video-preview:-1\" \/>\n<meta property=\"og:locale\" content=\"en_US\" \/>\n<meta property=\"og:type\" content=\"article\" \/>\n<meta property=\"og:title\" content=\"Om DKS - \u00f8konomi - Den kulturelle skolesekken\" \/>\n<meta property=\"og:description\" content=\"Den kulturelle skolesekken blir finansiert av spillemidler etter overskuddet fra Norsk Tipping. I 2019 var summen 285 millioner kroner. Midlene fordeles av Kulturtanken til fylkeskommunene og direktekommunene* etter en fordelingsn\u00f8kkel som tar hensyn til geografi, demografi og infrastruktur. Tilskuddet av tippemidler skal g\u00e5 til kunst og kultur i DKS. Fylker og kommuner dekker selv administrasjon [&hellip;]\" \/>\n<meta property=\"og:url\" content=\"https:\/\/wordpress.kulturtanken.app\/staging\/forside\/om-dks\/om-dks-okonomi\/\" \/>\n<meta property=\"og:site_name\" content=\"Den kulturelle skolesekken\" \/>\n<meta property=\"article:modified_time\" content=\"2021-08-31T08:03:35+00:00\" \/>\n<meta name=\"twitter:card\" content=\"summary_large_image\" \/>\n<meta name=\"twitter:label1\" content=\"Est. reading time\" \/>\n\t<meta name=\"twitter:data1\" content=\"3 minutes\" \/>\n<script type=\"application\/ld+json\" class=\"yoast-schema-graph\">{\"@context\":\"https:\/\/schema.org\",\"@graph\":[{\"@type\":\"WebPage\",\"@id\":\"https:\/\/wordpress.kulturtanken.app\/staging\/forside\/om-dks\/om-dks-okonomi\/\",\"url\":\"https:\/\/wordpress.kulturtanken.app\/staging\/forside\/om-dks\/om-dks-okonomi\/\",\"name\":\"Om DKS - \u00f8konomi - Den kulturelle skolesekken\",\"isPartOf\":{\"@id\":\"https:\/\/35.241.27.161\/staging\/#website\"},\"datePublished\":\"2019-08-20T11:15:25+00:00\",\"dateModified\":\"2021-08-31T08:03:35+00:00\",\"breadcrumb\":{\"@id\":\"https:\/\/wordpress.kulturtanken.app\/staging\/forside\/om-dks\/om-dks-okonomi\/#breadcrumb\"},\"inLanguage\":\"en-US\",\"potentialAction\":[{\"@type\":\"ReadAction\",\"target\":[\"https:\/\/wordpress.kulturtanken.app\/staging\/forside\/om-dks\/om-dks-okonomi\/\"]}]},{\"@type\":\"BreadcrumbList\",\"@id\":\"https:\/\/wordpress.kulturtanken.app\/staging\/forside\/om-dks\/om-dks-okonomi\/#breadcrumb\",\"itemListElement\":[{\"@type\":\"ListItem\",\"position\":1,\"name\":\"Home\",\"item\":\"https:\/\/35.241.27.161\/staging\/\"},{\"@type\":\"ListItem\",\"position\":2,\"name\":\"Forside\",\"item\":\"https:\/\/35.241.27.161\/staging\/\"},{\"@type\":\"ListItem\",\"position\":3,\"name\":\"Om DKS\",\"item\":\"https:\/\/wordpress.kulturtanken.app\/staging\/forside\/om-dks\/\"},{\"@type\":\"ListItem\",\"position\":4,\"name\":\"Om DKS &#8211; \u00f8konomi\"}]},{\"@type\":\"WebSite\",\"@id\":\"https:\/\/35.241.27.161\/staging\/#website\",\"url\":\"https:\/\/35.241.27.161\/staging\/\",\"name\":\"Den kulturelle skolesekken\",\"description\":\"\",\"publisher\":{\"@id\":\"https:\/\/35.241.27.161\/staging\/#organization\"},\"potentialAction\":[{\"@type\":\"SearchAction\",\"target\":{\"@type\":\"EntryPoint\",\"urlTemplate\":\"https:\/\/35.241.27.161\/staging\/?s={search_term_string}\"},\"query-input\":{\"@type\":\"PropertyValueSpecification\",\"valueRequired\":true,\"valueName\":\"search_term_string\"}}],\"inLanguage\":\"en-US\"},{\"@type\":\"Organization\",\"@id\":\"https:\/\/35.241.27.161\/staging\/#organization\",\"name\":\"Den kulturelle skolesekken\",\"url\":\"https:\/\/35.241.27.161\/staging\/\",\"logo\":{\"@type\":\"ImageObject\",\"inLanguage\":\"en-US\",\"@id\":\"https:\/\/35.241.27.161\/staging\/#\/schema\/logo\/image\/\",\"url\":\"https:\/\/cdn.denkulturelleskolesekken.no\/staging\/974a904c-cropped-8d52d461-dks-logo1.png\",\"contentUrl\":\"https:\/\/cdn.denkulturelleskolesekken.no\/staging\/974a904c-cropped-8d52d461-dks-logo1.png\",\"width\":583,\"height\":120,\"caption\":\"Den kulturelle skolesekken\"},\"image\":{\"@id\":\"https:\/\/35.241.27.161\/staging\/#\/schema\/logo\/image\/\"}}]}<\/script>\n<!-- \/ Yoast SEO plugin. -->","yoast_head_json":{"title":"Om DKS - \u00f8konomi - Den kulturelle skolesekken","robots":{"index":"index","follow":"follow","max-snippet":"max-snippet:-1","max-image-preview":"max-image-preview:large","max-video-preview":"max-video-preview:-1"},"og_locale":"en_US","og_type":"article","og_title":"Om DKS - \u00f8konomi - Den kulturelle skolesekken","og_description":"Den kulturelle skolesekken blir finansiert av spillemidler etter overskuddet fra Norsk Tipping. I 2019 var summen 285 millioner kroner. Midlene fordeles av Kulturtanken til fylkeskommunene og direktekommunene* etter en fordelingsn\u00f8kkel som tar hensyn til geografi, demografi og infrastruktur. Tilskuddet av tippemidler skal g\u00e5 til kunst og kultur i DKS. Fylker og kommuner dekker selv administrasjon [&hellip;]","og_url":"https:\/\/wordpress.kulturtanken.app\/staging\/forside\/om-dks\/om-dks-okonomi\/","og_site_name":"Den kulturelle skolesekken","article_modified_time":"2021-08-31T08:03:35+00:00","twitter_card":"summary_large_image","twitter_misc":{"Est. reading time":"3 minutes"},"schema":{"@context":"https:\/\/schema.org","@graph":[{"@type":"WebPage","@id":"https:\/\/wordpress.kulturtanken.app\/staging\/forside\/om-dks\/om-dks-okonomi\/","url":"https:\/\/wordpress.kulturtanken.app\/staging\/forside\/om-dks\/om-dks-okonomi\/","name":"Om DKS - \u00f8konomi - Den kulturelle skolesekken","isPartOf":{"@id":"https:\/\/35.241.27.161\/staging\/#website"},"datePublished":"2019-08-20T11:15:25+00:00","dateModified":"2021-08-31T08:03:35+00:00","breadcrumb":{"@id":"https:\/\/wordpress.kulturtanken.app\/staging\/forside\/om-dks\/om-dks-okonomi\/#breadcrumb"},"inLanguage":"en-US","potentialAction":[{"@type":"ReadAction","target":["https:\/\/wordpress.kulturtanken.app\/staging\/forside\/om-dks\/om-dks-okonomi\/"]}]},{"@type":"BreadcrumbList","@id":"https:\/\/wordpress.kulturtanken.app\/staging\/forside\/om-dks\/om-dks-okonomi\/#breadcrumb","itemListElement":[{"@type":"ListItem","position":1,"name":"Home","item":"https:\/\/35.241.27.161\/staging\/"},{"@type":"ListItem","position":2,"name":"Forside","item":"https:\/\/35.241.27.161\/staging\/"},{"@type":"ListItem","position":3,"name":"Om DKS","item":"https:\/\/wordpress.kulturtanken.app\/staging\/forside\/om-dks\/"},{"@type":"ListItem","position":4,"name":"Om DKS &#8211; \u00f8konomi"}]},{"@type":"WebSite","@id":"https:\/\/35.241.27.161\/staging\/#website","url":"https:\/\/35.241.27.161\/staging\/","name":"Den kulturelle skolesekken","description":"","publisher":{"@id":"https:\/\/35.241.27.161\/staging\/#organization"},"potentialAction":[{"@type":"SearchAction","target":{"@type":"EntryPoint","urlTemplate":"https:\/\/35.241.27.161\/staging\/?s={search_term_string}"},"query-input":{"@type":"PropertyValueSpecification","valueRequired":true,"valueName":"search_term_string"}}],"inLanguage":"en-US"},{"@type":"Organization","@id":"https:\/\/35.241.27.161\/staging\/#organization","name":"Den kulturelle skolesekken","url":"https:\/\/35.241.27.161\/staging\/","logo":{"@type":"ImageObject","inLanguage":"en-US","@id":"https:\/\/35.241.27.161\/staging\/#\/schema\/logo\/image\/","url":"https:\/\/cdn.denkulturelleskolesekken.no\/staging\/974a904c-cropped-8d52d461-dks-logo1.png","contentUrl":"https:\/\/cdn.denkulturelleskolesekken.no\/staging\/974a904c-cropped-8d52d461-dks-logo1.png","width":583,"height":120,"caption":"Den kulturelle skolesekken"},"image":{"@id":"https:\/\/35.241.27.161\/staging\/#\/schema\/logo\/image\/"}}]}},"_links":{"self":[{"href":"https:\/\/wordpress.kulturtanken.app\/staging\/wp-json\/wp\/v2\/pages\/753","targetHints":{"allow":["GET"]}}],"collection":[{"href":"https:\/\/wordpress.kulturtanken.app\/staging\/wp-json\/wp\/v2\/pages"}],"about":[{"href":"https:\/\/wordpress.kulturtanken.app\/staging\/wp-json\/wp\/v2\/types\/page"}],"author":[{"embeddable":true,"href":"https:\/\/wordpress.kulturtanken.app\/staging\/wp-json\/wp\/v2\/users\/12"}],"replies":[{"embeddable":true,"href":"https:\/\/wordpress.kulturtanken.app\/staging\/wp-json\/wp\/v2\/comments?post=753"}],"version-history":[{"count":30,"href":"https:\/\/wordpress.kulturtanken.app\/staging\/wp-json\/wp\/v2\/pages\/753\/revisions"}],"predecessor-version":[{"id":7258,"href":"https:\/\/wordpress.kulturtanken.app\/staging\/wp-json\/wp\/v2\/pages\/753\/revisions\/7258"}],"up":[{"embeddable":true,"href":"https:\/\/wordpress.kulturtanken.app\/staging\/wp-json\/wp\/v2\/pages\/85"}],"wp:attachment":[{"href":"https:\/\/wordpress.kulturtanken.app\/staging\/wp-json\/wp\/v2\/media?parent=753"}],"curies":[{"name":"wp","href":"https:\/\/api.w.org\/{rel}","templated":true}]}}