{"id":786,"date":"2019-08-19T09:10:27","date_gmt":"2019-08-19T09:10:27","guid":{"rendered":"https:\/\/wordpress.kulturtanken.app\/?page_id=786"},"modified":"2021-08-06T14:22:22","modified_gmt":"2021-08-06T14:22:22","slug":"kulturarv-i-dks","status":"publish","type":"page","link":"https:\/\/wordpress.kulturtanken.app\/staging\/forside\/om-dks\/kulturarv-i-dks\/","title":{"rendered":"Kulturarv i DKS"},"content":{"rendered":"<div id=\"pl-gb786-69dd232146c77\"  class=\"panel-layout\" ><div id=\"pg-gb786-69dd232146c77-0\"  class=\"panel-grid panel-no-style\" ><div id=\"pgc-gb786-69dd232146c77-0-0\"  class=\"panel-grid-cell\" ><div id=\"panel-gb786-69dd232146c77-0-0-0\" class=\"so-panel widget widget_sow-image panel-first-child panel-last-child\" data-index=\"0\" ><div class=\"panel-widget-style panel-widget-style-for-gb786-69dd232146c77-0-0-0\" ><div\n\t\t\t\n\t\t\tclass=\"so-widget-sow-image so-widget-sow-image-default-113ccd71f3e6-786\"\n\t\t\t\n\t\t>\n<div class=\"sow-image-container\">\n\t\t<img \n\tsrc=\"https:\/\/cdn.denkulturelleskolesekken.no\/national\/2019\/08\/Kulturarv.png\" width=\"150\" height=\"150\" sizes=\"(max-width: 150px) 100vw, 150px\" title=\"Kulturarv\" alt=\"Kulturarv-ikon\" \t\tclass=\"so-widget-image\"\/>\n\t<\/div>\n\n<h3 class=\"widget-title\">Kulturarv<\/h3><\/div><\/div><\/div><\/div><div id=\"pgc-gb786-69dd232146c77-0-1\"  class=\"panel-grid-cell\" ><div id=\"panel-gb786-69dd232146c77-0-1-0\" class=\"so-panel widget widget_sow-editor panel-first-child panel-last-child\" data-index=\"1\" ><div\n\t\t\t\n\t\t\tclass=\"so-widget-sow-editor so-widget-sow-editor-base\"\n\t\t\t\n\t\t>\n<div class=\"siteorigin-widget-tinymce textwidget\">\n\t<p><span data-contrast=\"none\">Alle mennesker har en kulturarv, med sin personlige kombinasjon av kultur, erfaringer og historie.\u00a0<\/span><span data-contrast=\"none\">Vi er dermed\u00a0<\/span><span data-contrast=\"none\">alle med p\u00e5 \u00e5 definere hva som skal v\u00e6re fremtidens kulturar<\/span><span data-contrast=\"none\">v. Det handler om\u00a0<\/span><span data-contrast=\"none\">de store sp\u00f8rsm\u00e5lene i livet, dilemmaene og mulighetene \u2013\u00a0<\/span><span data-contrast=\"none\">som<\/span><span data-contrast=\"none\">\u00a0gj\u00f8r at vi kan speile oss i fortidens personer.<\/span><\/p>\n<p><span data-contrast=\"none\">Kulturarv i DKS rommer mange fagomr\u00e5der og emner.\u00a0<\/span><span data-contrast=\"none\">Det omfatter eksempelvis fortellerkunst, tradisjonsh\u00e5ndverk og kulturminner<\/span><span data-contrast=\"none\">,<\/span><span data-contrast=\"none\">\u00a0industriarv og minoriteters arv.\u00a0<\/span><span data-contrast=\"none\">Immateriell og materiell kulturarv er sidestilt i DKS-sammenheng.<\/span><span data-ccp-props=\"{&quot;201341983&quot;:0,&quot;335559739&quot;:0,&quot;335559740&quot;:240}\">\u00a0<\/span><\/p>\n<p aria-level=\"1\"><span data-contrast=\"none\">Temaene favner over b\u00e5de det vi er stolte av, som vi \u00f8nsker \u00e5 ta vare p\u00e5 \u2013 i tillegg til den historien vi skjemmes over, men som like fullt fortjener en plass for debatt og kritikk.\u00a0<\/span><span data-contrast=\"none\">Kulturarv\u00a0i\u00a0DKS er\u00a0dermed\u00a0et rom for den store\u00a0samtalen\u00a0om\u00a0historieskriving\u00a0og\u00a0-utvalg.<\/span><span data-ccp-props=\"{&quot;201341983&quot;:0,&quot;335559738&quot;:240,&quot;335559739&quot;:0,&quot;335559740&quot;:240}\">\u00a0<\/span><\/p>\n<\/div>\n<\/div><\/div><\/div><\/div><\/div>\n\n\n<p><\/p>\n\n\n<div id=\"pl-gb786-69dd232178292\"  class=\"panel-layout\" ><div id=\"pg-gb786-69dd232178292-0\"  class=\"panel-grid panel-has-style\" ><div class=\"siteorigin-panels-stretch panel-row-style panel-row-style-for-gb786-69dd232178292-0\" data-stretch-type=\"full\" ><div id=\"pgc-gb786-69dd232178292-0-0\"  class=\"panel-grid-cell\" >\n        <div id=\"kt-explore-productions-eec5bb45-e104-4c25-82b3-ca3f66dfc0de\" style=\"width: 100%\"><\/div>\n        <script>\n            attachExploreProductionsWidget(document.getElementById(\"kt-explore-productions-eec5bb45-e104-4c25-82b3-ca3f66dfc0de\"), {\"url\":\"https:\\\/\\\/wordpress.kulturtanken.app\\\/staging\\\/utforsk-produksjoner-i-dks\\\/\"});\n        <\/script>\n        <\/div><\/div><\/div><\/div>","protected":false},"excerpt":{"rendered":"<p>Alle mennesker har en kulturarv, med sin personlige kombinasjon av kultur, erfaringer og historie.\u00a0Vi er dermed\u00a0alle med p\u00e5 \u00e5 definere hva som skal v\u00e6re fremtidens kulturarv. Det handler om\u00a0de store sp\u00f8rsm\u00e5lene i livet, dilemmaene og mulighetene \u2013\u00a0som\u00a0gj\u00f8r at vi kan speile oss i fortidens personer. Kulturarv i DKS rommer mange fagomr\u00e5der og emner.\u00a0Det omfatter eksempelvis [&hellip;]<\/p>\n","protected":false},"author":12,"featured_media":856,"parent":85,"menu_order":0,"comment_status":"closed","ping_status":"closed","template":"","meta":{"footnotes":""},"class_list":["post-786","page","type-page","status-publish","has-post-thumbnail","hentry"],"yoast_head":"<!-- This site is optimized with the Yoast SEO plugin v26.0 - https:\/\/yoast.com\/wordpress\/plugins\/seo\/ -->\n<title>Kulturarv i DKS - Den kulturelle skolesekken<\/title>\n<meta name=\"robots\" content=\"index, follow, max-snippet:-1, max-image-preview:large, max-video-preview:-1\" \/>\n<meta property=\"og:locale\" content=\"en_US\" \/>\n<meta property=\"og:type\" content=\"article\" \/>\n<meta property=\"og:title\" content=\"Kulturarv i DKS - Den kulturelle skolesekken\" \/>\n<meta property=\"og:description\" content=\"Alle mennesker har en kulturarv, med sin personlige kombinasjon av kultur, erfaringer og historie.\u00a0Vi er dermed\u00a0alle med p\u00e5 \u00e5 definere hva som skal v\u00e6re fremtidens kulturarv. Det handler om\u00a0de store sp\u00f8rsm\u00e5lene i livet, dilemmaene og mulighetene \u2013\u00a0som\u00a0gj\u00f8r at vi kan speile oss i fortidens personer. Kulturarv i DKS rommer mange fagomr\u00e5der og emner.\u00a0Det omfatter eksempelvis [&hellip;]\" \/>\n<meta property=\"og:url\" content=\"https:\/\/wordpress.kulturtanken.app\/staging\/forside\/om-dks\/kulturarv-i-dks\/\" \/>\n<meta property=\"og:site_name\" content=\"Den kulturelle skolesekken\" \/>\n<meta property=\"article:modified_time\" content=\"2021-08-06T14:22:22+00:00\" \/>\n<meta property=\"og:image\" content=\"https:\/\/cdn.denkulturelleskolesekken.no\/national\/2019\/08\/RiksUltima_2015_LarsOpstad_049.jpg\" \/>\n\t<meta property=\"og:image:width\" content=\"2500\" \/>\n\t<meta property=\"og:image:height\" content=\"1664\" \/>\n\t<meta property=\"og:image:type\" content=\"image\/jpeg\" \/>\n<meta name=\"twitter:card\" content=\"summary_large_image\" \/>\n<script type=\"application\/ld+json\" class=\"yoast-schema-graph\">{\"@context\":\"https:\/\/schema.org\",\"@graph\":[{\"@type\":\"WebPage\",\"@id\":\"https:\/\/wordpress.kulturtanken.app\/staging\/forside\/om-dks\/kulturarv-i-dks\/\",\"url\":\"https:\/\/wordpress.kulturtanken.app\/staging\/forside\/om-dks\/kulturarv-i-dks\/\",\"name\":\"Kulturarv i DKS - Den kulturelle skolesekken\",\"isPartOf\":{\"@id\":\"https:\/\/35.241.27.161\/staging\/#website\"},\"primaryImageOfPage\":{\"@id\":\"https:\/\/wordpress.kulturtanken.app\/staging\/forside\/om-dks\/kulturarv-i-dks\/#primaryimage\"},\"image\":{\"@id\":\"https:\/\/wordpress.kulturtanken.app\/staging\/forside\/om-dks\/kulturarv-i-dks\/#primaryimage\"},\"thumbnailUrl\":\"https:\/\/cdn.denkulturelleskolesekken.no\/national\/2019\/08\/RiksUltima_2015_LarsOpstad_049.jpg\",\"datePublished\":\"2019-08-19T09:10:27+00:00\",\"dateModified\":\"2021-08-06T14:22:22+00:00\",\"breadcrumb\":{\"@id\":\"https:\/\/wordpress.kulturtanken.app\/staging\/forside\/om-dks\/kulturarv-i-dks\/#breadcrumb\"},\"inLanguage\":\"en-US\",\"potentialAction\":[{\"@type\":\"ReadAction\",\"target\":[\"https:\/\/wordpress.kulturtanken.app\/staging\/forside\/om-dks\/kulturarv-i-dks\/\"]}]},{\"@type\":\"ImageObject\",\"inLanguage\":\"en-US\",\"@id\":\"https:\/\/wordpress.kulturtanken.app\/staging\/forside\/om-dks\/kulturarv-i-dks\/#primaryimage\",\"url\":\"https:\/\/cdn.denkulturelleskolesekken.no\/national\/2019\/08\/RiksUltima_2015_LarsOpstad_049.jpg\",\"contentUrl\":\"https:\/\/cdn.denkulturelleskolesekken.no\/national\/2019\/08\/RiksUltima_2015_LarsOpstad_049.jpg\",\"width\":2500,\"height\":1664},{\"@type\":\"BreadcrumbList\",\"@id\":\"https:\/\/wordpress.kulturtanken.app\/staging\/forside\/om-dks\/kulturarv-i-dks\/#breadcrumb\",\"itemListElement\":[{\"@type\":\"ListItem\",\"position\":1,\"name\":\"Home\",\"item\":\"https:\/\/35.241.27.161\/staging\/\"},{\"@type\":\"ListItem\",\"position\":2,\"name\":\"Forside\",\"item\":\"https:\/\/35.241.27.161\/staging\/\"},{\"@type\":\"ListItem\",\"position\":3,\"name\":\"Om DKS\",\"item\":\"https:\/\/wordpress.kulturtanken.app\/staging\/forside\/om-dks\/\"},{\"@type\":\"ListItem\",\"position\":4,\"name\":\"Kulturarv i DKS\"}]},{\"@type\":\"WebSite\",\"@id\":\"https:\/\/35.241.27.161\/staging\/#website\",\"url\":\"https:\/\/35.241.27.161\/staging\/\",\"name\":\"Den kulturelle skolesekken\",\"description\":\"\",\"publisher\":{\"@id\":\"https:\/\/35.241.27.161\/staging\/#organization\"},\"potentialAction\":[{\"@type\":\"SearchAction\",\"target\":{\"@type\":\"EntryPoint\",\"urlTemplate\":\"https:\/\/35.241.27.161\/staging\/?s={search_term_string}\"},\"query-input\":{\"@type\":\"PropertyValueSpecification\",\"valueRequired\":true,\"valueName\":\"search_term_string\"}}],\"inLanguage\":\"en-US\"},{\"@type\":\"Organization\",\"@id\":\"https:\/\/35.241.27.161\/staging\/#organization\",\"name\":\"Den kulturelle skolesekken\",\"url\":\"https:\/\/35.241.27.161\/staging\/\",\"logo\":{\"@type\":\"ImageObject\",\"inLanguage\":\"en-US\",\"@id\":\"https:\/\/35.241.27.161\/staging\/#\/schema\/logo\/image\/\",\"url\":\"https:\/\/cdn.denkulturelleskolesekken.no\/staging\/974a904c-cropped-8d52d461-dks-logo1.png\",\"contentUrl\":\"https:\/\/cdn.denkulturelleskolesekken.no\/staging\/974a904c-cropped-8d52d461-dks-logo1.png\",\"width\":583,\"height\":120,\"caption\":\"Den kulturelle skolesekken\"},\"image\":{\"@id\":\"https:\/\/35.241.27.161\/staging\/#\/schema\/logo\/image\/\"}}]}<\/script>\n<!-- \/ Yoast SEO plugin. -->","yoast_head_json":{"title":"Kulturarv i DKS - Den kulturelle skolesekken","robots":{"index":"index","follow":"follow","max-snippet":"max-snippet:-1","max-image-preview":"max-image-preview:large","max-video-preview":"max-video-preview:-1"},"og_locale":"en_US","og_type":"article","og_title":"Kulturarv i DKS - Den kulturelle skolesekken","og_description":"Alle mennesker har en kulturarv, med sin personlige kombinasjon av kultur, erfaringer og historie.\u00a0Vi er dermed\u00a0alle med p\u00e5 \u00e5 definere hva som skal v\u00e6re fremtidens kulturarv. Det handler om\u00a0de store sp\u00f8rsm\u00e5lene i livet, dilemmaene og mulighetene \u2013\u00a0som\u00a0gj\u00f8r at vi kan speile oss i fortidens personer. Kulturarv i DKS rommer mange fagomr\u00e5der og emner.\u00a0Det omfatter eksempelvis [&hellip;]","og_url":"https:\/\/wordpress.kulturtanken.app\/staging\/forside\/om-dks\/kulturarv-i-dks\/","og_site_name":"Den kulturelle skolesekken","article_modified_time":"2021-08-06T14:22:22+00:00","og_image":[{"width":2500,"height":1664,"url":"https:\/\/cdn.denkulturelleskolesekken.no\/national\/2019\/08\/RiksUltima_2015_LarsOpstad_049.jpg","type":"image\/jpeg"}],"twitter_card":"summary_large_image","schema":{"@context":"https:\/\/schema.org","@graph":[{"@type":"WebPage","@id":"https:\/\/wordpress.kulturtanken.app\/staging\/forside\/om-dks\/kulturarv-i-dks\/","url":"https:\/\/wordpress.kulturtanken.app\/staging\/forside\/om-dks\/kulturarv-i-dks\/","name":"Kulturarv i DKS - Den kulturelle skolesekken","isPartOf":{"@id":"https:\/\/35.241.27.161\/staging\/#website"},"primaryImageOfPage":{"@id":"https:\/\/wordpress.kulturtanken.app\/staging\/forside\/om-dks\/kulturarv-i-dks\/#primaryimage"},"image":{"@id":"https:\/\/wordpress.kulturtanken.app\/staging\/forside\/om-dks\/kulturarv-i-dks\/#primaryimage"},"thumbnailUrl":"https:\/\/cdn.denkulturelleskolesekken.no\/national\/2019\/08\/RiksUltima_2015_LarsOpstad_049.jpg","datePublished":"2019-08-19T09:10:27+00:00","dateModified":"2021-08-06T14:22:22+00:00","breadcrumb":{"@id":"https:\/\/wordpress.kulturtanken.app\/staging\/forside\/om-dks\/kulturarv-i-dks\/#breadcrumb"},"inLanguage":"en-US","potentialAction":[{"@type":"ReadAction","target":["https:\/\/wordpress.kulturtanken.app\/staging\/forside\/om-dks\/kulturarv-i-dks\/"]}]},{"@type":"ImageObject","inLanguage":"en-US","@id":"https:\/\/wordpress.kulturtanken.app\/staging\/forside\/om-dks\/kulturarv-i-dks\/#primaryimage","url":"https:\/\/cdn.denkulturelleskolesekken.no\/national\/2019\/08\/RiksUltima_2015_LarsOpstad_049.jpg","contentUrl":"https:\/\/cdn.denkulturelleskolesekken.no\/national\/2019\/08\/RiksUltima_2015_LarsOpstad_049.jpg","width":2500,"height":1664},{"@type":"BreadcrumbList","@id":"https:\/\/wordpress.kulturtanken.app\/staging\/forside\/om-dks\/kulturarv-i-dks\/#breadcrumb","itemListElement":[{"@type":"ListItem","position":1,"name":"Home","item":"https:\/\/35.241.27.161\/staging\/"},{"@type":"ListItem","position":2,"name":"Forside","item":"https:\/\/35.241.27.161\/staging\/"},{"@type":"ListItem","position":3,"name":"Om DKS","item":"https:\/\/wordpress.kulturtanken.app\/staging\/forside\/om-dks\/"},{"@type":"ListItem","position":4,"name":"Kulturarv i DKS"}]},{"@type":"WebSite","@id":"https:\/\/35.241.27.161\/staging\/#website","url":"https:\/\/35.241.27.161\/staging\/","name":"Den kulturelle skolesekken","description":"","publisher":{"@id":"https:\/\/35.241.27.161\/staging\/#organization"},"potentialAction":[{"@type":"SearchAction","target":{"@type":"EntryPoint","urlTemplate":"https:\/\/35.241.27.161\/staging\/?s={search_term_string}"},"query-input":{"@type":"PropertyValueSpecification","valueRequired":true,"valueName":"search_term_string"}}],"inLanguage":"en-US"},{"@type":"Organization","@id":"https:\/\/35.241.27.161\/staging\/#organization","name":"Den kulturelle skolesekken","url":"https:\/\/35.241.27.161\/staging\/","logo":{"@type":"ImageObject","inLanguage":"en-US","@id":"https:\/\/35.241.27.161\/staging\/#\/schema\/logo\/image\/","url":"https:\/\/cdn.denkulturelleskolesekken.no\/staging\/974a904c-cropped-8d52d461-dks-logo1.png","contentUrl":"https:\/\/cdn.denkulturelleskolesekken.no\/staging\/974a904c-cropped-8d52d461-dks-logo1.png","width":583,"height":120,"caption":"Den kulturelle skolesekken"},"image":{"@id":"https:\/\/35.241.27.161\/staging\/#\/schema\/logo\/image\/"}}]}},"_links":{"self":[{"href":"https:\/\/wordpress.kulturtanken.app\/staging\/wp-json\/wp\/v2\/pages\/786","targetHints":{"allow":["GET"]}}],"collection":[{"href":"https:\/\/wordpress.kulturtanken.app\/staging\/wp-json\/wp\/v2\/pages"}],"about":[{"href":"https:\/\/wordpress.kulturtanken.app\/staging\/wp-json\/wp\/v2\/types\/page"}],"author":[{"embeddable":true,"href":"https:\/\/wordpress.kulturtanken.app\/staging\/wp-json\/wp\/v2\/users\/12"}],"replies":[{"embeddable":true,"href":"https:\/\/wordpress.kulturtanken.app\/staging\/wp-json\/wp\/v2\/comments?post=786"}],"version-history":[{"count":30,"href":"https:\/\/wordpress.kulturtanken.app\/staging\/wp-json\/wp\/v2\/pages\/786\/revisions"}],"predecessor-version":[{"id":7192,"href":"https:\/\/wordpress.kulturtanken.app\/staging\/wp-json\/wp\/v2\/pages\/786\/revisions\/7192"}],"up":[{"embeddable":true,"href":"https:\/\/wordpress.kulturtanken.app\/staging\/wp-json\/wp\/v2\/pages\/85"}],"wp:featuredmedia":[{"embeddable":true,"href":"https:\/\/wordpress.kulturtanken.app\/staging\/wp-json\/wp\/v2\/media\/856"}],"wp:attachment":[{"href":"https:\/\/wordpress.kulturtanken.app\/staging\/wp-json\/wp\/v2\/media?parent=786"}],"curies":[{"name":"wp","href":"https:\/\/api.w.org\/{rel}","templated":true}]}}