{"id":798,"date":"2019-08-12T11:13:53","date_gmt":"2019-08-12T11:13:53","guid":{"rendered":"https:\/\/wordpress.kulturtanken.app\/?page_id=798"},"modified":"2021-08-06T14:22:34","modified_gmt":"2021-08-06T14:22:34","slug":"visuell-kunst-i-dks","status":"publish","type":"page","link":"https:\/\/wordpress.kulturtanken.app\/staging\/forside\/om-dks\/visuell-kunst-i-dks\/","title":{"rendered":"Visuell kunst i DKS"},"content":{"rendered":"<div id=\"pl-gb798-69dd21f0a2fc0\"  class=\"panel-layout\" ><div id=\"pg-gb798-69dd21f0a2fc0-0\"  class=\"panel-grid panel-no-style\" ><div id=\"pgc-gb798-69dd21f0a2fc0-0-0\"  class=\"panel-grid-cell\" ><div id=\"panel-gb798-69dd21f0a2fc0-0-0-0\" class=\"so-panel widget widget_sow-image panel-first-child panel-last-child\" data-index=\"0\" ><div class=\"panel-widget-style panel-widget-style-for-gb798-69dd21f0a2fc0-0-0-0\" ><div\n\t\t\t\n\t\t\tclass=\"so-widget-sow-image so-widget-sow-image-default-113ccd71f3e6-798\"\n\t\t\t\n\t\t>\n<div class=\"sow-image-container\">\n\t\t<img \n\tsrc=\"https:\/\/cdn.denkulturelleskolesekken.no\/national\/2019\/08\/Visuell-kunst.png\" width=\"150\" height=\"150\" sizes=\"(max-width: 150px) 100vw, 150px\" title=\"Visuell kunst\" alt=\"Visuell kunst-ikon\" \t\tclass=\"so-widget-image\"\/>\n\t<\/div>\n\n<h3 class=\"widget-title\">Visuell kunst<\/h3><\/div><\/div><\/div><\/div><div id=\"pgc-gb798-69dd21f0a2fc0-0-1\"  class=\"panel-grid-cell\" ><div id=\"panel-gb798-69dd21f0a2fc0-0-1-0\" class=\"so-panel widget widget_sow-editor panel-first-child panel-last-child\" data-index=\"1\" ><div\n\t\t\t\n\t\t\tclass=\"so-widget-sow-editor so-widget-sow-editor-base\"\n\t\t\t\n\t\t>\n<div class=\"siteorigin-widget-tinymce textwidget\">\n\t<p><span class=\"TextRun SCXW134005452 BCX0\" lang=\"NB-NO\" xml:lang=\"NB-NO\" data-contrast=\"auto\"><span class=\"NormalTextRun SCXW134005452 BCX0\" data-ccp-charstyle=\"normaltextrun\" data-ccp-charstyle-defn=\"{&quot;ObjectId&quot;:&quot;8b502319-013d-487c-9877-1a6d70c31d56|176&quot;,&quot;Properties&quot;:[134233614,&quot;true&quot;,201340122,&quot;1&quot;,469775450,&quot;normaltextrun&quot;,469778129,&quot;normaltextrun&quot;],&quot;ClassId&quot;:1179649}\">Visuell kunst<\/span><\/span><span class=\"TextRun SCXW134005452 BCX0\" lang=\"NB-NO\" xml:lang=\"NB-NO\" data-contrast=\"auto\"><span class=\"NormalTextRun SCXW134005452 BCX0\" data-ccp-charstyle=\"normaltextrun\">\u00a0<\/span><\/span><span class=\"TextRun SCXW134005452 BCX0\" lang=\"NB-NO\" xml:lang=\"NB-NO\" data-contrast=\"auto\"><span class=\"NormalTextRun SCXW134005452 BCX0\" data-ccp-charstyle=\"normaltextrun\">i\u00a0<\/span><\/span><span class=\"TextRun SCXW134005452 BCX0\" lang=\"NB-NO\" xml:lang=\"NB-NO\" data-contrast=\"auto\"><span class=\"NormalTextRun SCXW134005452 BCX0\" data-ccp-charstyle=\"normaltextrun\">DKS<\/span><\/span><span class=\"TextRun SCXW134005452 BCX0\" lang=\"NB-NO\" xml:lang=\"NB-NO\" data-contrast=\"auto\"><span class=\"NormalTextRun SCXW134005452 BCX0\" data-ccp-charstyle=\"normaltextrun\">\u00a0rommer fagomr\u00e5dene billedkunst, arkitektur, design og kunsth\u00e5ndverk. De omkring 800 \u00e5rlige produksjonene tar alle tenkelige former: Kunstnerm\u00f8ter, museumsbes\u00f8k, visninger, atelierbes\u00f8k, performative verk, forelesninger og verksteder. Slik m\u00e5 det nesten v\u00e6re, for kunsten i DKS skal v\u00e6re like mangfoldig, grensel\u00f8s og ustyrlig som all annen kunst. Derfor vil visuell kunst ofte ogs\u00e5 inng\u00e5 i ulike konstellasjoner med andre kunst- og kulturuttrykk, som film, litteratur eller scenekunst.<\/span><\/span><span class=\"EOP SCXW134005452 BCX0\" data-ccp-props=\"{&quot;134233117&quot;:true,&quot;134233118&quot;:true,&quot;201341983&quot;:0,&quot;335559740&quot;:240}\">\u00a0<\/span><\/p>\n<\/div>\n<\/div><\/div><\/div><\/div><\/div>\n\n<div id=\"pl-gb798-69dd21f0d1316\"  class=\"panel-layout\" ><div id=\"pg-gb798-69dd21f0d1316-0\"  class=\"panel-grid panel-has-style\" ><div class=\"siteorigin-panels-stretch panel-row-style panel-row-style-for-gb798-69dd21f0d1316-0\" data-stretch-type=\"full\" ><div id=\"pgc-gb798-69dd21f0d1316-0-0\"  class=\"panel-grid-cell\" >\n        <div id=\"kt-explore-productions-d72337ae-579e-4fe5-9e99-5a376c66c3f3\" style=\"width: 100%\"><\/div>\n        <script>\n            attachExploreProductionsWidget(document.getElementById(\"kt-explore-productions-d72337ae-579e-4fe5-9e99-5a376c66c3f3\"), {\"url\":\"https:\\\/\\\/wordpress.kulturtanken.app\\\/staging\\\/utforsk-produksjoner-i-dks\\\/\"});\n        <\/script>\n        <\/div><\/div><\/div><\/div>\n\n\n<p><\/p>\n","protected":false},"excerpt":{"rendered":"<p>Visuell kunst\u00a0i\u00a0DKS\u00a0rommer fagomr\u00e5dene billedkunst, arkitektur, design og kunsth\u00e5ndverk. De omkring 800 \u00e5rlige produksjonene tar alle tenkelige former: Kunstnerm\u00f8ter, museumsbes\u00f8k, visninger, atelierbes\u00f8k, performative verk, forelesninger og verksteder. Slik m\u00e5 det nesten v\u00e6re, for kunsten i DKS skal v\u00e6re like mangfoldig, grensel\u00f8s og ustyrlig som all annen kunst. Derfor vil visuell kunst ofte ogs\u00e5 inng\u00e5 i ulike [&hellip;]<\/p>\n","protected":false},"author":12,"featured_media":1474,"parent":85,"menu_order":0,"comment_status":"closed","ping_status":"closed","template":"","meta":{"footnotes":""},"class_list":["post-798","page","type-page","status-publish","has-post-thumbnail","hentry"],"yoast_head":"<!-- This site is optimized with the Yoast SEO plugin v26.0 - https:\/\/yoast.com\/wordpress\/plugins\/seo\/ -->\n<title>Visuell kunst i DKS - Den kulturelle skolesekken<\/title>\n<meta name=\"robots\" content=\"index, follow, max-snippet:-1, max-image-preview:large, max-video-preview:-1\" \/>\n<meta property=\"og:locale\" content=\"en_US\" \/>\n<meta property=\"og:type\" content=\"article\" \/>\n<meta property=\"og:title\" content=\"Visuell kunst i DKS - Den kulturelle skolesekken\" \/>\n<meta property=\"og:description\" content=\"Visuell kunst\u00a0i\u00a0DKS\u00a0rommer fagomr\u00e5dene billedkunst, arkitektur, design og kunsth\u00e5ndverk. De omkring 800 \u00e5rlige produksjonene tar alle tenkelige former: Kunstnerm\u00f8ter, museumsbes\u00f8k, visninger, atelierbes\u00f8k, performative verk, forelesninger og verksteder. Slik m\u00e5 det nesten v\u00e6re, for kunsten i DKS skal v\u00e6re like mangfoldig, grensel\u00f8s og ustyrlig som all annen kunst. Derfor vil visuell kunst ofte ogs\u00e5 inng\u00e5 i ulike [&hellip;]\" \/>\n<meta property=\"og:url\" content=\"https:\/\/wordpress.kulturtanken.app\/staging\/forside\/om-dks\/visuell-kunst-i-dks\/\" \/>\n<meta property=\"og:site_name\" content=\"Den kulturelle skolesekken\" \/>\n<meta property=\"article:modified_time\" content=\"2021-08-06T14:22:34+00:00\" \/>\n<meta property=\"og:image\" content=\"https:\/\/cdn.denkulturelleskolesekken.no\/national\/2019\/08\/DB_lydenavmunch_aulaen2013_LarsOpstad_021_crop.jpg\" \/>\n\t<meta property=\"og:image:width\" content=\"2453\" \/>\n\t<meta property=\"og:image:height\" content=\"1488\" \/>\n\t<meta property=\"og:image:type\" content=\"image\/jpeg\" \/>\n<meta name=\"twitter:card\" content=\"summary_large_image\" \/>\n<script type=\"application\/ld+json\" class=\"yoast-schema-graph\">{\"@context\":\"https:\/\/schema.org\",\"@graph\":[{\"@type\":\"WebPage\",\"@id\":\"https:\/\/wordpress.kulturtanken.app\/staging\/forside\/om-dks\/visuell-kunst-i-dks\/\",\"url\":\"https:\/\/wordpress.kulturtanken.app\/staging\/forside\/om-dks\/visuell-kunst-i-dks\/\",\"name\":\"Visuell kunst i DKS - Den kulturelle skolesekken\",\"isPartOf\":{\"@id\":\"https:\/\/35.241.27.161\/staging\/#website\"},\"primaryImageOfPage\":{\"@id\":\"https:\/\/wordpress.kulturtanken.app\/staging\/forside\/om-dks\/visuell-kunst-i-dks\/#primaryimage\"},\"image\":{\"@id\":\"https:\/\/wordpress.kulturtanken.app\/staging\/forside\/om-dks\/visuell-kunst-i-dks\/#primaryimage\"},\"thumbnailUrl\":\"https:\/\/cdn.denkulturelleskolesekken.no\/national\/2019\/08\/DB_lydenavmunch_aulaen2013_LarsOpstad_021_crop.jpg\",\"datePublished\":\"2019-08-12T11:13:53+00:00\",\"dateModified\":\"2021-08-06T14:22:34+00:00\",\"breadcrumb\":{\"@id\":\"https:\/\/wordpress.kulturtanken.app\/staging\/forside\/om-dks\/visuell-kunst-i-dks\/#breadcrumb\"},\"inLanguage\":\"en-US\",\"potentialAction\":[{\"@type\":\"ReadAction\",\"target\":[\"https:\/\/wordpress.kulturtanken.app\/staging\/forside\/om-dks\/visuell-kunst-i-dks\/\"]}]},{\"@type\":\"ImageObject\",\"inLanguage\":\"en-US\",\"@id\":\"https:\/\/wordpress.kulturtanken.app\/staging\/forside\/om-dks\/visuell-kunst-i-dks\/#primaryimage\",\"url\":\"https:\/\/cdn.denkulturelleskolesekken.no\/national\/2019\/08\/DB_lydenavmunch_aulaen2013_LarsOpstad_021_crop.jpg\",\"contentUrl\":\"https:\/\/cdn.denkulturelleskolesekken.no\/national\/2019\/08\/DB_lydenavmunch_aulaen2013_LarsOpstad_021_crop.jpg\",\"width\":2453,\"height\":1488},{\"@type\":\"BreadcrumbList\",\"@id\":\"https:\/\/wordpress.kulturtanken.app\/staging\/forside\/om-dks\/visuell-kunst-i-dks\/#breadcrumb\",\"itemListElement\":[{\"@type\":\"ListItem\",\"position\":1,\"name\":\"Home\",\"item\":\"https:\/\/35.241.27.161\/staging\/\"},{\"@type\":\"ListItem\",\"position\":2,\"name\":\"Forside\",\"item\":\"https:\/\/35.241.27.161\/staging\/\"},{\"@type\":\"ListItem\",\"position\":3,\"name\":\"Om DKS\",\"item\":\"https:\/\/wordpress.kulturtanken.app\/staging\/forside\/om-dks\/\"},{\"@type\":\"ListItem\",\"position\":4,\"name\":\"Visuell kunst i DKS\"}]},{\"@type\":\"WebSite\",\"@id\":\"https:\/\/35.241.27.161\/staging\/#website\",\"url\":\"https:\/\/35.241.27.161\/staging\/\",\"name\":\"Den kulturelle skolesekken\",\"description\":\"\",\"publisher\":{\"@id\":\"https:\/\/35.241.27.161\/staging\/#organization\"},\"potentialAction\":[{\"@type\":\"SearchAction\",\"target\":{\"@type\":\"EntryPoint\",\"urlTemplate\":\"https:\/\/35.241.27.161\/staging\/?s={search_term_string}\"},\"query-input\":{\"@type\":\"PropertyValueSpecification\",\"valueRequired\":true,\"valueName\":\"search_term_string\"}}],\"inLanguage\":\"en-US\"},{\"@type\":\"Organization\",\"@id\":\"https:\/\/35.241.27.161\/staging\/#organization\",\"name\":\"Den kulturelle skolesekken\",\"url\":\"https:\/\/35.241.27.161\/staging\/\",\"logo\":{\"@type\":\"ImageObject\",\"inLanguage\":\"en-US\",\"@id\":\"https:\/\/35.241.27.161\/staging\/#\/schema\/logo\/image\/\",\"url\":\"https:\/\/cdn.denkulturelleskolesekken.no\/staging\/974a904c-cropped-8d52d461-dks-logo1.png\",\"contentUrl\":\"https:\/\/cdn.denkulturelleskolesekken.no\/staging\/974a904c-cropped-8d52d461-dks-logo1.png\",\"width\":583,\"height\":120,\"caption\":\"Den kulturelle skolesekken\"},\"image\":{\"@id\":\"https:\/\/35.241.27.161\/staging\/#\/schema\/logo\/image\/\"}}]}<\/script>\n<!-- \/ Yoast SEO plugin. -->","yoast_head_json":{"title":"Visuell kunst i DKS - Den kulturelle skolesekken","robots":{"index":"index","follow":"follow","max-snippet":"max-snippet:-1","max-image-preview":"max-image-preview:large","max-video-preview":"max-video-preview:-1"},"og_locale":"en_US","og_type":"article","og_title":"Visuell kunst i DKS - Den kulturelle skolesekken","og_description":"Visuell kunst\u00a0i\u00a0DKS\u00a0rommer fagomr\u00e5dene billedkunst, arkitektur, design og kunsth\u00e5ndverk. De omkring 800 \u00e5rlige produksjonene tar alle tenkelige former: Kunstnerm\u00f8ter, museumsbes\u00f8k, visninger, atelierbes\u00f8k, performative verk, forelesninger og verksteder. Slik m\u00e5 det nesten v\u00e6re, for kunsten i DKS skal v\u00e6re like mangfoldig, grensel\u00f8s og ustyrlig som all annen kunst. Derfor vil visuell kunst ofte ogs\u00e5 inng\u00e5 i ulike [&hellip;]","og_url":"https:\/\/wordpress.kulturtanken.app\/staging\/forside\/om-dks\/visuell-kunst-i-dks\/","og_site_name":"Den kulturelle skolesekken","article_modified_time":"2021-08-06T14:22:34+00:00","og_image":[{"width":2453,"height":1488,"url":"https:\/\/cdn.denkulturelleskolesekken.no\/national\/2019\/08\/DB_lydenavmunch_aulaen2013_LarsOpstad_021_crop.jpg","type":"image\/jpeg"}],"twitter_card":"summary_large_image","schema":{"@context":"https:\/\/schema.org","@graph":[{"@type":"WebPage","@id":"https:\/\/wordpress.kulturtanken.app\/staging\/forside\/om-dks\/visuell-kunst-i-dks\/","url":"https:\/\/wordpress.kulturtanken.app\/staging\/forside\/om-dks\/visuell-kunst-i-dks\/","name":"Visuell kunst i DKS - Den kulturelle skolesekken","isPartOf":{"@id":"https:\/\/35.241.27.161\/staging\/#website"},"primaryImageOfPage":{"@id":"https:\/\/wordpress.kulturtanken.app\/staging\/forside\/om-dks\/visuell-kunst-i-dks\/#primaryimage"},"image":{"@id":"https:\/\/wordpress.kulturtanken.app\/staging\/forside\/om-dks\/visuell-kunst-i-dks\/#primaryimage"},"thumbnailUrl":"https:\/\/cdn.denkulturelleskolesekken.no\/national\/2019\/08\/DB_lydenavmunch_aulaen2013_LarsOpstad_021_crop.jpg","datePublished":"2019-08-12T11:13:53+00:00","dateModified":"2021-08-06T14:22:34+00:00","breadcrumb":{"@id":"https:\/\/wordpress.kulturtanken.app\/staging\/forside\/om-dks\/visuell-kunst-i-dks\/#breadcrumb"},"inLanguage":"en-US","potentialAction":[{"@type":"ReadAction","target":["https:\/\/wordpress.kulturtanken.app\/staging\/forside\/om-dks\/visuell-kunst-i-dks\/"]}]},{"@type":"ImageObject","inLanguage":"en-US","@id":"https:\/\/wordpress.kulturtanken.app\/staging\/forside\/om-dks\/visuell-kunst-i-dks\/#primaryimage","url":"https:\/\/cdn.denkulturelleskolesekken.no\/national\/2019\/08\/DB_lydenavmunch_aulaen2013_LarsOpstad_021_crop.jpg","contentUrl":"https:\/\/cdn.denkulturelleskolesekken.no\/national\/2019\/08\/DB_lydenavmunch_aulaen2013_LarsOpstad_021_crop.jpg","width":2453,"height":1488},{"@type":"BreadcrumbList","@id":"https:\/\/wordpress.kulturtanken.app\/staging\/forside\/om-dks\/visuell-kunst-i-dks\/#breadcrumb","itemListElement":[{"@type":"ListItem","position":1,"name":"Home","item":"https:\/\/35.241.27.161\/staging\/"},{"@type":"ListItem","position":2,"name":"Forside","item":"https:\/\/35.241.27.161\/staging\/"},{"@type":"ListItem","position":3,"name":"Om DKS","item":"https:\/\/wordpress.kulturtanken.app\/staging\/forside\/om-dks\/"},{"@type":"ListItem","position":4,"name":"Visuell kunst i DKS"}]},{"@type":"WebSite","@id":"https:\/\/35.241.27.161\/staging\/#website","url":"https:\/\/35.241.27.161\/staging\/","name":"Den kulturelle skolesekken","description":"","publisher":{"@id":"https:\/\/35.241.27.161\/staging\/#organization"},"potentialAction":[{"@type":"SearchAction","target":{"@type":"EntryPoint","urlTemplate":"https:\/\/35.241.27.161\/staging\/?s={search_term_string}"},"query-input":{"@type":"PropertyValueSpecification","valueRequired":true,"valueName":"search_term_string"}}],"inLanguage":"en-US"},{"@type":"Organization","@id":"https:\/\/35.241.27.161\/staging\/#organization","name":"Den kulturelle skolesekken","url":"https:\/\/35.241.27.161\/staging\/","logo":{"@type":"ImageObject","inLanguage":"en-US","@id":"https:\/\/35.241.27.161\/staging\/#\/schema\/logo\/image\/","url":"https:\/\/cdn.denkulturelleskolesekken.no\/staging\/974a904c-cropped-8d52d461-dks-logo1.png","contentUrl":"https:\/\/cdn.denkulturelleskolesekken.no\/staging\/974a904c-cropped-8d52d461-dks-logo1.png","width":583,"height":120,"caption":"Den kulturelle skolesekken"},"image":{"@id":"https:\/\/35.241.27.161\/staging\/#\/schema\/logo\/image\/"}}]}},"_links":{"self":[{"href":"https:\/\/wordpress.kulturtanken.app\/staging\/wp-json\/wp\/v2\/pages\/798","targetHints":{"allow":["GET"]}}],"collection":[{"href":"https:\/\/wordpress.kulturtanken.app\/staging\/wp-json\/wp\/v2\/pages"}],"about":[{"href":"https:\/\/wordpress.kulturtanken.app\/staging\/wp-json\/wp\/v2\/types\/page"}],"author":[{"embeddable":true,"href":"https:\/\/wordpress.kulturtanken.app\/staging\/wp-json\/wp\/v2\/users\/12"}],"replies":[{"embeddable":true,"href":"https:\/\/wordpress.kulturtanken.app\/staging\/wp-json\/wp\/v2\/comments?post=798"}],"version-history":[{"count":21,"href":"https:\/\/wordpress.kulturtanken.app\/staging\/wp-json\/wp\/v2\/pages\/798\/revisions"}],"predecessor-version":[{"id":7193,"href":"https:\/\/wordpress.kulturtanken.app\/staging\/wp-json\/wp\/v2\/pages\/798\/revisions\/7193"}],"up":[{"embeddable":true,"href":"https:\/\/wordpress.kulturtanken.app\/staging\/wp-json\/wp\/v2\/pages\/85"}],"wp:featuredmedia":[{"embeddable":true,"href":"https:\/\/wordpress.kulturtanken.app\/staging\/wp-json\/wp\/v2\/media\/1474"}],"wp:attachment":[{"href":"https:\/\/wordpress.kulturtanken.app\/staging\/wp-json\/wp\/v2\/media?parent=798"}],"curies":[{"name":"wp","href":"https:\/\/api.w.org\/{rel}","templated":true}]}}