{"id":904,"date":"2019-08-21T06:59:51","date_gmt":"2019-08-21T06:59:51","guid":{"rendered":"https:\/\/wordpress.kulturtanken.app\/?page_id=904"},"modified":"2021-01-12T08:55:40","modified_gmt":"2021-01-12T08:55:40","slug":"english-information","status":"publish","type":"page","link":"https:\/\/wordpress.kulturtanken.app\/staging\/english-information\/","title":{"rendered":"The Cultural Schoolbag"},"content":{"rendered":"<div id=\"pl-gb904-69dd0fdcce91e\"  class=\"panel-layout\" ><div id=\"pg-gb904-69dd0fdcce91e-0\"  class=\"panel-grid panel-no-style\" ><div id=\"pgc-gb904-69dd0fdcce91e-0-0\"  class=\"panel-grid-cell\" ><div id=\"panel-gb904-69dd0fdcce91e-0-0-0\" class=\"so-panel widget widget_sow-editor panel-first-child panel-last-child\" data-index=\"0\" ><div\n\t\t\t\n\t\t\tclass=\"so-widget-sow-editor so-widget-sow-editor-base\"\n\t\t\t\n\t\t>\n<div class=\"siteorigin-widget-tinymce textwidget\">\n\t<p><strong>The Cultural Schoolbag (TCS) is a national programme designed to ensure that all school pupils in Norway experience professional art and culture of all kinds. The Cultural Schoolbag is a collaborative project between the Ministry of Culture and the Ministry of Education and Research. In 2016\u00a0<em>Kulturtanken<\/em>\u00a0(previously Concerts Norway) was given national responsibility for the scheme.<\/strong><\/p>\n<p>&nbsp;<\/p>\n<\/div>\n<\/div><\/div><\/div><\/div><div id=\"pg-gb904-69dd0fdcce91e-1\"  class=\"panel-grid panel-no-style\" ><div id=\"pgc-gb904-69dd0fdcce91e-1-0\"  class=\"panel-grid-cell\" ><div id=\"panel-gb904-69dd0fdcce91e-1-0-0\" class=\"so-panel widget widget_sow-button panel-first-child panel-last-child\" data-index=\"1\" ><div\n\t\t\t\n\t\t\tclass=\"so-widget-sow-button so-widget-sow-button-wire-040b37231d74-904\"\n\t\t\t\n\t\t><div class=\"ow-button-base ow-button-align-center\"\n>\n\t\t\t<a\n\t\t\t\t\thref=\"https:\/\/wordpress.kulturtanken.app\/staging\/english-information\/this-is-the-cultural-schoolbag\/\"\n\t\t\t\t\tclass=\"sowb-button ow-icon-placement-left ow-button-hover\" \t>\n\t\t<span>\n\t\t\t\n\t\t\tThis is TCS\t\t<\/span>\n\t\t\t<\/a>\n\t<\/div>\n<\/div><\/div><\/div><div id=\"pgc-gb904-69dd0fdcce91e-1-1\"  class=\"panel-grid-cell\" ><div id=\"panel-gb904-69dd0fdcce91e-1-1-0\" class=\"so-panel widget widget_sow-button panel-first-child panel-last-child\" data-index=\"2\" ><div\n\t\t\t\n\t\t\tclass=\"so-widget-sow-button so-widget-sow-button-wire-040b37231d74-904\"\n\t\t\t\n\t\t><div class=\"ow-button-base ow-button-align-center\"\n>\n\t\t\t<a\n\t\t\t\t\thref=\"https:\/\/wordpress.kulturtanken.app\/staging\/english-information\/artistic-and-cultural-expressions\/\"\n\t\t\t\t\tclass=\"sowb-button ow-icon-placement-left ow-button-hover\" \t>\n\t\t<span>\n\t\t\t\n\t\t\tArtistic Expressions\t\t<\/span>\n\t\t\t<\/a>\n\t<\/div>\n<\/div><\/div><\/div><div id=\"pgc-gb904-69dd0fdcce91e-1-2\"  class=\"panel-grid-cell\" ><div id=\"panel-gb904-69dd0fdcce91e-1-2-0\" class=\"so-panel widget widget_sow-button panel-first-child panel-last-child\" data-index=\"3\" ><div\n\t\t\t\n\t\t\tclass=\"so-widget-sow-button so-widget-sow-button-wire-040b37231d74-904\"\n\t\t\t\n\t\t><div class=\"ow-button-base ow-button-align-center\"\n>\n\t\t\t<a\n\t\t\t\t\thref=\"https:\/\/wordpress.kulturtanken.app\/staging\/english-information\/tcs-in-schools\/\"\n\t\t\t\t\tclass=\"sowb-button ow-icon-placement-left ow-button-hover\" \t>\n\t\t<span>\n\t\t\t\n\t\t\tTCS in Schools\t\t<\/span>\n\t\t\t<\/a>\n\t<\/div>\n<\/div><\/div><\/div><\/div><\/div>\n\n\n<p><\/p>\n","protected":false},"excerpt":{"rendered":"<p>The Cultural Schoolbag (TCS) is a national programme designed to ensure that all school pupils in Norway experience professional art and culture of all kinds. The Cultural Schoolbag is a collaborative project between the Ministry of Culture and the Ministry of Education and Research. In 2016\u00a0Kulturtanken\u00a0(previously Concerts Norway) was given national responsibility for the scheme. [&hellip;]<\/p>\n","protected":false},"author":7,"featured_media":718,"parent":0,"menu_order":0,"comment_status":"closed","ping_status":"closed","template":"","meta":{"footnotes":""},"class_list":["post-904","page","type-page","status-publish","has-post-thumbnail","hentry"],"yoast_head":"<!-- This site is optimized with the Yoast SEO plugin v26.0 - https:\/\/yoast.com\/wordpress\/plugins\/seo\/ -->\n<title>The Cultural Schoolbag - Den kulturelle skolesekken<\/title>\n<meta name=\"robots\" content=\"index, follow, max-snippet:-1, max-image-preview:large, max-video-preview:-1\" \/>\n<meta property=\"og:locale\" content=\"en_US\" \/>\n<meta property=\"og:type\" content=\"article\" \/>\n<meta property=\"og:title\" content=\"The Cultural Schoolbag - Den kulturelle skolesekken\" \/>\n<meta property=\"og:description\" content=\"The Cultural Schoolbag (TCS) is a national programme designed to ensure that all school pupils in Norway experience professional art and culture of all kinds. The Cultural Schoolbag is a collaborative project between the Ministry of Culture and the Ministry of Education and Research. In 2016\u00a0Kulturtanken\u00a0(previously Concerts Norway) was given national responsibility for the scheme. [&hellip;]\" \/>\n<meta property=\"og:url\" content=\"https:\/\/wordpress.kulturtanken.app\/staging\/english-information\/\" \/>\n<meta property=\"og:site_name\" content=\"Den kulturelle skolesekken\" \/>\n<meta property=\"article:modified_time\" content=\"2021-01-12T08:55:40+00:00\" \/>\n<meta property=\"og:image\" content=\"https:\/\/cdn.denkulturelleskolesekken.no\/national\/2019\/08\/DB_DB_Hello_Showbox2018_LarsOpstad_007.jpg\" \/>\n\t<meta property=\"og:image:width\" content=\"1024\" \/>\n\t<meta property=\"og:image:height\" content=\"683\" \/>\n\t<meta property=\"og:image:type\" content=\"image\/jpeg\" \/>\n<meta name=\"twitter:card\" content=\"summary_large_image\" \/>\n<script type=\"application\/ld+json\" class=\"yoast-schema-graph\">{\"@context\":\"https:\/\/schema.org\",\"@graph\":[{\"@type\":\"WebPage\",\"@id\":\"https:\/\/wordpress.kulturtanken.app\/staging\/english-information\/\",\"url\":\"https:\/\/wordpress.kulturtanken.app\/staging\/english-information\/\",\"name\":\"The Cultural Schoolbag - Den kulturelle skolesekken\",\"isPartOf\":{\"@id\":\"https:\/\/35.241.27.161\/staging\/#website\"},\"primaryImageOfPage\":{\"@id\":\"https:\/\/wordpress.kulturtanken.app\/staging\/english-information\/#primaryimage\"},\"image\":{\"@id\":\"https:\/\/wordpress.kulturtanken.app\/staging\/english-information\/#primaryimage\"},\"thumbnailUrl\":\"https:\/\/cdn.denkulturelleskolesekken.no\/national\/2019\/08\/DB_DB_Hello_Showbox2018_LarsOpstad_007.jpg\",\"datePublished\":\"2019-08-21T06:59:51+00:00\",\"dateModified\":\"2021-01-12T08:55:40+00:00\",\"breadcrumb\":{\"@id\":\"https:\/\/wordpress.kulturtanken.app\/staging\/english-information\/#breadcrumb\"},\"inLanguage\":\"en-US\",\"potentialAction\":[{\"@type\":\"ReadAction\",\"target\":[\"https:\/\/wordpress.kulturtanken.app\/staging\/english-information\/\"]}]},{\"@type\":\"ImageObject\",\"inLanguage\":\"en-US\",\"@id\":\"https:\/\/wordpress.kulturtanken.app\/staging\/english-information\/#primaryimage\",\"url\":\"https:\/\/cdn.denkulturelleskolesekken.no\/national\/2019\/08\/DB_DB_Hello_Showbox2018_LarsOpstad_007.jpg\",\"contentUrl\":\"https:\/\/cdn.denkulturelleskolesekken.no\/national\/2019\/08\/DB_DB_Hello_Showbox2018_LarsOpstad_007.jpg\",\"width\":5568,\"height\":3712,\"caption\":\"*** Local Caption *** Scenekunstbrukets festival Showbox i 2018 p\u00e5 Black Box i Oslo. Medskapende dansere: Abir Alyousofi, Milkias Alem, Bao Andr\u00e9 Nguyen Lysdesign: Olav Nordhagen Lyddesign: Thorleif Silkeb\u00e6kken Filmmaker: Mathias Eek \/ Sylskarp Ide\/konsept\/regi: Therese Slob\"},{\"@type\":\"BreadcrumbList\",\"@id\":\"https:\/\/wordpress.kulturtanken.app\/staging\/english-information\/#breadcrumb\",\"itemListElement\":[{\"@type\":\"ListItem\",\"position\":1,\"name\":\"Home\",\"item\":\"https:\/\/35.241.27.161\/staging\/\"},{\"@type\":\"ListItem\",\"position\":2,\"name\":\"The Cultural Schoolbag\"}]},{\"@type\":\"WebSite\",\"@id\":\"https:\/\/35.241.27.161\/staging\/#website\",\"url\":\"https:\/\/35.241.27.161\/staging\/\",\"name\":\"Den kulturelle skolesekken\",\"description\":\"\",\"publisher\":{\"@id\":\"https:\/\/35.241.27.161\/staging\/#organization\"},\"potentialAction\":[{\"@type\":\"SearchAction\",\"target\":{\"@type\":\"EntryPoint\",\"urlTemplate\":\"https:\/\/35.241.27.161\/staging\/?s={search_term_string}\"},\"query-input\":{\"@type\":\"PropertyValueSpecification\",\"valueRequired\":true,\"valueName\":\"search_term_string\"}}],\"inLanguage\":\"en-US\"},{\"@type\":\"Organization\",\"@id\":\"https:\/\/35.241.27.161\/staging\/#organization\",\"name\":\"Den kulturelle skolesekken\",\"url\":\"https:\/\/35.241.27.161\/staging\/\",\"logo\":{\"@type\":\"ImageObject\",\"inLanguage\":\"en-US\",\"@id\":\"https:\/\/35.241.27.161\/staging\/#\/schema\/logo\/image\/\",\"url\":\"https:\/\/cdn.denkulturelleskolesekken.no\/staging\/974a904c-cropped-8d52d461-dks-logo1.png\",\"contentUrl\":\"https:\/\/cdn.denkulturelleskolesekken.no\/staging\/974a904c-cropped-8d52d461-dks-logo1.png\",\"width\":583,\"height\":120,\"caption\":\"Den kulturelle skolesekken\"},\"image\":{\"@id\":\"https:\/\/35.241.27.161\/staging\/#\/schema\/logo\/image\/\"}}]}<\/script>\n<!-- \/ Yoast SEO plugin. -->","yoast_head_json":{"title":"The Cultural Schoolbag - Den kulturelle skolesekken","robots":{"index":"index","follow":"follow","max-snippet":"max-snippet:-1","max-image-preview":"max-image-preview:large","max-video-preview":"max-video-preview:-1"},"og_locale":"en_US","og_type":"article","og_title":"The Cultural Schoolbag - Den kulturelle skolesekken","og_description":"The Cultural Schoolbag (TCS) is a national programme designed to ensure that all school pupils in Norway experience professional art and culture of all kinds. The Cultural Schoolbag is a collaborative project between the Ministry of Culture and the Ministry of Education and Research. In 2016\u00a0Kulturtanken\u00a0(previously Concerts Norway) was given national responsibility for the scheme. [&hellip;]","og_url":"https:\/\/wordpress.kulturtanken.app\/staging\/english-information\/","og_site_name":"Den kulturelle skolesekken","article_modified_time":"2021-01-12T08:55:40+00:00","og_image":[{"url":"https:\/\/cdn.denkulturelleskolesekken.no\/national\/2019\/08\/DB_DB_Hello_Showbox2018_LarsOpstad_007.jpg","width":1024,"height":683,"type":"image\/jpeg"}],"twitter_card":"summary_large_image","schema":{"@context":"https:\/\/schema.org","@graph":[{"@type":"WebPage","@id":"https:\/\/wordpress.kulturtanken.app\/staging\/english-information\/","url":"https:\/\/wordpress.kulturtanken.app\/staging\/english-information\/","name":"The Cultural Schoolbag - Den kulturelle skolesekken","isPartOf":{"@id":"https:\/\/35.241.27.161\/staging\/#website"},"primaryImageOfPage":{"@id":"https:\/\/wordpress.kulturtanken.app\/staging\/english-information\/#primaryimage"},"image":{"@id":"https:\/\/wordpress.kulturtanken.app\/staging\/english-information\/#primaryimage"},"thumbnailUrl":"https:\/\/cdn.denkulturelleskolesekken.no\/national\/2019\/08\/DB_DB_Hello_Showbox2018_LarsOpstad_007.jpg","datePublished":"2019-08-21T06:59:51+00:00","dateModified":"2021-01-12T08:55:40+00:00","breadcrumb":{"@id":"https:\/\/wordpress.kulturtanken.app\/staging\/english-information\/#breadcrumb"},"inLanguage":"en-US","potentialAction":[{"@type":"ReadAction","target":["https:\/\/wordpress.kulturtanken.app\/staging\/english-information\/"]}]},{"@type":"ImageObject","inLanguage":"en-US","@id":"https:\/\/wordpress.kulturtanken.app\/staging\/english-information\/#primaryimage","url":"https:\/\/cdn.denkulturelleskolesekken.no\/national\/2019\/08\/DB_DB_Hello_Showbox2018_LarsOpstad_007.jpg","contentUrl":"https:\/\/cdn.denkulturelleskolesekken.no\/national\/2019\/08\/DB_DB_Hello_Showbox2018_LarsOpstad_007.jpg","width":5568,"height":3712,"caption":"*** Local Caption *** Scenekunstbrukets festival Showbox i 2018 p\u00e5 Black Box i Oslo. Medskapende dansere: Abir Alyousofi, Milkias Alem, Bao Andr\u00e9 Nguyen Lysdesign: Olav Nordhagen Lyddesign: Thorleif Silkeb\u00e6kken Filmmaker: Mathias Eek \/ Sylskarp Ide\/konsept\/regi: Therese Slob"},{"@type":"BreadcrumbList","@id":"https:\/\/wordpress.kulturtanken.app\/staging\/english-information\/#breadcrumb","itemListElement":[{"@type":"ListItem","position":1,"name":"Home","item":"https:\/\/35.241.27.161\/staging\/"},{"@type":"ListItem","position":2,"name":"The Cultural Schoolbag"}]},{"@type":"WebSite","@id":"https:\/\/35.241.27.161\/staging\/#website","url":"https:\/\/35.241.27.161\/staging\/","name":"Den kulturelle skolesekken","description":"","publisher":{"@id":"https:\/\/35.241.27.161\/staging\/#organization"},"potentialAction":[{"@type":"SearchAction","target":{"@type":"EntryPoint","urlTemplate":"https:\/\/35.241.27.161\/staging\/?s={search_term_string}"},"query-input":{"@type":"PropertyValueSpecification","valueRequired":true,"valueName":"search_term_string"}}],"inLanguage":"en-US"},{"@type":"Organization","@id":"https:\/\/35.241.27.161\/staging\/#organization","name":"Den kulturelle skolesekken","url":"https:\/\/35.241.27.161\/staging\/","logo":{"@type":"ImageObject","inLanguage":"en-US","@id":"https:\/\/35.241.27.161\/staging\/#\/schema\/logo\/image\/","url":"https:\/\/cdn.denkulturelleskolesekken.no\/staging\/974a904c-cropped-8d52d461-dks-logo1.png","contentUrl":"https:\/\/cdn.denkulturelleskolesekken.no\/staging\/974a904c-cropped-8d52d461-dks-logo1.png","width":583,"height":120,"caption":"Den kulturelle skolesekken"},"image":{"@id":"https:\/\/35.241.27.161\/staging\/#\/schema\/logo\/image\/"}}]}},"_links":{"self":[{"href":"https:\/\/wordpress.kulturtanken.app\/staging\/wp-json\/wp\/v2\/pages\/904","targetHints":{"allow":["GET"]}}],"collection":[{"href":"https:\/\/wordpress.kulturtanken.app\/staging\/wp-json\/wp\/v2\/pages"}],"about":[{"href":"https:\/\/wordpress.kulturtanken.app\/staging\/wp-json\/wp\/v2\/types\/page"}],"author":[{"embeddable":true,"href":"https:\/\/wordpress.kulturtanken.app\/staging\/wp-json\/wp\/v2\/users\/7"}],"replies":[{"embeddable":true,"href":"https:\/\/wordpress.kulturtanken.app\/staging\/wp-json\/wp\/v2\/comments?post=904"}],"version-history":[{"count":18,"href":"https:\/\/wordpress.kulturtanken.app\/staging\/wp-json\/wp\/v2\/pages\/904\/revisions"}],"predecessor-version":[{"id":6346,"href":"https:\/\/wordpress.kulturtanken.app\/staging\/wp-json\/wp\/v2\/pages\/904\/revisions\/6346"}],"wp:featuredmedia":[{"embeddable":true,"href":"https:\/\/wordpress.kulturtanken.app\/staging\/wp-json\/wp\/v2\/media\/718"}],"wp:attachment":[{"href":"https:\/\/wordpress.kulturtanken.app\/staging\/wp-json\/wp\/v2\/media?parent=904"}],"curies":[{"name":"wp","href":"https:\/\/api.w.org\/{rel}","templated":true}]}}