{"id":11,"date":"2019-10-31T13:31:37","date_gmt":"2019-10-31T13:31:37","guid":{"rendered":"https:\/\/viken.kulturtanken.app\/?page_id=11"},"modified":"2026-02-03T12:55:00","modified_gmt":"2026-02-03T12:55:00","slug":"forside","status":"publish","type":"page","link":"https:\/\/wordpress.kulturtanken.app\/telemark\/","title":{"rendered":"Forside"},"content":{"rendered":"<div id=\"pl-gb11-69fedb0df203d\"  class=\"panel-layout wp-block-siteorigin-panels-layout-block\" ><div id=\"pg-gb11-69fedb0df203d-0\"  class=\"panel-grid panel-no-style\" ><div id=\"pgc-gb11-69fedb0df203d-0-0\"  class=\"panel-grid-cell\" >            <section class=\"kt-headline-three-articles\">\n                <article class=\"kt-headline-article-main\">\n                    <div class=\"kt-headline-article-image\" style=\"background-image: url(https:\/\/cdn.denkulturelleskolesekken.no\/telemark\/1c370159-symre2b_foto_rasmus-vik-lagerberg.jpg); background-position: center center\"><\/div>\n                    <div class=\"kt-headline-search-card primary-bg\">\n                        <div>\n                            <h2>Utforsk v\u00e5re produksjoner: <\/h2>\n                            <div id=\"kt-explore-productions-f7f35bfb-88de-40f0-abe7-371bef791477\" style=\"width: 100%\"><\/div>\n                        <\/div>                        \n                    <\/div>\n                <\/article>\n                <script>window.attachHeadlineSearch(document.getElementById(\"kt-explore-productions-f7f35bfb-88de-40f0-abe7-371bef791477\"), {\"url\":\"https:\\\/\\\/wordpress.kulturtanken.app\\\/telemark\\\/utforsk-produksjoner-i-dks\\\/\"});<\/script>\n                <article class=\"kt-headline-article-small\" tabIndex=\"0\">\n                    <div class=\"ktt-headline-article-link\">\n                        <div class=\"kt-headline-article-image\" style=\"background-image: url(https:\/\/cdn.denkulturelleskolesekken.no\/telemark\/e5133a32-ungdommer-pa-buss-i-skien-per-stian-johnsen-3.jpg); background-position: center center\"><\/div>\n                                                    <div class=\"kt-headline-article-card secondary-bg\">\n                                <h2><a tabIndex=\"-1\" href=\"https:\/\/www.denkulturelleskolesekken.no\/telemark\/for-kommuner-grunnskoler\/bussing-av-elever\/\">Skal du bestille transport? <\/a><\/h2>\n                            <\/div>\n                                            <\/div>\n                <\/article>\n                <article class=\"kt-headline-article-small\" tabIndex=\"0\">\n                    <div class=\"ktt-headline-article-link\">\n                        <div class=\"kt-headline-article-image\" style=\"background-image: url(https:\/\/cdn.denkulturelleskolesekken.no\/telemark\/1e76f75a-kulturtorget2026.jpeg); background-position: center center\"><\/div>\n                                                    <div class=\"kt-headline-article-card secondary-bg\">\n                                <h2><a tabIndex=\"-1\" href=\"https:\/\/www.denkulturelleskolesekken.no\/telemark\/2026\/02\/03\/kulturtorget-er-3-september-pa-gullbring-i-bo-hald-av-datoen\/\">Kulturtorget er 3. september &#8211; hold av datoen<\/a><\/h2>\n                            <\/div>\n                                            <\/div>\n                <\/article>\n            <\/section>\n        \n        <section class=\"kt-sticky-posts\">\n            <div class=\"kt-indent-74\">\n                <div class=\"kt-section-header\">\n                    <h2>Aktuelt<\/h2>\n                    <p><\/p>\n                <\/div>\n                <div class=\"kt-sticky-posts-list\">\n                                            <div tabIndex=\"0\" class=\"kt-post\">\n                            <img decoding=\"async\" src=\"https:\/\/cdn.denkulturelleskolesekken.no\/telemark\/2b8fdbd1-kritikarklassa2.jpg\" alt=\"\"\/>\n                            <div class=\"kt-post-bg theme-colors\">\n                                <h3><a tabIndex=\"-1\" href=\"https:\/\/wordpress.kulturtanken.app\/telemark\/2026\/03\/23\/vi-treng-kritiske-elevar-til-uprisen\/\">Vi treng kritiske elevar til Uprisen 2027<\/a><\/h3>\n                                <i class=\"material-icons md-48\">arrow_forward_ios<\/i>\n                            <\/div>\n                        <\/div>\n                                            <div tabIndex=\"0\" class=\"kt-post\">\n                            <img decoding=\"async\" src=\"https:\/\/cdn.denkulturelleskolesekken.no\/telemark\/3a33ce48-dks-lab-2026-toppbilde-199.png\" alt=\"Bildet viser en logo for DKSLab innen kunst.\"\/>\n                            <div class=\"kt-post-bg theme-colors\">\n                                <h3><a tabIndex=\"-1\" href=\"https:\/\/wordpress.kulturtanken.app\/telemark\/2026\/02\/25\/sok-om-a-fa-bli-med-pa-dks-lab-i-visuell-kunst\/\">S\u00f8k om \u00e5 f\u00e5 bli med p\u00e5 DKS-Lab i visuell kunst!<\/a><\/h3>\n                                <i class=\"material-icons md-48\">arrow_forward_ios<\/i>\n                            <\/div>\n                        <\/div>\n                                            <div tabIndex=\"0\" class=\"kt-post\">\n                            <img decoding=\"async\" src=\"https:\/\/cdn.denkulturelleskolesekken.no\/telemark\/0da2e505-lesing-barn.jpg\" alt=\"Et barn leser en bok.\"\/>\n                            <div class=\"kt-post-bg theme-colors\">\n                                <h3><a tabIndex=\"-1\" href=\"https:\/\/wordpress.kulturtanken.app\/telemark\/2026\/02\/25\/inviterer-til-kurs-i-elevbokbad\/\">Inviterer til kurs i elevbokbad<\/a><\/h3>\n                                <i class=\"material-icons md-48\">arrow_forward_ios<\/i>\n                            <\/div>\n                        <\/div>\n                                            <div tabIndex=\"0\" class=\"kt-post\">\n                            <img decoding=\"async\" src=\"https:\/\/cdn.denkulturelleskolesekken.no\/telemark\/8b2c5216-bukkespranget_2.jpg\" alt=\"Bildet er en kollasj av mange folk som skal bidra p\u00e5 Ibsen-konferansen Bukkespranget 2026\"\/>\n                            <div class=\"kt-post-bg theme-colors\">\n                                <h3><a tabIndex=\"-1\" href=\"https:\/\/wordpress.kulturtanken.app\/telemark\/2026\/02\/18\/samler-folk-for-a-dele-ibsen-ideer\/\">Samler folk for \u00e5 dele Ibsen-ideer<\/a><\/h3>\n                                <i class=\"material-icons md-48\">arrow_forward_ios<\/i>\n                            <\/div>\n                        <\/div>\n                                            <div tabIndex=\"0\" class=\"kt-post\">\n                            <img decoding=\"async\" src=\"https:\/\/cdn.denkulturelleskolesekken.no\/telemark\/1e76f75a-kulturtorget2026.jpeg\" alt=\"En danser i hvit kjole holder dansepositur framom Gullbring kulturhus\"\/>\n                            <div class=\"kt-post-bg theme-colors\">\n                                <h3><a tabIndex=\"-1\" href=\"https:\/\/wordpress.kulturtanken.app\/telemark\/2026\/02\/03\/kulturtorget-er-3-september-pa-gullbring-i-bo-hald-av-datoen\/\">Kulturtorget er 3. september p\u00e5 Gullbring i B\u00f8 &#8211; hald av datoen!<\/a><\/h3>\n                                <i class=\"material-icons md-48\">arrow_forward_ios<\/i>\n                            <\/div>\n                        <\/div>\n                                            <div tabIndex=\"0\" class=\"kt-post\">\n                            <img decoding=\"async\" src=\"https:\/\/cdn.denkulturelleskolesekken.no\/telemark\/7291bee5-paraplyer_foto_kristin_berge.jpg\" alt=\"Bildet viser paraplyer som henger i over en gate.\"\/>\n                            <div class=\"kt-post-bg theme-colors\">\n                                <h3><a tabIndex=\"-1\" href=\"https:\/\/wordpress.kulturtanken.app\/telemark\/2025\/11\/07\/det-har-kome-inn-1-446-forslag-i-dks-portalen\/\">Det har kome inn 1 446 forslag i DKS-portalen<\/a><\/h3>\n                                <i class=\"material-icons md-48\">arrow_forward_ios<\/i>\n                            <\/div>\n                        <\/div>\n                                    <\/div>\n                    <a class=\"kt-read-more\"\n                        href=\"https:\/\/wordpress.kulturtanken.app\/telemark\/category\/aktuelt\/\"\n                    >\n                        Se nyheter                    <\/a>\n            <\/div>\n        <\/section>\n        <script type=\"text\/javascript\">\n            \/* Fix object-fit issue on IE, Edge *\/\n            var ieEdgeImageCorrection = function () {\n                var isMobileScreen = jQuery(window).width() <= 768;\n                if (!isMobileScreen) {\n                    jQuery('.kt-sticky-posts-list a .kt-post-image-overlay').remove();\n                } else if (document.documentMode || \/Edge\/.test(window.navigator.userAgent)) {\n                    jQuery('.kt-sticky-posts-list img').each(function () {\n                        var t = jQuery(this),\n                            s = 'url(' + t.attr('src') + ')',\n                            p = t.parent(),\n                            d = jQuery('<div class=\"kt-post-image-overlay\"><\/div>');\n                        p.css('position', 'relative');\n                        p.append(d);\n                        d.css({\n                            'position': 'absolute',\n                            'top': '0',\n                            'left': '0',\n                            'bottom': '48px',\n                            'width': '100%',\n                            'background-size': 'cover',\n                            'background-repeat': 'no-repeat',\n                            'background-position': 'center',\n                            'background-image': s\n                        });\n                        \/\/ t.hide();\n                    });\n                }\n            }\n            window.addEventListener('load', ieEdgeImageCorrection);\n            window.addEventListener('resize', ieEdgeImageCorrection);\n        <\/script>\n        <\/div><\/div><\/div>\n\n\n<p><\/p>\n","protected":false},"excerpt":{"rendered":"","protected":false},"author":2,"featured_media":0,"parent":0,"menu_order":0,"comment_status":"closed","ping_status":"closed","template":"","meta":{"footnotes":""},"class_list":["post-11","page","type-page","status-publish","hentry"],"_links":{"self":[{"href":"https:\/\/wordpress.kulturtanken.app\/telemark\/wp-json\/wp\/v2\/pages\/11","targetHints":{"allow":["GET"]}}],"collection":[{"href":"https:\/\/wordpress.kulturtanken.app\/telemark\/wp-json\/wp\/v2\/pages"}],"about":[{"href":"https:\/\/wordpress.kulturtanken.app\/telemark\/wp-json\/wp\/v2\/types\/page"}],"author":[{"embeddable":true,"href":"https:\/\/wordpress.kulturtanken.app\/telemark\/wp-json\/wp\/v2\/users\/2"}],"replies":[{"embeddable":true,"href":"https:\/\/wordpress.kulturtanken.app\/telemark\/wp-json\/wp\/v2\/comments?post=11"}],"version-history":[{"count":125,"href":"https:\/\/wordpress.kulturtanken.app\/telemark\/wp-json\/wp\/v2\/pages\/11\/revisions"}],"predecessor-version":[{"id":3270,"href":"https:\/\/wordpress.kulturtanken.app\/telemark\/wp-json\/wp\/v2\/pages\/11\/revisions\/3270"}],"wp:attachment":[{"href":"https:\/\/wordpress.kulturtanken.app\/telemark\/wp-json\/wp\/v2\/media?parent=11"}],"curies":[{"name":"wp","href":"https:\/\/api.w.org\/{rel}","templated":true}]}}