{"id":125,"date":"2019-12-10T12:22:29","date_gmt":"2019-12-10T12:22:29","guid":{"rendered":"https:\/\/viken.kulturtanken.app\/?page_id=125"},"modified":"2024-07-12T12:23:19","modified_gmt":"2024-07-12T12:23:19","slug":"er-du-laerer","status":"publish","type":"page","link":"https:\/\/wordpress.kulturtanken.app\/telemark\/er-du-laerer\/","title":{"rendered":"For videreg\u00e5ende oppl\u00e6ring"},"content":{"rendered":"\n<p class=\"has-medium-font-size\"><strong>Den kulturelle skolesekken (DKS) er en nasjonal ordning som s\u00f8rger for at alle skoleelever i Norge f\u00e5r oppleve profesjonell kunst og kultur hvert \u00e5r.<\/strong><\/p>\n\n\n\n<p class=\"has-medium-font-size\">Gjennom ordningen f\u00e5r elevene mulighet til \u00e5 oppleve, gj\u00f8re seg kjent med og utvikle forst\u00e5else for profesjonelle kunst- og kulturuttrykk.<\/p>\n\n\n\n<p class=\"has-medium-font-size\">Kulturtilbudet skal v\u00e6re av h\u00f8y kvalitet, og vise hele bredden av de seks kulturuttrykkene film, kulturarv, litteratur, musikk, scenekunst og visuell kunst.<\/p>\n\n\n\n<p><\/p>\n\n\n\n<h2 class=\"has-medium-font-size wp-block-heading\">Kontaktpersoner i Den kulturelle skolesekken for videreg\u00e5ende skoler:<\/h2>\n\n\n\n<p class=\"has-medium-font-size\">Anne Hermansen, r\u00e5dgiver, tlf. 416 94 893 \/ <a href=\"mailto:anne.hermansen@telemarkfylke.no\">anne.hermansen@telemarkfylke.no<\/a><br>Marius Strang\u00e5rd Baum, konsulent, tlf: 920 12 492 \/ <a href=\"mailto:marius.baun@telemarkfylke.no\">marius.baun@telemarkfylke.no<\/a><\/p>\n","protected":false},"excerpt":{"rendered":"<p>Den kulturelle skolesekken (DKS) er en nasjonal ordning som s\u00f8rger for at alle skoleelever i Norge f\u00e5r oppleve profesjonell kunst og kultur hvert \u00e5r. Gjennom ordningen f\u00e5r elevene mulighet til \u00e5 oppleve, gj\u00f8re seg kjent med og utvikle forst\u00e5else for profesjonelle kunst- og kulturuttrykk. Kulturtilbudet skal v\u00e6re av h\u00f8y kvalitet, og vise hele bredden av [&hellip;]<\/p>\n","protected":false},"author":4,"featured_media":1576,"parent":0,"menu_order":0,"comment_status":"closed","ping_status":"closed","template":"","meta":{"footnotes":""},"class_list":["post-125","page","type-page","status-publish","has-post-thumbnail","hentry"],"_links":{"self":[{"href":"https:\/\/wordpress.kulturtanken.app\/telemark\/wp-json\/wp\/v2\/pages\/125","targetHints":{"allow":["GET"]}}],"collection":[{"href":"https:\/\/wordpress.kulturtanken.app\/telemark\/wp-json\/wp\/v2\/pages"}],"about":[{"href":"https:\/\/wordpress.kulturtanken.app\/telemark\/wp-json\/wp\/v2\/types\/page"}],"author":[{"embeddable":true,"href":"https:\/\/wordpress.kulturtanken.app\/telemark\/wp-json\/wp\/v2\/users\/4"}],"replies":[{"embeddable":true,"href":"https:\/\/wordpress.kulturtanken.app\/telemark\/wp-json\/wp\/v2\/comments?post=125"}],"version-history":[{"count":32,"href":"https:\/\/wordpress.kulturtanken.app\/telemark\/wp-json\/wp\/v2\/pages\/125\/revisions"}],"predecessor-version":[{"id":2852,"href":"https:\/\/wordpress.kulturtanken.app\/telemark\/wp-json\/wp\/v2\/pages\/125\/revisions\/2852"}],"wp:featuredmedia":[{"embeddable":true,"href":"https:\/\/wordpress.kulturtanken.app\/telemark\/wp-json\/wp\/v2\/media\/1576"}],"wp:attachment":[{"href":"https:\/\/wordpress.kulturtanken.app\/telemark\/wp-json\/wp\/v2\/media?parent=125"}],"curies":[{"name":"wp","href":"https:\/\/api.w.org\/{rel}","templated":true}]}}