{"id":25,"date":"2019-10-31T13:51:34","date_gmt":"2019-10-31T13:51:34","guid":{"rendered":"https:\/\/viken.kulturtanken.app\/?page_id=25"},"modified":"2024-10-09T09:04:15","modified_gmt":"2024-10-09T09:04:15","slug":"er-du-kulturkontakt","status":"publish","type":"page","link":"https:\/\/wordpress.kulturtanken.app\/telemark\/er-du-kulturkontakt\/","title":{"rendered":"For kulturkontakter, l\u00e6rere og skoleledere"},"content":{"rendered":"\n<h3 class=\"wp-block-heading\">Hvilken rolle har du som kulturkontakt og l\u00e6rer rolle f\u00f8r, under og etter et bes\u00f8k fra Den kulturelle skolesekken? Hva skal en skoleleder gj\u00f8re? <\/h3>\n\n\n\n<p><a href=\"https:\/\/dkskommer.no\/\">Kulturtanken har laget en veileder for hva du som kulturkontakt, l\u00e6rer eller skoleleder skal gj\u00f8re n\u00e5r Den kulturelle skolesekken kommer p\u00e5 bes\u00f8k. <\/a><\/p>\n\n\n\n<p>Her finner du anbefalinger om kulturkontaktens praktiske oppgaver. Veiledningen synliggj\u00f8r ogs\u00e5 hvordan ansvaret for Den kulturelle skolesekken er fordelt mellom kulturkontakten og samarbeidspartnere. Den er ment som en starthjelp for deg som er ny kulturkontakt, men ogs\u00e5 som en st\u00f8tte og inspirasjon for deg som er erfaren kulturkontakt, rektor eller l\u00e6rer. <\/p>\n\n\n\n<p>Veilederen inneholder ogs\u00e5 anbefalinger om hvordan fordeling av ansvar og arbeidsoppgaver mellom rektor, l\u00e6rer, kulturkontakt og elever kan forenkle samarbeidet mellom de ulike rollene. <br><\/p>\n\n\n\n<p><strong><a href=\"https:\/\/dkskommer.no\/\">Er du kulturkontakt p\u00e5 skolen, l\u00e6rer eller skoleleder &#8211; les deg opp p\u00e5 siden DKS kommer<\/a><\/strong><br><\/p>\n\n\n\n<p><\/p>\n","protected":false},"excerpt":{"rendered":"<p>Hvilken rolle har du som kulturkontakt og l\u00e6rer rolle f\u00f8r, under og etter et bes\u00f8k fra Den kulturelle skolesekken? Hva skal en skoleleder gj\u00f8re? Kulturtanken har laget en veileder for hva du som kulturkontakt, l\u00e6rer eller skoleleder skal gj\u00f8re n\u00e5r Den kulturelle skolesekken kommer p\u00e5 bes\u00f8k. Her finner du anbefalinger om kulturkontaktens praktiske oppgaver. Veiledningen [&hellip;]<\/p>\n","protected":false},"author":2,"featured_media":0,"parent":0,"menu_order":0,"comment_status":"closed","ping_status":"closed","template":"","meta":{"footnotes":""},"class_list":["post-25","page","type-page","status-publish","hentry"],"_links":{"self":[{"href":"https:\/\/wordpress.kulturtanken.app\/telemark\/wp-json\/wp\/v2\/pages\/25","targetHints":{"allow":["GET"]}}],"collection":[{"href":"https:\/\/wordpress.kulturtanken.app\/telemark\/wp-json\/wp\/v2\/pages"}],"about":[{"href":"https:\/\/wordpress.kulturtanken.app\/telemark\/wp-json\/wp\/v2\/types\/page"}],"author":[{"embeddable":true,"href":"https:\/\/wordpress.kulturtanken.app\/telemark\/wp-json\/wp\/v2\/users\/2"}],"replies":[{"embeddable":true,"href":"https:\/\/wordpress.kulturtanken.app\/telemark\/wp-json\/wp\/v2\/comments?post=25"}],"version-history":[{"count":46,"href":"https:\/\/wordpress.kulturtanken.app\/telemark\/wp-json\/wp\/v2\/pages\/25\/revisions"}],"predecessor-version":[{"id":2956,"href":"https:\/\/wordpress.kulturtanken.app\/telemark\/wp-json\/wp\/v2\/pages\/25\/revisions\/2956"}],"wp:attachment":[{"href":"https:\/\/wordpress.kulturtanken.app\/telemark\/wp-json\/wp\/v2\/media?parent=25"}],"curies":[{"name":"wp","href":"https:\/\/api.w.org\/{rel}","templated":true}]}}