{"id":2548,"date":"2024-01-05T13:27:59","date_gmt":"2024-01-05T13:27:59","guid":{"rendered":"https:\/\/wordpress.kulturtanken.app\/telemark\/?page_id=2548"},"modified":"2024-07-12T11:24:50","modified_gmt":"2024-07-12T11:24:50","slug":"kulturverter-og-unge-arrangorer","status":"publish","type":"page","link":"https:\/\/wordpress.kulturtanken.app\/telemark\/kulturverter-og-unge-arrangorer\/","title":{"rendered":"Kulturverter og unge arrang\u00f8rer"},"content":{"rendered":"\n<h3 class=\"wp-block-heading\">Vi \u00f8nsker at elevene skal v\u00e6re med p\u00e5 arrang\u00f8rsiden. Derfor arrangerer vi kulturvertkurs p\u00e5 ungdomsskoler og videreg\u00e5ende skoler annethvert \u00e5r. <\/h3>\n\n\n\n<p class=\"has-medium-font-size\">De elevene som melder seg som kulturverter, f\u00e5r l\u00e6re litt om det \u00e5 arrangere.  De f\u00e5r delta i planlegging og avvikling av kulturarrangementene, og avlaster skolens kulturkontakt.<\/p>\n\n\n\n<p class=\"has-medium-font-size\">Det er kulturkontakten som f\u00f8lger opp ordningen med kulturverter og unge arrang\u00f8rer.<\/p>\n\n\n\n<p class=\"has-medium-font-size\">Den kulturelle skolesekken arrangerer egne kulturvertkurs for elever i ungdomsskole og videreg\u00e5ende. Vi sender ut invitasjon til kurset med tider,  innhold og p\u00e5melding i starten av skole\u00e5ret. Vi arrangerer kurset annethvert \u00e5r, neste gang blir i 2025.<\/p>\n\n\n\n<p class=\"has-medium-font-size\"><a href=\"https:\/\/www.kulturtanken.no\/prosjekt\/elevmedvirkning\/\">Les mer om Kulturtankens satsing p\u00e5 elevmedvirkning her.<\/a><\/p>\n\n\n\n<h3 class=\"wp-block-heading\">Kulturvertenes arbeidsoppgaver<\/h3>\n\n\n\n<p class=\"has-medium-font-size\">Det er flere p\u00e5 skolen som deler ansvaret for at et DKS-arrangement skal bli vellykket. <\/p>\n\n\n\n<p class=\"has-medium-font-size\">Kulturvertene jobber sammen med kulturkontakten, l\u00e6reren og rektor med m\u00e5l om at arrangementet skal bli en fin opplevelse for alle.  <\/p>\n\n\n\n<p class=\"has-medium-font-size\">Kulturkontakten p\u00e5 skolen skal s\u00f8rge for at oppgavene rundt et DKS-arrangement blir gjort. Dersom en skole har etablert en kulturvertgruppe, kan flere av arbeidsoppgavene utf\u00f8res av dem. <\/p>\n\n\n\n<h3 class=\"wp-block-heading\"><strong>Forslag til oppgaver kulturvertene kan utf\u00f8re<\/strong>&nbsp;<\/h3>\n\n\n\n<p>&#8211; <strong>f\u00f8r, under og etter arrangementet<\/strong><\/p>\n\n\n\n<p><strong>Markedsf\u00f8ring<\/strong><\/p>\n\n\n\n<ul class=\"wp-block-list\"><li>informere om forestillingen\/tilbudet i klassene som f\u00e5r bes\u00f8k<\/li><li>henge opp plakater eller publisere informasjon p\u00e5 skolens informasjonstavler<\/li><li>bruke det skolen har av sosiale medier, intranett osv.<\/li><\/ul>\n\n\n\n<p><strong>Vertskap for ut\u00f8vere<\/strong><\/p>\n\n\n\n<ul class=\"wp-block-list\"><li>ta imot ut\u00f8verne og \u00f8nsk dem velkommen<\/li><li>vis hvor de skal parkere og hvor de skal opptre<\/li><li>tilby b\u00e6rehjelp<\/li><li>tilby kaffe\/te\/vann\/frukt<\/li><li>vis hvor det er str\u00f8muttak<\/li><li>vis hvor toaletter og garderobe er&nbsp;&nbsp;<\/li><\/ul>\n\n\n\n<p><strong>Vertskap for publikum<\/strong><\/p>\n\n\n\n<ul class=\"wp-block-list\"><li>hent publikum eller<\/li><li>ta imot publikum i d\u00f8ra og \u00f8nsk dem velkommen<\/li><li>vis hvor de ulike klassetrinnnene skal sitte<\/li><\/ul>\n\n\n\n<p><strong>Scenearbeider<\/strong> -kulturkontaktene ber kulturvertene om hjelp til rigging av rom, n\u00e5r det trengs<\/p>\n\n\n\n<ul class=\"wp-block-list\"><li>rigge stoler, matter, benker m.m.<\/li><li>gj\u00f8r klart et rom der ut\u00f8vere kan forberede seg, skifte, har utstyr m.m.&nbsp;<\/li><\/ul>\n\n\n\n<p><strong>Konferansier<\/strong><\/p>\n\n\n\n<ul class=\"wp-block-list\"><li>kulturvertene kan v\u00e6re konferansierer og \u00f8nske publikum og ut\u00f8vere velkommen<\/li><li>kulturvertene kan gi praktisk informasjon, f.eks. om mobilbruk, hvor lenge forestillingen varer, r\u00f8mningsveier m.m.<\/li><\/ul>\n\n\n\n<p><strong>Etterarbeid<\/strong><\/p>\n\n\n\n<p>Kulturkontakten b\u00f8r innarbeide gode rutiner for evaluering av kulturvertenes arbeid.&nbsp;&nbsp;<\/p>\n\n\n\n<ul class=\"wp-block-list\"><li>Sett av tid til oppsummering etter hvert DKS-arrangement<\/li><li>Gi kulturvertene tilbakemelding p\u00e5 utf\u00f8rt arbeid&nbsp;<\/li><\/ul>\n\n\n\n<h3 class=\"wp-block-heading\">Hvem blir kulturvert? <\/h3>\n\n\n\n<p>Kulturkontakten velger ut elever til \u00e5 v\u00e6re kulturverter i samarbeid med kontaktl\u00e6rerne.&nbsp;Noen ber elevene sende skriftlig s\u00f8knad og begrunne hvorfor de vil v\u00e6re kulturverter.&nbsp;&nbsp;<\/p>\n\n\n\n<p>V\u00e5r anbefaling er \u00e5 etablere en elevgruppe med kulturverter (elevarrang\u00f8r\/kulturcrew) p\u00e5 skolen. De er\u202fen viktig ressurs for kulturkontakt og for skolen. De kan avlaste kulturkontakten p\u00e5 selve arrangementsdagen, med de praktiske oppgavene.<\/p>\n\n\n\n<p>Kulturvertgruppen b\u00f8r samarbeide en periode, gjerne et skole\u00e5r.&nbsp;&nbsp;<\/p>\n\n\n\n<p>Kulturkontakten l\u00e6rer opp nye kulturverter, eller tidligere kulturverter l\u00e6rer opp nye.&nbsp;<\/p>\n\n\n\n<p>N\u00e5r kulturvertgruppen er etablert, fordeles de ulike arbeidsoppgavene mellom elevene i n\u00e6rt samarbeid med kulturkontakten.&nbsp;&nbsp;<\/p>\n\n\n\n<p>Kulturkontakten b\u00f8r vise stor tillit til kulturvertene, slik at arbeidet oppleves som meningsfullt for dem. Oppgavene kan utf\u00f8res i fellesskap og alene.&nbsp;&nbsp;&nbsp;<\/p>\n\n\n\n<p>P\u00e5 skoler hvor kulturvertgruppen fungerer godt, har de f\u00e5tt tildelt andre arrang\u00f8roppgaver ved skolen. &nbsp;<\/p>\n","protected":false},"excerpt":{"rendered":"<p>Vi \u00f8nsker at elevene skal v\u00e6re med p\u00e5 arrang\u00f8rsiden. Derfor arrangerer vi kulturvertkurs p\u00e5 ungdomsskoler og videreg\u00e5ende skoler annethvert \u00e5r. De elevene som melder seg som kulturverter, f\u00e5r l\u00e6re litt om det \u00e5 arrangere. De f\u00e5r delta i planlegging og avvikling av kulturarrangementene, og avlaster skolens kulturkontakt. Det er kulturkontakten som f\u00f8lger opp ordningen med [&hellip;]<\/p>\n","protected":false},"author":21,"featured_media":0,"parent":0,"menu_order":0,"comment_status":"closed","ping_status":"closed","template":"","meta":{"footnotes":""},"class_list":["post-2548","page","type-page","status-publish","hentry"],"_links":{"self":[{"href":"https:\/\/wordpress.kulturtanken.app\/telemark\/wp-json\/wp\/v2\/pages\/2548","targetHints":{"allow":["GET"]}}],"collection":[{"href":"https:\/\/wordpress.kulturtanken.app\/telemark\/wp-json\/wp\/v2\/pages"}],"about":[{"href":"https:\/\/wordpress.kulturtanken.app\/telemark\/wp-json\/wp\/v2\/types\/page"}],"author":[{"embeddable":true,"href":"https:\/\/wordpress.kulturtanken.app\/telemark\/wp-json\/wp\/v2\/users\/21"}],"replies":[{"embeddable":true,"href":"https:\/\/wordpress.kulturtanken.app\/telemark\/wp-json\/wp\/v2\/comments?post=2548"}],"version-history":[{"count":5,"href":"https:\/\/wordpress.kulturtanken.app\/telemark\/wp-json\/wp\/v2\/pages\/2548\/revisions"}],"predecessor-version":[{"id":2837,"href":"https:\/\/wordpress.kulturtanken.app\/telemark\/wp-json\/wp\/v2\/pages\/2548\/revisions\/2837"}],"wp:attachment":[{"href":"https:\/\/wordpress.kulturtanken.app\/telemark\/wp-json\/wp\/v2\/media?parent=2548"}],"curies":[{"name":"wp","href":"https:\/\/api.w.org\/{rel}","templated":true}]}}