{"id":2674,"date":"2024-03-13T12:37:16","date_gmt":"2024-03-13T12:37:16","guid":{"rendered":"https:\/\/www.denkulturelleskolesekken.no\/telemark\/?page_id=2674"},"modified":"2024-07-12T11:18:07","modified_gmt":"2024-07-12T11:18:07","slug":"for-private-skoler","status":"publish","type":"page","link":"https:\/\/wordpress.kulturtanken.app\/telemark\/for-private-skoler\/","title":{"rendered":"For private skoler"},"content":{"rendered":"\n<h3 class=\"wp-block-heading\">De private skolene i Telemark f\u00e5r ogs\u00e5 tilbud fra Den kulturelle skolesekken Telemark. Vil de ha tilbudet kommunen tilbyr ogs\u00e5, m\u00e5 de betale dette selv.<\/h3>\n\n\n\n<p><\/p>\n\n\n\n<p class=\"has-medium-font-size\">Den kulturelle skolesekken i Telemark inkluderer alle &#8211; ogs\u00e5 de private skolene. Bidraget vi gir kommunene for \u00e5 gi skolene lokale tilbud, inkluderer ikke de private skolene. <\/p>\n\n\n\n<p class=\"has-medium-font-size\">I stedet f\u00e5r disse skolene et ekstra tilbud fra Den kulturelle skolesekken Telemark, alts\u00e5 fra Telemark fylkeskommune. <\/p>\n\n\n\n<p class=\"has-medium-font-size\">Dersom de private skolene \u00f8nsker \u00e5 f\u00e5 tilbud fra kommunene, m\u00e5 de ta kontakt med kulturkontaktene i kommunen, og sammen finner dere en l\u00f8sning. <\/p>\n\n\n\n<p class=\"has-medium-font-size\"><a href=\"https:\/\/www.denkulturelleskolesekken.no\/telemark\/for-kommuner-grunnskoler\/oversikt-kommunekoordinatorer-for-dks-i-telemark\/\"><strong>Her er oversikt over kommune-kulturkontaktene for grunnskolen<\/strong><\/a><\/p>\n","protected":false},"excerpt":{"rendered":"<p>De private skolene i Telemark f\u00e5r ogs\u00e5 tilbud fra Den kulturelle skolesekken Telemark. Vil de ha tilbudet kommunen tilbyr ogs\u00e5, m\u00e5 de betale dette selv. Den kulturelle skolesekken i Telemark inkluderer alle &#8211; ogs\u00e5 de private skolene. Bidraget vi gir kommunene for \u00e5 gi skolene lokale tilbud, inkluderer ikke de private skolene. I stedet f\u00e5r [&hellip;]<\/p>\n","protected":false},"author":21,"featured_media":0,"parent":0,"menu_order":0,"comment_status":"closed","ping_status":"closed","template":"","meta":{"footnotes":""},"class_list":["post-2674","page","type-page","status-publish","hentry"],"_links":{"self":[{"href":"https:\/\/wordpress.kulturtanken.app\/telemark\/wp-json\/wp\/v2\/pages\/2674","targetHints":{"allow":["GET"]}}],"collection":[{"href":"https:\/\/wordpress.kulturtanken.app\/telemark\/wp-json\/wp\/v2\/pages"}],"about":[{"href":"https:\/\/wordpress.kulturtanken.app\/telemark\/wp-json\/wp\/v2\/types\/page"}],"author":[{"embeddable":true,"href":"https:\/\/wordpress.kulturtanken.app\/telemark\/wp-json\/wp\/v2\/users\/21"}],"replies":[{"embeddable":true,"href":"https:\/\/wordpress.kulturtanken.app\/telemark\/wp-json\/wp\/v2\/comments?post=2674"}],"version-history":[{"count":3,"href":"https:\/\/wordpress.kulturtanken.app\/telemark\/wp-json\/wp\/v2\/pages\/2674\/revisions"}],"predecessor-version":[{"id":2832,"href":"https:\/\/wordpress.kulturtanken.app\/telemark\/wp-json\/wp\/v2\/pages\/2674\/revisions\/2832"}],"wp:attachment":[{"href":"https:\/\/wordpress.kulturtanken.app\/telemark\/wp-json\/wp\/v2\/media?parent=2674"}],"curies":[{"name":"wp","href":"https:\/\/api.w.org\/{rel}","templated":true}]}}