{"id":31,"date":"2019-10-31T13:54:44","date_gmt":"2019-10-31T13:54:44","guid":{"rendered":"https:\/\/viken.kulturtanken.app\/?page_id=31"},"modified":"2025-11-07T11:31:28","modified_gmt":"2025-11-07T11:31:28","slug":"er-du-utover","status":"publish","type":"page","link":"https:\/\/wordpress.kulturtanken.app\/telemark\/er-du-utover\/","title":{"rendered":"For ut\u00f8vere"},"content":{"rendered":"\n<h2 class=\"wp-block-heading has-medium-font-size\" id=\"den-kulturelle-skolesekken-dks-er-en-nasjonal-ordning-som-sorger-for-at-alle-skoleelever-i-norge-far-oppleve-profesjonell-kunst-og-kultur-hvert-ar\"><strong>Vil du formidle kunst og kultur til barn og unge i Telemark? Har du et spennende prosjekt p\u00e5 gang? Da vil vi h\u00f8re fra deg!<\/strong><\/h2>\n\n\n\n<p class=\"has-medium-font-size\">Profesjonelle ut\u00f8vere, produsenter, kunst- og kulturinstitusjoner og formidlere av kunst og kultur kan melde inn forslag til Den kulturelle skolesekken. Alle forslag skal meldes inn i den nasjonale portalen for Den kulturelle skolesekken. <\/p>\n\n\n\n<p class=\"has-medium-font-size\"><strong>Portalen \u00e5pner hver \u00e5r den 1. september<\/strong> <br>Innmeldingsfrist er <strong>1. oktober, <strong>kl. 23.59,<\/strong><\/strong> for p\u00e5f\u00f8lgende skole\u00e5r.<br><\/p>\n\n\n\n<div class=\"wp-block-buttons is-layout-flex wp-block-buttons-is-layout-flex\">\n<div class=\"wp-block-button has-custom-width wp-block-button__width-50 is-style-fill\"><a class=\"wp-block-button__link has-black-color has-text-color has-background wp-element-button\" href=\"https:\/\/www.denkulturelleskolesekken.no\/forside\/om-dks\/utover\/\" style=\"background-color:#90bc7f\">Send inn forslaget ditt her<\/a><\/div>\n\n\n\n<div class=\"wp-block-button has-custom-width wp-block-button__width-50 is-style-fill\"><a class=\"wp-block-button__link has-black-color has-text-color has-background wp-element-button\" href=\"https:\/\/www.denkulturelleskolesekken.no\/ofte-stilte-sporsmal\/\" style=\"background-color:#90bc7f\">Ofte stilte sp\u00f8rsm\u00e5l<\/a><\/div>\n<\/div>\n\n\n\n<h2 class=\"wp-block-heading\">Vurdering og utvelgelse av program<\/h2>\n\n\n\n<p class=\"has-text-align-left has-medium-font-size\">Utvelgelsen av programmet for kommende skole\u00e5r er et samarbeid mellom fylkeskommunen og kommunene i Telemark. <\/p>\n\n\n\n<p class=\"has-text-align-left has-medium-font-size\"><a href=\"https:\/\/www.denkulturelleskolesekken.no\/telemark\/kontakt-oss\/\">De ansatte i fylkeskommunen <\/a>er delt inn i faggrupper innen de ulike uttrykkene. I tillegg deles faggruppene i barnehage, grunnskole og videreg\u00e5ende oppl\u00e6ring. Faggruppene gj\u00f8r en grovsortering og vurdering av forslagene, og lager en meny kommunene kan velge fra. Forslagene blir presentert for kommunekontaktene, de kan komme med \u00f8nske om hvilke produksjoner som skal bes\u00f8ke deres kommune. \u00d8nsker er ikke avgj\u00f8rende for hvilke produksjoner som blir valgt, men blir tatt i betraktning. <\/p>\n\n\n\n<p class=\"has-text-align-left has-medium-font-size\">Utvalg av kulturtilbud til barnehager varierer fra kommune til kommune. <\/p>\n\n\n\n<p><\/p>\n\n\n\n<div class=\"wp-block-media-text alignwide is-stacked-on-mobile is-image-fill\" style=\"grid-template-columns:40% auto\"><figure class=\"wp-block-media-text__media\" style=\"background-image:url(https:\/\/cdn.denkulturelleskolesekken.no\/vestfoldogtelemark\/dfd132d0-isskulptur-04_foto2_ida-nove-cannon.jpg);background-position:51% 77%\"><img loading=\"lazy\" decoding=\"async\" width=\"480\" height=\"640\" src=\"https:\/\/cdn.denkulturelleskolesekken.no\/vestfoldogtelemark\/dfd132d0-isskulptur-04_foto2_ida-nove-cannon.jpg\" alt=\"\" class=\"wp-image-1555 size-full\"\/><\/figure><div class=\"wp-block-media-text__content\">\n<p class=\"has-medium-font-size\"><strong>I grovsorteringen ser vi blant annet p\u00e5:<\/strong><\/p>\n\n\n\n<ul class=\"wp-block-list has-medium-font-size\">\n<li>Har formidlingen h\u00f8y kunstnerisk kvalitet?<\/li>\n\n\n\n<li>Hvorfor er dette prosjektet\/konseptet\/budskapet viktig?<\/li>\n\n\n\n<li>Hvordan skapes det en opplevelse for elevene?<\/li>\n\n\n\n<li>Har forslaget en tydelig og god prosjektbeskrivelse som redegj\u00f8r for innhold og form?<\/li>\n\n\n\n<li>Har forslaget videodokumentasjon?<\/li>\n\n\n\n<li>\u00d8konomi<\/li>\n\n\n\n<li><a href=\"https:\/\/www.denkulturelleskolesekken.no\/telemark\/prioriteringer-for-ulike-malgrupper\/\">Se prioriteringene v\u00e5re, for de ulike m\u00e5lgruppene, her.<\/a><\/li>\n<\/ul>\n<\/div><\/div>\n\n\n\n<h2 class=\"wp-block-heading\">Portalen<\/h2>\n\n\n\n<p class=\"has-medium-font-size\">All kommunikasjon mellom ut\u00f8ver og turn\u00e9planleggere i Den kulturelle skolesekken foreg\u00e5r i meldingssystemet i Portalen. Der vil dere ogs\u00e5 motta turn\u00e9plan, informasjon om eventuell leiebil og hotell og kontrakt. Kontrakten godkjennes i Portalen ved at ut\u00f8ver svarer p\u00e5 meldingen med &laquo;Kontrakt godkjent&raquo;.  <br> <\/p>\n\n\n\n<h2 class=\"wp-block-heading\">Honorar\/diett<\/h2>\n\n\n\n<p class=\"has-medium-font-size\">Kunstnere som utf\u00f8rer arbeid i Den kulturelle skolesekken skal betales i tr\u00e5d med bransjestandard, og rettighetshaveres interesser skal ivaretas i henhold til \u00c5ndsverkloven. Kulturtanken viser til&nbsp;<a href=\"https:\/\/www.ks.no\/fagomrader\/lonn-og-tariff\/ovrig-informasjon\/enighet-om-ny-rammeavtale-for-asa-4401\/\">rammeavtale mellom Kommunenes Sentralforbund (KS) og Creo \u2013 forbundet for kunst og kultur (tidligere MFO).<\/a>&nbsp;Det forutsettes at fakturerende kunstnere som utf\u00f8rer arbeid i DKS skal betales i tr\u00e5d med rammeavtalen mellom KS og Creo.<br><br>Det er Statens reiseregulativ som bestemmer reise- og diettsatsene som vi benytter i Den kulturelle skolesekken. <a href=\"https:\/\/www.sticos.no\/fagstoff\/satser\/statens-reiseregulativ\">P\u00e5 nettsiden sticos.no finner du alltid oppdaterte satser for reise- og diett.<\/a><\/p>\n\n\n\n<h2 class=\"wp-block-heading\">Fakturering<\/h2>\n\n\n\n<p class=\"has-medium-font-size\">Alle fakturaer som skal sendes til Telemark fylkeskommune m\u00e5 sendes i EHF-format.<\/p>\n\n\n\n<p class=\"has-medium-font-size\"><a href=\"http:\/\/Mer informasjon om fakturering til Telemark fylkeskommune finner du&nbsp;her\">Mer informasjon om fakturering til Telemark fylkeskommune finner du&nbsp;her<\/a><br><br>Organisasjonsnummer Telemark Fylkeskommune: 929\u202f882 989<br><br><strong>Fakturaadresse er:<\/strong><br>Telemark fylkeskommune<br>Postboks 2844<br>3702 Skien<\/p>\n\n\n\n<p class=\"has-medium-font-size\"><strong>Fakturaen m\u00e5 merkes:<\/strong><br><strong>6222<\/strong> for grunnskole<br><strong>6221<\/strong> for videreg\u00e5ende skole<br><strong>6224<\/strong> for barnehage<\/p>\n\n\n\n<p class=\"has-medium-font-size\"><br>Skriv ogs\u00e5 inn <strong>navnet p\u00e5 turneen i friteksten<\/strong>.<\/p>\n\n\n\n<p class=\"has-medium-font-size\">Telemark fylkeskommune har 30 dagers betalingsfrist. Fristen l\u00f8per fra datoen korrekt faktura er mottatt.<\/p>\n\n\n\n<p class=\"has-medium-font-size\"><\/p>\n\n\n\n<h2 class=\"wp-block-heading\">Tilbakemelding<\/h2>\n\n\n\n<p class=\"has-medium-font-size\">Den kulturelle skolesekken i Telemark \u00f8nsker at du forteller om erfaringer rundt formidlingen du har gjennomf\u00f8rt, mottagelse p\u00e5 skolene\/barnehagene og en liten oppsummering p\u00e5 hvordan det er \u00e5 v\u00e6re ut\u00f8ver i fylket v\u00e5rt. Etter endt turn\u00e9 sendes det automatisk ut en brukerunders\u00f8kelse i portalen til ut\u00f8vere og skolene. Som ut\u00f8ver kan du f\u00e5 tilsendt svarene fra skolen. <\/p>\n\n\n\n<p class=\"has-medium-font-size\"><\/p>\n","protected":false},"excerpt":{"rendered":"<p>Vil du formidle kunst og kultur til barn og unge i Telemark? Har du et spennende prosjekt p\u00e5 gang? Da vil vi h\u00f8re fra deg! Profesjonelle ut\u00f8vere, produsenter, kunst- og kulturinstitusjoner og formidlere av kunst og kultur kan melde inn forslag til Den kulturelle skolesekken. Alle forslag skal meldes inn i den nasjonale portalen for [&hellip;]<\/p>\n","protected":false},"author":2,"featured_media":0,"parent":0,"menu_order":0,"comment_status":"closed","ping_status":"closed","template":"","meta":{"footnotes":""},"class_list":["post-31","page","type-page","status-publish","hentry"],"_links":{"self":[{"href":"https:\/\/wordpress.kulturtanken.app\/telemark\/wp-json\/wp\/v2\/pages\/31","targetHints":{"allow":["GET"]}}],"collection":[{"href":"https:\/\/wordpress.kulturtanken.app\/telemark\/wp-json\/wp\/v2\/pages"}],"about":[{"href":"https:\/\/wordpress.kulturtanken.app\/telemark\/wp-json\/wp\/v2\/types\/page"}],"author":[{"embeddable":true,"href":"https:\/\/wordpress.kulturtanken.app\/telemark\/wp-json\/wp\/v2\/users\/2"}],"replies":[{"embeddable":true,"href":"https:\/\/wordpress.kulturtanken.app\/telemark\/wp-json\/wp\/v2\/comments?post=31"}],"version-history":[{"count":43,"href":"https:\/\/wordpress.kulturtanken.app\/telemark\/wp-json\/wp\/v2\/pages\/31\/revisions"}],"predecessor-version":[{"id":3251,"href":"https:\/\/wordpress.kulturtanken.app\/telemark\/wp-json\/wp\/v2\/pages\/31\/revisions\/3251"}],"wp:attachment":[{"href":"https:\/\/wordpress.kulturtanken.app\/telemark\/wp-json\/wp\/v2\/media?parent=31"}],"curies":[{"name":"wp","href":"https:\/\/api.w.org\/{rel}","templated":true}]}}