{"id":846,"date":"2020-04-30T08:14:52","date_gmt":"2020-04-30T08:14:52","guid":{"rendered":"https:\/\/wordpress.kulturtanken.app\/vestfoldogtelemark\/?page_id=846"},"modified":"2024-01-16T15:12:04","modified_gmt":"2024-01-16T15:12:04","slug":"evaluering","status":"publish","type":"page","link":"https:\/\/wordpress.kulturtanken.app\/telemark\/for-unge-arrangorer\/evaluering\/","title":{"rendered":"Evaluering av arrangementene"},"content":{"rendered":"\n<h3 class=\"wp-block-heading\">Tilbakemelding fra elevene er viktig, vi vil h\u00f8re fra deg!<\/h3>\n\n\n\n<p class=\"has-medium-font-size\">Den kulturelle skolesekken \u00f8nsker \u00e5 h\u00f8re hvordan du som elev opplever \u00e5 delta p\u00e5 v\u00e5re kulturarrangementer.<\/p>\n\n\n\n<p class=\"has-medium-font-size\">Etter hvert bes\u00f8k p\u00e5 skolen din, blir det sendt ut en brukerunders\u00f8kelse der dere kan fortelle oss hva dere tenkte og f\u00f8lte om opplevelsen. <\/p>\n\n\n\n<p class=\"has-medium-font-size\">Hvis et program skal videref\u00f8res kan tilbakemeldingene vi f\u00e5r fra elevene v\u00e6re med p\u00e5 \u00e5 utvikle og endre programmets innhold og form. Derfor er elevens mening viktig for ut\u00f8verne og oss i Den kulturelle skolesekken.<br><\/p>\n\n\n\n<p>N\u00e5 kan alle elever gi tilbakemeldinger p\u00e5 DKS-arrangement gjennom \u00e5 ha en samtale med Chatboten Undre. Du kan lese mer om under p\u00e5 kulturtankens hjemmeside i en <a href=\"https:\/\/www.kulturtanken.no\/aktuelt\/2022\/chatbot-samler-inn-elevenes-meninger-om-dks-tilbudet\/\">artikkel om Chatboten Undre.<\/a><\/p>\n","protected":false},"excerpt":{"rendered":"<p>Tilbakemelding fra elevene er viktig, vi vil h\u00f8re fra deg! Den kulturelle skolesekken \u00f8nsker \u00e5 h\u00f8re hvordan du som elev opplever \u00e5 delta p\u00e5 v\u00e5re kulturarrangementer. Etter hvert bes\u00f8k p\u00e5 skolen din, blir det sendt ut en brukerunders\u00f8kelse der dere kan fortelle oss hva dere tenkte og f\u00f8lte om opplevelsen. Hvis et program skal videref\u00f8res [&hellip;]<\/p>\n","protected":false},"author":11,"featured_media":0,"parent":758,"menu_order":4,"comment_status":"closed","ping_status":"closed","template":"","meta":{"footnotes":""},"class_list":["post-846","page","type-page","status-publish","hentry"],"_links":{"self":[{"href":"https:\/\/wordpress.kulturtanken.app\/telemark\/wp-json\/wp\/v2\/pages\/846","targetHints":{"allow":["GET"]}}],"collection":[{"href":"https:\/\/wordpress.kulturtanken.app\/telemark\/wp-json\/wp\/v2\/pages"}],"about":[{"href":"https:\/\/wordpress.kulturtanken.app\/telemark\/wp-json\/wp\/v2\/types\/page"}],"author":[{"embeddable":true,"href":"https:\/\/wordpress.kulturtanken.app\/telemark\/wp-json\/wp\/v2\/users\/11"}],"replies":[{"embeddable":true,"href":"https:\/\/wordpress.kulturtanken.app\/telemark\/wp-json\/wp\/v2\/comments?post=846"}],"version-history":[{"count":14,"href":"https:\/\/wordpress.kulturtanken.app\/telemark\/wp-json\/wp\/v2\/pages\/846\/revisions"}],"predecessor-version":[{"id":2625,"href":"https:\/\/wordpress.kulturtanken.app\/telemark\/wp-json\/wp\/v2\/pages\/846\/revisions\/2625"}],"up":[{"embeddable":true,"href":"https:\/\/wordpress.kulturtanken.app\/telemark\/wp-json\/wp\/v2\/pages\/758"}],"wp:attachment":[{"href":"https:\/\/wordpress.kulturtanken.app\/telemark\/wp-json\/wp\/v2\/media?parent=846"}],"curies":[{"name":"wp","href":"https:\/\/api.w.org\/{rel}","templated":true}]}}