{"id":861,"date":"2020-04-30T09:54:05","date_gmt":"2020-04-30T09:54:05","guid":{"rendered":"https:\/\/wordpress.kulturtanken.app\/vestfoldogtelemark\/?page_id=861"},"modified":"2023-12-20T15:55:44","modified_gmt":"2023-12-20T15:55:44","slug":"utoverevaluering","status":"publish","type":"page","link":"https:\/\/wordpress.kulturtanken.app\/telemark\/er-du-utover\/utoverevaluering\/","title":{"rendered":"Evaluering fra ut\u00f8vere"},"content":{"rendered":"\n<p class=\"has-medium-font-size\">Den kulturelle skolesekken i Telemark \u00f8nsker at du forteller om erfaringer rundt formidlingen du har gjennomf\u00f8rt, mottagelse p\u00e5 skolene\/barnehagene og en liten oppsummering p\u00e5 hvordan det er \u00e5 v\u00e6re ut\u00f8ver i fylket v\u00e5rt. <\/p>\n\n\n\n<p class=\"has-medium-font-size\">Etter endt turn\u00e9 sendes det automatisk ut en brukerunders\u00f8kelse i portalen til ut\u00f8vere og skoler. Som ut\u00f8ver kan du f\u00e5 tilsendt skolenes svar.<\/p>\n","protected":false},"excerpt":{"rendered":"<p>Den kulturelle skolesekken i Telemark \u00f8nsker at du forteller om erfaringer rundt formidlingen du har gjennomf\u00f8rt, mottagelse p\u00e5 skolene\/barnehagene og en liten oppsummering p\u00e5 hvordan det er \u00e5 v\u00e6re ut\u00f8ver i fylket v\u00e5rt. Etter endt turn\u00e9 sendes det automatisk ut en brukerunders\u00f8kelse i portalen til ut\u00f8vere og skoler. Som ut\u00f8ver kan du f\u00e5 tilsendt skolenes [&hellip;]<\/p>\n","protected":false},"author":11,"featured_media":0,"parent":31,"menu_order":1,"comment_status":"closed","ping_status":"closed","template":"","meta":{"footnotes":""},"class_list":["post-861","page","type-page","status-publish","hentry"],"_links":{"self":[{"href":"https:\/\/wordpress.kulturtanken.app\/telemark\/wp-json\/wp\/v2\/pages\/861","targetHints":{"allow":["GET"]}}],"collection":[{"href":"https:\/\/wordpress.kulturtanken.app\/telemark\/wp-json\/wp\/v2\/pages"}],"about":[{"href":"https:\/\/wordpress.kulturtanken.app\/telemark\/wp-json\/wp\/v2\/types\/page"}],"author":[{"embeddable":true,"href":"https:\/\/wordpress.kulturtanken.app\/telemark\/wp-json\/wp\/v2\/users\/11"}],"replies":[{"embeddable":true,"href":"https:\/\/wordpress.kulturtanken.app\/telemark\/wp-json\/wp\/v2\/comments?post=861"}],"version-history":[{"count":9,"href":"https:\/\/wordpress.kulturtanken.app\/telemark\/wp-json\/wp\/v2\/pages\/861\/revisions"}],"predecessor-version":[{"id":2492,"href":"https:\/\/wordpress.kulturtanken.app\/telemark\/wp-json\/wp\/v2\/pages\/861\/revisions\/2492"}],"up":[{"embeddable":true,"href":"https:\/\/wordpress.kulturtanken.app\/telemark\/wp-json\/wp\/v2\/pages\/31"}],"wp:attachment":[{"href":"https:\/\/wordpress.kulturtanken.app\/telemark\/wp-json\/wp\/v2\/media?parent=861"}],"curies":[{"name":"wp","href":"https:\/\/api.w.org\/{rel}","templated":true}]}}