{"id":321,"date":"2020-08-21T11:34:43","date_gmt":"2020-08-21T10:34:43","guid":{"rendered":"https:\/\/wordpress.kulturtanken.app\/vestland\/?page_id=321"},"modified":"2023-11-22T10:03:41","modified_gmt":"2023-11-22T09:03:41","slug":"for-utovarar","status":"publish","type":"page","link":"https:\/\/wordpress.kulturtanken.app\/vestland\/for-utovarar\/","title":{"rendered":"For ut\u00f8varar"},"content":{"rendered":"\n<h2 class=\"wp-block-heading\">For ut\u00f8var<\/h2>\n\n\n\n<p><strong>Ein god ambassad\u00f8r!<\/strong><\/p>\n\n\n\n<ul class=\"wp-block-list\"><li><strong>P\u00e5 turn\u00e9 er ut\u00f8varane representantar for Vestland fylkeskommune.<\/strong><\/li><li><strong>Det er forventa at ut\u00f8varane opptrer som gode rollemodellar<\/strong>.<\/li><li><strong>Det er viktig \u00e5 vere im\u00f8tekommande og innstilt p\u00e5 \u00e5 finne gode l\u00f8ysingar.<\/strong><\/li><\/ul>\n\n\n\n<figure class=\"wp-block-image is-resized is-style-rounded\"><img loading=\"lazy\" decoding=\"async\" src=\"https:\/\/cdn.denkulturelleskolesekken.no\/vestland\/2020\/03\/9bc30d68-20170916_lekeneslartilbake_0052.jpg\" alt=\"\" class=\"wp-image-157\" width=\"347\" height=\"232\"\/><\/figure>\n\n\n\n<p>DKS er ei nasjonal satsing finansiert gjennom overskot fr\u00e5 Norsk Tipping og bidrag fr\u00e5 kommunar og fylkeskommunar. &nbsp;Vestland fylkeskommune, ved seksjon for kulturformidling, administrerer satsinga i Vestland. Kvar kommune har i tillegg si lokale DKS-satsing.<\/p>\n\n\n\n<p><strong>Under finn du informasjon fr\u00e5 seksjon for kulturformidling til ut\u00f8varar p\u00e5 turn\u00e9 i Vestland:<\/strong><\/p>\n\n\n\n<p><strong>Turn\u00e9planar<\/strong><br>Ut\u00f8varane finn til ei kvar tid oppdaterte turn\u00e9planar p\u00e5&nbsp;<a href=\"https:\/\/www.denkulturelleskolesekken.no\/vestland\">nettsida til Den kulturelle skulesekken Vestland<\/a>.<br><br><strong>Kontakt med skulane<\/strong><br>Kvar skule har ein kulturkontakt som er ut\u00f8varane sin kontaktperson. Ut\u00f8varane skal kontakte skulane i forkant av bes\u00f8ket for \u00e5 sikre seg at bes\u00f8ket vert s\u00e5 bra som mogleg. Ei veke til eit par dagar f\u00f8r. Ut\u00f8var skal alltid unders\u00f8kje med skulane om dei har elevar med s\u00e6rskilde behov, og avtale deretter. I tillegg sender kulturseksjonen p\u00e5minning til skulane via e-post, og f\u00f8lgjer opp p\u00e5 telefon om naudsynt.<\/p>\n\n\n\n<p><strong>Reise, diett og overnatting<\/strong><br>Seksjon for kulturformidling bestiller reise til\/fr\u00e5 Vestland etter avtale med ut\u00f8varane. Vi bestiller all overnatting og sender reiserute med oversikt over hotell f\u00f8r turnestart. Om ut\u00f8varane \u00f8nskjer \u00e5 endre overnattingsstad undervegs, skal det skje via seksjon for kulturformidling v\/kontaktpersonen for turneen. P\u00e5 turn\u00e9 f\u00e5r ut\u00f8varane dekka reise og diett etter statens satsar. Utbetaling skjer i etterkant av turneen. Om ut\u00f8var f\u00f8rer noko p\u00e5 hotellrommet m\u00e5 han\/ho hugse \u00e5 gjere opp ved utsjekk.<\/p>\n\n\n\n<p>Sj\u00e5 elles om dette i kontrakten for turneen.<\/p>\n\n\n\n<p><strong>Leigebil<\/strong><br>Etter behov tingar seksjon for kulturformidling leigebil. F\u00f8lgjande vilk\u00e5r gjeld ved bruk av bil leigd av kulturseksjonen:<\/p>\n\n\n\n<ul class=\"wp-block-list\"><li>Ut\u00f8varane skal alltid sjekke bilen for skader ved mottak \/ levering og melde fr\u00e5 til utleigar.<\/li><li>Leigebilen skal leverast tilbake i same stand som d\u00e5 han vart tatt i bruk.<\/li><li>Vert bilen levert tilbake til utleigar utanom opningstid t.d. parkert p\u00e5 flyplass, parkert hos utleigar og n\u00f8kkel levert i postkasse eller liknande, skal ut\u00f8varane om mogleg ta bilete av bilen for \u00e5 dokumentere kva stand den er i. Bileta skal sendast til kulturavdelinga v\/kontaktperson for turneen. Dette er for \u00e5 sikre at kulturavdelinga ikkje vert belasta for skader\/h\u00e6rverk som blir gjort p\u00e5 bilen etter at ut\u00f8varane har levert han.<\/li><li>Eventuell privat bruk av leigebil (til utflukter, sightseeing, private bes\u00f8k og liknande) skal avklarast med kulturseksjonen p\u00e5 f\u00f8rehand. Det vert i kvart enkelt tilfelle vurdert om ut\u00f8varane sj\u00f8lve skal betale for slik bruk.<\/li><li>Ved privat bruk av leigebil m\u00e5 ut\u00f8var sj\u00f8lv dekke eigenandel ved skade.<\/li><li>Eventuelt tjuveri eller skade p\u00e5 bil\/utstyr skal snarast meldast til seksjon for kulturformidling. Dersom bilen vert skada, m\u00e5 ut\u00f8varane fylle ut skademelding.<\/li><\/ul>\n\n\n\n<p><strong>\u00d8konomi<\/strong><br>Seksjon for kulturformidling skriv kontrakt med utgangspunkt i\u00a0<a href=\"https:\/\/www.skulesekken.no\/res\/ck\/files\/rammeavtale_dks.pdf\" target=\"_blank\" rel=\"noreferrer noopener\">gjeldande rammeavtale for oppdrag i DKS.\u00a0<\/a><\/p>\n\n\n\n<p><strong>Forsikring og skade<\/strong><br>Ut\u00f8varane m\u00e5 sj\u00f8lv syte for at utstyr\/instrument er forsikra.<\/p>\n\n\n\n<p><strong>Meir informasjon:<\/strong><\/p>\n\n\n\n<ul class=\"wp-block-list\"><li><a href=\"https:\/\/wordpress.kulturtanken.app\/vestland\/handsaming-av-forslag-til-dks-programmet\/\">Informasjon om programmeringa av DKS Vestland<\/a><\/li><li><a href=\"https:\/\/wordpress.kulturtanken.app\/vestland\/ynskjer-du-a-turnere-i-dks\/\">Informasjon om du ynskjer du \u00e5 turnere i DKS Vestland?<\/a><\/li><\/ul>\n\n\n\n<p><\/p>\n","protected":false},"excerpt":{"rendered":"<p>For ut\u00f8var Ein god ambassad\u00f8r! P\u00e5 turn\u00e9 er ut\u00f8varane representantar for Vestland fylkeskommune. Det er forventa at ut\u00f8varane opptrer som gode rollemodellar. Det er viktig \u00e5 vere im\u00f8tekommande og innstilt p\u00e5 \u00e5 finne gode l\u00f8ysingar. DKS er ei nasjonal satsing finansiert gjennom overskot fr\u00e5 Norsk Tipping og bidrag fr\u00e5 kommunar og fylkeskommunar. &nbsp;Vestland fylkeskommune, ved [&hellip;]<\/p>\n","protected":false},"author":6,"featured_media":0,"parent":0,"menu_order":0,"comment_status":"closed","ping_status":"closed","template":"","meta":{"footnotes":""},"class_list":["post-321","page","type-page","status-publish","hentry"],"_links":{"self":[{"href":"https:\/\/wordpress.kulturtanken.app\/vestland\/wp-json\/wp\/v2\/pages\/321","targetHints":{"allow":["GET"]}}],"collection":[{"href":"https:\/\/wordpress.kulturtanken.app\/vestland\/wp-json\/wp\/v2\/pages"}],"about":[{"href":"https:\/\/wordpress.kulturtanken.app\/vestland\/wp-json\/wp\/v2\/types\/page"}],"author":[{"embeddable":true,"href":"https:\/\/wordpress.kulturtanken.app\/vestland\/wp-json\/wp\/v2\/users\/6"}],"replies":[{"embeddable":true,"href":"https:\/\/wordpress.kulturtanken.app\/vestland\/wp-json\/wp\/v2\/comments?post=321"}],"version-history":[{"count":5,"href":"https:\/\/wordpress.kulturtanken.app\/vestland\/wp-json\/wp\/v2\/pages\/321\/revisions"}],"predecessor-version":[{"id":1577,"href":"https:\/\/wordpress.kulturtanken.app\/vestland\/wp-json\/wp\/v2\/pages\/321\/revisions\/1577"}],"wp:attachment":[{"href":"https:\/\/wordpress.kulturtanken.app\/vestland\/wp-json\/wp\/v2\/media?parent=321"}],"curies":[{"name":"wp","href":"https:\/\/api.w.org\/{rel}","templated":true}]}}