{"id":626,"date":"2021-03-29T14:02:53","date_gmt":"2021-03-29T13:02:53","guid":{"rendered":"https:\/\/www.denkulturelleskolesekken.no\/vestland\/?page_id=626"},"modified":"2025-09-17T10:19:22","modified_gmt":"2025-09-17T09:19:22","slug":"for-utovar2","status":"publish","type":"page","link":"https:\/\/wordpress.kulturtanken.app\/vestland\/for-utovar2\/","title":{"rendered":"Ut\u00f8var i DKS"},"content":{"rendered":"\n<p><strong>Ein god ambassad\u00f8r!<\/strong><\/p>\n\n\n\n<ul class=\"wp-block-list\">\n<li>P\u00e5 turn\u00e9 er ut\u00f8varane representantar for Vestland fylkeskommune.<\/li>\n<\/ul>\n\n\n\n<ul class=\"wp-block-list\">\n<li>Det er forventa at ut\u00f8varane opptrer som gode rollemodellar.<\/li>\n<\/ul>\n\n\n\n<ul class=\"wp-block-list\">\n<li>Det er viktig \u00e5 vere im\u00f8tekommande og innstilt p\u00e5 \u00e5 finne gode l\u00f8ysingar.<\/li>\n<\/ul>\n\n\n\n<figure class=\"wp-block-image is-resized is-style-default\"><img loading=\"lazy\" decoding=\"async\" width=\"6016\" height=\"4016\" src=\"https:\/\/cdn.denkulturelleskolesekken.no\/vestland\/2020\/03\/9bc30d68-20170916_lekeneslartilbake_0052.jpg\" alt=\"\" class=\"wp-image-157\" style=\"aspect-ratio:4\/3;object-fit:contain;width:600px\"\/><figcaption class=\"wp-element-caption\">Foto: David Zadig<\/figcaption><\/figure>\n\n\n\n<p><\/p>\n\n\n\n<h3 class=\"wp-block-heading\"><strong>Om DKS<\/strong><\/h3>\n\n\n\n<p>DKS er ei nasjonal satsing finansiert gjennom overskot fr\u00e5 Norsk Tipping og bidrag fr\u00e5 kommunar og fylkeskommunar. \u00a0Vestland fylkeskommune, ved seksjon for kulturproduksjon, administrerer satsinga i Vestland. Kvar kommune har i tillegg si lokale DKS-satsing.<\/p>\n\n\n\n<p>Under finn du informasjon fr\u00e5 seksjon for kulturproduksjon til ut\u00f8varar p\u00e5 turn\u00e9 i Vestland.<\/p>\n\n\n\n<h3 class=\"wp-block-heading\"><strong>Turn\u00e9planar<\/strong><\/h3>\n\n\n\n<p>Du finn til ei kvar tid oppdaterte turn\u00e9planar p\u00e5 <a href=\"http:\/\/www.denkulturelleskolesekken.no\/vestland\/\">www.denkulturelleskolesekken.no\/vestland\/<\/a>. <a href=\"https:\/\/www.denkulturelleskolesekken.no\/vestland\/\"> <\/a><\/p>\n\n\n\n<h3 class=\"wp-block-heading\"><strong>Kontakt med skulane<\/strong><\/h3>\n\n\n\n<p>Kvar skule har ein kulturkontakt som er ut\u00f8varane sin kontaktperson. Ut\u00f8varane skal kontakte skulane i forkant av bes\u00f8ket for \u00e5 sikre seg at bes\u00f8ket vert s\u00e5 bra som mogleg. Ei veke til eit par dagar f\u00f8r.<\/p>\n\n\n\n<p>Ut\u00f8var skal alltid unders\u00f8kje med skulane om dei har elevar med s\u00e6rskilde behov, og avtale deretter. I tillegg sender seksjonen p\u00e5minning til skulane via e-post, og f\u00f8lgjer opp p\u00e5 telefon om naudsynt.<\/p>\n\n\n\n<h3 class=\"wp-block-heading\"><strong>Reise, diett og overnatting<\/strong><\/h3>\n\n\n\n<p>Seksjon for kulturproduksjon bestiller reise til\/fr\u00e5 Vestland etter avtale med ut\u00f8varane. Vi bestiller all overnatting og sender reiserute med oversikt over hotell f\u00f8r turnestart. Om ut\u00f8varane \u00f8nskjer \u00e5 endre overnattingsstad undervegs, skal det skje via seksjon for kulturproduksjon v\/kontaktpersonen for turneen.<\/p>\n\n\n\n<p>P\u00e5 turn\u00e9 f\u00e5r ut\u00f8varane dekka reise og diett etter statens satsar. Utbetaling skjer i etterkant av turneen. Om ut\u00f8var f\u00f8rer noko p\u00e5 hotellrommet m\u00e5 han\/ho hugse \u00e5 gjere opp ved utsjekk.<\/p>\n\n\n\n<p>Sj\u00e5 elles informasjon om dette i kontrakten for turneen.<\/p>\n\n\n\n<h3 class=\"wp-block-heading\"><strong>Leigebil<\/strong><\/h3>\n\n\n\n<p>Etter behov tingar seksjon for kulturformidling leigebil. Vilk\u00e5r for bruk av leigebil er f\u00f8rt opp i kontrakten for turneen.<\/p>\n\n\n\n<h3 class=\"wp-block-heading\"><strong>\u00d8konomi og forsikring<\/strong><\/h3>\n\n\n\n<p>Seksjon for kulturkulturproduksjon skriv kontrakt med utgangspunkt i\u00a0gjeldande rammeavtale for oppdrag i DKS, ASA-4401 Rammeavtale om vilk\u00e5r for oppdragstakere i Den kulturelle skolesekken.<\/p>\n\n\n\n<p>Informasjon og vilk\u00e5r for forsikring er f\u00f8rt opp i kontrakten for turneen.<\/p>\n\n\n\n<h3 class=\"wp-block-heading\"><strong>Vederlag i DKS<\/strong><\/h3>\n\n\n\n<p>DKS har avtaler for vederlagshandtering for fagomr\u00e5da musikk, litteratur og visuell kunst. Du kan lese meir om dette p\u00e5 <a href=\"https:\/\/www.kulturtanken.no\/vederlag\/\" data-type=\"link\" data-id=\"https:\/\/www.kulturtanken.no\/vederlag\/\">Kulturtanken sine nettsider med informasjon om vederlag<\/a>.<\/p>\n\n\n\n<h3 class=\"wp-block-heading\"><strong>App for ut\u00f8varar <\/strong><\/h3>\n\n\n\n<p>Har du lasta ned Kulturtanken sin app for ut\u00f8varar? Her har du tilgang til den same informasjon som p\u00e5 Min side i DKS-portalen.<\/p>\n\n\n\n<div class=\"wp-block-buttons is-layout-flex wp-block-buttons-is-layout-flex\">\n<div class=\"wp-block-button\"><a class=\"wp-block-button__link wp-element-button\" href=\"https:\/\/apps.apple.com\/no\/app\/dks-ut%C3%B8ver\/id1459957906?l=nb\" target=\"_blank\" rel=\"noreferrer noopener\">App Store<\/a><\/div>\n\n\n\n<div class=\"wp-block-button\"><a class=\"wp-block-button__link wp-element-button\" href=\"https:\/\/play.google.com\/store\/apps\/details?id=no.netpower.kulturtanken.app&amp;hl=no\" target=\"_blank\" rel=\"noreferrer noopener\">GooglePlay<\/a><\/div>\n<\/div>\n\n\n\n<div style=\"height:100px\" aria-hidden=\"true\" class=\"wp-block-spacer\"><\/div>\n","protected":false},"excerpt":{"rendered":"<p>Ein god ambassad\u00f8r! Om DKS DKS er ei nasjonal satsing finansiert gjennom overskot fr\u00e5 Norsk Tipping og bidrag fr\u00e5 kommunar og fylkeskommunar. \u00a0Vestland fylkeskommune, ved seksjon for kulturproduksjon, administrerer satsinga i Vestland. Kvar kommune har i tillegg si lokale DKS-satsing. Under finn du informasjon fr\u00e5 seksjon for kulturproduksjon til ut\u00f8varar p\u00e5 turn\u00e9 i Vestland. Turn\u00e9planar [&hellip;]<\/p>\n","protected":false},"author":6,"featured_media":0,"parent":0,"menu_order":0,"comment_status":"closed","ping_status":"closed","template":"","meta":{"footnotes":""},"class_list":["post-626","page","type-page","status-publish","hentry"],"_links":{"self":[{"href":"https:\/\/wordpress.kulturtanken.app\/vestland\/wp-json\/wp\/v2\/pages\/626","targetHints":{"allow":["GET"]}}],"collection":[{"href":"https:\/\/wordpress.kulturtanken.app\/vestland\/wp-json\/wp\/v2\/pages"}],"about":[{"href":"https:\/\/wordpress.kulturtanken.app\/vestland\/wp-json\/wp\/v2\/types\/page"}],"author":[{"embeddable":true,"href":"https:\/\/wordpress.kulturtanken.app\/vestland\/wp-json\/wp\/v2\/users\/6"}],"replies":[{"embeddable":true,"href":"https:\/\/wordpress.kulturtanken.app\/vestland\/wp-json\/wp\/v2\/comments?post=626"}],"version-history":[{"count":32,"href":"https:\/\/wordpress.kulturtanken.app\/vestland\/wp-json\/wp\/v2\/pages\/626\/revisions"}],"predecessor-version":[{"id":1807,"href":"https:\/\/wordpress.kulturtanken.app\/vestland\/wp-json\/wp\/v2\/pages\/626\/revisions\/1807"}],"wp:attachment":[{"href":"https:\/\/wordpress.kulturtanken.app\/vestland\/wp-json\/wp\/v2\/media?parent=626"}],"curies":[{"name":"wp","href":"https:\/\/api.w.org\/{rel}","templated":true}]}}